{"id":56758,"date":"2023-06-27T15:19:10","date_gmt":"2023-06-27T13:19:10","guid":{"rendered":"https:\/\/premiumseeds.eu\/?post_type=product&#038;p=56758"},"modified":"2023-06-27T15:19:12","modified_gmt":"2023-06-27T13:19:12","slug":"aguilena-nora-barlow","status":"publish","type":"product","link":"https:\/\/premiumseeds.eu\/es\/produkt\/aguilena-nora-barlow\/","title":{"rendered":"Aguile\u00f1a Nora Barlow"},"content":{"rendered":"","protected":false},"excerpt":{"rendered":"<p>Planta perenne de entre 70 y 80 cm de altura. Produce brotes erguidos, ramificados y con pocas hojas. Las flores dobles, de color rosa y blanco, con un espol\u00f3n distintivo, se asientan sobre largos pec\u00edolos. Para parterres y flor cortada.<br \/>\n<\/b><br \/>\n<strong>Aguile\u00f1a Nora Barlow &#8211; semillas<\/strong><br \/>\n<\/b><br \/>\n<strong>Profundidad de siembra:<\/strong> 1 cm<br \/>\n<strong>\u00c9poca de siembra en invernaderos:<\/strong> junio &#8211; julio<br \/>\n<strong>\u00c9poca de siembra de las pl\u00e1ntulas en el exterior:<\/strong> julio &#8211; septiembre<br \/>\n<strong>Espaciado: <\/strong> 30 x 50 cm<br \/>\n<strong>\u00c9poca  de floraci\u00f3n:<\/strong> junio &#8211; julio<br \/>\n<\/b><br \/>\nUn paquete contiene 0,5 g de semillas.<\/p>\n","protected":false},"featured_media":56765,"template":"","meta":{"_monsterinsights_skip_tracking":false,"_monsterinsights_sitenote_active":false,"_monsterinsights_sitenote_note":"","_monsterinsights_sitenote_category":0},"product_cat":[1183,2359,1178],"product_tag":[4115],"class_list":["post-56758","product","type-product","status-publish","has-post-thumbnail","hentry","product_cat-semillas-de-aguilena","product_cat-semillas-de-cesped-florido","product_cat-semillas-de-flores-para-jardin","product_tag-aguilena-nora-barlow-semillas"],"yoast_head":"<!-- This site is optimized with the Yoast SEO plugin v21.6 - https:\/\/yoast.com\/wordpress\/plugins\/seo\/ -->\n<title>Aguile\u00f1a Nora Barlow - productor de semillas - PremiumSeeds<\/title>\n<meta name=\"description\" content=\"Aguile\u00f1a Nora Barlow semillas - directamente del productor de la marca Premium Seeds. Venta al por mayor y distribuci\u00f3n de semillas Aguile\u00f1a Nora Barlow\" \/>\n<meta name=\"robots\" content=\"index, follow, max-snippet:-1, max-image-preview:large, max-video-preview:-1\" \/>\n<link rel=\"canonical\" href=\"https:\/\/premiumseeds.eu\/es\/produkt\/aguilena-nora-barlow\/\" \/>\n<meta property=\"og:locale\" content=\"es_ES\" \/>\n<meta property=\"og:type\" content=\"article\" \/>\n<meta property=\"og:title\" content=\"Aguile\u00f1a Nora Barlow - productor de semillas - PremiumSeeds\" \/>\n<meta property=\"og:description\" content=\"Aguile\u00f1a Nora Barlow semillas - directamente del productor de la marca Premium Seeds. Venta al por mayor y distribuci\u00f3n de semillas Aguile\u00f1a Nora Barlow\" \/>\n<meta property=\"og:url\" content=\"https:\/\/premiumseeds.eu\/es\/produkt\/aguilena-nora-barlow\/\" \/>\n<meta property=\"og:site_name\" content=\"PremiumSeeds\" \/>\n<meta property=\"article:modified_time\" content=\"2023-06-27T13:19:12+00:00\" \/>\n<meta property=\"og:image\" content=\"https:\/\/premiumseeds.eu\/wp-content\/uploads\/2023\/06\/WORLD-N-090-7199_VS-2.jpg?v=1687871909\" \/>\n\t<meta property=\"og:image:width\" content=\"945\" \/>\n\t<meta property=\"og:image:height\" content=\"1772\" \/>\n\t<meta property=\"og:image:type\" content=\"image\/jpeg\" \/>\n<meta name=\"twitter:card\" content=\"summary_large_image\" \/>\n<script type=\"application\/ld+json\" class=\"yoast-schema-graph\">{\"@context\":\"https:\/\/schema.org\",\"@graph\":[{\"@type\":\"WebPage\",\"@id\":\"https:\/\/premiumseeds.eu\/es\/produkt\/aguilena-nora-barlow\/\",\"url\":\"https:\/\/premiumseeds.eu\/es\/produkt\/aguilena-nora-barlow\/\",\"name\":\"Aguile\u00f1a Nora Barlow - productor de semillas - PremiumSeeds\",\"isPartOf\":{\"@id\":\"https:\/\/premiumseeds.eu\/es\/#website\"},\"datePublished\":\"2023-06-27T13:19:10+00:00\",\"dateModified\":\"2023-06-27T13:19:12+00:00\",\"description\":\"Aguile\u00f1a Nora Barlow semillas - directamente del productor de la marca Premium Seeds. Venta al por mayor y distribuci\u00f3n de semillas Aguile\u00f1a Nora Barlow\",\"breadcrumb\":{\"@id\":\"https:\/\/premiumseeds.eu\/es\/produkt\/aguilena-nora-barlow\/#breadcrumb\"},\"inLanguage\":\"es\",\"potentialAction\":[{\"@type\":\"ReadAction\",\"target\":[\"https:\/\/premiumseeds.eu\/es\/produkt\/aguilena-nora-barlow\/\"]}]},{\"@type\":\"BreadcrumbList\",\"@id\":\"https:\/\/premiumseeds.eu\/es\/produkt\/aguilena-nora-barlow\/#breadcrumb\",\"itemListElement\":[{\"@type\":\"ListItem\",\"position\":1,\"name\":\"Home\",\"item\":\"https:\/\/premiumseeds.eu\/es\/\"},{\"@type\":\"ListItem\",\"position\":2,\"name\":\"Semillas\",\"item\":\"https:\/\/premiumseeds.eu\/es\/semillas\/\"},{\"@type\":\"ListItem\",\"position\":3,\"name\":\"Aguile\u00f1a Nora Barlow\"}]},{\"@type\":\"WebSite\",\"@id\":\"https:\/\/premiumseeds.eu\/es\/#website\",\"url\":\"https:\/\/premiumseeds.eu\/es\/\",\"name\":\"PremiumSeeds\",\"description\":\"Top seeds producer\",\"potentialAction\":[{\"@type\":\"SearchAction\",\"target\":{\"@type\":\"EntryPoint\",\"urlTemplate\":\"https:\/\/premiumseeds.eu\/es\/?s={search_term_string}\"},\"query-input\":\"required name=search_term_string\"}],\"inLanguage\":\"es\"}]}<\/script>\n<!-- \/ Yoast SEO plugin. -->","yoast_head_json":{"title":"Aguile\u00f1a Nora Barlow - productor de semillas - PremiumSeeds","description":"Aguile\u00f1a Nora Barlow semillas - directamente del productor de la marca Premium Seeds. Venta al por mayor y distribuci\u00f3n de semillas Aguile\u00f1a Nora Barlow","robots":{"index":"index","follow":"follow","max-snippet":"max-snippet:-1","max-image-preview":"max-image-preview:large","max-video-preview":"max-video-preview:-1"},"canonical":"https:\/\/premiumseeds.eu\/es\/produkt\/aguilena-nora-barlow\/","og_locale":"es_ES","og_type":"article","og_title":"Aguile\u00f1a Nora Barlow - productor de semillas - PremiumSeeds","og_description":"Aguile\u00f1a Nora Barlow semillas - directamente del productor de la marca Premium Seeds. Venta al por mayor y distribuci\u00f3n de semillas Aguile\u00f1a Nora Barlow","og_url":"https:\/\/premiumseeds.eu\/es\/produkt\/aguilena-nora-barlow\/","og_site_name":"PremiumSeeds","article_modified_time":"2023-06-27T13:19:12+00:00","og_image":[{"width":945,"height":1772,"url":"https:\/\/premiumseeds.eu\/wp-content\/uploads\/2023\/06\/WORLD-N-090-7199_VS-2.jpg?v=1687871909","type":"image\/jpeg"}],"twitter_card":"summary_large_image","schema":{"@context":"https:\/\/schema.org","@graph":[{"@type":"WebPage","@id":"https:\/\/premiumseeds.eu\/es\/produkt\/aguilena-nora-barlow\/","url":"https:\/\/premiumseeds.eu\/es\/produkt\/aguilena-nora-barlow\/","name":"Aguile\u00f1a Nora Barlow - productor de semillas - PremiumSeeds","isPartOf":{"@id":"https:\/\/premiumseeds.eu\/es\/#website"},"datePublished":"2023-06-27T13:19:10+00:00","dateModified":"2023-06-27T13:19:12+00:00","description":"Aguile\u00f1a Nora Barlow semillas - directamente del productor de la marca Premium Seeds. Venta al por mayor y distribuci\u00f3n de semillas Aguile\u00f1a Nora Barlow","breadcrumb":{"@id":"https:\/\/premiumseeds.eu\/es\/produkt\/aguilena-nora-barlow\/#breadcrumb"},"inLanguage":"es","potentialAction":[{"@type":"ReadAction","target":["https:\/\/premiumseeds.eu\/es\/produkt\/aguilena-nora-barlow\/"]}]},{"@type":"BreadcrumbList","@id":"https:\/\/premiumseeds.eu\/es\/produkt\/aguilena-nora-barlow\/#breadcrumb","itemListElement":[{"@type":"ListItem","position":1,"name":"Home","item":"https:\/\/premiumseeds.eu\/es\/"},{"@type":"ListItem","position":2,"name":"Semillas","item":"https:\/\/premiumseeds.eu\/es\/semillas\/"},{"@type":"ListItem","position":3,"name":"Aguile\u00f1a Nora Barlow"}]},{"@type":"WebSite","@id":"https:\/\/premiumseeds.eu\/es\/#website","url":"https:\/\/premiumseeds.eu\/es\/","name":"PremiumSeeds","description":"Top seeds producer","potentialAction":[{"@type":"SearchAction","target":{"@type":"EntryPoint","urlTemplate":"https:\/\/premiumseeds.eu\/es\/?s={search_term_string}"},"query-input":"required name=search_term_string"}],"inLanguage":"es"}]}},"_links":{"self":[{"href":"https:\/\/premiumseeds.eu\/es\/wp-json\/wp\/v2\/product\/56758","targetHints":{"allow":["GET"]}}],"collection":[{"href":"https:\/\/premiumseeds.eu\/es\/wp-json\/wp\/v2\/product"}],"about":[{"href":"https:\/\/premiumseeds.eu\/es\/wp-json\/wp\/v2\/types\/product"}],"wp:featuredmedia":[{"embeddable":true,"href":"https:\/\/premiumseeds.eu\/es\/wp-json\/wp\/v2\/media\/56765"}],"wp:attachment":[{"href":"https:\/\/premiumseeds.eu\/es\/wp-json\/wp\/v2\/media?parent=56758"}],"wp:term":[{"taxonomy":"product_cat","embeddable":true,"href":"https:\/\/premiumseeds.eu\/es\/wp-json\/wp\/v2\/product_cat?post=56758"},{"taxonomy":"product_tag","embeddable":true,"href":"https:\/\/premiumseeds.eu\/es\/wp-json\/wp\/v2\/product_tag?post=56758"}],"curies":[{"name":"wp","href":"https:\/\/api.w.org\/{rel}","templated":true}]}}