{"id":57020,"date":"2023-06-28T14:17:04","date_gmt":"2023-06-28T12:17:04","guid":{"rendered":"https:\/\/premiumseeds.eu\/?post_type=product&#038;p=57020"},"modified":"2023-06-28T14:17:06","modified_gmt":"2023-06-28T12:17:06","slug":"mimulo-variado","status":"publish","type":"product","link":"https:\/\/premiumseeds.eu\/es\/produkt\/mimulo-variado\/","title":{"rendered":"M\u00edmulo Variado"},"content":{"rendered":"","protected":false},"excerpt":{"rendered":"<p>Planta anual que crece de 15 a 30 cm de altura, produce brotes delgados y colgantes y grandes flores acampanadas, multicolores, a menudo moteadas. Para parterres, bordes, jardines de rocas y jardineras en un balc\u00f3n.<br \/>\n<\/b><br \/>\n<strong>M\u00edmulo Variado &#8211; semillas<\/strong><br \/>\n<\/b><br \/>\n<strong>Profundidad de siembra:<\/strong> 0,5 cm<br \/>\n<strong>\u00c9poca de siembra en invernaderos:<\/strong> marzo &#8211; abril<br \/>\n<strong>\u00c9poca de siembra de las pl\u00e1ntulas en el exterior:<\/strong> mayo<br \/>\n<strong>Espaciado: <\/strong> 20 x 25 cm<br \/>\n<strong>\u00c9poca  de floraci\u00f3n:<\/strong> julio &#8211; agosto<br \/>\n<\/b><br \/>\nUn paquete contiene 0,1 g de semillas.<\/p>\n","protected":false},"featured_media":57027,"template":"","meta":{"_monsterinsights_skip_tracking":false,"_monsterinsights_sitenote_active":false,"_monsterinsights_sitenote_note":"","_monsterinsights_sitenote_category":0},"product_cat":[2360,1178,1250,1254,1251,1051],"product_tag":[4135],"class_list":["post-57020","product","type-product","status-publish","has-post-thumbnail","hentry","product_cat-mezclas-de-semillas-de-flores","product_cat-semillas-de-flores-para-jardin","product_cat-semillas-de-flores-para-macetas","product_cat-semillas-de-plantas-inusuales","product_cat-semillas-de-plantas-para-jardin-de-rocas","product_cat-semillas-de-flores-para-balcones","product_tag-mimulo-variado-semillas"],"yoast_head":"<!-- This site is optimized with the Yoast SEO plugin v21.6 - https:\/\/yoast.com\/wordpress\/plugins\/seo\/ -->\n<title>M\u00edmulo Variado - productor de semillas - PremiumSeeds<\/title>\n<meta name=\"description\" content=\"M\u00edmulo Variado semillas - directamente del productor de la marca Premium Seeds. Venta al por mayor y distribuci\u00f3n de semillas M\u00edmulo Variado\" \/>\n<meta name=\"robots\" content=\"index, follow, max-snippet:-1, max-image-preview:large, max-video-preview:-1\" \/>\n<link rel=\"canonical\" href=\"https:\/\/premiumseeds.eu\/es\/produkt\/mimulo-variado\/\" \/>\n<meta property=\"og:locale\" content=\"es_ES\" \/>\n<meta property=\"og:type\" content=\"article\" \/>\n<meta property=\"og:title\" content=\"M\u00edmulo Variado - productor de semillas - PremiumSeeds\" \/>\n<meta property=\"og:description\" content=\"M\u00edmulo Variado semillas - directamente del productor de la marca Premium Seeds. Venta al por mayor y distribuci\u00f3n de semillas M\u00edmulo Variado\" \/>\n<meta property=\"og:url\" content=\"https:\/\/premiumseeds.eu\/es\/produkt\/mimulo-variado\/\" \/>\n<meta property=\"og:site_name\" content=\"PremiumSeeds\" \/>\n<meta property=\"article:modified_time\" content=\"2023-06-28T12:17:06+00:00\" \/>\n<meta property=\"og:image\" content=\"https:\/\/premiumseeds.eu\/wp-content\/uploads\/2023\/06\/WORLD-N-92-16-01_VS-2-546x1024.jpg\" \/>\n\t<meta property=\"og:image:width\" content=\"546\" \/>\n\t<meta property=\"og:image:height\" content=\"1024\" \/>\n\t<meta property=\"og:image:type\" content=\"image\/jpeg\" \/>\n<meta name=\"twitter:card\" content=\"summary_large_image\" \/>\n<script type=\"application\/ld+json\" class=\"yoast-schema-graph\">{\"@context\":\"https:\/\/schema.org\",\"@graph\":[{\"@type\":\"WebPage\",\"@id\":\"https:\/\/premiumseeds.eu\/es\/produkt\/mimulo-variado\/\",\"url\":\"https:\/\/premiumseeds.eu\/es\/produkt\/mimulo-variado\/\",\"name\":\"M\u00edmulo Variado - productor de semillas - PremiumSeeds\",\"isPartOf\":{\"@id\":\"https:\/\/premiumseeds.eu\/es\/#website\"},\"datePublished\":\"2023-06-28T12:17:04+00:00\",\"dateModified\":\"2023-06-28T12:17:06+00:00\",\"description\":\"M\u00edmulo Variado semillas - directamente del productor de la marca Premium Seeds. Venta al por mayor y distribuci\u00f3n de semillas M\u00edmulo Variado\",\"breadcrumb\":{\"@id\":\"https:\/\/premiumseeds.eu\/es\/produkt\/mimulo-variado\/#breadcrumb\"},\"inLanguage\":\"es\",\"potentialAction\":[{\"@type\":\"ReadAction\",\"target\":[\"https:\/\/premiumseeds.eu\/es\/produkt\/mimulo-variado\/\"]}]},{\"@type\":\"BreadcrumbList\",\"@id\":\"https:\/\/premiumseeds.eu\/es\/produkt\/mimulo-variado\/#breadcrumb\",\"itemListElement\":[{\"@type\":\"ListItem\",\"position\":1,\"name\":\"Home\",\"item\":\"https:\/\/premiumseeds.eu\/es\/\"},{\"@type\":\"ListItem\",\"position\":2,\"name\":\"Semillas\",\"item\":\"https:\/\/premiumseeds.eu\/es\/semillas\/\"},{\"@type\":\"ListItem\",\"position\":3,\"name\":\"M\u00edmulo Variado\"}]},{\"@type\":\"WebSite\",\"@id\":\"https:\/\/premiumseeds.eu\/es\/#website\",\"url\":\"https:\/\/premiumseeds.eu\/es\/\",\"name\":\"PremiumSeeds\",\"description\":\"Top seeds producer\",\"potentialAction\":[{\"@type\":\"SearchAction\",\"target\":{\"@type\":\"EntryPoint\",\"urlTemplate\":\"https:\/\/premiumseeds.eu\/es\/?s={search_term_string}\"},\"query-input\":\"required name=search_term_string\"}],\"inLanguage\":\"es\"}]}<\/script>\n<!-- \/ Yoast SEO plugin. -->","yoast_head_json":{"title":"M\u00edmulo Variado - productor de semillas - PremiumSeeds","description":"M\u00edmulo Variado semillas - directamente del productor de la marca Premium Seeds. Venta al por mayor y distribuci\u00f3n de semillas M\u00edmulo Variado","robots":{"index":"index","follow":"follow","max-snippet":"max-snippet:-1","max-image-preview":"max-image-preview:large","max-video-preview":"max-video-preview:-1"},"canonical":"https:\/\/premiumseeds.eu\/es\/produkt\/mimulo-variado\/","og_locale":"es_ES","og_type":"article","og_title":"M\u00edmulo Variado - productor de semillas - PremiumSeeds","og_description":"M\u00edmulo Variado semillas - directamente del productor de la marca Premium Seeds. Venta al por mayor y distribuci\u00f3n de semillas M\u00edmulo Variado","og_url":"https:\/\/premiumseeds.eu\/es\/produkt\/mimulo-variado\/","og_site_name":"PremiumSeeds","article_modified_time":"2023-06-28T12:17:06+00:00","og_image":[{"width":546,"height":1024,"url":"https:\/\/premiumseeds.eu\/wp-content\/uploads\/2023\/06\/WORLD-N-92-16-01_VS-2-546x1024.jpg","type":"image\/jpeg"}],"twitter_card":"summary_large_image","schema":{"@context":"https:\/\/schema.org","@graph":[{"@type":"WebPage","@id":"https:\/\/premiumseeds.eu\/es\/produkt\/mimulo-variado\/","url":"https:\/\/premiumseeds.eu\/es\/produkt\/mimulo-variado\/","name":"M\u00edmulo Variado - productor de semillas - PremiumSeeds","isPartOf":{"@id":"https:\/\/premiumseeds.eu\/es\/#website"},"datePublished":"2023-06-28T12:17:04+00:00","dateModified":"2023-06-28T12:17:06+00:00","description":"M\u00edmulo Variado semillas - directamente del productor de la marca Premium Seeds. Venta al por mayor y distribuci\u00f3n de semillas M\u00edmulo Variado","breadcrumb":{"@id":"https:\/\/premiumseeds.eu\/es\/produkt\/mimulo-variado\/#breadcrumb"},"inLanguage":"es","potentialAction":[{"@type":"ReadAction","target":["https:\/\/premiumseeds.eu\/es\/produkt\/mimulo-variado\/"]}]},{"@type":"BreadcrumbList","@id":"https:\/\/premiumseeds.eu\/es\/produkt\/mimulo-variado\/#breadcrumb","itemListElement":[{"@type":"ListItem","position":1,"name":"Home","item":"https:\/\/premiumseeds.eu\/es\/"},{"@type":"ListItem","position":2,"name":"Semillas","item":"https:\/\/premiumseeds.eu\/es\/semillas\/"},{"@type":"ListItem","position":3,"name":"M\u00edmulo Variado"}]},{"@type":"WebSite","@id":"https:\/\/premiumseeds.eu\/es\/#website","url":"https:\/\/premiumseeds.eu\/es\/","name":"PremiumSeeds","description":"Top seeds producer","potentialAction":[{"@type":"SearchAction","target":{"@type":"EntryPoint","urlTemplate":"https:\/\/premiumseeds.eu\/es\/?s={search_term_string}"},"query-input":"required name=search_term_string"}],"inLanguage":"es"}]}},"_links":{"self":[{"href":"https:\/\/premiumseeds.eu\/es\/wp-json\/wp\/v2\/product\/57020","targetHints":{"allow":["GET"]}}],"collection":[{"href":"https:\/\/premiumseeds.eu\/es\/wp-json\/wp\/v2\/product"}],"about":[{"href":"https:\/\/premiumseeds.eu\/es\/wp-json\/wp\/v2\/types\/product"}],"wp:featuredmedia":[{"embeddable":true,"href":"https:\/\/premiumseeds.eu\/es\/wp-json\/wp\/v2\/media\/57027"}],"wp:attachment":[{"href":"https:\/\/premiumseeds.eu\/es\/wp-json\/wp\/v2\/media?parent=57020"}],"wp:term":[{"taxonomy":"product_cat","embeddable":true,"href":"https:\/\/premiumseeds.eu\/es\/wp-json\/wp\/v2\/product_cat?post=57020"},{"taxonomy":"product_tag","embeddable":true,"href":"https:\/\/premiumseeds.eu\/es\/wp-json\/wp\/v2\/product_tag?post=57020"}],"curies":[{"name":"wp","href":"https:\/\/api.w.org\/{rel}","templated":true}]}}