{"id":57283,"date":"2023-06-29T11:22:25","date_gmt":"2023-06-29T09:22:25","guid":{"rendered":"https:\/\/premiumseeds.eu\/?post_type=product&#038;p=57283"},"modified":"2023-06-29T11:22:26","modified_gmt":"2023-06-29T09:22:26","slug":"celosia-plumosa-enano-variada","status":"publish","type":"product","link":"https:\/\/premiumseeds.eu\/es\/produkt\/celosia-plumosa-enano-variada\/","title":{"rendered":"Celos\u00eda Plumosa Enano Variada"},"content":{"rendered":"","protected":false},"excerpt":{"rendered":"<p>Planta anual de 20 a 30 cm de altura. Los ramos de flores plumosas adquieren diversos colores llamativos. Adecuada para parterres, c\u00e9spedes y bordes. Crece bien en macetas. Es una bonita flor cortada.<br \/>\n<\/b><br \/>\n<strong>Celos\u00eda Plumosa Enano Variada &#8211; semillas<\/strong><br \/>\n<\/b><br \/>\n<strong>Profundidad de siembra:<\/strong> 0,2 cm<br \/>\n<strong>\u00c9poca de siembra en invernaderos:<\/strong> marzo &#8211; abril<br \/>\n<strong>\u00c9poca de siembra de las pl\u00e1ntulas en el exterior:<\/strong> mayo<br \/>\n<strong>Espaciado: <\/strong> 20 x 20 cm<br \/>\n<strong>\u00c9poca  de floraci\u00f3n:<\/strong> julio &#8211; septiembre<br \/>\n<\/b><br \/>\nUn paquete contiene 0,5 g de semillas.<\/p>\n","protected":false},"featured_media":57290,"template":"","meta":{"_monsterinsights_skip_tracking":false,"_monsterinsights_sitenote_active":false,"_monsterinsights_sitenote_note":"","_monsterinsights_sitenote_category":0},"product_cat":[2360,1194,1178,1250,1051],"product_tag":[4155],"class_list":["post-57283","product","type-product","status-publish","has-post-thumbnail","hentry","product_cat-mezclas-de-semillas-de-flores","product_cat-semillas-de-celosia","product_cat-semillas-de-flores-para-jardin","product_cat-semillas-de-flores-para-macetas","product_cat-semillas-de-flores-para-balcones","product_tag-celosia-plumosa-enano-variada-semillas"],"yoast_head":"<!-- This site is optimized with the Yoast SEO plugin v21.6 - https:\/\/yoast.com\/wordpress\/plugins\/seo\/ -->\n<title>Celos\u00eda Plumosa Enano Variada - productor de semillas - PremiumSeeds<\/title>\n<meta name=\"description\" content=\"Celos\u00eda Plumosa Enano Variada semillas - directamente del productor de la marca Premium Seeds. Venta al por mayor y distribuci\u00f3n de semillas Celos\u00eda Plumosa Enano Variada\" \/>\n<meta name=\"robots\" content=\"index, follow, max-snippet:-1, max-image-preview:large, max-video-preview:-1\" \/>\n<link rel=\"canonical\" href=\"https:\/\/premiumseeds.eu\/es\/produkt\/celosia-plumosa-enano-variada\/\" \/>\n<meta property=\"og:locale\" content=\"es_ES\" \/>\n<meta property=\"og:type\" content=\"article\" \/>\n<meta property=\"og:title\" content=\"Celos\u00eda Plumosa Enano Variada - productor de semillas - PremiumSeeds\" \/>\n<meta property=\"og:description\" content=\"Celos\u00eda Plumosa Enano Variada semillas - directamente del productor de la marca Premium Seeds. Venta al por mayor y distribuci\u00f3n de semillas Celos\u00eda Plumosa Enano Variada\" \/>\n<meta property=\"og:url\" content=\"https:\/\/premiumseeds.eu\/es\/produkt\/celosia-plumosa-enano-variada\/\" \/>\n<meta property=\"og:site_name\" content=\"PremiumSeeds\" \/>\n<meta property=\"article:modified_time\" content=\"2023-06-29T09:22:26+00:00\" \/>\n<meta property=\"og:image\" content=\"https:\/\/premiumseeds.eu\/wp-content\/uploads\/2023\/06\/WORLD-N-151-7559_VS-2.jpg?v=1688030502\" \/>\n\t<meta property=\"og:image:width\" content=\"945\" \/>\n\t<meta property=\"og:image:height\" content=\"1772\" \/>\n\t<meta property=\"og:image:type\" content=\"image\/jpeg\" \/>\n<meta name=\"twitter:card\" content=\"summary_large_image\" \/>\n<script type=\"application\/ld+json\" class=\"yoast-schema-graph\">{\"@context\":\"https:\/\/schema.org\",\"@graph\":[{\"@type\":\"WebPage\",\"@id\":\"https:\/\/premiumseeds.eu\/es\/produkt\/celosia-plumosa-enano-variada\/\",\"url\":\"https:\/\/premiumseeds.eu\/es\/produkt\/celosia-plumosa-enano-variada\/\",\"name\":\"Celos\u00eda Plumosa Enano Variada - productor de semillas - PremiumSeeds\",\"isPartOf\":{\"@id\":\"https:\/\/premiumseeds.eu\/es\/#website\"},\"datePublished\":\"2023-06-29T09:22:25+00:00\",\"dateModified\":\"2023-06-29T09:22:26+00:00\",\"description\":\"Celos\u00eda Plumosa Enano Variada semillas - directamente del productor de la marca Premium Seeds. Venta al por mayor y distribuci\u00f3n de semillas Celos\u00eda Plumosa Enano Variada\",\"breadcrumb\":{\"@id\":\"https:\/\/premiumseeds.eu\/es\/produkt\/celosia-plumosa-enano-variada\/#breadcrumb\"},\"inLanguage\":\"es\",\"potentialAction\":[{\"@type\":\"ReadAction\",\"target\":[\"https:\/\/premiumseeds.eu\/es\/produkt\/celosia-plumosa-enano-variada\/\"]}]},{\"@type\":\"BreadcrumbList\",\"@id\":\"https:\/\/premiumseeds.eu\/es\/produkt\/celosia-plumosa-enano-variada\/#breadcrumb\",\"itemListElement\":[{\"@type\":\"ListItem\",\"position\":1,\"name\":\"Home\",\"item\":\"https:\/\/premiumseeds.eu\/es\/\"},{\"@type\":\"ListItem\",\"position\":2,\"name\":\"Semillas\",\"item\":\"https:\/\/premiumseeds.eu\/es\/semillas\/\"},{\"@type\":\"ListItem\",\"position\":3,\"name\":\"Celos\u00eda Plumosa Enano Variada\"}]},{\"@type\":\"WebSite\",\"@id\":\"https:\/\/premiumseeds.eu\/es\/#website\",\"url\":\"https:\/\/premiumseeds.eu\/es\/\",\"name\":\"PremiumSeeds\",\"description\":\"Top seeds producer\",\"potentialAction\":[{\"@type\":\"SearchAction\",\"target\":{\"@type\":\"EntryPoint\",\"urlTemplate\":\"https:\/\/premiumseeds.eu\/es\/?s={search_term_string}\"},\"query-input\":\"required name=search_term_string\"}],\"inLanguage\":\"es\"}]}<\/script>\n<!-- \/ Yoast SEO plugin. -->","yoast_head_json":{"title":"Celos\u00eda Plumosa Enano Variada - productor de semillas - PremiumSeeds","description":"Celos\u00eda Plumosa Enano Variada semillas - directamente del productor de la marca Premium Seeds. Venta al por mayor y distribuci\u00f3n de semillas Celos\u00eda Plumosa Enano Variada","robots":{"index":"index","follow":"follow","max-snippet":"max-snippet:-1","max-image-preview":"max-image-preview:large","max-video-preview":"max-video-preview:-1"},"canonical":"https:\/\/premiumseeds.eu\/es\/produkt\/celosia-plumosa-enano-variada\/","og_locale":"es_ES","og_type":"article","og_title":"Celos\u00eda Plumosa Enano Variada - productor de semillas - PremiumSeeds","og_description":"Celos\u00eda Plumosa Enano Variada semillas - directamente del productor de la marca Premium Seeds. Venta al por mayor y distribuci\u00f3n de semillas Celos\u00eda Plumosa Enano Variada","og_url":"https:\/\/premiumseeds.eu\/es\/produkt\/celosia-plumosa-enano-variada\/","og_site_name":"PremiumSeeds","article_modified_time":"2023-06-29T09:22:26+00:00","og_image":[{"width":945,"height":1772,"url":"https:\/\/premiumseeds.eu\/wp-content\/uploads\/2023\/06\/WORLD-N-151-7559_VS-2.jpg?v=1688030502","type":"image\/jpeg"}],"twitter_card":"summary_large_image","schema":{"@context":"https:\/\/schema.org","@graph":[{"@type":"WebPage","@id":"https:\/\/premiumseeds.eu\/es\/produkt\/celosia-plumosa-enano-variada\/","url":"https:\/\/premiumseeds.eu\/es\/produkt\/celosia-plumosa-enano-variada\/","name":"Celos\u00eda Plumosa Enano Variada - productor de semillas - PremiumSeeds","isPartOf":{"@id":"https:\/\/premiumseeds.eu\/es\/#website"},"datePublished":"2023-06-29T09:22:25+00:00","dateModified":"2023-06-29T09:22:26+00:00","description":"Celos\u00eda Plumosa Enano Variada semillas - directamente del productor de la marca Premium Seeds. Venta al por mayor y distribuci\u00f3n de semillas Celos\u00eda Plumosa Enano Variada","breadcrumb":{"@id":"https:\/\/premiumseeds.eu\/es\/produkt\/celosia-plumosa-enano-variada\/#breadcrumb"},"inLanguage":"es","potentialAction":[{"@type":"ReadAction","target":["https:\/\/premiumseeds.eu\/es\/produkt\/celosia-plumosa-enano-variada\/"]}]},{"@type":"BreadcrumbList","@id":"https:\/\/premiumseeds.eu\/es\/produkt\/celosia-plumosa-enano-variada\/#breadcrumb","itemListElement":[{"@type":"ListItem","position":1,"name":"Home","item":"https:\/\/premiumseeds.eu\/es\/"},{"@type":"ListItem","position":2,"name":"Semillas","item":"https:\/\/premiumseeds.eu\/es\/semillas\/"},{"@type":"ListItem","position":3,"name":"Celos\u00eda Plumosa Enano Variada"}]},{"@type":"WebSite","@id":"https:\/\/premiumseeds.eu\/es\/#website","url":"https:\/\/premiumseeds.eu\/es\/","name":"PremiumSeeds","description":"Top seeds producer","potentialAction":[{"@type":"SearchAction","target":{"@type":"EntryPoint","urlTemplate":"https:\/\/premiumseeds.eu\/es\/?s={search_term_string}"},"query-input":"required name=search_term_string"}],"inLanguage":"es"}]}},"_links":{"self":[{"href":"https:\/\/premiumseeds.eu\/es\/wp-json\/wp\/v2\/product\/57283","targetHints":{"allow":["GET"]}}],"collection":[{"href":"https:\/\/premiumseeds.eu\/es\/wp-json\/wp\/v2\/product"}],"about":[{"href":"https:\/\/premiumseeds.eu\/es\/wp-json\/wp\/v2\/types\/product"}],"wp:featuredmedia":[{"embeddable":true,"href":"https:\/\/premiumseeds.eu\/es\/wp-json\/wp\/v2\/media\/57290"}],"wp:attachment":[{"href":"https:\/\/premiumseeds.eu\/es\/wp-json\/wp\/v2\/media?parent=57283"}],"wp:term":[{"taxonomy":"product_cat","embeddable":true,"href":"https:\/\/premiumseeds.eu\/es\/wp-json\/wp\/v2\/product_cat?post=57283"},{"taxonomy":"product_tag","embeddable":true,"href":"https:\/\/premiumseeds.eu\/es\/wp-json\/wp\/v2\/product_tag?post=57283"}],"curies":[{"name":"wp","href":"https:\/\/api.w.org\/{rel}","templated":true}]}}