{"id":57544,"date":"2023-06-29T15:35:49","date_gmt":"2023-06-29T13:35:49","guid":{"rendered":"https:\/\/premiumseeds.eu\/?post_type=product&#038;p=57544"},"modified":"2023-06-29T15:35:50","modified_gmt":"2023-06-29T13:35:50","slug":"amaranto-colgante-cola-de-zorro","status":"publish","type":"product","link":"https:\/\/premiumseeds.eu\/es\/produkt\/amaranto-colgante-cola-de-zorro\/","title":{"rendered":"Amaranto colgante Cola De Zorro"},"content":{"rendered":"","protected":false},"excerpt":{"rendered":"<p>Planta anual que crece entre 60 y 90 cm de altura. La planta vertical est\u00e1 formada por tallos r\u00edgidos y moderadamente ramificados. Las diminutas y numerosas flores se re\u00fanen en grandes espigas de color escarlata colgantes. Para parterres, flor cortada y ramos secos.<br \/>\n<\/b><br \/>\n<strong>Amaranto colgante Cola De Zorro &#8211; semillas<\/strong><br \/>\n<\/b><br \/>\n<strong>Profundidad de siembra:<\/strong> 0,5 cm<br \/>\n<strong>\u00c9poca de siembra en invernaderos:<\/strong> marzo &#8211; abril<br \/>\n<strong>\u00c9poca de siembra en el exterior:<\/strong> abril &#8211; mayo<br \/>\n<strong>\u00c9poca de siembra de las pl\u00e1ntulas en el exterior:<\/strong> abril &#8211; mayo<br \/>\n<strong>Espaciado: <\/strong> 40 x 50 cm<br \/>\n<strong>\u00c9poca  de floraci\u00f3n:<\/strong> julio &#8211; septiembre<br \/>\n<\/b><br \/>\nUn paquete contiene 2 g de semillas.<\/p>\n","protected":false},"featured_media":57551,"template":"","meta":{"_monsterinsights_skip_tracking":false,"_monsterinsights_sitenote_active":false,"_monsterinsights_sitenote_note":"","_monsterinsights_sitenote_category":0},"product_cat":[1178],"product_tag":[4175],"class_list":["post-57544","product","type-product","status-publish","has-post-thumbnail","hentry","product_cat-semillas-de-flores-para-jardin","product_tag-amaranto-colgante-cola-de-zorro-semillas"],"yoast_head":"<!-- This site is optimized with the Yoast SEO plugin v21.6 - https:\/\/yoast.com\/wordpress\/plugins\/seo\/ -->\n<title>Amaranto colgante Cola De Zorro - productor de semillas - PremiumSeeds<\/title>\n<meta name=\"description\" content=\"Amaranto colgante Cola De Zorro semillas - directamente del productor de la marca Premium Seeds. Venta al por mayor y distribuci\u00f3n de semillas Amaranto colgante Cola De Zorro\" \/>\n<meta name=\"robots\" content=\"index, follow, max-snippet:-1, max-image-preview:large, max-video-preview:-1\" \/>\n<link rel=\"canonical\" href=\"https:\/\/premiumseeds.eu\/es\/produkt\/amaranto-colgante-cola-de-zorro\/\" \/>\n<meta property=\"og:locale\" content=\"es_ES\" \/>\n<meta property=\"og:type\" content=\"article\" \/>\n<meta property=\"og:title\" content=\"Amaranto colgante Cola De Zorro - productor de semillas - PremiumSeeds\" \/>\n<meta property=\"og:description\" content=\"Amaranto colgante Cola De Zorro semillas - directamente del productor de la marca Premium Seeds. Venta al por mayor y distribuci\u00f3n de semillas Amaranto colgante Cola De Zorro\" \/>\n<meta property=\"og:url\" content=\"https:\/\/premiumseeds.eu\/es\/produkt\/amaranto-colgante-cola-de-zorro\/\" \/>\n<meta property=\"og:site_name\" content=\"PremiumSeeds\" \/>\n<meta property=\"article:modified_time\" content=\"2023-06-29T13:35:50+00:00\" \/>\n<meta property=\"og:image\" content=\"https:\/\/premiumseeds.eu\/wp-content\/uploads\/2023\/06\/WORLD-N-G-450-0813_VS-2-546x1024.jpg\" \/>\n\t<meta property=\"og:image:width\" content=\"546\" \/>\n\t<meta property=\"og:image:height\" content=\"1024\" \/>\n\t<meta property=\"og:image:type\" content=\"image\/jpeg\" \/>\n<meta name=\"twitter:card\" content=\"summary_large_image\" \/>\n<script type=\"application\/ld+json\" class=\"yoast-schema-graph\">{\"@context\":\"https:\/\/schema.org\",\"@graph\":[{\"@type\":\"WebPage\",\"@id\":\"https:\/\/premiumseeds.eu\/es\/produkt\/amaranto-colgante-cola-de-zorro\/\",\"url\":\"https:\/\/premiumseeds.eu\/es\/produkt\/amaranto-colgante-cola-de-zorro\/\",\"name\":\"Amaranto colgante Cola De Zorro - productor de semillas - PremiumSeeds\",\"isPartOf\":{\"@id\":\"https:\/\/premiumseeds.eu\/es\/#website\"},\"datePublished\":\"2023-06-29T13:35:49+00:00\",\"dateModified\":\"2023-06-29T13:35:50+00:00\",\"description\":\"Amaranto colgante Cola De Zorro semillas - directamente del productor de la marca Premium Seeds. Venta al por mayor y distribuci\u00f3n de semillas Amaranto colgante Cola De Zorro\",\"breadcrumb\":{\"@id\":\"https:\/\/premiumseeds.eu\/es\/produkt\/amaranto-colgante-cola-de-zorro\/#breadcrumb\"},\"inLanguage\":\"es\",\"potentialAction\":[{\"@type\":\"ReadAction\",\"target\":[\"https:\/\/premiumseeds.eu\/es\/produkt\/amaranto-colgante-cola-de-zorro\/\"]}]},{\"@type\":\"BreadcrumbList\",\"@id\":\"https:\/\/premiumseeds.eu\/es\/produkt\/amaranto-colgante-cola-de-zorro\/#breadcrumb\",\"itemListElement\":[{\"@type\":\"ListItem\",\"position\":1,\"name\":\"Home\",\"item\":\"https:\/\/premiumseeds.eu\/es\/\"},{\"@type\":\"ListItem\",\"position\":2,\"name\":\"Semillas\",\"item\":\"https:\/\/premiumseeds.eu\/es\/semillas\/\"},{\"@type\":\"ListItem\",\"position\":3,\"name\":\"Amaranto colgante Cola De Zorro\"}]},{\"@type\":\"WebSite\",\"@id\":\"https:\/\/premiumseeds.eu\/es\/#website\",\"url\":\"https:\/\/premiumseeds.eu\/es\/\",\"name\":\"PremiumSeeds\",\"description\":\"Top seeds producer\",\"potentialAction\":[{\"@type\":\"SearchAction\",\"target\":{\"@type\":\"EntryPoint\",\"urlTemplate\":\"https:\/\/premiumseeds.eu\/es\/?s={search_term_string}\"},\"query-input\":\"required name=search_term_string\"}],\"inLanguage\":\"es\"}]}<\/script>\n<!-- \/ Yoast SEO plugin. -->","yoast_head_json":{"title":"Amaranto colgante Cola De Zorro - productor de semillas - PremiumSeeds","description":"Amaranto colgante Cola De Zorro semillas - directamente del productor de la marca Premium Seeds. Venta al por mayor y distribuci\u00f3n de semillas Amaranto colgante Cola De Zorro","robots":{"index":"index","follow":"follow","max-snippet":"max-snippet:-1","max-image-preview":"max-image-preview:large","max-video-preview":"max-video-preview:-1"},"canonical":"https:\/\/premiumseeds.eu\/es\/produkt\/amaranto-colgante-cola-de-zorro\/","og_locale":"es_ES","og_type":"article","og_title":"Amaranto colgante Cola De Zorro - productor de semillas - PremiumSeeds","og_description":"Amaranto colgante Cola De Zorro semillas - directamente del productor de la marca Premium Seeds. Venta al por mayor y distribuci\u00f3n de semillas Amaranto colgante Cola De Zorro","og_url":"https:\/\/premiumseeds.eu\/es\/produkt\/amaranto-colgante-cola-de-zorro\/","og_site_name":"PremiumSeeds","article_modified_time":"2023-06-29T13:35:50+00:00","og_image":[{"width":546,"height":1024,"url":"https:\/\/premiumseeds.eu\/wp-content\/uploads\/2023\/06\/WORLD-N-G-450-0813_VS-2-546x1024.jpg","type":"image\/jpeg"}],"twitter_card":"summary_large_image","schema":{"@context":"https:\/\/schema.org","@graph":[{"@type":"WebPage","@id":"https:\/\/premiumseeds.eu\/es\/produkt\/amaranto-colgante-cola-de-zorro\/","url":"https:\/\/premiumseeds.eu\/es\/produkt\/amaranto-colgante-cola-de-zorro\/","name":"Amaranto colgante Cola De Zorro - productor de semillas - PremiumSeeds","isPartOf":{"@id":"https:\/\/premiumseeds.eu\/es\/#website"},"datePublished":"2023-06-29T13:35:49+00:00","dateModified":"2023-06-29T13:35:50+00:00","description":"Amaranto colgante Cola De Zorro semillas - directamente del productor de la marca Premium Seeds. Venta al por mayor y distribuci\u00f3n de semillas Amaranto colgante Cola De Zorro","breadcrumb":{"@id":"https:\/\/premiumseeds.eu\/es\/produkt\/amaranto-colgante-cola-de-zorro\/#breadcrumb"},"inLanguage":"es","potentialAction":[{"@type":"ReadAction","target":["https:\/\/premiumseeds.eu\/es\/produkt\/amaranto-colgante-cola-de-zorro\/"]}]},{"@type":"BreadcrumbList","@id":"https:\/\/premiumseeds.eu\/es\/produkt\/amaranto-colgante-cola-de-zorro\/#breadcrumb","itemListElement":[{"@type":"ListItem","position":1,"name":"Home","item":"https:\/\/premiumseeds.eu\/es\/"},{"@type":"ListItem","position":2,"name":"Semillas","item":"https:\/\/premiumseeds.eu\/es\/semillas\/"},{"@type":"ListItem","position":3,"name":"Amaranto colgante Cola De Zorro"}]},{"@type":"WebSite","@id":"https:\/\/premiumseeds.eu\/es\/#website","url":"https:\/\/premiumseeds.eu\/es\/","name":"PremiumSeeds","description":"Top seeds producer","potentialAction":[{"@type":"SearchAction","target":{"@type":"EntryPoint","urlTemplate":"https:\/\/premiumseeds.eu\/es\/?s={search_term_string}"},"query-input":"required name=search_term_string"}],"inLanguage":"es"}]}},"_links":{"self":[{"href":"https:\/\/premiumseeds.eu\/es\/wp-json\/wp\/v2\/product\/57544","targetHints":{"allow":["GET"]}}],"collection":[{"href":"https:\/\/premiumseeds.eu\/es\/wp-json\/wp\/v2\/product"}],"about":[{"href":"https:\/\/premiumseeds.eu\/es\/wp-json\/wp\/v2\/types\/product"}],"wp:featuredmedia":[{"embeddable":true,"href":"https:\/\/premiumseeds.eu\/es\/wp-json\/wp\/v2\/media\/57551"}],"wp:attachment":[{"href":"https:\/\/premiumseeds.eu\/es\/wp-json\/wp\/v2\/media?parent=57544"}],"wp:term":[{"taxonomy":"product_cat","embeddable":true,"href":"https:\/\/premiumseeds.eu\/es\/wp-json\/wp\/v2\/product_cat?post=57544"},{"taxonomy":"product_tag","embeddable":true,"href":"https:\/\/premiumseeds.eu\/es\/wp-json\/wp\/v2\/product_tag?post=57544"}],"curies":[{"name":"wp","href":"https:\/\/api.w.org\/{rel}","templated":true}]}}