{"id":62549,"date":"2023-07-20T11:26:41","date_gmt":"2023-07-20T09:26:41","guid":{"rendered":"https:\/\/premiumseeds.eu\/?post_type=product&#038;p=62549"},"modified":"2023-07-20T11:26:43","modified_gmt":"2023-07-20T09:26:43","slug":"clavelon-de-india-enano-variado","status":"publish","type":"product","link":"https:\/\/premiumseeds.eu\/es\/produkt\/clavelon-de-india-enano-variado\/","title":{"rendered":"Clavel\u00f3n de India &#8211; Enano Variado"},"content":{"rendered":"","protected":false},"excerpt":{"rendered":"<p>Planta anual de 25 a 35 cm de altura. Forma matas densas y anchas. Las grandes flores adquieren varios tonos de amarillo y naranja. Recomendada para parterres, borduras, jardineras y macetas de balc\u00f3n.<br \/>\n<\/b><br \/>\n<Strong>Clavel\u00f3n de India &#8211; Enano Variado &#8211; semillas<\/strong><br \/>\n<\/b><br \/>\n<strong>Profundidad de siembra:<\/strong> 0,5 cm<br \/>\n<strong>\u00c9poca de siembra en invernaderos:<\/strong> abril<br \/>\n<strong>\u00c9poca de siembra en el exterior:<\/strong> mayo<br \/>\n<strong>\u00c9poca de siembra de las pl\u00e1ntulas en el exterior:<\/strong> mayo<br \/>\n<strong>Espaciado: <\/strong> 30 x 30 cm<br \/>\n<strong>\u00c9poca  de floraci\u00f3n:<\/strong> junio &#8211; octubre<br \/>\n<\/b><br \/>\nUn paquete contiene 0,5 g de semillas.<\/p>\n","protected":false},"featured_media":62556,"template":"","meta":{"_monsterinsights_skip_tracking":false,"_monsterinsights_sitenote_active":false,"_monsterinsights_sitenote_note":"","_monsterinsights_sitenote_category":0},"product_cat":[2360,1178,1250,1592,1051],"product_tag":[4479],"class_list":["post-62549","product","type-product","status-publish","has-post-thumbnail","hentry","product_cat-mezclas-de-semillas-de-flores","product_cat-semillas-de-flores-para-jardin","product_cat-semillas-de-flores-para-macetas","product_cat-semillas-de-tagetes","product_cat-semillas-de-flores-para-balcones","product_tag-clavelon-de-india-enano-variado-semillas"],"yoast_head":"<!-- This site is optimized with the Yoast SEO plugin v21.6 - https:\/\/yoast.com\/wordpress\/plugins\/seo\/ -->\n<title>Clavel\u00f3n de India - Enano Variado - Producent nasion - PremiumSeeds<\/title>\n<meta name=\"description\" content=\"Clavel\u00f3n de India - Enano Variado nasiona - bezpo\u015brednio od producenta marki PremiumSeeds. Sprzeda\u017c hurtowa i dystrybucja nasion Clavel\u00f3n de India - Enano Variado\" \/>\n<meta name=\"robots\" content=\"index, follow, max-snippet:-1, max-image-preview:large, max-video-preview:-1\" \/>\n<link rel=\"canonical\" href=\"https:\/\/premiumseeds.eu\/es\/produkt\/clavelon-de-india-enano-variado\/\" \/>\n<meta property=\"og:locale\" content=\"es_ES\" \/>\n<meta property=\"og:type\" content=\"article\" \/>\n<meta property=\"og:title\" content=\"Clavel\u00f3n de India - Enano Variado - Producent nasion - PremiumSeeds\" \/>\n<meta property=\"og:description\" content=\"Clavel\u00f3n de India - Enano Variado nasiona - bezpo\u015brednio od producenta marki PremiumSeeds. Sprzeda\u017c hurtowa i dystrybucja nasion Clavel\u00f3n de India - Enano Variado\" \/>\n<meta property=\"og:url\" content=\"https:\/\/premiumseeds.eu\/es\/produkt\/clavelon-de-india-enano-variado\/\" \/>\n<meta property=\"og:site_name\" content=\"PremiumSeeds\" \/>\n<meta property=\"article:modified_time\" content=\"2023-07-20T09:26:43+00:00\" \/>\n<meta property=\"og:image\" content=\"https:\/\/premiumseeds.eu\/wp-content\/uploads\/2023\/07\/WORLD-14111602PA_VS-4.jpg?v=1689845147\" \/>\n\t<meta property=\"og:image:width\" content=\"945\" \/>\n\t<meta property=\"og:image:height\" content=\"1772\" \/>\n\t<meta property=\"og:image:type\" content=\"image\/jpeg\" \/>\n<meta name=\"twitter:card\" content=\"summary_large_image\" \/>\n<script type=\"application\/ld+json\" class=\"yoast-schema-graph\">{\"@context\":\"https:\/\/schema.org\",\"@graph\":[{\"@type\":\"WebPage\",\"@id\":\"https:\/\/premiumseeds.eu\/es\/produkt\/clavelon-de-india-enano-variado\/\",\"url\":\"https:\/\/premiumseeds.eu\/es\/produkt\/clavelon-de-india-enano-variado\/\",\"name\":\"Clavel\u00f3n de India - Enano Variado - Producent nasion - PremiumSeeds\",\"isPartOf\":{\"@id\":\"https:\/\/premiumseeds.eu\/es\/#website\"},\"datePublished\":\"2023-07-20T09:26:41+00:00\",\"dateModified\":\"2023-07-20T09:26:43+00:00\",\"description\":\"Clavel\u00f3n de India - Enano Variado nasiona - bezpo\u015brednio od producenta marki PremiumSeeds. Sprzeda\u017c hurtowa i dystrybucja nasion Clavel\u00f3n de India - Enano Variado\",\"breadcrumb\":{\"@id\":\"https:\/\/premiumseeds.eu\/es\/produkt\/clavelon-de-india-enano-variado\/#breadcrumb\"},\"inLanguage\":\"es\",\"potentialAction\":[{\"@type\":\"ReadAction\",\"target\":[\"https:\/\/premiumseeds.eu\/es\/produkt\/clavelon-de-india-enano-variado\/\"]}]},{\"@type\":\"BreadcrumbList\",\"@id\":\"https:\/\/premiumseeds.eu\/es\/produkt\/clavelon-de-india-enano-variado\/#breadcrumb\",\"itemListElement\":[{\"@type\":\"ListItem\",\"position\":1,\"name\":\"Home\",\"item\":\"https:\/\/premiumseeds.eu\/es\/\"},{\"@type\":\"ListItem\",\"position\":2,\"name\":\"Semillas\",\"item\":\"https:\/\/premiumseeds.eu\/es\/semillas\/\"},{\"@type\":\"ListItem\",\"position\":3,\"name\":\"Clavel\u00f3n de India &#8211; Enano Variado\"}]},{\"@type\":\"WebSite\",\"@id\":\"https:\/\/premiumseeds.eu\/es\/#website\",\"url\":\"https:\/\/premiumseeds.eu\/es\/\",\"name\":\"PremiumSeeds\",\"description\":\"Top seeds producer\",\"potentialAction\":[{\"@type\":\"SearchAction\",\"target\":{\"@type\":\"EntryPoint\",\"urlTemplate\":\"https:\/\/premiumseeds.eu\/es\/?s={search_term_string}\"},\"query-input\":\"required name=search_term_string\"}],\"inLanguage\":\"es\"}]}<\/script>\n<!-- \/ Yoast SEO plugin. -->","yoast_head_json":{"title":"Clavel\u00f3n de India - Enano Variado - Producent nasion - PremiumSeeds","description":"Clavel\u00f3n de India - Enano Variado nasiona - bezpo\u015brednio od producenta marki PremiumSeeds. Sprzeda\u017c hurtowa i dystrybucja nasion Clavel\u00f3n de India - Enano Variado","robots":{"index":"index","follow":"follow","max-snippet":"max-snippet:-1","max-image-preview":"max-image-preview:large","max-video-preview":"max-video-preview:-1"},"canonical":"https:\/\/premiumseeds.eu\/es\/produkt\/clavelon-de-india-enano-variado\/","og_locale":"es_ES","og_type":"article","og_title":"Clavel\u00f3n de India - Enano Variado - Producent nasion - PremiumSeeds","og_description":"Clavel\u00f3n de India - Enano Variado nasiona - bezpo\u015brednio od producenta marki PremiumSeeds. Sprzeda\u017c hurtowa i dystrybucja nasion Clavel\u00f3n de India - Enano Variado","og_url":"https:\/\/premiumseeds.eu\/es\/produkt\/clavelon-de-india-enano-variado\/","og_site_name":"PremiumSeeds","article_modified_time":"2023-07-20T09:26:43+00:00","og_image":[{"width":945,"height":1772,"url":"https:\/\/premiumseeds.eu\/wp-content\/uploads\/2023\/07\/WORLD-14111602PA_VS-4.jpg?v=1689845147","type":"image\/jpeg"}],"twitter_card":"summary_large_image","schema":{"@context":"https:\/\/schema.org","@graph":[{"@type":"WebPage","@id":"https:\/\/premiumseeds.eu\/es\/produkt\/clavelon-de-india-enano-variado\/","url":"https:\/\/premiumseeds.eu\/es\/produkt\/clavelon-de-india-enano-variado\/","name":"Clavel\u00f3n de India - Enano Variado - Producent nasion - PremiumSeeds","isPartOf":{"@id":"https:\/\/premiumseeds.eu\/es\/#website"},"datePublished":"2023-07-20T09:26:41+00:00","dateModified":"2023-07-20T09:26:43+00:00","description":"Clavel\u00f3n de India - Enano Variado nasiona - bezpo\u015brednio od producenta marki PremiumSeeds. Sprzeda\u017c hurtowa i dystrybucja nasion Clavel\u00f3n de India - Enano Variado","breadcrumb":{"@id":"https:\/\/premiumseeds.eu\/es\/produkt\/clavelon-de-india-enano-variado\/#breadcrumb"},"inLanguage":"es","potentialAction":[{"@type":"ReadAction","target":["https:\/\/premiumseeds.eu\/es\/produkt\/clavelon-de-india-enano-variado\/"]}]},{"@type":"BreadcrumbList","@id":"https:\/\/premiumseeds.eu\/es\/produkt\/clavelon-de-india-enano-variado\/#breadcrumb","itemListElement":[{"@type":"ListItem","position":1,"name":"Home","item":"https:\/\/premiumseeds.eu\/es\/"},{"@type":"ListItem","position":2,"name":"Semillas","item":"https:\/\/premiumseeds.eu\/es\/semillas\/"},{"@type":"ListItem","position":3,"name":"Clavel\u00f3n de India &#8211; Enano Variado"}]},{"@type":"WebSite","@id":"https:\/\/premiumseeds.eu\/es\/#website","url":"https:\/\/premiumseeds.eu\/es\/","name":"PremiumSeeds","description":"Top seeds producer","potentialAction":[{"@type":"SearchAction","target":{"@type":"EntryPoint","urlTemplate":"https:\/\/premiumseeds.eu\/es\/?s={search_term_string}"},"query-input":"required name=search_term_string"}],"inLanguage":"es"}]}},"_links":{"self":[{"href":"https:\/\/premiumseeds.eu\/es\/wp-json\/wp\/v2\/product\/62549","targetHints":{"allow":["GET"]}}],"collection":[{"href":"https:\/\/premiumseeds.eu\/es\/wp-json\/wp\/v2\/product"}],"about":[{"href":"https:\/\/premiumseeds.eu\/es\/wp-json\/wp\/v2\/types\/product"}],"wp:featuredmedia":[{"embeddable":true,"href":"https:\/\/premiumseeds.eu\/es\/wp-json\/wp\/v2\/media\/62556"}],"wp:attachment":[{"href":"https:\/\/premiumseeds.eu\/es\/wp-json\/wp\/v2\/media?parent=62549"}],"wp:term":[{"taxonomy":"product_cat","embeddable":true,"href":"https:\/\/premiumseeds.eu\/es\/wp-json\/wp\/v2\/product_cat?post=62549"},{"taxonomy":"product_tag","embeddable":true,"href":"https:\/\/premiumseeds.eu\/es\/wp-json\/wp\/v2\/product_tag?post=62549"}],"curies":[{"name":"wp","href":"https:\/\/api.w.org\/{rel}","templated":true}]}}