{"id":62778,"date":"2023-07-20T15:10:47","date_gmt":"2023-07-20T13:10:47","guid":{"rendered":"https:\/\/premiumseeds.eu\/?post_type=product&#038;p=62778"},"modified":"2023-07-20T15:10:48","modified_gmt":"2023-07-20T13:10:48","slug":"malva-real-negra","status":"publish","type":"product","link":"https:\/\/premiumseeds.eu\/es\/produkt\/malva-real-negra\/","title":{"rendered":"Malva Real &#8211; Negra"},"content":{"rendered":"","protected":false},"excerpt":{"rendered":"<p>Una bienal de 150 a 250 cm de altura que florece en el segundo a\u00f1o. Produce flores de color carmes\u00ed oscuro, casi negro, que se re\u00fanen en largos racimos en forma de espiga. Recomendada para jardines r\u00fasticos y flor cortada. Las flores se utilizan como medicina herbal natural.<br \/>\n<\/b><br \/>\n<strong>Malva Real &#8211; Negra &#8211; semillas<\/strong><br \/>\n<\/b><br \/>\n<strong>Profundidad de siembra:<\/strong> 0,5 &#8211; 1 cm<br \/>\n<strong>\u00c9poca de siembra en invernaderos:<\/strong> abril &#8211; mayo<br \/>\n<strong>\u00c9poca de siembra de las pl\u00e1ntulas en el exterior:<\/strong> agosto &#8211; septiembre<br \/>\n<strong>Espaciado: <\/strong>50 x 70 cm<br \/>\n<strong>\u00c9poca  de floraci\u00f3n:<\/strong> julio &#8211; septiembre<br \/>\n<\/b><br \/>\nUn paquete contiene 0,5 g de semillas.<\/p>\n","protected":false},"featured_media":62785,"template":"","meta":{"_monsterinsights_skip_tracking":false,"_monsterinsights_sitenote_active":false,"_monsterinsights_sitenote_note":"","_monsterinsights_sitenote_category":0},"product_cat":[1178,1210,1247],"product_tag":[4497],"class_list":["post-62778","product","type-product","status-publish","has-post-thumbnail","hentry","product_cat-semillas-de-flores-para-jardin","product_cat-semillas-de-malva","product_cat-semillas-de-plantas-meliferas","product_tag-malva-real-negra-semillas"],"yoast_head":"<!-- This site is optimized with the Yoast SEO plugin v21.6 - https:\/\/yoast.com\/wordpress\/plugins\/seo\/ -->\n<title>Malva Real - Negra - productor de semillas - PremiumSeeds<\/title>\n<meta name=\"description\" content=\"Malva Real - Negra semillas - directamente del productor de la marca Premium Seeds. Venta al por mayor y distribuci\u00f3n de semillas Malva Real - Negra\" \/>\n<meta name=\"robots\" content=\"index, follow, max-snippet:-1, max-image-preview:large, max-video-preview:-1\" \/>\n<link rel=\"canonical\" href=\"https:\/\/premiumseeds.eu\/es\/produkt\/malva-real-negra\/\" \/>\n<meta property=\"og:locale\" content=\"es_ES\" \/>\n<meta property=\"og:type\" content=\"article\" \/>\n<meta property=\"og:title\" content=\"Malva Real - Negra - productor de semillas - PremiumSeeds\" \/>\n<meta property=\"og:description\" content=\"Malva Real - Negra semillas - directamente del productor de la marca Premium Seeds. Venta al por mayor y distribuci\u00f3n de semillas Malva Real - Negra\" \/>\n<meta property=\"og:url\" content=\"https:\/\/premiumseeds.eu\/es\/produkt\/malva-real-negra\/\" \/>\n<meta property=\"og:site_name\" content=\"PremiumSeeds\" \/>\n<meta property=\"article:modified_time\" content=\"2023-07-20T13:10:48+00:00\" \/>\n<meta property=\"og:image\" content=\"https:\/\/premiumseeds.eu\/wp-content\/uploads\/2023\/07\/WORLD-N-90-12-01_VS-4.jpg?v=1689858608\" \/>\n\t<meta property=\"og:image:width\" content=\"945\" \/>\n\t<meta property=\"og:image:height\" content=\"1772\" \/>\n\t<meta property=\"og:image:type\" content=\"image\/jpeg\" \/>\n<meta name=\"twitter:card\" content=\"summary_large_image\" \/>\n<script type=\"application\/ld+json\" class=\"yoast-schema-graph\">{\"@context\":\"https:\/\/schema.org\",\"@graph\":[{\"@type\":\"WebPage\",\"@id\":\"https:\/\/premiumseeds.eu\/es\/produkt\/malva-real-negra\/\",\"url\":\"https:\/\/premiumseeds.eu\/es\/produkt\/malva-real-negra\/\",\"name\":\"Malva Real - Negra - productor de semillas - PremiumSeeds\",\"isPartOf\":{\"@id\":\"https:\/\/premiumseeds.eu\/es\/#website\"},\"datePublished\":\"2023-07-20T13:10:47+00:00\",\"dateModified\":\"2023-07-20T13:10:48+00:00\",\"description\":\"Malva Real - Negra semillas - directamente del productor de la marca Premium Seeds. Venta al por mayor y distribuci\u00f3n de semillas Malva Real - Negra\",\"breadcrumb\":{\"@id\":\"https:\/\/premiumseeds.eu\/es\/produkt\/malva-real-negra\/#breadcrumb\"},\"inLanguage\":\"es\",\"potentialAction\":[{\"@type\":\"ReadAction\",\"target\":[\"https:\/\/premiumseeds.eu\/es\/produkt\/malva-real-negra\/\"]}]},{\"@type\":\"BreadcrumbList\",\"@id\":\"https:\/\/premiumseeds.eu\/es\/produkt\/malva-real-negra\/#breadcrumb\",\"itemListElement\":[{\"@type\":\"ListItem\",\"position\":1,\"name\":\"Home\",\"item\":\"https:\/\/premiumseeds.eu\/es\/\"},{\"@type\":\"ListItem\",\"position\":2,\"name\":\"Semillas\",\"item\":\"https:\/\/premiumseeds.eu\/es\/semillas\/\"},{\"@type\":\"ListItem\",\"position\":3,\"name\":\"Malva Real &#8211; Negra\"}]},{\"@type\":\"WebSite\",\"@id\":\"https:\/\/premiumseeds.eu\/es\/#website\",\"url\":\"https:\/\/premiumseeds.eu\/es\/\",\"name\":\"PremiumSeeds\",\"description\":\"Top seeds producer\",\"potentialAction\":[{\"@type\":\"SearchAction\",\"target\":{\"@type\":\"EntryPoint\",\"urlTemplate\":\"https:\/\/premiumseeds.eu\/es\/?s={search_term_string}\"},\"query-input\":\"required name=search_term_string\"}],\"inLanguage\":\"es\"}]}<\/script>\n<!-- \/ Yoast SEO plugin. -->","yoast_head_json":{"title":"Malva Real - Negra - productor de semillas - PremiumSeeds","description":"Malva Real - Negra semillas - directamente del productor de la marca Premium Seeds. Venta al por mayor y distribuci\u00f3n de semillas Malva Real - Negra","robots":{"index":"index","follow":"follow","max-snippet":"max-snippet:-1","max-image-preview":"max-image-preview:large","max-video-preview":"max-video-preview:-1"},"canonical":"https:\/\/premiumseeds.eu\/es\/produkt\/malva-real-negra\/","og_locale":"es_ES","og_type":"article","og_title":"Malva Real - Negra - productor de semillas - PremiumSeeds","og_description":"Malva Real - Negra semillas - directamente del productor de la marca Premium Seeds. Venta al por mayor y distribuci\u00f3n de semillas Malva Real - Negra","og_url":"https:\/\/premiumseeds.eu\/es\/produkt\/malva-real-negra\/","og_site_name":"PremiumSeeds","article_modified_time":"2023-07-20T13:10:48+00:00","og_image":[{"width":945,"height":1772,"url":"https:\/\/premiumseeds.eu\/wp-content\/uploads\/2023\/07\/WORLD-N-90-12-01_VS-4.jpg?v=1689858608","type":"image\/jpeg"}],"twitter_card":"summary_large_image","schema":{"@context":"https:\/\/schema.org","@graph":[{"@type":"WebPage","@id":"https:\/\/premiumseeds.eu\/es\/produkt\/malva-real-negra\/","url":"https:\/\/premiumseeds.eu\/es\/produkt\/malva-real-negra\/","name":"Malva Real - Negra - productor de semillas - PremiumSeeds","isPartOf":{"@id":"https:\/\/premiumseeds.eu\/es\/#website"},"datePublished":"2023-07-20T13:10:47+00:00","dateModified":"2023-07-20T13:10:48+00:00","description":"Malva Real - Negra semillas - directamente del productor de la marca Premium Seeds. Venta al por mayor y distribuci\u00f3n de semillas Malva Real - Negra","breadcrumb":{"@id":"https:\/\/premiumseeds.eu\/es\/produkt\/malva-real-negra\/#breadcrumb"},"inLanguage":"es","potentialAction":[{"@type":"ReadAction","target":["https:\/\/premiumseeds.eu\/es\/produkt\/malva-real-negra\/"]}]},{"@type":"BreadcrumbList","@id":"https:\/\/premiumseeds.eu\/es\/produkt\/malva-real-negra\/#breadcrumb","itemListElement":[{"@type":"ListItem","position":1,"name":"Home","item":"https:\/\/premiumseeds.eu\/es\/"},{"@type":"ListItem","position":2,"name":"Semillas","item":"https:\/\/premiumseeds.eu\/es\/semillas\/"},{"@type":"ListItem","position":3,"name":"Malva Real &#8211; Negra"}]},{"@type":"WebSite","@id":"https:\/\/premiumseeds.eu\/es\/#website","url":"https:\/\/premiumseeds.eu\/es\/","name":"PremiumSeeds","description":"Top seeds producer","potentialAction":[{"@type":"SearchAction","target":{"@type":"EntryPoint","urlTemplate":"https:\/\/premiumseeds.eu\/es\/?s={search_term_string}"},"query-input":"required name=search_term_string"}],"inLanguage":"es"}]}},"_links":{"self":[{"href":"https:\/\/premiumseeds.eu\/es\/wp-json\/wp\/v2\/product\/62778","targetHints":{"allow":["GET"]}}],"collection":[{"href":"https:\/\/premiumseeds.eu\/es\/wp-json\/wp\/v2\/product"}],"about":[{"href":"https:\/\/premiumseeds.eu\/es\/wp-json\/wp\/v2\/types\/product"}],"wp:featuredmedia":[{"embeddable":true,"href":"https:\/\/premiumseeds.eu\/es\/wp-json\/wp\/v2\/media\/62785"}],"wp:attachment":[{"href":"https:\/\/premiumseeds.eu\/es\/wp-json\/wp\/v2\/media?parent=62778"}],"wp:term":[{"taxonomy":"product_cat","embeddable":true,"href":"https:\/\/premiumseeds.eu\/es\/wp-json\/wp\/v2\/product_cat?post=62778"},{"taxonomy":"product_tag","embeddable":true,"href":"https:\/\/premiumseeds.eu\/es\/wp-json\/wp\/v2\/product_tag?post=62778"}],"curies":[{"name":"wp","href":"https:\/\/api.w.org\/{rel}","templated":true}]}}