{"id":63066,"date":"2023-07-21T11:20:19","date_gmt":"2023-07-21T09:20:19","guid":{"rendered":"https:\/\/premiumseeds.eu\/?post_type=product&#038;p=63066"},"modified":"2023-07-21T11:20:20","modified_gmt":"2023-07-21T09:20:20","slug":"avena-de-pascua","status":"publish","type":"product","link":"https:\/\/premiumseeds.eu\/es\/produkt\/avena-de-pascua\/","title":{"rendered":"Avena de Pascua"},"content":{"rendered":"","protected":false},"excerpt":{"rendered":"<p>Las hojas j\u00f3venes de avena, de un verde brillante, son un adorno perfecto para la Pascua. Si\u00e9mbrela con dos semanas de antelaci\u00f3n para que crezca un denso penacho que decore su mesa de Pascua. Puede cultivarla para obtener brotes durante todo el a\u00f1o.<br \/>\n<\/b><br \/>\n<strong>Avena de Pascua &#8211; semillas<\/strong><br \/>\n<\/b><br \/>\n<strong>Profundidad de siembra:<\/strong> 0,5 cm<br \/>\n<strong>\u00c9poca de siembra en el exterior:<\/strong> enero &#8211; diciembre<br \/>\n<strong>Espaciado: <\/strong> 1 x 1 cm<br \/>\n<strong>Cosecha:<\/strong> enero &#8211; diciembre<br \/>\n<\/b><br \/>\nUn paquete contiene 20 g de semillas.<\/p>\n","protected":false},"featured_media":63073,"template":"","meta":{"_monsterinsights_skip_tracking":false,"_monsterinsights_sitenote_active":false,"_monsterinsights_sitenote_note":"","_monsterinsights_sitenote_category":0},"product_cat":[1250,1122,1076],"product_tag":[4519],"class_list":["post-63066","product","type-product","status-publish","has-post-thumbnail","hentry","product_cat-semillas-de-flores-para-macetas","product_cat-semillas-de-otras-verduras","product_cat-semillas-de-hortalizas","product_tag-avena-de-pascua-semillas"],"yoast_head":"<!-- This site is optimized with the Yoast SEO plugin v21.6 - https:\/\/yoast.com\/wordpress\/plugins\/seo\/ -->\n<title>Avena de Pascua - Producent nasion - PremiumSeeds<\/title>\n<meta name=\"description\" content=\"Avena de Pascua nasiona - bezpo\u015brednio od producenta marki PremiumSeeds. Sprzeda\u017c hurtowa i dystrybucja nasion Avena de Pascua\" \/>\n<meta name=\"robots\" content=\"index, follow, max-snippet:-1, max-image-preview:large, max-video-preview:-1\" \/>\n<link rel=\"canonical\" href=\"https:\/\/premiumseeds.eu\/es\/produkt\/avena-de-pascua\/\" \/>\n<meta property=\"og:locale\" content=\"es_ES\" \/>\n<meta property=\"og:type\" content=\"article\" \/>\n<meta property=\"og:title\" content=\"Avena de Pascua - Producent nasion - PremiumSeeds\" \/>\n<meta property=\"og:description\" content=\"Avena de Pascua nasiona - bezpo\u015brednio od producenta marki PremiumSeeds. Sprzeda\u017c hurtowa i dystrybucja nasion Avena de Pascua\" \/>\n<meta property=\"og:url\" content=\"https:\/\/premiumseeds.eu\/es\/produkt\/avena-de-pascua\/\" \/>\n<meta property=\"og:site_name\" content=\"PremiumSeeds\" \/>\n<meta property=\"article:modified_time\" content=\"2023-07-21T09:20:20+00:00\" \/>\n<meta property=\"og:image\" content=\"https:\/\/premiumseeds.eu\/wp-content\/uploads\/2023\/07\/WORLD-N-170-2078_VS-4.jpg?v=1689931156\" \/>\n\t<meta property=\"og:image:width\" content=\"945\" \/>\n\t<meta property=\"og:image:height\" content=\"1772\" \/>\n\t<meta property=\"og:image:type\" content=\"image\/jpeg\" \/>\n<meta name=\"twitter:card\" content=\"summary_large_image\" \/>\n<script type=\"application\/ld+json\" class=\"yoast-schema-graph\">{\"@context\":\"https:\/\/schema.org\",\"@graph\":[{\"@type\":\"WebPage\",\"@id\":\"https:\/\/premiumseeds.eu\/es\/produkt\/avena-de-pascua\/\",\"url\":\"https:\/\/premiumseeds.eu\/es\/produkt\/avena-de-pascua\/\",\"name\":\"Avena de Pascua - Producent nasion - PremiumSeeds\",\"isPartOf\":{\"@id\":\"https:\/\/premiumseeds.eu\/es\/#website\"},\"datePublished\":\"2023-07-21T09:20:19+00:00\",\"dateModified\":\"2023-07-21T09:20:20+00:00\",\"description\":\"Avena de Pascua nasiona - bezpo\u015brednio od producenta marki PremiumSeeds. Sprzeda\u017c hurtowa i dystrybucja nasion Avena de Pascua\",\"breadcrumb\":{\"@id\":\"https:\/\/premiumseeds.eu\/es\/produkt\/avena-de-pascua\/#breadcrumb\"},\"inLanguage\":\"es\",\"potentialAction\":[{\"@type\":\"ReadAction\",\"target\":[\"https:\/\/premiumseeds.eu\/es\/produkt\/avena-de-pascua\/\"]}]},{\"@type\":\"BreadcrumbList\",\"@id\":\"https:\/\/premiumseeds.eu\/es\/produkt\/avena-de-pascua\/#breadcrumb\",\"itemListElement\":[{\"@type\":\"ListItem\",\"position\":1,\"name\":\"Home\",\"item\":\"https:\/\/premiumseeds.eu\/es\/\"},{\"@type\":\"ListItem\",\"position\":2,\"name\":\"Semillas\",\"item\":\"https:\/\/premiumseeds.eu\/es\/semillas\/\"},{\"@type\":\"ListItem\",\"position\":3,\"name\":\"Avena de Pascua\"}]},{\"@type\":\"WebSite\",\"@id\":\"https:\/\/premiumseeds.eu\/es\/#website\",\"url\":\"https:\/\/premiumseeds.eu\/es\/\",\"name\":\"PremiumSeeds\",\"description\":\"Top seeds producer\",\"potentialAction\":[{\"@type\":\"SearchAction\",\"target\":{\"@type\":\"EntryPoint\",\"urlTemplate\":\"https:\/\/premiumseeds.eu\/es\/?s={search_term_string}\"},\"query-input\":\"required name=search_term_string\"}],\"inLanguage\":\"es\"}]}<\/script>\n<!-- \/ Yoast SEO plugin. -->","yoast_head_json":{"title":"Avena de Pascua - Producent nasion - PremiumSeeds","description":"Avena de Pascua nasiona - bezpo\u015brednio od producenta marki PremiumSeeds. Sprzeda\u017c hurtowa i dystrybucja nasion Avena de Pascua","robots":{"index":"index","follow":"follow","max-snippet":"max-snippet:-1","max-image-preview":"max-image-preview:large","max-video-preview":"max-video-preview:-1"},"canonical":"https:\/\/premiumseeds.eu\/es\/produkt\/avena-de-pascua\/","og_locale":"es_ES","og_type":"article","og_title":"Avena de Pascua - Producent nasion - PremiumSeeds","og_description":"Avena de Pascua nasiona - bezpo\u015brednio od producenta marki PremiumSeeds. Sprzeda\u017c hurtowa i dystrybucja nasion Avena de Pascua","og_url":"https:\/\/premiumseeds.eu\/es\/produkt\/avena-de-pascua\/","og_site_name":"PremiumSeeds","article_modified_time":"2023-07-21T09:20:20+00:00","og_image":[{"width":945,"height":1772,"url":"https:\/\/premiumseeds.eu\/wp-content\/uploads\/2023\/07\/WORLD-N-170-2078_VS-4.jpg?v=1689931156","type":"image\/jpeg"}],"twitter_card":"summary_large_image","schema":{"@context":"https:\/\/schema.org","@graph":[{"@type":"WebPage","@id":"https:\/\/premiumseeds.eu\/es\/produkt\/avena-de-pascua\/","url":"https:\/\/premiumseeds.eu\/es\/produkt\/avena-de-pascua\/","name":"Avena de Pascua - Producent nasion - PremiumSeeds","isPartOf":{"@id":"https:\/\/premiumseeds.eu\/es\/#website"},"datePublished":"2023-07-21T09:20:19+00:00","dateModified":"2023-07-21T09:20:20+00:00","description":"Avena de Pascua nasiona - bezpo\u015brednio od producenta marki PremiumSeeds. Sprzeda\u017c hurtowa i dystrybucja nasion Avena de Pascua","breadcrumb":{"@id":"https:\/\/premiumseeds.eu\/es\/produkt\/avena-de-pascua\/#breadcrumb"},"inLanguage":"es","potentialAction":[{"@type":"ReadAction","target":["https:\/\/premiumseeds.eu\/es\/produkt\/avena-de-pascua\/"]}]},{"@type":"BreadcrumbList","@id":"https:\/\/premiumseeds.eu\/es\/produkt\/avena-de-pascua\/#breadcrumb","itemListElement":[{"@type":"ListItem","position":1,"name":"Home","item":"https:\/\/premiumseeds.eu\/es\/"},{"@type":"ListItem","position":2,"name":"Semillas","item":"https:\/\/premiumseeds.eu\/es\/semillas\/"},{"@type":"ListItem","position":3,"name":"Avena de Pascua"}]},{"@type":"WebSite","@id":"https:\/\/premiumseeds.eu\/es\/#website","url":"https:\/\/premiumseeds.eu\/es\/","name":"PremiumSeeds","description":"Top seeds producer","potentialAction":[{"@type":"SearchAction","target":{"@type":"EntryPoint","urlTemplate":"https:\/\/premiumseeds.eu\/es\/?s={search_term_string}"},"query-input":"required name=search_term_string"}],"inLanguage":"es"}]}},"_links":{"self":[{"href":"https:\/\/premiumseeds.eu\/es\/wp-json\/wp\/v2\/product\/63066","targetHints":{"allow":["GET"]}}],"collection":[{"href":"https:\/\/premiumseeds.eu\/es\/wp-json\/wp\/v2\/product"}],"about":[{"href":"https:\/\/premiumseeds.eu\/es\/wp-json\/wp\/v2\/types\/product"}],"wp:featuredmedia":[{"embeddable":true,"href":"https:\/\/premiumseeds.eu\/es\/wp-json\/wp\/v2\/media\/63073"}],"wp:attachment":[{"href":"https:\/\/premiumseeds.eu\/es\/wp-json\/wp\/v2\/media?parent=63066"}],"wp:term":[{"taxonomy":"product_cat","embeddable":true,"href":"https:\/\/premiumseeds.eu\/es\/wp-json\/wp\/v2\/product_cat?post=63066"},{"taxonomy":"product_tag","embeddable":true,"href":"https:\/\/premiumseeds.eu\/es\/wp-json\/wp\/v2\/product_tag?post=63066"}],"curies":[{"name":"wp","href":"https:\/\/api.w.org\/{rel}","templated":true}]}}