{"id":63171,"date":"2023-07-21T12:10:28","date_gmt":"2023-07-21T10:10:28","guid":{"rendered":"https:\/\/premiumseeds.eu\/?post_type=product&#038;p=63171"},"modified":"2023-07-21T12:10:29","modified_gmt":"2023-07-21T10:10:29","slug":"zanahoria-berlikummer-2","status":"publish","type":"product","link":"https:\/\/premiumseeds.eu\/es\/produkt\/zanahoria-berlikummer-2\/","title":{"rendered":"Zanahoria Berlikummer 2"},"content":{"rendered":"","protected":false},"excerpt":{"rendered":"<p>Variedad tard\u00eda y productiva. Desarrolla ra\u00edces cil\u00edndricas, medianamente grandes, de 16 a 19 cm de longitud y de color naranja oscuro. Deliciosas y jugosas, perfectas para ensaladas y para exprimir zumos. Se puede conservar.<br \/>\n<\/b><br \/>\n<strong>Zanahoria Berlikummer 2 &#8211; semillas<\/strong><br \/>\n<\/b><br \/>\n<strong>Profundidad de siembra:<\/strong> 1 &#8211; 2 cm<br \/>\n<strong>\u00c9poca de siembra en el exterior:<\/strong> marzo &#8211; mayo<br \/>\n<strong>Espaciado: <\/strong> 30-40 x 5 cm<br \/>\n<strong>Cosecha:<\/strong> agosto &#8211; octubre<br \/>\n<\/b><br \/>\nUn paquete contiene 5 g de semillas.<\/p>\n","protected":false},"featured_media":63178,"template":"","meta":{"_monsterinsights_skip_tracking":false,"_monsterinsights_sitenote_active":false,"_monsterinsights_sitenote_note":"","_monsterinsights_sitenote_category":0},"product_cat":[1076,1089],"product_tag":[4527],"class_list":["post-63171","product","type-product","status-publish","has-post-thumbnail","hentry","product_cat-semillas-de-hortalizas","product_cat-semillas-de-zanahoria","product_tag-zanahoria-berlikummer-2-semillas"],"yoast_head":"<!-- This site is optimized with the Yoast SEO plugin v21.6 - https:\/\/yoast.com\/wordpress\/plugins\/seo\/ -->\n<title>Zanahoria Berlikummer 2 - Producent nasion - PremiumSeeds<\/title>\n<meta name=\"description\" content=\"Zanahoria Berlikummer 2 nasiona - bezpo\u015brednio od producenta marki PremiumSeeds. Sprzeda\u017c hurtowa i dystrybucja nasion Zanahoria Berlikummer 2\" \/>\n<meta name=\"robots\" content=\"index, follow, max-snippet:-1, max-image-preview:large, max-video-preview:-1\" \/>\n<link rel=\"canonical\" href=\"https:\/\/premiumseeds.eu\/es\/produkt\/zanahoria-berlikummer-2\/\" \/>\n<meta property=\"og:locale\" content=\"es_ES\" \/>\n<meta property=\"og:type\" content=\"article\" \/>\n<meta property=\"og:title\" content=\"Zanahoria Berlikummer 2 - Producent nasion - PremiumSeeds\" \/>\n<meta property=\"og:description\" content=\"Zanahoria Berlikummer 2 nasiona - bezpo\u015brednio od producenta marki PremiumSeeds. Sprzeda\u017c hurtowa i dystrybucja nasion Zanahoria Berlikummer 2\" \/>\n<meta property=\"og:url\" content=\"https:\/\/premiumseeds.eu\/es\/produkt\/zanahoria-berlikummer-2\/\" \/>\n<meta property=\"og:site_name\" content=\"PremiumSeeds\" \/>\n<meta property=\"article:modified_time\" content=\"2023-07-21T10:10:29+00:00\" \/>\n<meta property=\"og:image\" content=\"https:\/\/premiumseeds.eu\/wp-content\/uploads\/2023\/07\/WORLD-N-G-470-0685_VS-3.jpg?v=1689934108\" \/>\n\t<meta property=\"og:image:width\" content=\"945\" \/>\n\t<meta property=\"og:image:height\" content=\"1772\" \/>\n\t<meta property=\"og:image:type\" content=\"image\/jpeg\" \/>\n<meta name=\"twitter:card\" content=\"summary_large_image\" \/>\n<script type=\"application\/ld+json\" class=\"yoast-schema-graph\">{\"@context\":\"https:\/\/schema.org\",\"@graph\":[{\"@type\":\"WebPage\",\"@id\":\"https:\/\/premiumseeds.eu\/es\/produkt\/zanahoria-berlikummer-2\/\",\"url\":\"https:\/\/premiumseeds.eu\/es\/produkt\/zanahoria-berlikummer-2\/\",\"name\":\"Zanahoria Berlikummer 2 - Producent nasion - PremiumSeeds\",\"isPartOf\":{\"@id\":\"https:\/\/premiumseeds.eu\/es\/#website\"},\"datePublished\":\"2023-07-21T10:10:28+00:00\",\"dateModified\":\"2023-07-21T10:10:29+00:00\",\"description\":\"Zanahoria Berlikummer 2 nasiona - bezpo\u015brednio od producenta marki PremiumSeeds. Sprzeda\u017c hurtowa i dystrybucja nasion Zanahoria Berlikummer 2\",\"breadcrumb\":{\"@id\":\"https:\/\/premiumseeds.eu\/es\/produkt\/zanahoria-berlikummer-2\/#breadcrumb\"},\"inLanguage\":\"es\",\"potentialAction\":[{\"@type\":\"ReadAction\",\"target\":[\"https:\/\/premiumseeds.eu\/es\/produkt\/zanahoria-berlikummer-2\/\"]}]},{\"@type\":\"BreadcrumbList\",\"@id\":\"https:\/\/premiumseeds.eu\/es\/produkt\/zanahoria-berlikummer-2\/#breadcrumb\",\"itemListElement\":[{\"@type\":\"ListItem\",\"position\":1,\"name\":\"Home\",\"item\":\"https:\/\/premiumseeds.eu\/es\/\"},{\"@type\":\"ListItem\",\"position\":2,\"name\":\"Semillas\",\"item\":\"https:\/\/premiumseeds.eu\/es\/semillas\/\"},{\"@type\":\"ListItem\",\"position\":3,\"name\":\"Zanahoria Berlikummer 2\"}]},{\"@type\":\"WebSite\",\"@id\":\"https:\/\/premiumseeds.eu\/es\/#website\",\"url\":\"https:\/\/premiumseeds.eu\/es\/\",\"name\":\"PremiumSeeds\",\"description\":\"Top seeds producer\",\"potentialAction\":[{\"@type\":\"SearchAction\",\"target\":{\"@type\":\"EntryPoint\",\"urlTemplate\":\"https:\/\/premiumseeds.eu\/es\/?s={search_term_string}\"},\"query-input\":\"required name=search_term_string\"}],\"inLanguage\":\"es\"}]}<\/script>\n<!-- \/ Yoast SEO plugin. -->","yoast_head_json":{"title":"Zanahoria Berlikummer 2 - Producent nasion - PremiumSeeds","description":"Zanahoria Berlikummer 2 nasiona - bezpo\u015brednio od producenta marki PremiumSeeds. Sprzeda\u017c hurtowa i dystrybucja nasion Zanahoria Berlikummer 2","robots":{"index":"index","follow":"follow","max-snippet":"max-snippet:-1","max-image-preview":"max-image-preview:large","max-video-preview":"max-video-preview:-1"},"canonical":"https:\/\/premiumseeds.eu\/es\/produkt\/zanahoria-berlikummer-2\/","og_locale":"es_ES","og_type":"article","og_title":"Zanahoria Berlikummer 2 - Producent nasion - PremiumSeeds","og_description":"Zanahoria Berlikummer 2 nasiona - bezpo\u015brednio od producenta marki PremiumSeeds. Sprzeda\u017c hurtowa i dystrybucja nasion Zanahoria Berlikummer 2","og_url":"https:\/\/premiumseeds.eu\/es\/produkt\/zanahoria-berlikummer-2\/","og_site_name":"PremiumSeeds","article_modified_time":"2023-07-21T10:10:29+00:00","og_image":[{"width":945,"height":1772,"url":"https:\/\/premiumseeds.eu\/wp-content\/uploads\/2023\/07\/WORLD-N-G-470-0685_VS-3.jpg?v=1689934108","type":"image\/jpeg"}],"twitter_card":"summary_large_image","schema":{"@context":"https:\/\/schema.org","@graph":[{"@type":"WebPage","@id":"https:\/\/premiumseeds.eu\/es\/produkt\/zanahoria-berlikummer-2\/","url":"https:\/\/premiumseeds.eu\/es\/produkt\/zanahoria-berlikummer-2\/","name":"Zanahoria Berlikummer 2 - Producent nasion - PremiumSeeds","isPartOf":{"@id":"https:\/\/premiumseeds.eu\/es\/#website"},"datePublished":"2023-07-21T10:10:28+00:00","dateModified":"2023-07-21T10:10:29+00:00","description":"Zanahoria Berlikummer 2 nasiona - bezpo\u015brednio od producenta marki PremiumSeeds. Sprzeda\u017c hurtowa i dystrybucja nasion Zanahoria Berlikummer 2","breadcrumb":{"@id":"https:\/\/premiumseeds.eu\/es\/produkt\/zanahoria-berlikummer-2\/#breadcrumb"},"inLanguage":"es","potentialAction":[{"@type":"ReadAction","target":["https:\/\/premiumseeds.eu\/es\/produkt\/zanahoria-berlikummer-2\/"]}]},{"@type":"BreadcrumbList","@id":"https:\/\/premiumseeds.eu\/es\/produkt\/zanahoria-berlikummer-2\/#breadcrumb","itemListElement":[{"@type":"ListItem","position":1,"name":"Home","item":"https:\/\/premiumseeds.eu\/es\/"},{"@type":"ListItem","position":2,"name":"Semillas","item":"https:\/\/premiumseeds.eu\/es\/semillas\/"},{"@type":"ListItem","position":3,"name":"Zanahoria Berlikummer 2"}]},{"@type":"WebSite","@id":"https:\/\/premiumseeds.eu\/es\/#website","url":"https:\/\/premiumseeds.eu\/es\/","name":"PremiumSeeds","description":"Top seeds producer","potentialAction":[{"@type":"SearchAction","target":{"@type":"EntryPoint","urlTemplate":"https:\/\/premiumseeds.eu\/es\/?s={search_term_string}"},"query-input":"required name=search_term_string"}],"inLanguage":"es"}]}},"_links":{"self":[{"href":"https:\/\/premiumseeds.eu\/es\/wp-json\/wp\/v2\/product\/63171","targetHints":{"allow":["GET"]}}],"collection":[{"href":"https:\/\/premiumseeds.eu\/es\/wp-json\/wp\/v2\/product"}],"about":[{"href":"https:\/\/premiumseeds.eu\/es\/wp-json\/wp\/v2\/types\/product"}],"wp:featuredmedia":[{"embeddable":true,"href":"https:\/\/premiumseeds.eu\/es\/wp-json\/wp\/v2\/media\/63178"}],"wp:attachment":[{"href":"https:\/\/premiumseeds.eu\/es\/wp-json\/wp\/v2\/media?parent=63171"}],"wp:term":[{"taxonomy":"product_cat","embeddable":true,"href":"https:\/\/premiumseeds.eu\/es\/wp-json\/wp\/v2\/product_cat?post=63171"},{"taxonomy":"product_tag","embeddable":true,"href":"https:\/\/premiumseeds.eu\/es\/wp-json\/wp\/v2\/product_tag?post=63171"}],"curies":[{"name":"wp","href":"https:\/\/api.w.org\/{rel}","templated":true}]}}