{"id":65545,"date":"2023-07-27T15:11:24","date_gmt":"2023-07-27T13:11:24","guid":{"rendered":"https:\/\/premiumseeds.eu\/?post_type=product&#038;p=65545"},"modified":"2023-07-27T15:14:19","modified_gmt":"2023-07-27T13:14:19","slug":"calendula-indian-prince","status":"publish","type":"product","link":"https:\/\/premiumseeds.eu\/es\/produkt\/calendula-indian-prince\/","title":{"rendered":"Cal\u00e9ndula Indian Prince"},"content":{"rendered":"","protected":false},"excerpt":{"rendered":"<p>Planta anual de 60 a 70 cm de altura. Produce grandes flores dobles de color naranja intenso con un centro m\u00e1s oscuro. Esta planta decorativa, medicinal y mel\u00edfera es ideal para un parterre o un jarr\u00f3n, como flor cortada.<br \/>\n<\/b><br \/>\n<strong>Cal\u00e9ndula Indian Prince &#8211; semillas <\/strong><br \/>\n<\/b><br \/>\n<strong>Profundidad de siembra:<\/strong> 1 cm<br \/>\n<strong>\u00c9poca de siembra en el exterior:<\/strong> abril &#8211; mayo<br \/>\n<strong>Espaciado: <\/strong> 40 x 20 cm<br \/>\n<strong>\u00c9poca de floraci\u00f3n:<\/strong> junio &#8211; octubre<br \/>\n<\/b><br \/>\nUn paquete contiene 2 g de semillas.<\/p>\n","protected":false},"featured_media":65546,"template":"","meta":{"_monsterinsights_skip_tracking":false,"_monsterinsights_sitenote_active":false,"_monsterinsights_sitenote_note":"","_monsterinsights_sitenote_category":0},"product_cat":[2359,1178,1247,1052,1068,1055],"product_tag":[4701],"class_list":["post-65545","product","type-product","status-publish","has-post-thumbnail","hentry","product_cat-semillas-de-cesped-florido","product_cat-semillas-de-flores-para-jardin","product_cat-semillas-de-plantas-meliferas","product_cat-semillas-de-hierbas-aromaticas","product_cat-semillas-de-otras-hierbas","product_cat-semillas-de-calendula","product_tag-calendula-indian-prince-semillas"],"yoast_head":"<!-- This site is optimized with the Yoast SEO plugin v21.6 - https:\/\/yoast.com\/wordpress\/plugins\/seo\/ -->\n<title>Cal\u00e9ndula Indian Prince - productor de semillas - PremiumSeeds<\/title>\n<meta name=\"description\" content=\"Cal\u00e9ndula Indian Prince semillas - directamente del productor de la marca Premium Seeds. Venta al por mayor y distribuci\u00f3n de semillas Cal\u00e9ndula Indian Prince\" \/>\n<meta name=\"robots\" content=\"index, follow, max-snippet:-1, max-image-preview:large, max-video-preview:-1\" \/>\n<link rel=\"canonical\" href=\"https:\/\/premiumseeds.eu\/es\/produkt\/calendula-indian-prince\/\" \/>\n<meta property=\"og:locale\" content=\"es_ES\" \/>\n<meta property=\"og:type\" content=\"article\" \/>\n<meta property=\"og:title\" content=\"Cal\u00e9ndula Indian Prince - productor de semillas - PremiumSeeds\" \/>\n<meta property=\"og:description\" content=\"Cal\u00e9ndula Indian Prince semillas - directamente del productor de la marca Premium Seeds. Venta al por mayor y distribuci\u00f3n de semillas Cal\u00e9ndula Indian Prince\" \/>\n<meta property=\"og:url\" content=\"https:\/\/premiumseeds.eu\/es\/produkt\/calendula-indian-prince\/\" \/>\n<meta property=\"og:site_name\" content=\"PremiumSeeds\" \/>\n<meta property=\"article:modified_time\" content=\"2023-07-27T13:14:19+00:00\" \/>\n<meta property=\"og:image\" content=\"https:\/\/premiumseeds.eu\/wp-content\/uploads\/2023\/07\/WORLD-N-G-450-1872_VS-1.jpg?v=1690463628\" \/>\n\t<meta property=\"og:image:width\" content=\"945\" \/>\n\t<meta property=\"og:image:height\" content=\"1772\" \/>\n\t<meta property=\"og:image:type\" content=\"image\/jpeg\" \/>\n<meta name=\"twitter:card\" content=\"summary_large_image\" \/>\n<script type=\"application\/ld+json\" class=\"yoast-schema-graph\">{\"@context\":\"https:\/\/schema.org\",\"@graph\":[{\"@type\":\"WebPage\",\"@id\":\"https:\/\/premiumseeds.eu\/es\/produkt\/calendula-indian-prince\/\",\"url\":\"https:\/\/premiumseeds.eu\/es\/produkt\/calendula-indian-prince\/\",\"name\":\"Cal\u00e9ndula Indian Prince - productor de semillas - PremiumSeeds\",\"isPartOf\":{\"@id\":\"https:\/\/premiumseeds.eu\/es\/#website\"},\"datePublished\":\"2023-07-27T13:11:24+00:00\",\"dateModified\":\"2023-07-27T13:14:19+00:00\",\"description\":\"Cal\u00e9ndula Indian Prince semillas - directamente del productor de la marca Premium Seeds. Venta al por mayor y distribuci\u00f3n de semillas Cal\u00e9ndula Indian Prince\",\"breadcrumb\":{\"@id\":\"https:\/\/premiumseeds.eu\/es\/produkt\/calendula-indian-prince\/#breadcrumb\"},\"inLanguage\":\"es\",\"potentialAction\":[{\"@type\":\"ReadAction\",\"target\":[\"https:\/\/premiumseeds.eu\/es\/produkt\/calendula-indian-prince\/\"]}]},{\"@type\":\"BreadcrumbList\",\"@id\":\"https:\/\/premiumseeds.eu\/es\/produkt\/calendula-indian-prince\/#breadcrumb\",\"itemListElement\":[{\"@type\":\"ListItem\",\"position\":1,\"name\":\"Home\",\"item\":\"https:\/\/premiumseeds.eu\/es\/\"},{\"@type\":\"ListItem\",\"position\":2,\"name\":\"Semillas\",\"item\":\"https:\/\/premiumseeds.eu\/es\/semillas\/\"},{\"@type\":\"ListItem\",\"position\":3,\"name\":\"Cal\u00e9ndula Indian Prince\"}]},{\"@type\":\"WebSite\",\"@id\":\"https:\/\/premiumseeds.eu\/es\/#website\",\"url\":\"https:\/\/premiumseeds.eu\/es\/\",\"name\":\"PremiumSeeds\",\"description\":\"Top seeds producer\",\"potentialAction\":[{\"@type\":\"SearchAction\",\"target\":{\"@type\":\"EntryPoint\",\"urlTemplate\":\"https:\/\/premiumseeds.eu\/es\/?s={search_term_string}\"},\"query-input\":\"required name=search_term_string\"}],\"inLanguage\":\"es\"}]}<\/script>\n<!-- \/ Yoast SEO plugin. -->","yoast_head_json":{"title":"Cal\u00e9ndula Indian Prince - productor de semillas - PremiumSeeds","description":"Cal\u00e9ndula Indian Prince semillas - directamente del productor de la marca Premium Seeds. Venta al por mayor y distribuci\u00f3n de semillas Cal\u00e9ndula Indian Prince","robots":{"index":"index","follow":"follow","max-snippet":"max-snippet:-1","max-image-preview":"max-image-preview:large","max-video-preview":"max-video-preview:-1"},"canonical":"https:\/\/premiumseeds.eu\/es\/produkt\/calendula-indian-prince\/","og_locale":"es_ES","og_type":"article","og_title":"Cal\u00e9ndula Indian Prince - productor de semillas - PremiumSeeds","og_description":"Cal\u00e9ndula Indian Prince semillas - directamente del productor de la marca Premium Seeds. Venta al por mayor y distribuci\u00f3n de semillas Cal\u00e9ndula Indian Prince","og_url":"https:\/\/premiumseeds.eu\/es\/produkt\/calendula-indian-prince\/","og_site_name":"PremiumSeeds","article_modified_time":"2023-07-27T13:14:19+00:00","og_image":[{"width":945,"height":1772,"url":"https:\/\/premiumseeds.eu\/wp-content\/uploads\/2023\/07\/WORLD-N-G-450-1872_VS-1.jpg?v=1690463628","type":"image\/jpeg"}],"twitter_card":"summary_large_image","schema":{"@context":"https:\/\/schema.org","@graph":[{"@type":"WebPage","@id":"https:\/\/premiumseeds.eu\/es\/produkt\/calendula-indian-prince\/","url":"https:\/\/premiumseeds.eu\/es\/produkt\/calendula-indian-prince\/","name":"Cal\u00e9ndula Indian Prince - productor de semillas - PremiumSeeds","isPartOf":{"@id":"https:\/\/premiumseeds.eu\/es\/#website"},"datePublished":"2023-07-27T13:11:24+00:00","dateModified":"2023-07-27T13:14:19+00:00","description":"Cal\u00e9ndula Indian Prince semillas - directamente del productor de la marca Premium Seeds. Venta al por mayor y distribuci\u00f3n de semillas Cal\u00e9ndula Indian Prince","breadcrumb":{"@id":"https:\/\/premiumseeds.eu\/es\/produkt\/calendula-indian-prince\/#breadcrumb"},"inLanguage":"es","potentialAction":[{"@type":"ReadAction","target":["https:\/\/premiumseeds.eu\/es\/produkt\/calendula-indian-prince\/"]}]},{"@type":"BreadcrumbList","@id":"https:\/\/premiumseeds.eu\/es\/produkt\/calendula-indian-prince\/#breadcrumb","itemListElement":[{"@type":"ListItem","position":1,"name":"Home","item":"https:\/\/premiumseeds.eu\/es\/"},{"@type":"ListItem","position":2,"name":"Semillas","item":"https:\/\/premiumseeds.eu\/es\/semillas\/"},{"@type":"ListItem","position":3,"name":"Cal\u00e9ndula Indian Prince"}]},{"@type":"WebSite","@id":"https:\/\/premiumseeds.eu\/es\/#website","url":"https:\/\/premiumseeds.eu\/es\/","name":"PremiumSeeds","description":"Top seeds producer","potentialAction":[{"@type":"SearchAction","target":{"@type":"EntryPoint","urlTemplate":"https:\/\/premiumseeds.eu\/es\/?s={search_term_string}"},"query-input":"required name=search_term_string"}],"inLanguage":"es"}]}},"_links":{"self":[{"href":"https:\/\/premiumseeds.eu\/es\/wp-json\/wp\/v2\/product\/65545","targetHints":{"allow":["GET"]}}],"collection":[{"href":"https:\/\/premiumseeds.eu\/es\/wp-json\/wp\/v2\/product"}],"about":[{"href":"https:\/\/premiumseeds.eu\/es\/wp-json\/wp\/v2\/types\/product"}],"wp:featuredmedia":[{"embeddable":true,"href":"https:\/\/premiumseeds.eu\/es\/wp-json\/wp\/v2\/media\/65546"}],"wp:attachment":[{"href":"https:\/\/premiumseeds.eu\/es\/wp-json\/wp\/v2\/media?parent=65545"}],"wp:term":[{"taxonomy":"product_cat","embeddable":true,"href":"https:\/\/premiumseeds.eu\/es\/wp-json\/wp\/v2\/product_cat?post=65545"},{"taxonomy":"product_tag","embeddable":true,"href":"https:\/\/premiumseeds.eu\/es\/wp-json\/wp\/v2\/product_tag?post=65545"}],"curies":[{"name":"wp","href":"https:\/\/api.w.org\/{rel}","templated":true}]}}