{"id":33783,"date":"2022-03-30T11:30:07","date_gmt":"2022-03-30T09:30:07","guid":{"rendered":"https:\/\/premiumseeds.eu\/a-propos-de-nous\/"},"modified":"2022-08-23T11:26:51","modified_gmt":"2022-08-23T09:26:51","slug":"a-propos-de-nous","status":"publish","type":"page","link":"https:\/\/premiumseeds.eu\/fr\/a-propos-de-nous\/","title":{"rendered":"A propos de nous"},"content":{"rendered":"<p>[vc_row][vc_column][vc_column_text]<\/p>\r\n<p>Notre marque PremiumSeeds a \u00e9t\u00e9 cr\u00e9\u00e9e pour les jardiniers amateurs, mais avant tout pour les acheteurs professionnels du secteur agricole. <strong>Nous produisons des graines de l\u00e9gumes, de fleurs, d&rsquo;herbes et de germination.<\/strong> Tous les efforts de notre \u00e9quipe sont ax\u00e9s sur la livraison de semences de qualit\u00e9 sup\u00e9rieure qui r\u00e9pondront aux besoins des clients les plus exigeants. Nous proposons \u00e0 la fois des vari\u00e9t\u00e9s traditionnelles, fiables et anciennes et des nouveaut\u00e9s.<br \/><!-- \/wp:post-content --><br \/>Nous sommes un producteur de semences qui accorde la priorit\u00e9 \u00e0 la responsabilit\u00e9. Notre branche de vente en gros fournit des semences de l\u00e9gumes et de fleurs dans toute l&rsquo;Europe\u202f: l&rsquo;Allemagne, la France, l&rsquo;Italie, la Hollande, la Belgique, la Su\u00e8de, le Danemark, la Finlande, la Pologne, l&rsquo;Irlande, l&rsquo;Espagne, la Hongrie, la Tch\u00e9quie, l&rsquo;Autriche, la Slovaquie, la Roumanie, le Portugal, le Royaume-Uni, la Norv\u00e8ge, la Suisse, la Lituanie, la Lettonie, l&rsquo;Estonie, la Turquie, la Gr\u00e8ce et la Slov\u00e9nie sont nos march\u00e9s prioritaires.<br \/><!-- \/wp:paragraph --><br \/><strong>Le producteur de semences PremiumSeeds<\/strong> coop\u00e8re avec de nombreux centres de recherche renomm\u00e9s, ce qui nous permet de nous concentrer sur la plus grande satisfaction de nos clients. Les nombreuses r\u00e9compenses et les \u00e9loges de nos clients dans toute l&rsquo;Europe en sont la meilleure preuve. L&rsquo;amour des plantes, la confiance mutuelle et l&rsquo;attention port\u00e9e aux besoins des clients sont les principales raisons de notre succ\u00e8s.<br \/><!-- \/wp:paragraph --><br \/>PremiumSeeds, en tant que fabricant de semences conditionn\u00e9es, travaille en harmonie avec la nature, en \u00e9tant toujours aussi respectueux de l&rsquo;environnement que possible.<br \/><!-- \/wp:paragraph --><br \/>Chaque lot de nos produits est soumis \u00e0 une proc\u00e9dure de test en plusieurs \u00e9tapes. Nous semons r\u00e9guli\u00e8rement nos graines dans des champs d&rsquo;essai, en v\u00e9rifiant leur capacit\u00e9 de germination, leur puret\u00e9 et leur humidit\u00e9. Nous sommes pleinement conscients que des graines saines et \u00e0 la germination efficace sont la cl\u00e9 du succ\u00e8s sur le march\u00e9 du jardinage. Pas un seul paquet de graines ne quitte notre entrep\u00f4t de gros sans r\u00e9pondre \u00e0 des normes de qualit\u00e9 strictes.<br \/><!-- \/wp:paragraph --><br \/>Nous effectuons des tests conform\u00e9ment aux directives de l&rsquo;Association internationale d&rsquo;essais de semences. En outre, nos semences sont r\u00e9guli\u00e8rement test\u00e9es et inspect\u00e9es par l&rsquo;Inspection principale de la sant\u00e9 des plantes et des semences. Nous sommes d\u00e9finitivement parmi les meilleurs fabricants de semences de l\u00e9gumes en Europe. Nous serions heureux de discuter avec toutes les entreprises des secteurs du jardinage et de l&rsquo;agriculture qui souhaitent proposer des semences en gros des plantes les plus remarquables \u00e0 des prix comp\u00e9titifs.<\/p>\r\n<p>Licence de commerce de semences no. 14\/65\/20859 accord\u00e9e par le chef de l&rsquo;inspection phytosanitaire et des semences.<\/p>\r\n<!-- \/wp:paragraph -->\r\n<p>&nbsp;<\/p>\r\n<!-- wp:heading {\"translatedWithWPMLTM\":\"1\"} -->\r\n<h2>Contact:<\/h2>\r\n<p><!-- \/wp:heading --><br \/>Num\u00e9ro de telephone: <strong>+48 22 299 38 48<\/strong><br \/><!-- \/wp:paragraph --><br \/><!-- wp:paragraph {\"translatedWithWPMLTM\":\"1\"} --><strong>World Of Flowers Sp. z o.o.\u00a0<\/strong><br \/>ul. Sulejkowska 56\/58\/215,<br \/>04-157 Warszawa<br \/>Pologne<\/p>\r\n<p>[\/vc_column_text][\/vc_column][\/vc_row]<\/p>","protected":false},"excerpt":{"rendered":"<p>[vc_row][vc_column][vc_column_text] Notre marque PremiumSeeds a \u00e9t\u00e9 cr\u00e9\u00e9e pour les jardiniers amateurs, mais avant tout pour les acheteurs professionnels du secteur agricole. Nous produisons des graines de l\u00e9gumes, de fleurs, d&rsquo;herbes et de germination. Tous les efforts de notre \u00e9quipe sont ax\u00e9s sur la livraison de semences de qualit\u00e9 sup\u00e9rieure qui r\u00e9pondront aux besoins des clients [&hellip;]<\/p>\n","protected":false},"author":1,"featured_media":0,"parent":0,"menu_order":0,"comment_status":"closed","ping_status":"closed","template":"","meta":{"_monsterinsights_skip_tracking":false,"_monsterinsights_sitenote_active":false,"_monsterinsights_sitenote_note":"","_monsterinsights_sitenote_category":0,"footnotes":""},"class_list":["post-33783","page","type-page","status-publish","hentry"],"yoast_head":"<!-- This site is optimized with the Yoast SEO plugin v21.6 - https:\/\/yoast.com\/wordpress\/plugins\/seo\/ -->\n<title>A propos de nous - PremiumSeeds - producteur de semences<\/title>\n<meta name=\"description\" content=\"PremiumSeeds - le producteur, grossiste et distributeur exclusif des produits PremiumSeeds en Europe. Nous ne proposons que des graines de vari\u00e9t\u00e9s premium et garantissons un taux de germination de 100 % et une qualit\u00e9 \u00e9lev\u00e9e. Commandez des graines directement aupr\u00e8s du fabricant.\" \/>\n<meta name=\"robots\" content=\"index, follow, max-snippet:-1, max-image-preview:large, max-video-preview:-1\" \/>\n<link rel=\"canonical\" href=\"https:\/\/premiumseeds.eu\/fr\/a-propos-de-nous\/\" \/>\n<meta property=\"og:locale\" content=\"fr_FR\" \/>\n<meta property=\"og:type\" content=\"article\" \/>\n<meta property=\"og:title\" content=\"A propos de nous - PremiumSeeds - producteur de semences\" \/>\n<meta property=\"og:description\" content=\"PremiumSeeds - le producteur, grossiste et distributeur exclusif des produits PremiumSeeds en Europe. Nous ne proposons que des graines de vari\u00e9t\u00e9s premium et garantissons un taux de germination de 100 % et une qualit\u00e9 \u00e9lev\u00e9e. Commandez des graines directement aupr\u00e8s du fabricant.\" \/>\n<meta property=\"og:url\" content=\"https:\/\/premiumseeds.eu\/fr\/a-propos-de-nous\/\" \/>\n<meta property=\"og:site_name\" content=\"PremiumSeeds\" \/>\n<meta property=\"article:modified_time\" content=\"2022-08-23T09:26:51+00:00\" \/>\n<meta name=\"twitter:card\" content=\"summary_large_image\" \/>\n<meta name=\"twitter:label1\" content=\"Dur\u00e9e de lecture estim\u00e9e\" \/>\n\t<meta name=\"twitter:data1\" content=\"2 minutes\" \/>\n<script type=\"application\/ld+json\" class=\"yoast-schema-graph\">{\"@context\":\"https:\/\/schema.org\",\"@graph\":[{\"@type\":\"WebPage\",\"@id\":\"https:\/\/premiumseeds.eu\/fr\/a-propos-de-nous\/\",\"url\":\"https:\/\/premiumseeds.eu\/fr\/a-propos-de-nous\/\",\"name\":\"A propos de nous - PremiumSeeds - producteur de semences\",\"isPartOf\":{\"@id\":\"https:\/\/premiumseeds.eu\/fr\/#website\"},\"datePublished\":\"2022-03-30T09:30:07+00:00\",\"dateModified\":\"2022-08-23T09:26:51+00:00\",\"description\":\"PremiumSeeds - le producteur, grossiste et distributeur exclusif des produits PremiumSeeds en Europe. Nous ne proposons que des graines de vari\u00e9t\u00e9s premium et garantissons un taux de germination de 100 % et une qualit\u00e9 \u00e9lev\u00e9e. Commandez des graines directement aupr\u00e8s du fabricant.\",\"breadcrumb\":{\"@id\":\"https:\/\/premiumseeds.eu\/fr\/a-propos-de-nous\/#breadcrumb\"},\"inLanguage\":\"fr-FR\",\"potentialAction\":[{\"@type\":\"ReadAction\",\"target\":[\"https:\/\/premiumseeds.eu\/fr\/a-propos-de-nous\/\"]}]},{\"@type\":\"BreadcrumbList\",\"@id\":\"https:\/\/premiumseeds.eu\/fr\/a-propos-de-nous\/#breadcrumb\",\"itemListElement\":[{\"@type\":\"ListItem\",\"position\":1,\"name\":\"Home\",\"item\":\"https:\/\/premiumseeds.eu\/fr\/\"},{\"@type\":\"ListItem\",\"position\":2,\"name\":\"A propos de nous\"}]},{\"@type\":\"WebSite\",\"@id\":\"https:\/\/premiumseeds.eu\/fr\/#website\",\"url\":\"https:\/\/premiumseeds.eu\/fr\/\",\"name\":\"PremiumSeeds\",\"description\":\"Top seeds producer\",\"potentialAction\":[{\"@type\":\"SearchAction\",\"target\":{\"@type\":\"EntryPoint\",\"urlTemplate\":\"https:\/\/premiumseeds.eu\/fr\/?s={search_term_string}\"},\"query-input\":\"required name=search_term_string\"}],\"inLanguage\":\"fr-FR\"}]}<\/script>\n<!-- \/ Yoast SEO plugin. -->","yoast_head_json":{"title":"A propos de nous - PremiumSeeds - producteur de semences","description":"PremiumSeeds - le producteur, grossiste et distributeur exclusif des produits PremiumSeeds en Europe. Nous ne proposons que des graines de vari\u00e9t\u00e9s premium et garantissons un taux de germination de 100 % et une qualit\u00e9 \u00e9lev\u00e9e. Commandez des graines directement aupr\u00e8s du fabricant.","robots":{"index":"index","follow":"follow","max-snippet":"max-snippet:-1","max-image-preview":"max-image-preview:large","max-video-preview":"max-video-preview:-1"},"canonical":"https:\/\/premiumseeds.eu\/fr\/a-propos-de-nous\/","og_locale":"fr_FR","og_type":"article","og_title":"A propos de nous - PremiumSeeds - producteur de semences","og_description":"PremiumSeeds - le producteur, grossiste et distributeur exclusif des produits PremiumSeeds en Europe. Nous ne proposons que des graines de vari\u00e9t\u00e9s premium et garantissons un taux de germination de 100 % et une qualit\u00e9 \u00e9lev\u00e9e. Commandez des graines directement aupr\u00e8s du fabricant.","og_url":"https:\/\/premiumseeds.eu\/fr\/a-propos-de-nous\/","og_site_name":"PremiumSeeds","article_modified_time":"2022-08-23T09:26:51+00:00","twitter_card":"summary_large_image","twitter_misc":{"Dur\u00e9e de lecture estim\u00e9e":"2 minutes"},"schema":{"@context":"https:\/\/schema.org","@graph":[{"@type":"WebPage","@id":"https:\/\/premiumseeds.eu\/fr\/a-propos-de-nous\/","url":"https:\/\/premiumseeds.eu\/fr\/a-propos-de-nous\/","name":"A propos de nous - PremiumSeeds - producteur de semences","isPartOf":{"@id":"https:\/\/premiumseeds.eu\/fr\/#website"},"datePublished":"2022-03-30T09:30:07+00:00","dateModified":"2022-08-23T09:26:51+00:00","description":"PremiumSeeds - le producteur, grossiste et distributeur exclusif des produits PremiumSeeds en Europe. Nous ne proposons que des graines de vari\u00e9t\u00e9s premium et garantissons un taux de germination de 100 % et une qualit\u00e9 \u00e9lev\u00e9e. Commandez des graines directement aupr\u00e8s du fabricant.","breadcrumb":{"@id":"https:\/\/premiumseeds.eu\/fr\/a-propos-de-nous\/#breadcrumb"},"inLanguage":"fr-FR","potentialAction":[{"@type":"ReadAction","target":["https:\/\/premiumseeds.eu\/fr\/a-propos-de-nous\/"]}]},{"@type":"BreadcrumbList","@id":"https:\/\/premiumseeds.eu\/fr\/a-propos-de-nous\/#breadcrumb","itemListElement":[{"@type":"ListItem","position":1,"name":"Home","item":"https:\/\/premiumseeds.eu\/fr\/"},{"@type":"ListItem","position":2,"name":"A propos de nous"}]},{"@type":"WebSite","@id":"https:\/\/premiumseeds.eu\/fr\/#website","url":"https:\/\/premiumseeds.eu\/fr\/","name":"PremiumSeeds","description":"Top seeds producer","potentialAction":[{"@type":"SearchAction","target":{"@type":"EntryPoint","urlTemplate":"https:\/\/premiumseeds.eu\/fr\/?s={search_term_string}"},"query-input":"required name=search_term_string"}],"inLanguage":"fr-FR"}]}},"_links":{"self":[{"href":"https:\/\/premiumseeds.eu\/fr\/wp-json\/wp\/v2\/pages\/33783","targetHints":{"allow":["GET"]}}],"collection":[{"href":"https:\/\/premiumseeds.eu\/fr\/wp-json\/wp\/v2\/pages"}],"about":[{"href":"https:\/\/premiumseeds.eu\/fr\/wp-json\/wp\/v2\/types\/page"}],"author":[{"embeddable":true,"href":"https:\/\/premiumseeds.eu\/fr\/wp-json\/wp\/v2\/users\/1"}],"replies":[{"embeddable":true,"href":"https:\/\/premiumseeds.eu\/fr\/wp-json\/wp\/v2\/comments?post=33783"}],"version-history":[{"count":7,"href":"https:\/\/premiumseeds.eu\/fr\/wp-json\/wp\/v2\/pages\/33783\/revisions"}],"predecessor-version":[{"id":35911,"href":"https:\/\/premiumseeds.eu\/fr\/wp-json\/wp\/v2\/pages\/33783\/revisions\/35911"}],"wp:attachment":[{"href":"https:\/\/premiumseeds.eu\/fr\/wp-json\/wp\/v2\/media?parent=33783"}],"curies":[{"name":"wp","href":"https:\/\/api.w.org\/{rel}","templated":true}]}}