{"id":26140,"date":"2022-06-14T15:29:26","date_gmt":"2022-06-14T13:29:26","guid":{"rendered":"https:\/\/premiumseeds.eu\/?post_type=product&#038;p=26140"},"modified":"2023-07-07T14:49:04","modified_gmt":"2023-07-07T12:49:04","slug":"basilic-melange-de-varietes","status":"publish","type":"product","link":"https:\/\/premiumseeds.eu\/fr\/produkt\/basilic-melange-de-varietes\/","title":{"rendered":"Basilic \u2013 M\u00e9lange de vari\u00e9t\u00e9s"},"content":{"rendered":"","protected":false},"excerpt":{"rendered":"<p>Vari\u00e9t\u00e9s v\u00e9g\u00e9tales, au port, \u00e0 la saveur et \u00e0 la couleur de feuilles vari\u00e9s. Les feuilles aromatiques sont utilis\u00e9es comme \u00e9pice dans de nombreux plats. Plantes annuelles de 20 \u00e0 50 cm de hauteur, adapt\u00e9es au jardinage ou au rempotage.<br \/>\n<\/b><br \/>\n<strong>Basilic \u2013 M\u00e9lange de vari\u00e9t\u00e9s  &#8211; semences<\/strong><br \/>\n<\/b><br \/>\n<strong>Profondeur de semis:<\/strong> 0,5 &#8211; 1 cm<br \/>\n<strong>Temps de semis en serre:<\/strong> avril<br \/>\n<strong>Temps de semis en ext\u00e9rieur:<\/strong> mai<br \/>\n<strong>Temps de plantation des semis en ext\u00e9rieur:<\/strong> 15 mai<br \/>\n<strong>Propagation:<\/strong> 30 x 20-25 cm<br \/>\n<strong>P\u00e9riode de r\u00e9colte:<\/strong> juillet &#8211; septembre<br \/>\n<\/b><br \/>\nUn paquet contient 0,5 g de graines.<\/p>\n","protected":false},"featured_media":59830,"template":"","meta":{"_monsterinsights_skip_tracking":false,"_monsterinsights_sitenote_active":false,"_monsterinsights_sitenote_note":"","_monsterinsights_sitenote_category":0},"product_cat":[1459,1462],"product_tag":[2740],"class_list":["post-26140","product","type-product","status-publish","has-post-thumbnail","hentry","product_cat-graines-dherbes-aromatiques","product_cat-graines-de-basilic","product_tag-basilic-melange-de-varietes-semences"],"yoast_head":"<!-- This site is optimized with the Yoast SEO plugin v21.6 - https:\/\/yoast.com\/wordpress\/plugins\/seo\/ -->\n<title>Basilic \u2013 M\u00e9lange de vari\u00e9t\u00e9s - producteur de semences - PremiumSeeds<\/title>\n<meta name=\"description\" content=\"Basilic \u2013 M\u00e9lange de vari\u00e9t\u00e9s graines \u2013 en provenance directe du propri\u00e9taire de la marque PremiumSeeds. Vente en gros et distribution de graines Basilic \u2013 M\u00e9lange de vari\u00e9t\u00e9s. Germination prouv\u00e9e et garantie. Commandez directement aupr\u00e8s du fabricant.\" \/>\n<meta name=\"robots\" content=\"index, follow, max-snippet:-1, max-image-preview:large, max-video-preview:-1\" \/>\n<link rel=\"canonical\" href=\"https:\/\/premiumseeds.eu\/fr\/produkt\/basilic-melange-de-varietes\/\" \/>\n<meta property=\"og:locale\" content=\"fr_FR\" \/>\n<meta property=\"og:type\" content=\"article\" \/>\n<meta property=\"og:title\" content=\"Basilic \u2013 M\u00e9lange de vari\u00e9t\u00e9s - producteur de semences - PremiumSeeds\" \/>\n<meta property=\"og:description\" content=\"Basilic \u2013 M\u00e9lange de vari\u00e9t\u00e9s graines \u2013 en provenance directe du propri\u00e9taire de la marque PremiumSeeds. Vente en gros et distribution de graines Basilic \u2013 M\u00e9lange de vari\u00e9t\u00e9s. Germination prouv\u00e9e et garantie. Commandez directement aupr\u00e8s du fabricant.\" \/>\n<meta property=\"og:url\" content=\"https:\/\/premiumseeds.eu\/fr\/produkt\/basilic-melange-de-varietes\/\" \/>\n<meta property=\"og:site_name\" content=\"PremiumSeeds\" \/>\n<meta property=\"article:modified_time\" content=\"2023-07-07T12:49:04+00:00\" \/>\n<meta property=\"og:image\" content=\"https:\/\/premiumseeds.eu\/wp-content\/uploads\/2022\/06\/WORLD-N-170-4292_VS-2.jpg?v=1688734085\" \/>\n\t<meta property=\"og:image:width\" content=\"945\" \/>\n\t<meta property=\"og:image:height\" content=\"1772\" \/>\n\t<meta property=\"og:image:type\" content=\"image\/jpeg\" \/>\n<meta name=\"twitter:card\" content=\"summary_large_image\" \/>\n<script type=\"application\/ld+json\" class=\"yoast-schema-graph\">{\"@context\":\"https:\/\/schema.org\",\"@graph\":[{\"@type\":\"WebPage\",\"@id\":\"https:\/\/premiumseeds.eu\/fr\/produkt\/basilic-melange-de-varietes\/\",\"url\":\"https:\/\/premiumseeds.eu\/fr\/produkt\/basilic-melange-de-varietes\/\",\"name\":\"Basilic \u2013 M\u00e9lange de vari\u00e9t\u00e9s - producteur de semences - PremiumSeeds\",\"isPartOf\":{\"@id\":\"https:\/\/premiumseeds.eu\/fr\/#website\"},\"datePublished\":\"2022-06-14T13:29:26+00:00\",\"dateModified\":\"2023-07-07T12:49:04+00:00\",\"description\":\"Basilic \u2013 M\u00e9lange de vari\u00e9t\u00e9s graines \u2013 en provenance directe du propri\u00e9taire de la marque PremiumSeeds. Vente en gros et distribution de graines Basilic \u2013 M\u00e9lange de vari\u00e9t\u00e9s. Germination prouv\u00e9e et garantie. Commandez directement aupr\u00e8s du fabricant.\",\"breadcrumb\":{\"@id\":\"https:\/\/premiumseeds.eu\/fr\/produkt\/basilic-melange-de-varietes\/#breadcrumb\"},\"inLanguage\":\"fr-FR\",\"potentialAction\":[{\"@type\":\"ReadAction\",\"target\":[\"https:\/\/premiumseeds.eu\/fr\/produkt\/basilic-melange-de-varietes\/\"]}]},{\"@type\":\"BreadcrumbList\",\"@id\":\"https:\/\/premiumseeds.eu\/fr\/produkt\/basilic-melange-de-varietes\/#breadcrumb\",\"itemListElement\":[{\"@type\":\"ListItem\",\"position\":1,\"name\":\"Home\",\"item\":\"https:\/\/premiumseeds.eu\/fr\/\"},{\"@type\":\"ListItem\",\"position\":2,\"name\":\"Graines\",\"item\":\"https:\/\/premiumseeds.eu\/fr\/graines\/\"},{\"@type\":\"ListItem\",\"position\":3,\"name\":\"Basilic \u2013 M\u00e9lange de vari\u00e9t\u00e9s\"}]},{\"@type\":\"WebSite\",\"@id\":\"https:\/\/premiumseeds.eu\/fr\/#website\",\"url\":\"https:\/\/premiumseeds.eu\/fr\/\",\"name\":\"PremiumSeeds\",\"description\":\"Top seeds producer\",\"potentialAction\":[{\"@type\":\"SearchAction\",\"target\":{\"@type\":\"EntryPoint\",\"urlTemplate\":\"https:\/\/premiumseeds.eu\/fr\/?s={search_term_string}\"},\"query-input\":\"required name=search_term_string\"}],\"inLanguage\":\"fr-FR\"}]}<\/script>\n<!-- \/ Yoast SEO plugin. -->","yoast_head_json":{"title":"Basilic \u2013 M\u00e9lange de vari\u00e9t\u00e9s - producteur de semences - PremiumSeeds","description":"Basilic \u2013 M\u00e9lange de vari\u00e9t\u00e9s graines \u2013 en provenance directe du propri\u00e9taire de la marque PremiumSeeds. Vente en gros et distribution de graines Basilic \u2013 M\u00e9lange de vari\u00e9t\u00e9s. Germination prouv\u00e9e et garantie. Commandez directement aupr\u00e8s du fabricant.","robots":{"index":"index","follow":"follow","max-snippet":"max-snippet:-1","max-image-preview":"max-image-preview:large","max-video-preview":"max-video-preview:-1"},"canonical":"https:\/\/premiumseeds.eu\/fr\/produkt\/basilic-melange-de-varietes\/","og_locale":"fr_FR","og_type":"article","og_title":"Basilic \u2013 M\u00e9lange de vari\u00e9t\u00e9s - producteur de semences - PremiumSeeds","og_description":"Basilic \u2013 M\u00e9lange de vari\u00e9t\u00e9s graines \u2013 en provenance directe du propri\u00e9taire de la marque PremiumSeeds. Vente en gros et distribution de graines Basilic \u2013 M\u00e9lange de vari\u00e9t\u00e9s. Germination prouv\u00e9e et garantie. Commandez directement aupr\u00e8s du fabricant.","og_url":"https:\/\/premiumseeds.eu\/fr\/produkt\/basilic-melange-de-varietes\/","og_site_name":"PremiumSeeds","article_modified_time":"2023-07-07T12:49:04+00:00","og_image":[{"width":945,"height":1772,"url":"https:\/\/premiumseeds.eu\/wp-content\/uploads\/2022\/06\/WORLD-N-170-4292_VS-2.jpg?v=1688734085","type":"image\/jpeg"}],"twitter_card":"summary_large_image","schema":{"@context":"https:\/\/schema.org","@graph":[{"@type":"WebPage","@id":"https:\/\/premiumseeds.eu\/fr\/produkt\/basilic-melange-de-varietes\/","url":"https:\/\/premiumseeds.eu\/fr\/produkt\/basilic-melange-de-varietes\/","name":"Basilic \u2013 M\u00e9lange de vari\u00e9t\u00e9s - producteur de semences - PremiumSeeds","isPartOf":{"@id":"https:\/\/premiumseeds.eu\/fr\/#website"},"datePublished":"2022-06-14T13:29:26+00:00","dateModified":"2023-07-07T12:49:04+00:00","description":"Basilic \u2013 M\u00e9lange de vari\u00e9t\u00e9s graines \u2013 en provenance directe du propri\u00e9taire de la marque PremiumSeeds. Vente en gros et distribution de graines Basilic \u2013 M\u00e9lange de vari\u00e9t\u00e9s. Germination prouv\u00e9e et garantie. Commandez directement aupr\u00e8s du fabricant.","breadcrumb":{"@id":"https:\/\/premiumseeds.eu\/fr\/produkt\/basilic-melange-de-varietes\/#breadcrumb"},"inLanguage":"fr-FR","potentialAction":[{"@type":"ReadAction","target":["https:\/\/premiumseeds.eu\/fr\/produkt\/basilic-melange-de-varietes\/"]}]},{"@type":"BreadcrumbList","@id":"https:\/\/premiumseeds.eu\/fr\/produkt\/basilic-melange-de-varietes\/#breadcrumb","itemListElement":[{"@type":"ListItem","position":1,"name":"Home","item":"https:\/\/premiumseeds.eu\/fr\/"},{"@type":"ListItem","position":2,"name":"Graines","item":"https:\/\/premiumseeds.eu\/fr\/graines\/"},{"@type":"ListItem","position":3,"name":"Basilic \u2013 M\u00e9lange de vari\u00e9t\u00e9s"}]},{"@type":"WebSite","@id":"https:\/\/premiumseeds.eu\/fr\/#website","url":"https:\/\/premiumseeds.eu\/fr\/","name":"PremiumSeeds","description":"Top seeds producer","potentialAction":[{"@type":"SearchAction","target":{"@type":"EntryPoint","urlTemplate":"https:\/\/premiumseeds.eu\/fr\/?s={search_term_string}"},"query-input":"required name=search_term_string"}],"inLanguage":"fr-FR"}]}},"_links":{"self":[{"href":"https:\/\/premiumseeds.eu\/fr\/wp-json\/wp\/v2\/product\/26140","targetHints":{"allow":["GET"]}}],"collection":[{"href":"https:\/\/premiumseeds.eu\/fr\/wp-json\/wp\/v2\/product"}],"about":[{"href":"https:\/\/premiumseeds.eu\/fr\/wp-json\/wp\/v2\/types\/product"}],"wp:featuredmedia":[{"embeddable":true,"href":"https:\/\/premiumseeds.eu\/fr\/wp-json\/wp\/v2\/media\/59830"}],"wp:attachment":[{"href":"https:\/\/premiumseeds.eu\/fr\/wp-json\/wp\/v2\/media?parent=26140"}],"wp:term":[{"taxonomy":"product_cat","embeddable":true,"href":"https:\/\/premiumseeds.eu\/fr\/wp-json\/wp\/v2\/product_cat?post=26140"},{"taxonomy":"product_tag","embeddable":true,"href":"https:\/\/premiumseeds.eu\/fr\/wp-json\/wp\/v2\/product_tag?post=26140"}],"curies":[{"name":"wp","href":"https:\/\/api.w.org\/{rel}","templated":true}]}}