{"id":26501,"date":"2022-06-15T09:23:38","date_gmt":"2022-06-15T07:23:38","guid":{"rendered":"https:\/\/premiumseeds.eu\/?post_type=product&#038;p=26501"},"modified":"2022-11-30T14:57:15","modified_gmt":"2022-11-30T13:57:15","slug":"chou-frise-halbhoher-gruner-krauser","status":"publish","type":"product","link":"https:\/\/premiumseeds.eu\/fr\/produkt\/chou-frise-halbhoher-gruner-krauser\/","title":{"rendered":"Chou fris\u00e9 Halbhoher gr\u00fcner krauser"},"content":{"rendered":"","protected":false},"excerpt":{"rendered":"<p>Plante de taille moyenne allant jusqu&rsquo;\u00e0 60-80 cm de haut. R\u00e9sistante au gel jusqu&rsquo;\u00e0 -15 \u00b0 C. Feuilles tr\u00e8s fris\u00e9es, vertes fonc\u00e9es, riches en vitamines et en min\u00e9raux. On l\u2019utilise fraiche ou cuite ou pour la cong\u00e9lation.<br \/>\n<\/b><br \/>\n<strong>Chou fris\u00e9 Halbhoher gr\u00fcner krauser  &#8211; semences<\/strong><br \/>\n<\/b><br \/>\n<strong>Profondeur de semis:<\/strong> 0,5 cm<br \/>\n<strong>Temps de semis:<\/strong> avril &#8211; 15 juin<br \/>\n<strong>Temps de plantation des semis en ext\u00e9rieur:<\/strong> mai &#8211; juillet<br \/>\n<strong>Propagation:<\/strong> 50 x 40 &#8211; 50 cm<br \/>\n<strong>P\u00e9riode de r\u00e9colte:<\/strong> ao\u00fbt &#8211; d\u00e9cembre<br \/>\n<\/b><br \/>\nUn paquet contient 1 g de graines.<\/p>\n","protected":false},"featured_media":38733,"template":"","meta":{"_monsterinsights_skip_tracking":false,"_monsterinsights_sitenote_active":false,"_monsterinsights_sitenote_note":"","_monsterinsights_sitenote_category":0},"product_cat":[1560,1549],"product_tag":[2733],"class_list":["post-26501","product","type-product","status-publish","has-post-thumbnail","hentry","product_cat-graines-de-chou-frise","product_cat-graines-de-legumes","product_tag-chou-frise-halbhoher-gruner-krauser-semences"],"yoast_head":"<!-- This site is optimized with the Yoast SEO plugin v21.6 - https:\/\/yoast.com\/wordpress\/plugins\/seo\/ -->\n<title>Chou fris\u00e9 Halbhoher gr\u00fcner krauser - producteur de semences - PremiumSeeds<\/title>\n<meta name=\"description\" content=\"Chou fris\u00e9 Halbhoher gr\u00fcner krauser graines \u2013 en provenance directe du propri\u00e9taire de la marque PremiumSeeds. Vente en gros et distribution de graines Chou fris\u00e9 Halbhoher gr\u00fcner krauser. Germination prouv\u00e9e et garantie. Commandez directement aupr\u00e8s du fabricant.\" \/>\n<meta name=\"robots\" content=\"index, follow, max-snippet:-1, max-image-preview:large, max-video-preview:-1\" \/>\n<link rel=\"canonical\" href=\"https:\/\/premiumseeds.eu\/fr\/produkt\/chou-frise-halbhoher-gruner-krauser\/\" \/>\n<meta property=\"og:locale\" content=\"fr_FR\" \/>\n<meta property=\"og:type\" content=\"article\" \/>\n<meta property=\"og:title\" content=\"Chou fris\u00e9 Halbhoher gr\u00fcner krauser - producteur de semences - PremiumSeeds\" \/>\n<meta property=\"og:description\" content=\"Chou fris\u00e9 Halbhoher gr\u00fcner krauser graines \u2013 en provenance directe du propri\u00e9taire de la marque PremiumSeeds. Vente en gros et distribution de graines Chou fris\u00e9 Halbhoher gr\u00fcner krauser. Germination prouv\u00e9e et garantie. Commandez directement aupr\u00e8s du fabricant.\" \/>\n<meta property=\"og:url\" content=\"https:\/\/premiumseeds.eu\/fr\/produkt\/chou-frise-halbhoher-gruner-krauser\/\" \/>\n<meta property=\"og:site_name\" content=\"PremiumSeeds\" \/>\n<meta property=\"article:modified_time\" content=\"2022-11-30T13:57:15+00:00\" \/>\n<meta property=\"og:image\" content=\"https:\/\/premiumseeds.eu\/wp-content\/uploads\/2022\/06\/WORLD-N-94-38-50_VS-2-546x1024.jpg\" \/>\n\t<meta property=\"og:image:width\" content=\"546\" \/>\n\t<meta property=\"og:image:height\" content=\"1024\" \/>\n\t<meta property=\"og:image:type\" content=\"image\/jpeg\" \/>\n<meta name=\"twitter:card\" content=\"summary_large_image\" \/>\n<script type=\"application\/ld+json\" class=\"yoast-schema-graph\">{\"@context\":\"https:\/\/schema.org\",\"@graph\":[{\"@type\":\"WebPage\",\"@id\":\"https:\/\/premiumseeds.eu\/fr\/produkt\/chou-frise-halbhoher-gruner-krauser\/\",\"url\":\"https:\/\/premiumseeds.eu\/fr\/produkt\/chou-frise-halbhoher-gruner-krauser\/\",\"name\":\"Chou fris\u00e9 Halbhoher gr\u00fcner krauser - producteur de semences - PremiumSeeds\",\"isPartOf\":{\"@id\":\"https:\/\/premiumseeds.eu\/fr\/#website\"},\"datePublished\":\"2022-06-15T07:23:38+00:00\",\"dateModified\":\"2022-11-30T13:57:15+00:00\",\"description\":\"Chou fris\u00e9 Halbhoher gr\u00fcner krauser graines \u2013 en provenance directe du propri\u00e9taire de la marque PremiumSeeds. Vente en gros et distribution de graines Chou fris\u00e9 Halbhoher gr\u00fcner krauser. Germination prouv\u00e9e et garantie. Commandez directement aupr\u00e8s du fabricant.\",\"breadcrumb\":{\"@id\":\"https:\/\/premiumseeds.eu\/fr\/produkt\/chou-frise-halbhoher-gruner-krauser\/#breadcrumb\"},\"inLanguage\":\"fr-FR\",\"potentialAction\":[{\"@type\":\"ReadAction\",\"target\":[\"https:\/\/premiumseeds.eu\/fr\/produkt\/chou-frise-halbhoher-gruner-krauser\/\"]}]},{\"@type\":\"BreadcrumbList\",\"@id\":\"https:\/\/premiumseeds.eu\/fr\/produkt\/chou-frise-halbhoher-gruner-krauser\/#breadcrumb\",\"itemListElement\":[{\"@type\":\"ListItem\",\"position\":1,\"name\":\"Home\",\"item\":\"https:\/\/premiumseeds.eu\/fr\/\"},{\"@type\":\"ListItem\",\"position\":2,\"name\":\"Graines\",\"item\":\"https:\/\/premiumseeds.eu\/fr\/graines\/\"},{\"@type\":\"ListItem\",\"position\":3,\"name\":\"Chou fris\u00e9 Halbhoher gr\u00fcner krauser\"}]},{\"@type\":\"WebSite\",\"@id\":\"https:\/\/premiumseeds.eu\/fr\/#website\",\"url\":\"https:\/\/premiumseeds.eu\/fr\/\",\"name\":\"PremiumSeeds\",\"description\":\"Top seeds producer\",\"potentialAction\":[{\"@type\":\"SearchAction\",\"target\":{\"@type\":\"EntryPoint\",\"urlTemplate\":\"https:\/\/premiumseeds.eu\/fr\/?s={search_term_string}\"},\"query-input\":\"required name=search_term_string\"}],\"inLanguage\":\"fr-FR\"}]}<\/script>\n<!-- \/ Yoast SEO plugin. -->","yoast_head_json":{"title":"Chou fris\u00e9 Halbhoher gr\u00fcner krauser - producteur de semences - PremiumSeeds","description":"Chou fris\u00e9 Halbhoher gr\u00fcner krauser graines \u2013 en provenance directe du propri\u00e9taire de la marque PremiumSeeds. Vente en gros et distribution de graines Chou fris\u00e9 Halbhoher gr\u00fcner krauser. Germination prouv\u00e9e et garantie. Commandez directement aupr\u00e8s du fabricant.","robots":{"index":"index","follow":"follow","max-snippet":"max-snippet:-1","max-image-preview":"max-image-preview:large","max-video-preview":"max-video-preview:-1"},"canonical":"https:\/\/premiumseeds.eu\/fr\/produkt\/chou-frise-halbhoher-gruner-krauser\/","og_locale":"fr_FR","og_type":"article","og_title":"Chou fris\u00e9 Halbhoher gr\u00fcner krauser - producteur de semences - PremiumSeeds","og_description":"Chou fris\u00e9 Halbhoher gr\u00fcner krauser graines \u2013 en provenance directe du propri\u00e9taire de la marque PremiumSeeds. Vente en gros et distribution de graines Chou fris\u00e9 Halbhoher gr\u00fcner krauser. Germination prouv\u00e9e et garantie. Commandez directement aupr\u00e8s du fabricant.","og_url":"https:\/\/premiumseeds.eu\/fr\/produkt\/chou-frise-halbhoher-gruner-krauser\/","og_site_name":"PremiumSeeds","article_modified_time":"2022-11-30T13:57:15+00:00","og_image":[{"width":546,"height":1024,"url":"https:\/\/premiumseeds.eu\/wp-content\/uploads\/2022\/06\/WORLD-N-94-38-50_VS-2-546x1024.jpg","type":"image\/jpeg"}],"twitter_card":"summary_large_image","schema":{"@context":"https:\/\/schema.org","@graph":[{"@type":"WebPage","@id":"https:\/\/premiumseeds.eu\/fr\/produkt\/chou-frise-halbhoher-gruner-krauser\/","url":"https:\/\/premiumseeds.eu\/fr\/produkt\/chou-frise-halbhoher-gruner-krauser\/","name":"Chou fris\u00e9 Halbhoher gr\u00fcner krauser - producteur de semences - PremiumSeeds","isPartOf":{"@id":"https:\/\/premiumseeds.eu\/fr\/#website"},"datePublished":"2022-06-15T07:23:38+00:00","dateModified":"2022-11-30T13:57:15+00:00","description":"Chou fris\u00e9 Halbhoher gr\u00fcner krauser graines \u2013 en provenance directe du propri\u00e9taire de la marque PremiumSeeds. Vente en gros et distribution de graines Chou fris\u00e9 Halbhoher gr\u00fcner krauser. Germination prouv\u00e9e et garantie. Commandez directement aupr\u00e8s du fabricant.","breadcrumb":{"@id":"https:\/\/premiumseeds.eu\/fr\/produkt\/chou-frise-halbhoher-gruner-krauser\/#breadcrumb"},"inLanguage":"fr-FR","potentialAction":[{"@type":"ReadAction","target":["https:\/\/premiumseeds.eu\/fr\/produkt\/chou-frise-halbhoher-gruner-krauser\/"]}]},{"@type":"BreadcrumbList","@id":"https:\/\/premiumseeds.eu\/fr\/produkt\/chou-frise-halbhoher-gruner-krauser\/#breadcrumb","itemListElement":[{"@type":"ListItem","position":1,"name":"Home","item":"https:\/\/premiumseeds.eu\/fr\/"},{"@type":"ListItem","position":2,"name":"Graines","item":"https:\/\/premiumseeds.eu\/fr\/graines\/"},{"@type":"ListItem","position":3,"name":"Chou fris\u00e9 Halbhoher gr\u00fcner krauser"}]},{"@type":"WebSite","@id":"https:\/\/premiumseeds.eu\/fr\/#website","url":"https:\/\/premiumseeds.eu\/fr\/","name":"PremiumSeeds","description":"Top seeds producer","potentialAction":[{"@type":"SearchAction","target":{"@type":"EntryPoint","urlTemplate":"https:\/\/premiumseeds.eu\/fr\/?s={search_term_string}"},"query-input":"required name=search_term_string"}],"inLanguage":"fr-FR"}]}},"_links":{"self":[{"href":"https:\/\/premiumseeds.eu\/fr\/wp-json\/wp\/v2\/product\/26501","targetHints":{"allow":["GET"]}}],"collection":[{"href":"https:\/\/premiumseeds.eu\/fr\/wp-json\/wp\/v2\/product"}],"about":[{"href":"https:\/\/premiumseeds.eu\/fr\/wp-json\/wp\/v2\/types\/product"}],"wp:featuredmedia":[{"embeddable":true,"href":"https:\/\/premiumseeds.eu\/fr\/wp-json\/wp\/v2\/media\/38733"}],"wp:attachment":[{"href":"https:\/\/premiumseeds.eu\/fr\/wp-json\/wp\/v2\/media?parent=26501"}],"wp:term":[{"taxonomy":"product_cat","embeddable":true,"href":"https:\/\/premiumseeds.eu\/fr\/wp-json\/wp\/v2\/product_cat?post=26501"},{"taxonomy":"product_tag","embeddable":true,"href":"https:\/\/premiumseeds.eu\/fr\/wp-json\/wp\/v2\/product_tag?post=26501"}],"curies":[{"name":"wp","href":"https:\/\/api.w.org\/{rel}","templated":true}]}}