{"id":26826,"date":"2022-06-15T11:28:06","date_gmt":"2022-06-15T09:28:06","guid":{"rendered":"https:\/\/premiumseeds.eu\/?post_type=product&#038;p=26826"},"modified":"2022-11-30T15:13:33","modified_gmt":"2022-11-30T14:13:33","slug":"laitue-reine-de-mai","status":"publish","type":"product","link":"https:\/\/premiumseeds.eu\/fr\/produkt\/laitue-reine-de-mai\/","title":{"rendered":"Laitue Reine de Mai"},"content":{"rendered":"","protected":false},"excerpt":{"rendered":"<p>Laitue pr\u00e9coce pour la culture printani\u00e8re au champ et plus tard sous abri. T\u00eates sph\u00e9riques, grandes et ferm\u00e9es. Feuilles jaure-vert, d\u00e9licates, fermes, avec un go\u00fbt l\u00e9g\u00e8rement sucr\u00e9. Pour les salades et pour accompagner les plats.<br \/>\n<\/b><br \/>\n<strong>Laitue Reine de Mai &#8211; semences<\/strong><br \/>\n<\/b><br \/>\n<strong>Profondeur de semis:<\/strong> 0,5 &#8211; 1 cm<br \/>\n<strong>Temps de semis en serre:<\/strong> f\u00e9vrier &#8211; avril<br \/>\n<strong>Temps de semis en ext\u00e9rieur:<\/strong> mars &#8211; avril, juillet<br \/>\n<strong>Temps de plantation des semis en ext\u00e9rieur:<\/strong> avril &#8211; mai, juillet<br \/>\n<strong>Propagation:<\/strong> 30 x 20-25 cm<br \/>\n<strong>P\u00e9riode de r\u00e9colte:<\/strong> avril &#8211; juin, ao\u00fbt &#8211; septembre<br \/>\n<\/b><br \/>\nUn paquet contient 1 g de graines.<\/p>\n","protected":false},"featured_media":26833,"template":"","meta":{"_monsterinsights_skip_tracking":false,"_monsterinsights_sitenote_active":false,"_monsterinsights_sitenote_note":"","_monsterinsights_sitenote_category":0},"product_cat":[1571,1549],"product_tag":[2722],"class_list":["post-26826","product","type-product","status-publish","has-post-thumbnail","hentry","product_cat-graines-de-laitue","product_cat-graines-de-legumes","product_tag-laitue-reine-de-mai-semences"],"yoast_head":"<!-- This site is optimized with the Yoast SEO plugin v21.6 - https:\/\/yoast.com\/wordpress\/plugins\/seo\/ -->\n<title>Laitue Reine de Mai - producteur de semences - PremiumSeeds<\/title>\n<meta name=\"description\" content=\"Laitue Reine de Mai graines \u2013 en provenance directe du propri\u00e9taire de la marque PremiumSeeds. Vente en gros et distribution de graines Laitue Reine de Mai. Germination prouv\u00e9e et garantie. Commandez directement aupr\u00e8s du fabricant.\" \/>\n<meta name=\"robots\" content=\"index, follow, max-snippet:-1, max-image-preview:large, max-video-preview:-1\" \/>\n<link rel=\"canonical\" href=\"https:\/\/premiumseeds.eu\/fr\/produkt\/laitue-reine-de-mai\/\" \/>\n<meta property=\"og:locale\" content=\"fr_FR\" \/>\n<meta property=\"og:type\" content=\"article\" \/>\n<meta property=\"og:title\" content=\"Laitue Reine de Mai - producteur de semences - PremiumSeeds\" \/>\n<meta property=\"og:description\" content=\"Laitue Reine de Mai graines \u2013 en provenance directe du propri\u00e9taire de la marque PremiumSeeds. Vente en gros et distribution de graines Laitue Reine de Mai. Germination prouv\u00e9e et garantie. Commandez directement aupr\u00e8s du fabricant.\" \/>\n<meta property=\"og:url\" content=\"https:\/\/premiumseeds.eu\/fr\/produkt\/laitue-reine-de-mai\/\" \/>\n<meta property=\"og:site_name\" content=\"PremiumSeeds\" \/>\n<meta property=\"article:modified_time\" content=\"2022-11-30T14:13:33+00:00\" \/>\n<meta property=\"og:image\" content=\"https:\/\/premiumseeds.eu\/wp-content\/uploads\/2022\/06\/35_WORLD-14128323_RGB_VS-2.jpg\" \/>\n\t<meta property=\"og:image:width\" content=\"945\" \/>\n\t<meta property=\"og:image:height\" content=\"1770\" \/>\n\t<meta property=\"og:image:type\" content=\"image\/jpeg\" \/>\n<meta name=\"twitter:card\" content=\"summary_large_image\" \/>\n<script type=\"application\/ld+json\" class=\"yoast-schema-graph\">{\"@context\":\"https:\/\/schema.org\",\"@graph\":[{\"@type\":\"WebPage\",\"@id\":\"https:\/\/premiumseeds.eu\/fr\/produkt\/laitue-reine-de-mai\/\",\"url\":\"https:\/\/premiumseeds.eu\/fr\/produkt\/laitue-reine-de-mai\/\",\"name\":\"Laitue Reine de Mai - producteur de semences - PremiumSeeds\",\"isPartOf\":{\"@id\":\"https:\/\/premiumseeds.eu\/fr\/#website\"},\"datePublished\":\"2022-06-15T09:28:06+00:00\",\"dateModified\":\"2022-11-30T14:13:33+00:00\",\"description\":\"Laitue Reine de Mai graines \u2013 en provenance directe du propri\u00e9taire de la marque PremiumSeeds. Vente en gros et distribution de graines Laitue Reine de Mai. Germination prouv\u00e9e et garantie. Commandez directement aupr\u00e8s du fabricant.\",\"breadcrumb\":{\"@id\":\"https:\/\/premiumseeds.eu\/fr\/produkt\/laitue-reine-de-mai\/#breadcrumb\"},\"inLanguage\":\"fr-FR\",\"potentialAction\":[{\"@type\":\"ReadAction\",\"target\":[\"https:\/\/premiumseeds.eu\/fr\/produkt\/laitue-reine-de-mai\/\"]}]},{\"@type\":\"BreadcrumbList\",\"@id\":\"https:\/\/premiumseeds.eu\/fr\/produkt\/laitue-reine-de-mai\/#breadcrumb\",\"itemListElement\":[{\"@type\":\"ListItem\",\"position\":1,\"name\":\"Home\",\"item\":\"https:\/\/premiumseeds.eu\/fr\/\"},{\"@type\":\"ListItem\",\"position\":2,\"name\":\"Graines\",\"item\":\"https:\/\/premiumseeds.eu\/fr\/graines\/\"},{\"@type\":\"ListItem\",\"position\":3,\"name\":\"Laitue Reine de Mai\"}]},{\"@type\":\"WebSite\",\"@id\":\"https:\/\/premiumseeds.eu\/fr\/#website\",\"url\":\"https:\/\/premiumseeds.eu\/fr\/\",\"name\":\"PremiumSeeds\",\"description\":\"Top seeds producer\",\"potentialAction\":[{\"@type\":\"SearchAction\",\"target\":{\"@type\":\"EntryPoint\",\"urlTemplate\":\"https:\/\/premiumseeds.eu\/fr\/?s={search_term_string}\"},\"query-input\":\"required name=search_term_string\"}],\"inLanguage\":\"fr-FR\"}]}<\/script>\n<!-- \/ Yoast SEO plugin. -->","yoast_head_json":{"title":"Laitue Reine de Mai - producteur de semences - PremiumSeeds","description":"Laitue Reine de Mai graines \u2013 en provenance directe du propri\u00e9taire de la marque PremiumSeeds. Vente en gros et distribution de graines Laitue Reine de Mai. Germination prouv\u00e9e et garantie. Commandez directement aupr\u00e8s du fabricant.","robots":{"index":"index","follow":"follow","max-snippet":"max-snippet:-1","max-image-preview":"max-image-preview:large","max-video-preview":"max-video-preview:-1"},"canonical":"https:\/\/premiumseeds.eu\/fr\/produkt\/laitue-reine-de-mai\/","og_locale":"fr_FR","og_type":"article","og_title":"Laitue Reine de Mai - producteur de semences - PremiumSeeds","og_description":"Laitue Reine de Mai graines \u2013 en provenance directe du propri\u00e9taire de la marque PremiumSeeds. Vente en gros et distribution de graines Laitue Reine de Mai. Germination prouv\u00e9e et garantie. Commandez directement aupr\u00e8s du fabricant.","og_url":"https:\/\/premiumseeds.eu\/fr\/produkt\/laitue-reine-de-mai\/","og_site_name":"PremiumSeeds","article_modified_time":"2022-11-30T14:13:33+00:00","og_image":[{"width":945,"height":1770,"url":"https:\/\/premiumseeds.eu\/wp-content\/uploads\/2022\/06\/35_WORLD-14128323_RGB_VS-2.jpg","type":"image\/jpeg"}],"twitter_card":"summary_large_image","schema":{"@context":"https:\/\/schema.org","@graph":[{"@type":"WebPage","@id":"https:\/\/premiumseeds.eu\/fr\/produkt\/laitue-reine-de-mai\/","url":"https:\/\/premiumseeds.eu\/fr\/produkt\/laitue-reine-de-mai\/","name":"Laitue Reine de Mai - producteur de semences - PremiumSeeds","isPartOf":{"@id":"https:\/\/premiumseeds.eu\/fr\/#website"},"datePublished":"2022-06-15T09:28:06+00:00","dateModified":"2022-11-30T14:13:33+00:00","description":"Laitue Reine de Mai graines \u2013 en provenance directe du propri\u00e9taire de la marque PremiumSeeds. Vente en gros et distribution de graines Laitue Reine de Mai. Germination prouv\u00e9e et garantie. Commandez directement aupr\u00e8s du fabricant.","breadcrumb":{"@id":"https:\/\/premiumseeds.eu\/fr\/produkt\/laitue-reine-de-mai\/#breadcrumb"},"inLanguage":"fr-FR","potentialAction":[{"@type":"ReadAction","target":["https:\/\/premiumseeds.eu\/fr\/produkt\/laitue-reine-de-mai\/"]}]},{"@type":"BreadcrumbList","@id":"https:\/\/premiumseeds.eu\/fr\/produkt\/laitue-reine-de-mai\/#breadcrumb","itemListElement":[{"@type":"ListItem","position":1,"name":"Home","item":"https:\/\/premiumseeds.eu\/fr\/"},{"@type":"ListItem","position":2,"name":"Graines","item":"https:\/\/premiumseeds.eu\/fr\/graines\/"},{"@type":"ListItem","position":3,"name":"Laitue Reine de Mai"}]},{"@type":"WebSite","@id":"https:\/\/premiumseeds.eu\/fr\/#website","url":"https:\/\/premiumseeds.eu\/fr\/","name":"PremiumSeeds","description":"Top seeds producer","potentialAction":[{"@type":"SearchAction","target":{"@type":"EntryPoint","urlTemplate":"https:\/\/premiumseeds.eu\/fr\/?s={search_term_string}"},"query-input":"required name=search_term_string"}],"inLanguage":"fr-FR"}]}},"_links":{"self":[{"href":"https:\/\/premiumseeds.eu\/fr\/wp-json\/wp\/v2\/product\/26826","targetHints":{"allow":["GET"]}}],"collection":[{"href":"https:\/\/premiumseeds.eu\/fr\/wp-json\/wp\/v2\/product"}],"about":[{"href":"https:\/\/premiumseeds.eu\/fr\/wp-json\/wp\/v2\/types\/product"}],"wp:featuredmedia":[{"embeddable":true,"href":"https:\/\/premiumseeds.eu\/fr\/wp-json\/wp\/v2\/media\/26833"}],"wp:attachment":[{"href":"https:\/\/premiumseeds.eu\/fr\/wp-json\/wp\/v2\/media?parent=26826"}],"wp:term":[{"taxonomy":"product_cat","embeddable":true,"href":"https:\/\/premiumseeds.eu\/fr\/wp-json\/wp\/v2\/product_cat?post=26826"},{"taxonomy":"product_tag","embeddable":true,"href":"https:\/\/premiumseeds.eu\/fr\/wp-json\/wp\/v2\/product_tag?post=26826"}],"curies":[{"name":"wp","href":"https:\/\/api.w.org\/{rel}","templated":true}]}}