{"id":26865,"date":"2022-06-15T11:50:13","date_gmt":"2022-06-15T09:50:13","guid":{"rendered":"https:\/\/premiumseeds.eu\/?post_type=product&#038;p=26865"},"modified":"2022-11-30T15:13:12","modified_gmt":"2022-11-30T14:13:12","slug":"epinard-geant-dhiver","status":"publish","type":"product","link":"https:\/\/premiumseeds.eu\/fr\/produkt\/epinard-geant-dhiver\/","title":{"rendered":"Epinard G\u00e9ant d&rsquo;Hiver"},"content":{"rendered":"","protected":false},"excerpt":{"rendered":"<p>Vari\u00e9t\u00e9 v\u00e9g\u00e9tale \u00e0 croissance forte. R\u00e9sistante aux basses temp\u00e9ratures, elle peut \u00eatre sem\u00e9 \u00e0 l&rsquo;automne, et hiberne bien dans le sol. Feuilles lisses, vertes claires \u00e0 haute teneur en vitamine C. Pour la consommation directe et la cong\u00e9lation.<br \/>\n<\/b><br \/>\n<strong>Epinard G\u00e9ant d&rsquo;Hiver &#8211; semences<\/strong><br \/>\n<\/b><br \/>\n<strong>Profondeur de semis:<\/strong> 1 &#8211; 2 cm<br \/>\n<strong>Temps de semis:<\/strong> mars &#8211; mai, septembre &#8211; octobre<br \/>\n<strong>Propagation:<\/strong> 25 x 30 cm<br \/>\n<strong>P\u00e9riode de r\u00e9colte:<\/strong> Mai &#8211; Juin, Mars &#8211; Avril<br \/>\n<\/b><br \/>\nUn paquet contient 10 g de graines.<\/p>\n","protected":false},"featured_media":26872,"template":"","meta":{"_monsterinsights_skip_tracking":false,"_monsterinsights_sitenote_active":false,"_monsterinsights_sitenote_note":"","_monsterinsights_sitenote_category":0},"product_cat":[1552,1549],"product_tag":[2719],"class_list":["post-26865","product","type-product","status-publish","has-post-thumbnail","hentry","product_cat-graines-depinards","product_cat-graines-de-legumes","product_tag-epinard-geant-dhiver-semences"],"yoast_head":"<!-- This site is optimized with the Yoast SEO plugin v21.6 - https:\/\/yoast.com\/wordpress\/plugins\/seo\/ -->\n<title>Epinard G\u00e9ant d&#039;Hiver - producteur de semences - PremiumSeeds<\/title>\n<meta name=\"description\" content=\"Epinard G\u00e9ant d&#039;Hiver graines \u2013 en provenance directe du propri\u00e9taire de la marque PremiumSeeds. Vente en gros et distribution de graines Epinard G\u00e9ant d&#039;Hiver. Germination prouv\u00e9e et garantie. Commandez directement aupr\u00e8s du fabricant.\" \/>\n<meta name=\"robots\" content=\"index, follow, max-snippet:-1, max-image-preview:large, max-video-preview:-1\" \/>\n<link rel=\"canonical\" href=\"https:\/\/premiumseeds.eu\/fr\/produkt\/epinard-geant-dhiver\/\" \/>\n<meta property=\"og:locale\" content=\"fr_FR\" \/>\n<meta property=\"og:type\" content=\"article\" \/>\n<meta property=\"og:title\" content=\"Epinard G\u00e9ant d&#039;Hiver - producteur de semences - PremiumSeeds\" \/>\n<meta property=\"og:description\" content=\"Epinard G\u00e9ant d&#039;Hiver graines \u2013 en provenance directe du propri\u00e9taire de la marque PremiumSeeds. Vente en gros et distribution de graines Epinard G\u00e9ant d&#039;Hiver. Germination prouv\u00e9e et garantie. Commandez directement aupr\u00e8s du fabricant.\" \/>\n<meta property=\"og:url\" content=\"https:\/\/premiumseeds.eu\/fr\/produkt\/epinard-geant-dhiver\/\" \/>\n<meta property=\"og:site_name\" content=\"PremiumSeeds\" \/>\n<meta property=\"article:modified_time\" content=\"2022-11-30T14:13:12+00:00\" \/>\n<meta property=\"og:image\" content=\"https:\/\/premiumseeds.eu\/wp-content\/uploads\/2022\/06\/39_WORLD-94-80-59_RGB_VS-2.jpg\" \/>\n\t<meta property=\"og:image:width\" content=\"945\" \/>\n\t<meta property=\"og:image:height\" content=\"1770\" \/>\n\t<meta property=\"og:image:type\" content=\"image\/jpeg\" \/>\n<meta name=\"twitter:card\" content=\"summary_large_image\" \/>\n<script type=\"application\/ld+json\" class=\"yoast-schema-graph\">{\"@context\":\"https:\/\/schema.org\",\"@graph\":[{\"@type\":\"WebPage\",\"@id\":\"https:\/\/premiumseeds.eu\/fr\/produkt\/epinard-geant-dhiver\/\",\"url\":\"https:\/\/premiumseeds.eu\/fr\/produkt\/epinard-geant-dhiver\/\",\"name\":\"Epinard G\u00e9ant d'Hiver - producteur de semences - PremiumSeeds\",\"isPartOf\":{\"@id\":\"https:\/\/premiumseeds.eu\/fr\/#website\"},\"datePublished\":\"2022-06-15T09:50:13+00:00\",\"dateModified\":\"2022-11-30T14:13:12+00:00\",\"description\":\"Epinard G\u00e9ant d'Hiver graines \u2013 en provenance directe du propri\u00e9taire de la marque PremiumSeeds. Vente en gros et distribution de graines Epinard G\u00e9ant d'Hiver. Germination prouv\u00e9e et garantie. Commandez directement aupr\u00e8s du fabricant.\",\"breadcrumb\":{\"@id\":\"https:\/\/premiumseeds.eu\/fr\/produkt\/epinard-geant-dhiver\/#breadcrumb\"},\"inLanguage\":\"fr-FR\",\"potentialAction\":[{\"@type\":\"ReadAction\",\"target\":[\"https:\/\/premiumseeds.eu\/fr\/produkt\/epinard-geant-dhiver\/\"]}]},{\"@type\":\"BreadcrumbList\",\"@id\":\"https:\/\/premiumseeds.eu\/fr\/produkt\/epinard-geant-dhiver\/#breadcrumb\",\"itemListElement\":[{\"@type\":\"ListItem\",\"position\":1,\"name\":\"Home\",\"item\":\"https:\/\/premiumseeds.eu\/fr\/\"},{\"@type\":\"ListItem\",\"position\":2,\"name\":\"Graines\",\"item\":\"https:\/\/premiumseeds.eu\/fr\/graines\/\"},{\"@type\":\"ListItem\",\"position\":3,\"name\":\"Epinard G\u00e9ant d&#8217;Hiver\"}]},{\"@type\":\"WebSite\",\"@id\":\"https:\/\/premiumseeds.eu\/fr\/#website\",\"url\":\"https:\/\/premiumseeds.eu\/fr\/\",\"name\":\"PremiumSeeds\",\"description\":\"Top seeds producer\",\"potentialAction\":[{\"@type\":\"SearchAction\",\"target\":{\"@type\":\"EntryPoint\",\"urlTemplate\":\"https:\/\/premiumseeds.eu\/fr\/?s={search_term_string}\"},\"query-input\":\"required name=search_term_string\"}],\"inLanguage\":\"fr-FR\"}]}<\/script>\n<!-- \/ Yoast SEO plugin. -->","yoast_head_json":{"title":"Epinard G\u00e9ant d'Hiver - producteur de semences - PremiumSeeds","description":"Epinard G\u00e9ant d'Hiver graines \u2013 en provenance directe du propri\u00e9taire de la marque PremiumSeeds. Vente en gros et distribution de graines Epinard G\u00e9ant d'Hiver. Germination prouv\u00e9e et garantie. Commandez directement aupr\u00e8s du fabricant.","robots":{"index":"index","follow":"follow","max-snippet":"max-snippet:-1","max-image-preview":"max-image-preview:large","max-video-preview":"max-video-preview:-1"},"canonical":"https:\/\/premiumseeds.eu\/fr\/produkt\/epinard-geant-dhiver\/","og_locale":"fr_FR","og_type":"article","og_title":"Epinard G\u00e9ant d'Hiver - producteur de semences - PremiumSeeds","og_description":"Epinard G\u00e9ant d'Hiver graines \u2013 en provenance directe du propri\u00e9taire de la marque PremiumSeeds. Vente en gros et distribution de graines Epinard G\u00e9ant d'Hiver. Germination prouv\u00e9e et garantie. Commandez directement aupr\u00e8s du fabricant.","og_url":"https:\/\/premiumseeds.eu\/fr\/produkt\/epinard-geant-dhiver\/","og_site_name":"PremiumSeeds","article_modified_time":"2022-11-30T14:13:12+00:00","og_image":[{"width":945,"height":1770,"url":"https:\/\/premiumseeds.eu\/wp-content\/uploads\/2022\/06\/39_WORLD-94-80-59_RGB_VS-2.jpg","type":"image\/jpeg"}],"twitter_card":"summary_large_image","schema":{"@context":"https:\/\/schema.org","@graph":[{"@type":"WebPage","@id":"https:\/\/premiumseeds.eu\/fr\/produkt\/epinard-geant-dhiver\/","url":"https:\/\/premiumseeds.eu\/fr\/produkt\/epinard-geant-dhiver\/","name":"Epinard G\u00e9ant d'Hiver - producteur de semences - PremiumSeeds","isPartOf":{"@id":"https:\/\/premiumseeds.eu\/fr\/#website"},"datePublished":"2022-06-15T09:50:13+00:00","dateModified":"2022-11-30T14:13:12+00:00","description":"Epinard G\u00e9ant d'Hiver graines \u2013 en provenance directe du propri\u00e9taire de la marque PremiumSeeds. Vente en gros et distribution de graines Epinard G\u00e9ant d'Hiver. Germination prouv\u00e9e et garantie. Commandez directement aupr\u00e8s du fabricant.","breadcrumb":{"@id":"https:\/\/premiumseeds.eu\/fr\/produkt\/epinard-geant-dhiver\/#breadcrumb"},"inLanguage":"fr-FR","potentialAction":[{"@type":"ReadAction","target":["https:\/\/premiumseeds.eu\/fr\/produkt\/epinard-geant-dhiver\/"]}]},{"@type":"BreadcrumbList","@id":"https:\/\/premiumseeds.eu\/fr\/produkt\/epinard-geant-dhiver\/#breadcrumb","itemListElement":[{"@type":"ListItem","position":1,"name":"Home","item":"https:\/\/premiumseeds.eu\/fr\/"},{"@type":"ListItem","position":2,"name":"Graines","item":"https:\/\/premiumseeds.eu\/fr\/graines\/"},{"@type":"ListItem","position":3,"name":"Epinard G\u00e9ant d&#8217;Hiver"}]},{"@type":"WebSite","@id":"https:\/\/premiumseeds.eu\/fr\/#website","url":"https:\/\/premiumseeds.eu\/fr\/","name":"PremiumSeeds","description":"Top seeds producer","potentialAction":[{"@type":"SearchAction","target":{"@type":"EntryPoint","urlTemplate":"https:\/\/premiumseeds.eu\/fr\/?s={search_term_string}"},"query-input":"required name=search_term_string"}],"inLanguage":"fr-FR"}]}},"_links":{"self":[{"href":"https:\/\/premiumseeds.eu\/fr\/wp-json\/wp\/v2\/product\/26865","targetHints":{"allow":["GET"]}}],"collection":[{"href":"https:\/\/premiumseeds.eu\/fr\/wp-json\/wp\/v2\/product"}],"about":[{"href":"https:\/\/premiumseeds.eu\/fr\/wp-json\/wp\/v2\/types\/product"}],"wp:featuredmedia":[{"embeddable":true,"href":"https:\/\/premiumseeds.eu\/fr\/wp-json\/wp\/v2\/media\/26872"}],"wp:attachment":[{"href":"https:\/\/premiumseeds.eu\/fr\/wp-json\/wp\/v2\/media?parent=26865"}],"wp:term":[{"taxonomy":"product_cat","embeddable":true,"href":"https:\/\/premiumseeds.eu\/fr\/wp-json\/wp\/v2\/product_cat?post=26865"},{"taxonomy":"product_tag","embeddable":true,"href":"https:\/\/premiumseeds.eu\/fr\/wp-json\/wp\/v2\/product_tag?post=26865"}],"curies":[{"name":"wp","href":"https:\/\/api.w.org\/{rel}","templated":true}]}}