{"id":27510,"date":"2022-06-20T10:16:48","date_gmt":"2022-06-20T08:16:48","guid":{"rendered":"https:\/\/premiumseeds.eu\/?post_type=product&#038;p=27510"},"modified":"2025-12-19T14:52:03","modified_gmt":"2025-12-19T13:52:03","slug":"zinnia-a-fleurs-de-dahlia-melange","status":"publish","type":"product","link":"https:\/\/premiumseeds.eu\/fr\/produkt\/zinnia-a-fleurs-de-dahlia-melange\/","title":{"rendered":"Zinnia \u00e0 fleurs de Dahlia m\u00e9lange"},"content":{"rendered":"","protected":false},"excerpt":{"rendered":"<p>Plante annuelle, d\u2019une hauteur de 60-80 cm. Elle a des pousses soulev\u00e9es, ramifi\u00e9es qui se terminent par une inflorescence. Des grandes fleurs dans une vari\u00e9t\u00e9 de couleurs intenses. Fleurit longtemps et abondamment jusqu&rsquo;au premier gel. Pour les parterres de fleurs et les fleurs coup\u00e9es.<br \/>\n<\/b><br \/>\n<strong>Zinnia \u00e0 fleurs de Dahlia m\u00e9lange  &#8211; semences<\/strong><br \/>\n<\/b><br \/>\n<strong>Profondeur de semis dans les serres:<\/strong> 0,5 cm<br \/>\n<strong>Temps de semis:<\/strong> avril<br \/>\n<strong>Profondeur de semis dansen ext\u00e9rieur:<\/strong> 2 &#8211; 3 cm<br \/>\n<strong>Temps de semis en ext\u00e9rieur:<\/strong> mai<br \/>\n<strong>Temps de plantation des semis en ext\u00e9rieur:<\/strong> 15 mai<br \/>\n<strong>Propagation:<\/strong> 40 x 40 cm<br \/>\n<strong>P\u00e9riode de floraison:<\/strong> juin &#8211; octobre<br \/>\n<\/b><br \/>\nUn paquet contient 1,5 g de graines.<\/p>\n","protected":false},"featured_media":70934,"template":"","meta":{"_monsterinsights_skip_tracking":false,"_monsterinsights_sitenote_active":false,"_monsterinsights_sitenote_note":"","_monsterinsights_sitenote_category":0},"product_cat":[1470,1536,1537],"product_tag":[2678],"class_list":["post-27510","product","type-product","status-publish","has-post-thumbnail","hentry","product_cat-graines-de-fleurs-de-jardin","product_cat-graines-de-zinnia","product_cat-melanges-de-graines-de-fleurs","product_tag-zinnia-a-fleurs-de-dahlia-melange-semences"],"yoast_head":"<!-- This site is optimized with the Yoast SEO plugin v21.6 - https:\/\/yoast.com\/wordpress\/plugins\/seo\/ -->\n<title>Zinnia \u00e0 fleurs de Dahlia m\u00e9lange - producteur de semences - PremiumSeeds<\/title>\n<meta name=\"description\" content=\"Zinnia \u00e0 fleurs de Dahlia m\u00e9lange graines \u2013 en provenance directe du propri\u00e9taire de la marque PremiumSeeds. Vente en gros et distribution de graines Zinnia \u00e0 fleurs de Dahlia m\u00e9lange. Germination prouv\u00e9e et garantie. Commandez directement aupr\u00e8s du fabricant.\" \/>\n<meta name=\"robots\" content=\"index, follow, max-snippet:-1, max-image-preview:large, max-video-preview:-1\" \/>\n<link rel=\"canonical\" href=\"https:\/\/premiumseeds.eu\/fr\/produkt\/zinnia-a-fleurs-de-dahlia-melange\/\" \/>\n<meta property=\"og:locale\" content=\"fr_FR\" \/>\n<meta property=\"og:type\" content=\"article\" \/>\n<meta property=\"og:title\" content=\"Zinnia \u00e0 fleurs de Dahlia m\u00e9lange - producteur de semences - PremiumSeeds\" \/>\n<meta property=\"og:description\" content=\"Zinnia \u00e0 fleurs de Dahlia m\u00e9lange graines \u2013 en provenance directe du propri\u00e9taire de la marque PremiumSeeds. Vente en gros et distribution de graines Zinnia \u00e0 fleurs de Dahlia m\u00e9lange. Germination prouv\u00e9e et garantie. Commandez directement aupr\u00e8s du fabricant.\" \/>\n<meta property=\"og:url\" content=\"https:\/\/premiumseeds.eu\/fr\/produkt\/zinnia-a-fleurs-de-dahlia-melange\/\" \/>\n<meta property=\"og:site_name\" content=\"PremiumSeeds\" \/>\n<meta property=\"article:modified_time\" content=\"2025-12-19T13:52:03+00:00\" \/>\n<meta property=\"og:image\" content=\"https:\/\/premiumseeds.eu\/wp-content\/uploads\/2022\/06\/1SWIA-WO-BL-12118_VS.jpg\" \/>\n\t<meta property=\"og:image:width\" content=\"365\" \/>\n\t<meta property=\"og:image:height\" content=\"663\" \/>\n\t<meta property=\"og:image:type\" content=\"image\/jpeg\" \/>\n<meta name=\"twitter:card\" content=\"summary_large_image\" \/>\n<script type=\"application\/ld+json\" class=\"yoast-schema-graph\">{\"@context\":\"https:\/\/schema.org\",\"@graph\":[{\"@type\":\"WebPage\",\"@id\":\"https:\/\/premiumseeds.eu\/fr\/produkt\/zinnia-a-fleurs-de-dahlia-melange\/\",\"url\":\"https:\/\/premiumseeds.eu\/fr\/produkt\/zinnia-a-fleurs-de-dahlia-melange\/\",\"name\":\"Zinnia \u00e0 fleurs de Dahlia m\u00e9lange - producteur de semences - PremiumSeeds\",\"isPartOf\":{\"@id\":\"https:\/\/premiumseeds.eu\/fr\/#website\"},\"datePublished\":\"2022-06-20T08:16:48+00:00\",\"dateModified\":\"2025-12-19T13:52:03+00:00\",\"description\":\"Zinnia \u00e0 fleurs de Dahlia m\u00e9lange graines \u2013 en provenance directe du propri\u00e9taire de la marque PremiumSeeds. Vente en gros et distribution de graines Zinnia \u00e0 fleurs de Dahlia m\u00e9lange. Germination prouv\u00e9e et garantie. Commandez directement aupr\u00e8s du fabricant.\",\"breadcrumb\":{\"@id\":\"https:\/\/premiumseeds.eu\/fr\/produkt\/zinnia-a-fleurs-de-dahlia-melange\/#breadcrumb\"},\"inLanguage\":\"fr-FR\",\"potentialAction\":[{\"@type\":\"ReadAction\",\"target\":[\"https:\/\/premiumseeds.eu\/fr\/produkt\/zinnia-a-fleurs-de-dahlia-melange\/\"]}]},{\"@type\":\"BreadcrumbList\",\"@id\":\"https:\/\/premiumseeds.eu\/fr\/produkt\/zinnia-a-fleurs-de-dahlia-melange\/#breadcrumb\",\"itemListElement\":[{\"@type\":\"ListItem\",\"position\":1,\"name\":\"Home\",\"item\":\"https:\/\/premiumseeds.eu\/fr\/\"},{\"@type\":\"ListItem\",\"position\":2,\"name\":\"Graines\",\"item\":\"https:\/\/premiumseeds.eu\/fr\/graines\/\"},{\"@type\":\"ListItem\",\"position\":3,\"name\":\"Zinnia \u00e0 fleurs de Dahlia m\u00e9lange\"}]},{\"@type\":\"WebSite\",\"@id\":\"https:\/\/premiumseeds.eu\/fr\/#website\",\"url\":\"https:\/\/premiumseeds.eu\/fr\/\",\"name\":\"PremiumSeeds\",\"description\":\"Top seeds producer\",\"potentialAction\":[{\"@type\":\"SearchAction\",\"target\":{\"@type\":\"EntryPoint\",\"urlTemplate\":\"https:\/\/premiumseeds.eu\/fr\/?s={search_term_string}\"},\"query-input\":\"required name=search_term_string\"}],\"inLanguage\":\"fr-FR\"}]}<\/script>\n<!-- \/ Yoast SEO plugin. -->","yoast_head_json":{"title":"Zinnia \u00e0 fleurs de Dahlia m\u00e9lange - producteur de semences - PremiumSeeds","description":"Zinnia \u00e0 fleurs de Dahlia m\u00e9lange graines \u2013 en provenance directe du propri\u00e9taire de la marque PremiumSeeds. Vente en gros et distribution de graines Zinnia \u00e0 fleurs de Dahlia m\u00e9lange. Germination prouv\u00e9e et garantie. Commandez directement aupr\u00e8s du fabricant.","robots":{"index":"index","follow":"follow","max-snippet":"max-snippet:-1","max-image-preview":"max-image-preview:large","max-video-preview":"max-video-preview:-1"},"canonical":"https:\/\/premiumseeds.eu\/fr\/produkt\/zinnia-a-fleurs-de-dahlia-melange\/","og_locale":"fr_FR","og_type":"article","og_title":"Zinnia \u00e0 fleurs de Dahlia m\u00e9lange - producteur de semences - PremiumSeeds","og_description":"Zinnia \u00e0 fleurs de Dahlia m\u00e9lange graines \u2013 en provenance directe du propri\u00e9taire de la marque PremiumSeeds. Vente en gros et distribution de graines Zinnia \u00e0 fleurs de Dahlia m\u00e9lange. Germination prouv\u00e9e et garantie. Commandez directement aupr\u00e8s du fabricant.","og_url":"https:\/\/premiumseeds.eu\/fr\/produkt\/zinnia-a-fleurs-de-dahlia-melange\/","og_site_name":"PremiumSeeds","article_modified_time":"2025-12-19T13:52:03+00:00","og_image":[{"width":365,"height":663,"url":"https:\/\/premiumseeds.eu\/wp-content\/uploads\/2022\/06\/1SWIA-WO-BL-12118_VS.jpg","type":"image\/jpeg"}],"twitter_card":"summary_large_image","schema":{"@context":"https:\/\/schema.org","@graph":[{"@type":"WebPage","@id":"https:\/\/premiumseeds.eu\/fr\/produkt\/zinnia-a-fleurs-de-dahlia-melange\/","url":"https:\/\/premiumseeds.eu\/fr\/produkt\/zinnia-a-fleurs-de-dahlia-melange\/","name":"Zinnia \u00e0 fleurs de Dahlia m\u00e9lange - producteur de semences - PremiumSeeds","isPartOf":{"@id":"https:\/\/premiumseeds.eu\/fr\/#website"},"datePublished":"2022-06-20T08:16:48+00:00","dateModified":"2025-12-19T13:52:03+00:00","description":"Zinnia \u00e0 fleurs de Dahlia m\u00e9lange graines \u2013 en provenance directe du propri\u00e9taire de la marque PremiumSeeds. Vente en gros et distribution de graines Zinnia \u00e0 fleurs de Dahlia m\u00e9lange. Germination prouv\u00e9e et garantie. Commandez directement aupr\u00e8s du fabricant.","breadcrumb":{"@id":"https:\/\/premiumseeds.eu\/fr\/produkt\/zinnia-a-fleurs-de-dahlia-melange\/#breadcrumb"},"inLanguage":"fr-FR","potentialAction":[{"@type":"ReadAction","target":["https:\/\/premiumseeds.eu\/fr\/produkt\/zinnia-a-fleurs-de-dahlia-melange\/"]}]},{"@type":"BreadcrumbList","@id":"https:\/\/premiumseeds.eu\/fr\/produkt\/zinnia-a-fleurs-de-dahlia-melange\/#breadcrumb","itemListElement":[{"@type":"ListItem","position":1,"name":"Home","item":"https:\/\/premiumseeds.eu\/fr\/"},{"@type":"ListItem","position":2,"name":"Graines","item":"https:\/\/premiumseeds.eu\/fr\/graines\/"},{"@type":"ListItem","position":3,"name":"Zinnia \u00e0 fleurs de Dahlia m\u00e9lange"}]},{"@type":"WebSite","@id":"https:\/\/premiumseeds.eu\/fr\/#website","url":"https:\/\/premiumseeds.eu\/fr\/","name":"PremiumSeeds","description":"Top seeds producer","potentialAction":[{"@type":"SearchAction","target":{"@type":"EntryPoint","urlTemplate":"https:\/\/premiumseeds.eu\/fr\/?s={search_term_string}"},"query-input":"required name=search_term_string"}],"inLanguage":"fr-FR"}]}},"_links":{"self":[{"href":"https:\/\/premiumseeds.eu\/fr\/wp-json\/wp\/v2\/product\/27510","targetHints":{"allow":["GET"]}}],"collection":[{"href":"https:\/\/premiumseeds.eu\/fr\/wp-json\/wp\/v2\/product"}],"about":[{"href":"https:\/\/premiumseeds.eu\/fr\/wp-json\/wp\/v2\/types\/product"}],"wp:featuredmedia":[{"embeddable":true,"href":"https:\/\/premiumseeds.eu\/fr\/wp-json\/wp\/v2\/media\/70934"}],"wp:attachment":[{"href":"https:\/\/premiumseeds.eu\/fr\/wp-json\/wp\/v2\/media?parent=27510"}],"wp:term":[{"taxonomy":"product_cat","embeddable":true,"href":"https:\/\/premiumseeds.eu\/fr\/wp-json\/wp\/v2\/product_cat?post=27510"},{"taxonomy":"product_tag","embeddable":true,"href":"https:\/\/premiumseeds.eu\/fr\/wp-json\/wp\/v2\/product_tag?post=27510"}],"curies":[{"name":"wp","href":"https:\/\/api.w.org\/{rel}","templated":true}]}}