{"id":27653,"date":"2022-06-20T11:21:27","date_gmt":"2022-06-20T09:21:27","guid":{"rendered":"https:\/\/premiumseeds.eu\/?post_type=product&#038;p=27653"},"modified":"2022-06-20T11:30:11","modified_gmt":"2022-06-20T09:30:11","slug":"betterave-cylindra-graines-enduites","status":"publish","type":"product","link":"https:\/\/premiumseeds.eu\/fr\/produkt\/betterave-cylindra-graines-enduites\/","title":{"rendered":"Betterave Cylindra \u2013 GRAINES ENDUITES"},"content":{"rendered":"","protected":false},"excerpt":{"rendered":"<p>Vari\u00e9t\u00e9 v\u00e9g\u00e9tale pr\u00e9coce et fertile. Racines tubulaires \u00e0 peau lisse, de 15 \u00e0 18 cm de long. Chair rouge, intens\u00e9ment color\u00e9e, ferme, juteuse et savoureuse. Pour la consommation directe et pour les conserves. Tr\u00e8s bonne vari\u00e9t\u00e9 pour le stockage. Graines enrob\u00e9es. Composition du rev\u00eatement: tourbe, dolomite, argile.<br \/>\n<\/b><br \/>\n<strong>Betterave Cylindra \u2013 GRAINES ENDUITES <\/strong><br \/>\n<\/b><br \/>\n<strong>Profondeur de semis:<\/strong> 2-3 cm<br \/>\n<strong>Temps de semis:<\/strong> avril &#8211; juin<br \/>\n<strong>Propagation:<\/strong> 30-40 x 5 cm<br \/>\n<strong>P\u00e9riode de r\u00e9colte:<\/strong> juillet &#8211; octobre<br \/>\n<\/b><br \/>\nUn paquet contient 100 graines.<\/p>\n","protected":false},"featured_media":27660,"template":"","meta":{"_monsterinsights_skip_tracking":false,"_monsterinsights_sitenote_active":false,"_monsterinsights_sitenote_note":"","_monsterinsights_sitenote_category":0},"product_cat":[1555,1549,1587],"product_tag":[1714,1713,1658],"class_list":["post-27653","product","type-product","status-publish","has-post-thumbnail","hentry","product_cat-graines-de-betteraves","product_cat-graines-de-legumes","product_cat-graines-enrobees","product_tag-betterave-cylindra","product_tag-betterave-cylindra-graines-enduites","product_tag-graines-enduites"],"yoast_head":"<!-- This site is optimized with the Yoast SEO plugin v21.6 - https:\/\/yoast.com\/wordpress\/plugins\/seo\/ -->\n<title>Betterave Cylindra \u2013 GRAINES ENDUITES - producteur de semences - PremiumSeeds<\/title>\n<meta name=\"description\" content=\"Betterave Cylindra \u2013 GRAINES ENDUITES graines \u2013 en provenance directe du propri\u00e9taire de la marque PremiumSeeds. Vente en gros et distribution de graines Betterave Cylindra \u2013 GRAINES ENDUITES. Germination prouv\u00e9e et garantie. Commandez directement aupr\u00e8s du fabricant.\" \/>\n<meta name=\"robots\" content=\"index, follow, max-snippet:-1, max-image-preview:large, max-video-preview:-1\" \/>\n<link rel=\"canonical\" href=\"https:\/\/premiumseeds.eu\/fr\/produkt\/betterave-cylindra-graines-enduites\/\" \/>\n<meta property=\"og:locale\" content=\"fr_FR\" \/>\n<meta property=\"og:type\" content=\"article\" \/>\n<meta property=\"og:title\" content=\"Betterave Cylindra \u2013 GRAINES ENDUITES - producteur de semences - PremiumSeeds\" \/>\n<meta property=\"og:description\" content=\"Betterave Cylindra \u2013 GRAINES ENDUITES graines \u2013 en provenance directe du propri\u00e9taire de la marque PremiumSeeds. Vente en gros et distribution de graines Betterave Cylindra \u2013 GRAINES ENDUITES. Germination prouv\u00e9e et garantie. Commandez directement aupr\u00e8s du fabricant.\" \/>\n<meta property=\"og:url\" content=\"https:\/\/premiumseeds.eu\/fr\/produkt\/betterave-cylindra-graines-enduites\/\" \/>\n<meta property=\"og:site_name\" content=\"PremiumSeeds\" \/>\n<meta property=\"article:modified_time\" content=\"2022-06-20T09:30:11+00:00\" \/>\n<meta property=\"og:image\" content=\"https:\/\/premiumseeds.eu\/wp-content\/uploads\/2022\/06\/76_WORLD-N1701035_RGB_VS-3.jpg\" \/>\n\t<meta property=\"og:image:width\" content=\"945\" \/>\n\t<meta property=\"og:image:height\" content=\"1770\" \/>\n\t<meta property=\"og:image:type\" content=\"image\/jpeg\" \/>\n<meta name=\"twitter:card\" content=\"summary_large_image\" \/>\n<script type=\"application\/ld+json\" class=\"yoast-schema-graph\">{\"@context\":\"https:\/\/schema.org\",\"@graph\":[{\"@type\":\"WebPage\",\"@id\":\"https:\/\/premiumseeds.eu\/fr\/produkt\/betterave-cylindra-graines-enduites\/\",\"url\":\"https:\/\/premiumseeds.eu\/fr\/produkt\/betterave-cylindra-graines-enduites\/\",\"name\":\"Betterave Cylindra \u2013 GRAINES ENDUITES - producteur de semences - PremiumSeeds\",\"isPartOf\":{\"@id\":\"https:\/\/premiumseeds.eu\/fr\/#website\"},\"datePublished\":\"2022-06-20T09:21:27+00:00\",\"dateModified\":\"2022-06-20T09:30:11+00:00\",\"description\":\"Betterave Cylindra \u2013 GRAINES ENDUITES graines \u2013 en provenance directe du propri\u00e9taire de la marque PremiumSeeds. Vente en gros et distribution de graines Betterave Cylindra \u2013 GRAINES ENDUITES. Germination prouv\u00e9e et garantie. Commandez directement aupr\u00e8s du fabricant.\",\"breadcrumb\":{\"@id\":\"https:\/\/premiumseeds.eu\/fr\/produkt\/betterave-cylindra-graines-enduites\/#breadcrumb\"},\"inLanguage\":\"fr-FR\",\"potentialAction\":[{\"@type\":\"ReadAction\",\"target\":[\"https:\/\/premiumseeds.eu\/fr\/produkt\/betterave-cylindra-graines-enduites\/\"]}]},{\"@type\":\"BreadcrumbList\",\"@id\":\"https:\/\/premiumseeds.eu\/fr\/produkt\/betterave-cylindra-graines-enduites\/#breadcrumb\",\"itemListElement\":[{\"@type\":\"ListItem\",\"position\":1,\"name\":\"Home\",\"item\":\"https:\/\/premiumseeds.eu\/fr\/\"},{\"@type\":\"ListItem\",\"position\":2,\"name\":\"Graines\",\"item\":\"https:\/\/premiumseeds.eu\/fr\/graines\/\"},{\"@type\":\"ListItem\",\"position\":3,\"name\":\"Betterave Cylindra \u2013 GRAINES ENDUITES\"}]},{\"@type\":\"WebSite\",\"@id\":\"https:\/\/premiumseeds.eu\/fr\/#website\",\"url\":\"https:\/\/premiumseeds.eu\/fr\/\",\"name\":\"PremiumSeeds\",\"description\":\"Top seeds producer\",\"potentialAction\":[{\"@type\":\"SearchAction\",\"target\":{\"@type\":\"EntryPoint\",\"urlTemplate\":\"https:\/\/premiumseeds.eu\/fr\/?s={search_term_string}\"},\"query-input\":\"required name=search_term_string\"}],\"inLanguage\":\"fr-FR\"}]}<\/script>\n<!-- \/ Yoast SEO plugin. -->","yoast_head_json":{"title":"Betterave Cylindra \u2013 GRAINES ENDUITES - producteur de semences - PremiumSeeds","description":"Betterave Cylindra \u2013 GRAINES ENDUITES graines \u2013 en provenance directe du propri\u00e9taire de la marque PremiumSeeds. Vente en gros et distribution de graines Betterave Cylindra \u2013 GRAINES ENDUITES. Germination prouv\u00e9e et garantie. Commandez directement aupr\u00e8s du fabricant.","robots":{"index":"index","follow":"follow","max-snippet":"max-snippet:-1","max-image-preview":"max-image-preview:large","max-video-preview":"max-video-preview:-1"},"canonical":"https:\/\/premiumseeds.eu\/fr\/produkt\/betterave-cylindra-graines-enduites\/","og_locale":"fr_FR","og_type":"article","og_title":"Betterave Cylindra \u2013 GRAINES ENDUITES - producteur de semences - PremiumSeeds","og_description":"Betterave Cylindra \u2013 GRAINES ENDUITES graines \u2013 en provenance directe du propri\u00e9taire de la marque PremiumSeeds. Vente en gros et distribution de graines Betterave Cylindra \u2013 GRAINES ENDUITES. Germination prouv\u00e9e et garantie. Commandez directement aupr\u00e8s du fabricant.","og_url":"https:\/\/premiumseeds.eu\/fr\/produkt\/betterave-cylindra-graines-enduites\/","og_site_name":"PremiumSeeds","article_modified_time":"2022-06-20T09:30:11+00:00","og_image":[{"width":945,"height":1770,"url":"https:\/\/premiumseeds.eu\/wp-content\/uploads\/2022\/06\/76_WORLD-N1701035_RGB_VS-3.jpg","type":"image\/jpeg"}],"twitter_card":"summary_large_image","schema":{"@context":"https:\/\/schema.org","@graph":[{"@type":"WebPage","@id":"https:\/\/premiumseeds.eu\/fr\/produkt\/betterave-cylindra-graines-enduites\/","url":"https:\/\/premiumseeds.eu\/fr\/produkt\/betterave-cylindra-graines-enduites\/","name":"Betterave Cylindra \u2013 GRAINES ENDUITES - producteur de semences - PremiumSeeds","isPartOf":{"@id":"https:\/\/premiumseeds.eu\/fr\/#website"},"datePublished":"2022-06-20T09:21:27+00:00","dateModified":"2022-06-20T09:30:11+00:00","description":"Betterave Cylindra \u2013 GRAINES ENDUITES graines \u2013 en provenance directe du propri\u00e9taire de la marque PremiumSeeds. Vente en gros et distribution de graines Betterave Cylindra \u2013 GRAINES ENDUITES. Germination prouv\u00e9e et garantie. Commandez directement aupr\u00e8s du fabricant.","breadcrumb":{"@id":"https:\/\/premiumseeds.eu\/fr\/produkt\/betterave-cylindra-graines-enduites\/#breadcrumb"},"inLanguage":"fr-FR","potentialAction":[{"@type":"ReadAction","target":["https:\/\/premiumseeds.eu\/fr\/produkt\/betterave-cylindra-graines-enduites\/"]}]},{"@type":"BreadcrumbList","@id":"https:\/\/premiumseeds.eu\/fr\/produkt\/betterave-cylindra-graines-enduites\/#breadcrumb","itemListElement":[{"@type":"ListItem","position":1,"name":"Home","item":"https:\/\/premiumseeds.eu\/fr\/"},{"@type":"ListItem","position":2,"name":"Graines","item":"https:\/\/premiumseeds.eu\/fr\/graines\/"},{"@type":"ListItem","position":3,"name":"Betterave Cylindra \u2013 GRAINES ENDUITES"}]},{"@type":"WebSite","@id":"https:\/\/premiumseeds.eu\/fr\/#website","url":"https:\/\/premiumseeds.eu\/fr\/","name":"PremiumSeeds","description":"Top seeds producer","potentialAction":[{"@type":"SearchAction","target":{"@type":"EntryPoint","urlTemplate":"https:\/\/premiumseeds.eu\/fr\/?s={search_term_string}"},"query-input":"required name=search_term_string"}],"inLanguage":"fr-FR"}]}},"_links":{"self":[{"href":"https:\/\/premiumseeds.eu\/fr\/wp-json\/wp\/v2\/product\/27653","targetHints":{"allow":["GET"]}}],"collection":[{"href":"https:\/\/premiumseeds.eu\/fr\/wp-json\/wp\/v2\/product"}],"about":[{"href":"https:\/\/premiumseeds.eu\/fr\/wp-json\/wp\/v2\/types\/product"}],"wp:featuredmedia":[{"embeddable":true,"href":"https:\/\/premiumseeds.eu\/fr\/wp-json\/wp\/v2\/media\/27660"}],"wp:attachment":[{"href":"https:\/\/premiumseeds.eu\/fr\/wp-json\/wp\/v2\/media?parent=27653"}],"wp:term":[{"taxonomy":"product_cat","embeddable":true,"href":"https:\/\/premiumseeds.eu\/fr\/wp-json\/wp\/v2\/product_cat?post=27653"},{"taxonomy":"product_tag","embeddable":true,"href":"https:\/\/premiumseeds.eu\/fr\/wp-json\/wp\/v2\/product_tag?post=27653"}],"curies":[{"name":"wp","href":"https:\/\/api.w.org\/{rel}","templated":true}]}}