{"id":27705,"date":"2022-06-20T12:00:25","date_gmt":"2022-06-20T10:00:25","guid":{"rendered":"https:\/\/premiumseeds.eu\/?post_type=product&#038;p=27705"},"modified":"2022-06-20T12:00:26","modified_gmt":"2022-06-20T10:00:26","slug":"carotte-nantes-3-nantejska-graines-enduites","status":"publish","type":"product","link":"https:\/\/premiumseeds.eu\/fr\/produkt\/carotte-nantes-3-nantejska-graines-enduites\/","title":{"rendered":"Carotte Nantes 3 (Nantejska) \u2013 GRAINES ENDUITES"},"content":{"rendered":"","protected":false},"excerpt":{"rendered":"<p>Vari\u00e9t\u00e9 v\u00e9g\u00e9tale mi-pr\u00e9coce, fertile, pour la r\u00e9colte d&rsquo;\u00e9t\u00e9 et d&rsquo;automne. Racines cylindriques, l\u00e9g\u00e8rement coniques, de 10 \u00e0 15 cm de long. Chair orange, uniform\u00e9ment color\u00e9e, croquante, sucr\u00e9e et savoureuse. Pour une consommation imm\u00e9diate et un stockage \u00e0 court terme. Graines enrob\u00e9es. Composition du rev\u00eatement: tourbe, dolomite, argile.<br \/>\n<\/b><br \/>\n<strong>Carotte Nantes 3 (Nantejska) \u2013 GRAINES ENDUITES <\/strong><br \/>\n<\/b><br \/>\n<strong>Profondeur de semis:<\/strong> 1-2 cm<br \/>\n<strong>Temps de semis:<\/strong> 15 mars &#8211; 15 mai<br \/>\n<strong>Propagation:<\/strong> 25-40 x 5-8 cm<br \/>\n<strong>P\u00e9riode de r\u00e9colte:<\/strong> ao\u00fbt &#8211; octobre<br \/>\n<\/b><br \/>\nUn paquet contient 400 graines.<\/p>\n","protected":false},"featured_media":27713,"template":"","meta":{"_monsterinsights_skip_tracking":false,"_monsterinsights_sitenote_active":false,"_monsterinsights_sitenote_note":"","_monsterinsights_sitenote_category":0},"product_cat":[1556,1549,1587],"product_tag":[1721,1720,1658],"class_list":["post-27705","product","type-product","status-publish","has-post-thumbnail","hentry","product_cat-graines-de-carottes","product_cat-graines-de-legumes","product_cat-graines-enrobees","product_tag-carotte-nantes-3-nantejska","product_tag-carotte-nantes-3-nantejska-graines-enduites","product_tag-graines-enduites"],"yoast_head":"<!-- This site is optimized with the Yoast SEO plugin v21.6 - https:\/\/yoast.com\/wordpress\/plugins\/seo\/ -->\n<title>Carotte Nantes 3 (Nantejska) \u2013 GRAINES ENDUITES - producteur de semences - PremiumSeeds<\/title>\n<meta name=\"description\" content=\"Carotte Nantes 3 (Nantejska) \u2013 GRAINES ENDUITES graines \u2013 en provenance directe du propri\u00e9taire de la marque PremiumSeeds. Vente en gros et distribution de graines Carotte Nantes 3 (Nantejska) \u2013 GRAINES ENDUITES. Germination prouv\u00e9e et garantie. Commandez directement aupr\u00e8s du fabricant.\" \/>\n<meta name=\"robots\" content=\"index, follow, max-snippet:-1, max-image-preview:large, max-video-preview:-1\" \/>\n<link rel=\"canonical\" href=\"https:\/\/premiumseeds.eu\/fr\/produkt\/carotte-nantes-3-nantejska-graines-enduites\/\" \/>\n<meta property=\"og:locale\" content=\"fr_FR\" \/>\n<meta property=\"og:type\" content=\"article\" \/>\n<meta property=\"og:title\" content=\"Carotte Nantes 3 (Nantejska) \u2013 GRAINES ENDUITES - producteur de semences - PremiumSeeds\" \/>\n<meta property=\"og:description\" content=\"Carotte Nantes 3 (Nantejska) \u2013 GRAINES ENDUITES graines \u2013 en provenance directe du propri\u00e9taire de la marque PremiumSeeds. Vente en gros et distribution de graines Carotte Nantes 3 (Nantejska) \u2013 GRAINES ENDUITES. Germination prouv\u00e9e et garantie. Commandez directement aupr\u00e8s du fabricant.\" \/>\n<meta property=\"og:url\" content=\"https:\/\/premiumseeds.eu\/fr\/produkt\/carotte-nantes-3-nantejska-graines-enduites\/\" \/>\n<meta property=\"og:site_name\" content=\"PremiumSeeds\" \/>\n<meta property=\"article:modified_time\" content=\"2022-06-20T10:00:26+00:00\" \/>\n<meta property=\"og:image\" content=\"https:\/\/premiumseeds.eu\/wp-content\/uploads\/2022\/06\/81_WORLD-14016254_RGB_VS-2.jpg\" \/>\n\t<meta property=\"og:image:width\" content=\"945\" \/>\n\t<meta property=\"og:image:height\" content=\"1770\" \/>\n\t<meta property=\"og:image:type\" content=\"image\/jpeg\" \/>\n<meta name=\"twitter:card\" content=\"summary_large_image\" \/>\n<script type=\"application\/ld+json\" class=\"yoast-schema-graph\">{\"@context\":\"https:\/\/schema.org\",\"@graph\":[{\"@type\":\"WebPage\",\"@id\":\"https:\/\/premiumseeds.eu\/fr\/produkt\/carotte-nantes-3-nantejska-graines-enduites\/\",\"url\":\"https:\/\/premiumseeds.eu\/fr\/produkt\/carotte-nantes-3-nantejska-graines-enduites\/\",\"name\":\"Carotte Nantes 3 (Nantejska) \u2013 GRAINES ENDUITES - producteur de semences - PremiumSeeds\",\"isPartOf\":{\"@id\":\"https:\/\/premiumseeds.eu\/fr\/#website\"},\"datePublished\":\"2022-06-20T10:00:25+00:00\",\"dateModified\":\"2022-06-20T10:00:26+00:00\",\"description\":\"Carotte Nantes 3 (Nantejska) \u2013 GRAINES ENDUITES graines \u2013 en provenance directe du propri\u00e9taire de la marque PremiumSeeds. Vente en gros et distribution de graines Carotte Nantes 3 (Nantejska) \u2013 GRAINES ENDUITES. Germination prouv\u00e9e et garantie. Commandez directement aupr\u00e8s du fabricant.\",\"breadcrumb\":{\"@id\":\"https:\/\/premiumseeds.eu\/fr\/produkt\/carotte-nantes-3-nantejska-graines-enduites\/#breadcrumb\"},\"inLanguage\":\"fr-FR\",\"potentialAction\":[{\"@type\":\"ReadAction\",\"target\":[\"https:\/\/premiumseeds.eu\/fr\/produkt\/carotte-nantes-3-nantejska-graines-enduites\/\"]}]},{\"@type\":\"BreadcrumbList\",\"@id\":\"https:\/\/premiumseeds.eu\/fr\/produkt\/carotte-nantes-3-nantejska-graines-enduites\/#breadcrumb\",\"itemListElement\":[{\"@type\":\"ListItem\",\"position\":1,\"name\":\"Home\",\"item\":\"https:\/\/premiumseeds.eu\/fr\/\"},{\"@type\":\"ListItem\",\"position\":2,\"name\":\"Graines\",\"item\":\"https:\/\/premiumseeds.eu\/fr\/graines\/\"},{\"@type\":\"ListItem\",\"position\":3,\"name\":\"Carotte Nantes 3 (Nantejska) \u2013 GRAINES ENDUITES\"}]},{\"@type\":\"WebSite\",\"@id\":\"https:\/\/premiumseeds.eu\/fr\/#website\",\"url\":\"https:\/\/premiumseeds.eu\/fr\/\",\"name\":\"PremiumSeeds\",\"description\":\"Top seeds producer\",\"potentialAction\":[{\"@type\":\"SearchAction\",\"target\":{\"@type\":\"EntryPoint\",\"urlTemplate\":\"https:\/\/premiumseeds.eu\/fr\/?s={search_term_string}\"},\"query-input\":\"required name=search_term_string\"}],\"inLanguage\":\"fr-FR\"}]}<\/script>\n<!-- \/ Yoast SEO plugin. -->","yoast_head_json":{"title":"Carotte Nantes 3 (Nantejska) \u2013 GRAINES ENDUITES - producteur de semences - PremiumSeeds","description":"Carotte Nantes 3 (Nantejska) \u2013 GRAINES ENDUITES graines \u2013 en provenance directe du propri\u00e9taire de la marque PremiumSeeds. Vente en gros et distribution de graines Carotte Nantes 3 (Nantejska) \u2013 GRAINES ENDUITES. Germination prouv\u00e9e et garantie. Commandez directement aupr\u00e8s du fabricant.","robots":{"index":"index","follow":"follow","max-snippet":"max-snippet:-1","max-image-preview":"max-image-preview:large","max-video-preview":"max-video-preview:-1"},"canonical":"https:\/\/premiumseeds.eu\/fr\/produkt\/carotte-nantes-3-nantejska-graines-enduites\/","og_locale":"fr_FR","og_type":"article","og_title":"Carotte Nantes 3 (Nantejska) \u2013 GRAINES ENDUITES - producteur de semences - PremiumSeeds","og_description":"Carotte Nantes 3 (Nantejska) \u2013 GRAINES ENDUITES graines \u2013 en provenance directe du propri\u00e9taire de la marque PremiumSeeds. Vente en gros et distribution de graines Carotte Nantes 3 (Nantejska) \u2013 GRAINES ENDUITES. Germination prouv\u00e9e et garantie. Commandez directement aupr\u00e8s du fabricant.","og_url":"https:\/\/premiumseeds.eu\/fr\/produkt\/carotte-nantes-3-nantejska-graines-enduites\/","og_site_name":"PremiumSeeds","article_modified_time":"2022-06-20T10:00:26+00:00","og_image":[{"width":945,"height":1770,"url":"https:\/\/premiumseeds.eu\/wp-content\/uploads\/2022\/06\/81_WORLD-14016254_RGB_VS-2.jpg","type":"image\/jpeg"}],"twitter_card":"summary_large_image","schema":{"@context":"https:\/\/schema.org","@graph":[{"@type":"WebPage","@id":"https:\/\/premiumseeds.eu\/fr\/produkt\/carotte-nantes-3-nantejska-graines-enduites\/","url":"https:\/\/premiumseeds.eu\/fr\/produkt\/carotte-nantes-3-nantejska-graines-enduites\/","name":"Carotte Nantes 3 (Nantejska) \u2013 GRAINES ENDUITES - producteur de semences - PremiumSeeds","isPartOf":{"@id":"https:\/\/premiumseeds.eu\/fr\/#website"},"datePublished":"2022-06-20T10:00:25+00:00","dateModified":"2022-06-20T10:00:26+00:00","description":"Carotte Nantes 3 (Nantejska) \u2013 GRAINES ENDUITES graines \u2013 en provenance directe du propri\u00e9taire de la marque PremiumSeeds. Vente en gros et distribution de graines Carotte Nantes 3 (Nantejska) \u2013 GRAINES ENDUITES. Germination prouv\u00e9e et garantie. Commandez directement aupr\u00e8s du fabricant.","breadcrumb":{"@id":"https:\/\/premiumseeds.eu\/fr\/produkt\/carotte-nantes-3-nantejska-graines-enduites\/#breadcrumb"},"inLanguage":"fr-FR","potentialAction":[{"@type":"ReadAction","target":["https:\/\/premiumseeds.eu\/fr\/produkt\/carotte-nantes-3-nantejska-graines-enduites\/"]}]},{"@type":"BreadcrumbList","@id":"https:\/\/premiumseeds.eu\/fr\/produkt\/carotte-nantes-3-nantejska-graines-enduites\/#breadcrumb","itemListElement":[{"@type":"ListItem","position":1,"name":"Home","item":"https:\/\/premiumseeds.eu\/fr\/"},{"@type":"ListItem","position":2,"name":"Graines","item":"https:\/\/premiumseeds.eu\/fr\/graines\/"},{"@type":"ListItem","position":3,"name":"Carotte Nantes 3 (Nantejska) \u2013 GRAINES ENDUITES"}]},{"@type":"WebSite","@id":"https:\/\/premiumseeds.eu\/fr\/#website","url":"https:\/\/premiumseeds.eu\/fr\/","name":"PremiumSeeds","description":"Top seeds producer","potentialAction":[{"@type":"SearchAction","target":{"@type":"EntryPoint","urlTemplate":"https:\/\/premiumseeds.eu\/fr\/?s={search_term_string}"},"query-input":"required name=search_term_string"}],"inLanguage":"fr-FR"}]}},"_links":{"self":[{"href":"https:\/\/premiumseeds.eu\/fr\/wp-json\/wp\/v2\/product\/27705","targetHints":{"allow":["GET"]}}],"collection":[{"href":"https:\/\/premiumseeds.eu\/fr\/wp-json\/wp\/v2\/product"}],"about":[{"href":"https:\/\/premiumseeds.eu\/fr\/wp-json\/wp\/v2\/types\/product"}],"wp:featuredmedia":[{"embeddable":true,"href":"https:\/\/premiumseeds.eu\/fr\/wp-json\/wp\/v2\/media\/27713"}],"wp:attachment":[{"href":"https:\/\/premiumseeds.eu\/fr\/wp-json\/wp\/v2\/media?parent=27705"}],"wp:term":[{"taxonomy":"product_cat","embeddable":true,"href":"https:\/\/premiumseeds.eu\/fr\/wp-json\/wp\/v2\/product_cat?post=27705"},{"taxonomy":"product_tag","embeddable":true,"href":"https:\/\/premiumseeds.eu\/fr\/wp-json\/wp\/v2\/product_tag?post=27705"}],"curies":[{"name":"wp","href":"https:\/\/api.w.org\/{rel}","templated":true}]}}