{"id":28122,"date":"2022-06-20T14:50:44","date_gmt":"2022-06-20T12:50:44","guid":{"rendered":"https:\/\/premiumseeds.eu\/?post_type=product&#038;p=28122"},"modified":"2022-11-30T15:41:05","modified_gmt":"2022-11-30T14:41:05","slug":"radis-tetra-ilowiecka","status":"publish","type":"product","link":"https:\/\/premiumseeds.eu\/fr\/produkt\/radis-tetra-ilowiecka\/","title":{"rendered":"Radis Tetra I\u0142\u00f3wiecka"},"content":{"rendered":"","protected":false},"excerpt":{"rendered":"<p>Vari\u00e9t\u00e9 v\u00e9g\u00e9tale moyennement pr\u00e9coce, r\u00e9sistante aux maladies. Tr\u00e8s grandes indurations atteignant 4 cm de diam\u00e8tre, sph\u00e9riques, \u00e9carlates \u00e0 pointe blanche. La pulpe est blanche, juteuse, l\u00e9g\u00e8rement \u00e9pic\u00e9e. Pour la consommation directe et la cuisson.<br \/>\n<\/b><br \/>\n<strong>Radis Tetra I\u0142\u00f3wiecka &#8211; semences<\/strong><br \/>\n<\/b><br \/>\n<strong>Profondeur de semis:<\/strong> 1 cm<br \/>\n<strong>Temps de semis:<\/strong> mars &#8211; avril<br \/>\n<strong>Temps de plantation des semis en ext\u00e9rieur:<\/strong> mars &#8211; avril, ao\u00fbt<br \/>\n<strong>Propagation:<\/strong> 10-20 x 2 cm<br \/>\n<strong>P\u00e9riode de r\u00e9colte:<\/strong> Avril-Juin, Septembre-Novembre<br \/>\n<\/b><br \/>\nUn paquet contient 5 g de graines.<\/p>\n","protected":false},"featured_media":28129,"template":"","meta":{"_monsterinsights_skip_tracking":false,"_monsterinsights_sitenote_active":false,"_monsterinsights_sitenote_note":"","_monsterinsights_sitenote_category":0},"product_cat":[1549,1584],"product_tag":[2662],"class_list":["post-28122","product","type-product","status-publish","has-post-thumbnail","hentry","product_cat-graines-de-legumes","product_cat-graines-de-radis","product_tag-radis-tetra-ilowiecka-semences"],"yoast_head":"<!-- This site is optimized with the Yoast SEO plugin v21.6 - https:\/\/yoast.com\/wordpress\/plugins\/seo\/ -->\n<title>Radis Tetra I\u0142\u00f3wiecka - producteur de semences - PremiumSeeds<\/title>\n<meta name=\"description\" content=\"Radis Tetra I\u0142\u00f3wiecka graines \u2013 en provenance directe du propri\u00e9taire de la marque PremiumSeeds. Vente en gros et distribution de graines Radis Tetra I\u0142\u00f3wiecka. Germination prouv\u00e9e et garantie. Commandez directement aupr\u00e8s du fabricant.\" \/>\n<meta name=\"robots\" content=\"index, follow, max-snippet:-1, max-image-preview:large, max-video-preview:-1\" \/>\n<link rel=\"canonical\" href=\"https:\/\/premiumseeds.eu\/fr\/produkt\/radis-tetra-ilowiecka\/\" \/>\n<meta property=\"og:locale\" content=\"fr_FR\" \/>\n<meta property=\"og:type\" content=\"article\" \/>\n<meta property=\"og:title\" content=\"Radis Tetra I\u0142\u00f3wiecka - producteur de semences - PremiumSeeds\" \/>\n<meta property=\"og:description\" content=\"Radis Tetra I\u0142\u00f3wiecka graines \u2013 en provenance directe du propri\u00e9taire de la marque PremiumSeeds. Vente en gros et distribution de graines Radis Tetra I\u0142\u00f3wiecka. Germination prouv\u00e9e et garantie. Commandez directement aupr\u00e8s du fabricant.\" \/>\n<meta property=\"og:url\" content=\"https:\/\/premiumseeds.eu\/fr\/produkt\/radis-tetra-ilowiecka\/\" \/>\n<meta property=\"og:site_name\" content=\"PremiumSeeds\" \/>\n<meta property=\"article:modified_time\" content=\"2022-11-30T14:41:05+00:00\" \/>\n<meta property=\"og:image\" content=\"https:\/\/premiumseeds.eu\/wp-content\/uploads\/2022\/06\/94_WORLD-10047846_RGB_VS-2.jpg\" \/>\n\t<meta property=\"og:image:width\" content=\"945\" \/>\n\t<meta property=\"og:image:height\" content=\"1770\" \/>\n\t<meta property=\"og:image:type\" content=\"image\/jpeg\" \/>\n<meta name=\"twitter:card\" content=\"summary_large_image\" \/>\n<script type=\"application\/ld+json\" class=\"yoast-schema-graph\">{\"@context\":\"https:\/\/schema.org\",\"@graph\":[{\"@type\":\"WebPage\",\"@id\":\"https:\/\/premiumseeds.eu\/fr\/produkt\/radis-tetra-ilowiecka\/\",\"url\":\"https:\/\/premiumseeds.eu\/fr\/produkt\/radis-tetra-ilowiecka\/\",\"name\":\"Radis Tetra I\u0142\u00f3wiecka - producteur de semences - PremiumSeeds\",\"isPartOf\":{\"@id\":\"https:\/\/premiumseeds.eu\/fr\/#website\"},\"datePublished\":\"2022-06-20T12:50:44+00:00\",\"dateModified\":\"2022-11-30T14:41:05+00:00\",\"description\":\"Radis Tetra I\u0142\u00f3wiecka graines \u2013 en provenance directe du propri\u00e9taire de la marque PremiumSeeds. Vente en gros et distribution de graines Radis Tetra I\u0142\u00f3wiecka. Germination prouv\u00e9e et garantie. Commandez directement aupr\u00e8s du fabricant.\",\"breadcrumb\":{\"@id\":\"https:\/\/premiumseeds.eu\/fr\/produkt\/radis-tetra-ilowiecka\/#breadcrumb\"},\"inLanguage\":\"fr-FR\",\"potentialAction\":[{\"@type\":\"ReadAction\",\"target\":[\"https:\/\/premiumseeds.eu\/fr\/produkt\/radis-tetra-ilowiecka\/\"]}]},{\"@type\":\"BreadcrumbList\",\"@id\":\"https:\/\/premiumseeds.eu\/fr\/produkt\/radis-tetra-ilowiecka\/#breadcrumb\",\"itemListElement\":[{\"@type\":\"ListItem\",\"position\":1,\"name\":\"Home\",\"item\":\"https:\/\/premiumseeds.eu\/fr\/\"},{\"@type\":\"ListItem\",\"position\":2,\"name\":\"Graines\",\"item\":\"https:\/\/premiumseeds.eu\/fr\/graines\/\"},{\"@type\":\"ListItem\",\"position\":3,\"name\":\"Radis Tetra I\u0142\u00f3wiecka\"}]},{\"@type\":\"WebSite\",\"@id\":\"https:\/\/premiumseeds.eu\/fr\/#website\",\"url\":\"https:\/\/premiumseeds.eu\/fr\/\",\"name\":\"PremiumSeeds\",\"description\":\"Top seeds producer\",\"potentialAction\":[{\"@type\":\"SearchAction\",\"target\":{\"@type\":\"EntryPoint\",\"urlTemplate\":\"https:\/\/premiumseeds.eu\/fr\/?s={search_term_string}\"},\"query-input\":\"required name=search_term_string\"}],\"inLanguage\":\"fr-FR\"}]}<\/script>\n<!-- \/ Yoast SEO plugin. -->","yoast_head_json":{"title":"Radis Tetra I\u0142\u00f3wiecka - producteur de semences - PremiumSeeds","description":"Radis Tetra I\u0142\u00f3wiecka graines \u2013 en provenance directe du propri\u00e9taire de la marque PremiumSeeds. Vente en gros et distribution de graines Radis Tetra I\u0142\u00f3wiecka. Germination prouv\u00e9e et garantie. Commandez directement aupr\u00e8s du fabricant.","robots":{"index":"index","follow":"follow","max-snippet":"max-snippet:-1","max-image-preview":"max-image-preview:large","max-video-preview":"max-video-preview:-1"},"canonical":"https:\/\/premiumseeds.eu\/fr\/produkt\/radis-tetra-ilowiecka\/","og_locale":"fr_FR","og_type":"article","og_title":"Radis Tetra I\u0142\u00f3wiecka - producteur de semences - PremiumSeeds","og_description":"Radis Tetra I\u0142\u00f3wiecka graines \u2013 en provenance directe du propri\u00e9taire de la marque PremiumSeeds. Vente en gros et distribution de graines Radis Tetra I\u0142\u00f3wiecka. Germination prouv\u00e9e et garantie. Commandez directement aupr\u00e8s du fabricant.","og_url":"https:\/\/premiumseeds.eu\/fr\/produkt\/radis-tetra-ilowiecka\/","og_site_name":"PremiumSeeds","article_modified_time":"2022-11-30T14:41:05+00:00","og_image":[{"width":945,"height":1770,"url":"https:\/\/premiumseeds.eu\/wp-content\/uploads\/2022\/06\/94_WORLD-10047846_RGB_VS-2.jpg","type":"image\/jpeg"}],"twitter_card":"summary_large_image","schema":{"@context":"https:\/\/schema.org","@graph":[{"@type":"WebPage","@id":"https:\/\/premiumseeds.eu\/fr\/produkt\/radis-tetra-ilowiecka\/","url":"https:\/\/premiumseeds.eu\/fr\/produkt\/radis-tetra-ilowiecka\/","name":"Radis Tetra I\u0142\u00f3wiecka - producteur de semences - PremiumSeeds","isPartOf":{"@id":"https:\/\/premiumseeds.eu\/fr\/#website"},"datePublished":"2022-06-20T12:50:44+00:00","dateModified":"2022-11-30T14:41:05+00:00","description":"Radis Tetra I\u0142\u00f3wiecka graines \u2013 en provenance directe du propri\u00e9taire de la marque PremiumSeeds. Vente en gros et distribution de graines Radis Tetra I\u0142\u00f3wiecka. Germination prouv\u00e9e et garantie. Commandez directement aupr\u00e8s du fabricant.","breadcrumb":{"@id":"https:\/\/premiumseeds.eu\/fr\/produkt\/radis-tetra-ilowiecka\/#breadcrumb"},"inLanguage":"fr-FR","potentialAction":[{"@type":"ReadAction","target":["https:\/\/premiumseeds.eu\/fr\/produkt\/radis-tetra-ilowiecka\/"]}]},{"@type":"BreadcrumbList","@id":"https:\/\/premiumseeds.eu\/fr\/produkt\/radis-tetra-ilowiecka\/#breadcrumb","itemListElement":[{"@type":"ListItem","position":1,"name":"Home","item":"https:\/\/premiumseeds.eu\/fr\/"},{"@type":"ListItem","position":2,"name":"Graines","item":"https:\/\/premiumseeds.eu\/fr\/graines\/"},{"@type":"ListItem","position":3,"name":"Radis Tetra I\u0142\u00f3wiecka"}]},{"@type":"WebSite","@id":"https:\/\/premiumseeds.eu\/fr\/#website","url":"https:\/\/premiumseeds.eu\/fr\/","name":"PremiumSeeds","description":"Top seeds producer","potentialAction":[{"@type":"SearchAction","target":{"@type":"EntryPoint","urlTemplate":"https:\/\/premiumseeds.eu\/fr\/?s={search_term_string}"},"query-input":"required name=search_term_string"}],"inLanguage":"fr-FR"}]}},"_links":{"self":[{"href":"https:\/\/premiumseeds.eu\/fr\/wp-json\/wp\/v2\/product\/28122","targetHints":{"allow":["GET"]}}],"collection":[{"href":"https:\/\/premiumseeds.eu\/fr\/wp-json\/wp\/v2\/product"}],"about":[{"href":"https:\/\/premiumseeds.eu\/fr\/wp-json\/wp\/v2\/types\/product"}],"wp:featuredmedia":[{"embeddable":true,"href":"https:\/\/premiumseeds.eu\/fr\/wp-json\/wp\/v2\/media\/28129"}],"wp:attachment":[{"href":"https:\/\/premiumseeds.eu\/fr\/wp-json\/wp\/v2\/media?parent=28122"}],"wp:term":[{"taxonomy":"product_cat","embeddable":true,"href":"https:\/\/premiumseeds.eu\/fr\/wp-json\/wp\/v2\/product_cat?post=28122"},{"taxonomy":"product_tag","embeddable":true,"href":"https:\/\/premiumseeds.eu\/fr\/wp-json\/wp\/v2\/product_tag?post=28122"}],"curies":[{"name":"wp","href":"https:\/\/api.w.org\/{rel}","templated":true}]}}