{"id":28201,"date":"2022-06-20T15:05:47","date_gmt":"2022-06-20T13:05:47","guid":{"rendered":"https:\/\/premiumseeds.eu\/?post_type=product&#038;p=28201"},"modified":"2023-07-05T09:32:57","modified_gmt":"2023-07-05T07:32:57","slug":"menthe-a-feuilles-rondes","status":"publish","type":"product","link":"https:\/\/premiumseeds.eu\/fr\/produkt\/menthe-a-feuilles-rondes\/","title":{"rendered":"Menthe \u00e0 feuilles rondes"},"content":{"rendered":"","protected":false},"excerpt":{"rendered":"<p>Plante vivace d&rsquo;environ 40 cm de haut. Une plante aux propri\u00e9t\u00e9s m\u00e9dicinales, \u00e9pic\u00e9e et ornementale. Feuilles rondes vertes claires, tr\u00e8s aromatiques. Pour le brassage d&rsquo;infusions, en compl\u00e9ment de desserts, de salades, de plats de viande et pour les boissons.<br \/>\n<\/b><br \/>\n<strong>Menthe \u00e0 feuilles rondes &#8211; semences<\/strong><br \/>\n<\/b><br \/>\n<strong>Profondeur de semis:<\/strong> 0,5 &#8211; 1 cm<br \/>\n<strong>Temps de semis en serre:<\/strong> avril<br \/>\n<strong>Temps de semis en ext\u00e9rieur:<\/strong> mai<br \/>\n<strong>Temps de plantation des semis en ext\u00e9rieur:<\/strong> juin &#8211; juillet<br \/>\n<strong>Propagation:<\/strong> 40 x 40 cm<br \/>\n<strong>P\u00e9riode de r\u00e9colte:<\/strong> mai &#8211; septembre<br \/>\n<\/b><br \/>\nUn paquet contient 0,1 g de graines.<\/p>\n","protected":false},"featured_media":58940,"template":"","meta":{"_monsterinsights_skip_tracking":false,"_monsterinsights_sitenote_active":false,"_monsterinsights_sitenote_note":"","_monsterinsights_sitenote_category":0},"product_cat":[1469,1459],"product_tag":[2658],"class_list":["post-28201","product","type-product","status-publish","has-post-thumbnail","hentry","product_cat-graines-dautres-herbes","product_cat-graines-dherbes-aromatiques","product_tag-menthe-a-feuilles-rondes-semences"],"yoast_head":"<!-- This site is optimized with the Yoast SEO plugin v21.6 - https:\/\/yoast.com\/wordpress\/plugins\/seo\/ -->\n<title>Menthe \u00e0 feuilles rondes - producteur de semences - PremiumSeeds<\/title>\n<meta name=\"description\" content=\"Menthe \u00e0 feuilles rondes graines \u2013 en provenance directe du propri\u00e9taire de la marque PremiumSeeds. Vente en gros et distribution de graines Menthe \u00e0 feuilles rondes. Germination prouv\u00e9e et garantie. Commandez directement aupr\u00e8s du fabricant.\" \/>\n<meta name=\"robots\" content=\"index, follow, max-snippet:-1, max-image-preview:large, max-video-preview:-1\" \/>\n<link rel=\"canonical\" href=\"https:\/\/premiumseeds.eu\/fr\/produkt\/menthe-a-feuilles-rondes\/\" \/>\n<meta property=\"og:locale\" content=\"fr_FR\" \/>\n<meta property=\"og:type\" content=\"article\" \/>\n<meta property=\"og:title\" content=\"Menthe \u00e0 feuilles rondes - producteur de semences - PremiumSeeds\" \/>\n<meta property=\"og:description\" content=\"Menthe \u00e0 feuilles rondes graines \u2013 en provenance directe du propri\u00e9taire de la marque PremiumSeeds. Vente en gros et distribution de graines Menthe \u00e0 feuilles rondes. Germination prouv\u00e9e et garantie. Commandez directement aupr\u00e8s du fabricant.\" \/>\n<meta property=\"og:url\" content=\"https:\/\/premiumseeds.eu\/fr\/produkt\/menthe-a-feuilles-rondes\/\" \/>\n<meta property=\"og:site_name\" content=\"PremiumSeeds\" \/>\n<meta property=\"article:modified_time\" content=\"2023-07-05T07:32:57+00:00\" \/>\n<meta property=\"og:image\" content=\"https:\/\/premiumseeds.eu\/wp-content\/uploads\/2022\/06\/WORLD-14116462PA_VS-1-546x1024.jpg\" \/>\n\t<meta property=\"og:image:width\" content=\"546\" \/>\n\t<meta property=\"og:image:height\" content=\"1024\" \/>\n\t<meta property=\"og:image:type\" content=\"image\/jpeg\" \/>\n<meta name=\"twitter:card\" content=\"summary_large_image\" \/>\n<script type=\"application\/ld+json\" class=\"yoast-schema-graph\">{\"@context\":\"https:\/\/schema.org\",\"@graph\":[{\"@type\":\"WebPage\",\"@id\":\"https:\/\/premiumseeds.eu\/fr\/produkt\/menthe-a-feuilles-rondes\/\",\"url\":\"https:\/\/premiumseeds.eu\/fr\/produkt\/menthe-a-feuilles-rondes\/\",\"name\":\"Menthe \u00e0 feuilles rondes - producteur de semences - PremiumSeeds\",\"isPartOf\":{\"@id\":\"https:\/\/premiumseeds.eu\/fr\/#website\"},\"datePublished\":\"2022-06-20T13:05:47+00:00\",\"dateModified\":\"2023-07-05T07:32:57+00:00\",\"description\":\"Menthe \u00e0 feuilles rondes graines \u2013 en provenance directe du propri\u00e9taire de la marque PremiumSeeds. Vente en gros et distribution de graines Menthe \u00e0 feuilles rondes. Germination prouv\u00e9e et garantie. Commandez directement aupr\u00e8s du fabricant.\",\"breadcrumb\":{\"@id\":\"https:\/\/premiumseeds.eu\/fr\/produkt\/menthe-a-feuilles-rondes\/#breadcrumb\"},\"inLanguage\":\"fr-FR\",\"potentialAction\":[{\"@type\":\"ReadAction\",\"target\":[\"https:\/\/premiumseeds.eu\/fr\/produkt\/menthe-a-feuilles-rondes\/\"]}]},{\"@type\":\"BreadcrumbList\",\"@id\":\"https:\/\/premiumseeds.eu\/fr\/produkt\/menthe-a-feuilles-rondes\/#breadcrumb\",\"itemListElement\":[{\"@type\":\"ListItem\",\"position\":1,\"name\":\"Home\",\"item\":\"https:\/\/premiumseeds.eu\/fr\/\"},{\"@type\":\"ListItem\",\"position\":2,\"name\":\"Graines\",\"item\":\"https:\/\/premiumseeds.eu\/fr\/graines\/\"},{\"@type\":\"ListItem\",\"position\":3,\"name\":\"Menthe \u00e0 feuilles rondes\"}]},{\"@type\":\"WebSite\",\"@id\":\"https:\/\/premiumseeds.eu\/fr\/#website\",\"url\":\"https:\/\/premiumseeds.eu\/fr\/\",\"name\":\"PremiumSeeds\",\"description\":\"Top seeds producer\",\"potentialAction\":[{\"@type\":\"SearchAction\",\"target\":{\"@type\":\"EntryPoint\",\"urlTemplate\":\"https:\/\/premiumseeds.eu\/fr\/?s={search_term_string}\"},\"query-input\":\"required name=search_term_string\"}],\"inLanguage\":\"fr-FR\"}]}<\/script>\n<!-- \/ Yoast SEO plugin. -->","yoast_head_json":{"title":"Menthe \u00e0 feuilles rondes - producteur de semences - PremiumSeeds","description":"Menthe \u00e0 feuilles rondes graines \u2013 en provenance directe du propri\u00e9taire de la marque PremiumSeeds. Vente en gros et distribution de graines Menthe \u00e0 feuilles rondes. Germination prouv\u00e9e et garantie. Commandez directement aupr\u00e8s du fabricant.","robots":{"index":"index","follow":"follow","max-snippet":"max-snippet:-1","max-image-preview":"max-image-preview:large","max-video-preview":"max-video-preview:-1"},"canonical":"https:\/\/premiumseeds.eu\/fr\/produkt\/menthe-a-feuilles-rondes\/","og_locale":"fr_FR","og_type":"article","og_title":"Menthe \u00e0 feuilles rondes - producteur de semences - PremiumSeeds","og_description":"Menthe \u00e0 feuilles rondes graines \u2013 en provenance directe du propri\u00e9taire de la marque PremiumSeeds. Vente en gros et distribution de graines Menthe \u00e0 feuilles rondes. Germination prouv\u00e9e et garantie. Commandez directement aupr\u00e8s du fabricant.","og_url":"https:\/\/premiumseeds.eu\/fr\/produkt\/menthe-a-feuilles-rondes\/","og_site_name":"PremiumSeeds","article_modified_time":"2023-07-05T07:32:57+00:00","og_image":[{"width":546,"height":1024,"url":"https:\/\/premiumseeds.eu\/wp-content\/uploads\/2022\/06\/WORLD-14116462PA_VS-1-546x1024.jpg","type":"image\/jpeg"}],"twitter_card":"summary_large_image","schema":{"@context":"https:\/\/schema.org","@graph":[{"@type":"WebPage","@id":"https:\/\/premiumseeds.eu\/fr\/produkt\/menthe-a-feuilles-rondes\/","url":"https:\/\/premiumseeds.eu\/fr\/produkt\/menthe-a-feuilles-rondes\/","name":"Menthe \u00e0 feuilles rondes - producteur de semences - PremiumSeeds","isPartOf":{"@id":"https:\/\/premiumseeds.eu\/fr\/#website"},"datePublished":"2022-06-20T13:05:47+00:00","dateModified":"2023-07-05T07:32:57+00:00","description":"Menthe \u00e0 feuilles rondes graines \u2013 en provenance directe du propri\u00e9taire de la marque PremiumSeeds. Vente en gros et distribution de graines Menthe \u00e0 feuilles rondes. Germination prouv\u00e9e et garantie. Commandez directement aupr\u00e8s du fabricant.","breadcrumb":{"@id":"https:\/\/premiumseeds.eu\/fr\/produkt\/menthe-a-feuilles-rondes\/#breadcrumb"},"inLanguage":"fr-FR","potentialAction":[{"@type":"ReadAction","target":["https:\/\/premiumseeds.eu\/fr\/produkt\/menthe-a-feuilles-rondes\/"]}]},{"@type":"BreadcrumbList","@id":"https:\/\/premiumseeds.eu\/fr\/produkt\/menthe-a-feuilles-rondes\/#breadcrumb","itemListElement":[{"@type":"ListItem","position":1,"name":"Home","item":"https:\/\/premiumseeds.eu\/fr\/"},{"@type":"ListItem","position":2,"name":"Graines","item":"https:\/\/premiumseeds.eu\/fr\/graines\/"},{"@type":"ListItem","position":3,"name":"Menthe \u00e0 feuilles rondes"}]},{"@type":"WebSite","@id":"https:\/\/premiumseeds.eu\/fr\/#website","url":"https:\/\/premiumseeds.eu\/fr\/","name":"PremiumSeeds","description":"Top seeds producer","potentialAction":[{"@type":"SearchAction","target":{"@type":"EntryPoint","urlTemplate":"https:\/\/premiumseeds.eu\/fr\/?s={search_term_string}"},"query-input":"required name=search_term_string"}],"inLanguage":"fr-FR"}]}},"_links":{"self":[{"href":"https:\/\/premiumseeds.eu\/fr\/wp-json\/wp\/v2\/product\/28201","targetHints":{"allow":["GET"]}}],"collection":[{"href":"https:\/\/premiumseeds.eu\/fr\/wp-json\/wp\/v2\/product"}],"about":[{"href":"https:\/\/premiumseeds.eu\/fr\/wp-json\/wp\/v2\/types\/product"}],"wp:featuredmedia":[{"embeddable":true,"href":"https:\/\/premiumseeds.eu\/fr\/wp-json\/wp\/v2\/media\/58940"}],"wp:attachment":[{"href":"https:\/\/premiumseeds.eu\/fr\/wp-json\/wp\/v2\/media?parent=28201"}],"wp:term":[{"taxonomy":"product_cat","embeddable":true,"href":"https:\/\/premiumseeds.eu\/fr\/wp-json\/wp\/v2\/product_cat?post=28201"},{"taxonomy":"product_tag","embeddable":true,"href":"https:\/\/premiumseeds.eu\/fr\/wp-json\/wp\/v2\/product_tag?post=28201"}],"curies":[{"name":"wp","href":"https:\/\/api.w.org\/{rel}","templated":true}]}}