{"id":28346,"date":"2022-06-20T16:01:15","date_gmt":"2022-06-20T14:01:15","guid":{"rendered":"https:\/\/premiumseeds.eu\/?post_type=product&#038;p=28346"},"modified":"2023-08-02T10:17:22","modified_gmt":"2023-08-02T08:17:22","slug":"prairie-fleurie-melange-de-graines-de-plus-de-40-especes-de-fleurs-sauvages","status":"publish","type":"product","link":"https:\/\/premiumseeds.eu\/fr\/produkt\/prairie-fleurie-melange-de-graines-de-plus-de-40-especes-de-fleurs-sauvages\/","title":{"rendered":"Prairie Fleurie &#8211; m\u00e9lange de graines de plus de 40 esp\u00e8ces de fleurs sauvages"},"content":{"rendered":"","protected":false},"excerpt":{"rendered":"<p>Un m\u00e9lange de plus de 40 esp\u00e8ces de fleurs sauvages annuelles et p\u00e9rennes. La hauteur va de 30 \u00e0 100 cm. Sem\u00e9 avec de l\u2019herbe il cr\u00e9era une prairie fleurie color\u00e9e. Les fleurs se d\u00e9velopperont progressivement du d\u00e9but de l&rsquo;\u00e9t\u00e9 jusqu\u2019\u00e0 la fin de l&rsquo;automne.<br \/>\n<\/b><br \/>\n<strong>Prairie Fleurie &#8211; m\u00e9lange de graines de plus de 40 esp\u00e8ces de fleurs sauvages  &#8211; semences<\/strong><br \/>\n<\/b><br \/>\n<strong>Profondeur de semis:<\/strong> 0,5 cm<br \/>\n<strong>Temps de semis:<\/strong> mars &#8211; mai<br \/>\n<strong>Propagation:<\/strong> 20 x 30 cm<br \/>\n<strong>P\u00e9riode de floraison:<\/strong> mai &#8211; octobre<br \/>\n<\/b><br \/>\nUn paquet contient 2 g de graines.<\/p>\n","protected":false},"featured_media":28405,"template":"","meta":{"_monsterinsights_skip_tracking":false,"_monsterinsights_sitenote_active":false,"_monsterinsights_sitenote_note":"","_monsterinsights_sitenote_category":0},"product_cat":[1470,1596,1537],"product_tag":[2652],"class_list":["post-28346","product","type-product","status-publish","has-post-thumbnail","hentry","product_cat-graines-de-fleurs-de-jardin","product_cat-graines-de-prairie-fleurie","product_cat-melanges-de-graines-de-fleurs","product_tag-prairie-fleurie-melange-de-graines-de-plus-de-40-especes-de-fleurs-sauvages-semences"],"yoast_head":"<!-- This site is optimized with the Yoast SEO plugin v21.6 - https:\/\/yoast.com\/wordpress\/plugins\/seo\/ -->\n<title>Prairie Fleurie - m\u00e9lange de graines de plus de 40 esp\u00e8ces de fleurs sauvages - producteur de semences - PremiumSeeds<\/title>\n<meta name=\"description\" content=\"Prairie Fleurie - m\u00e9lange de graines de plus de 40 esp\u00e8ces de fleurs sauvages graines \u2013 en provenance directe du propri\u00e9taire de la marque PremiumSeeds. Vente en gros et distribution de graines Prairie Fleurie - m\u00e9lange de graines de plus de 40 esp\u00e8ces de fleurs sauvages. Germination prouv\u00e9e et garantie. Commandez directement aupr\u00e8s du fabricant.\" \/>\n<meta name=\"robots\" content=\"index, follow, max-snippet:-1, max-image-preview:large, max-video-preview:-1\" \/>\n<link rel=\"canonical\" href=\"https:\/\/premiumseeds.eu\/fr\/produkt\/prairie-fleurie-melange-de-graines-de-plus-de-40-especes-de-fleurs-sauvages\/\" \/>\n<meta property=\"og:locale\" content=\"fr_FR\" \/>\n<meta property=\"og:type\" content=\"article\" \/>\n<meta property=\"og:title\" content=\"Prairie Fleurie - m\u00e9lange de graines de plus de 40 esp\u00e8ces de fleurs sauvages - producteur de semences - PremiumSeeds\" \/>\n<meta property=\"og:description\" content=\"Prairie Fleurie - m\u00e9lange de graines de plus de 40 esp\u00e8ces de fleurs sauvages graines \u2013 en provenance directe du propri\u00e9taire de la marque PremiumSeeds. Vente en gros et distribution de graines Prairie Fleurie - m\u00e9lange de graines de plus de 40 esp\u00e8ces de fleurs sauvages. Germination prouv\u00e9e et garantie. Commandez directement aupr\u00e8s du fabricant.\" \/>\n<meta property=\"og:url\" content=\"https:\/\/premiumseeds.eu\/fr\/produkt\/prairie-fleurie-melange-de-graines-de-plus-de-40-especes-de-fleurs-sauvages\/\" \/>\n<meta property=\"og:site_name\" content=\"PremiumSeeds\" \/>\n<meta property=\"article:modified_time\" content=\"2023-08-02T08:17:22+00:00\" \/>\n<meta property=\"og:image\" content=\"https:\/\/premiumseeds.eu\/wp-content\/uploads\/2022\/06\/104_WORLD-N1522192_RGB_VS-2.jpg\" \/>\n\t<meta property=\"og:image:width\" content=\"945\" \/>\n\t<meta property=\"og:image:height\" content=\"1770\" \/>\n\t<meta property=\"og:image:type\" content=\"image\/jpeg\" \/>\n<meta name=\"twitter:card\" content=\"summary_large_image\" \/>\n<script type=\"application\/ld+json\" class=\"yoast-schema-graph\">{\"@context\":\"https:\/\/schema.org\",\"@graph\":[{\"@type\":\"WebPage\",\"@id\":\"https:\/\/premiumseeds.eu\/fr\/produkt\/prairie-fleurie-melange-de-graines-de-plus-de-40-especes-de-fleurs-sauvages\/\",\"url\":\"https:\/\/premiumseeds.eu\/fr\/produkt\/prairie-fleurie-melange-de-graines-de-plus-de-40-especes-de-fleurs-sauvages\/\",\"name\":\"Prairie Fleurie - m\u00e9lange de graines de plus de 40 esp\u00e8ces de fleurs sauvages - producteur de semences - PremiumSeeds\",\"isPartOf\":{\"@id\":\"https:\/\/premiumseeds.eu\/fr\/#website\"},\"datePublished\":\"2022-06-20T14:01:15+00:00\",\"dateModified\":\"2023-08-02T08:17:22+00:00\",\"description\":\"Prairie Fleurie - m\u00e9lange de graines de plus de 40 esp\u00e8ces de fleurs sauvages graines \u2013 en provenance directe du propri\u00e9taire de la marque PremiumSeeds. Vente en gros et distribution de graines Prairie Fleurie - m\u00e9lange de graines de plus de 40 esp\u00e8ces de fleurs sauvages. Germination prouv\u00e9e et garantie. Commandez directement aupr\u00e8s du fabricant.\",\"breadcrumb\":{\"@id\":\"https:\/\/premiumseeds.eu\/fr\/produkt\/prairie-fleurie-melange-de-graines-de-plus-de-40-especes-de-fleurs-sauvages\/#breadcrumb\"},\"inLanguage\":\"fr-FR\",\"potentialAction\":[{\"@type\":\"ReadAction\",\"target\":[\"https:\/\/premiumseeds.eu\/fr\/produkt\/prairie-fleurie-melange-de-graines-de-plus-de-40-especes-de-fleurs-sauvages\/\"]}]},{\"@type\":\"BreadcrumbList\",\"@id\":\"https:\/\/premiumseeds.eu\/fr\/produkt\/prairie-fleurie-melange-de-graines-de-plus-de-40-especes-de-fleurs-sauvages\/#breadcrumb\",\"itemListElement\":[{\"@type\":\"ListItem\",\"position\":1,\"name\":\"Home\",\"item\":\"https:\/\/premiumseeds.eu\/fr\/\"},{\"@type\":\"ListItem\",\"position\":2,\"name\":\"Graines\",\"item\":\"https:\/\/premiumseeds.eu\/fr\/graines\/\"},{\"@type\":\"ListItem\",\"position\":3,\"name\":\"Prairie Fleurie &#8211; m\u00e9lange de graines de plus de 40 esp\u00e8ces de fleurs sauvages\"}]},{\"@type\":\"WebSite\",\"@id\":\"https:\/\/premiumseeds.eu\/fr\/#website\",\"url\":\"https:\/\/premiumseeds.eu\/fr\/\",\"name\":\"PremiumSeeds\",\"description\":\"Top seeds producer\",\"potentialAction\":[{\"@type\":\"SearchAction\",\"target\":{\"@type\":\"EntryPoint\",\"urlTemplate\":\"https:\/\/premiumseeds.eu\/fr\/?s={search_term_string}\"},\"query-input\":\"required name=search_term_string\"}],\"inLanguage\":\"fr-FR\"}]}<\/script>\n<!-- \/ Yoast SEO plugin. -->","yoast_head_json":{"title":"Prairie Fleurie - m\u00e9lange de graines de plus de 40 esp\u00e8ces de fleurs sauvages - producteur de semences - PremiumSeeds","description":"Prairie Fleurie - m\u00e9lange de graines de plus de 40 esp\u00e8ces de fleurs sauvages graines \u2013 en provenance directe du propri\u00e9taire de la marque PremiumSeeds. Vente en gros et distribution de graines Prairie Fleurie - m\u00e9lange de graines de plus de 40 esp\u00e8ces de fleurs sauvages. Germination prouv\u00e9e et garantie. Commandez directement aupr\u00e8s du fabricant.","robots":{"index":"index","follow":"follow","max-snippet":"max-snippet:-1","max-image-preview":"max-image-preview:large","max-video-preview":"max-video-preview:-1"},"canonical":"https:\/\/premiumseeds.eu\/fr\/produkt\/prairie-fleurie-melange-de-graines-de-plus-de-40-especes-de-fleurs-sauvages\/","og_locale":"fr_FR","og_type":"article","og_title":"Prairie Fleurie - m\u00e9lange de graines de plus de 40 esp\u00e8ces de fleurs sauvages - producteur de semences - PremiumSeeds","og_description":"Prairie Fleurie - m\u00e9lange de graines de plus de 40 esp\u00e8ces de fleurs sauvages graines \u2013 en provenance directe du propri\u00e9taire de la marque PremiumSeeds. Vente en gros et distribution de graines Prairie Fleurie - m\u00e9lange de graines de plus de 40 esp\u00e8ces de fleurs sauvages. Germination prouv\u00e9e et garantie. Commandez directement aupr\u00e8s du fabricant.","og_url":"https:\/\/premiumseeds.eu\/fr\/produkt\/prairie-fleurie-melange-de-graines-de-plus-de-40-especes-de-fleurs-sauvages\/","og_site_name":"PremiumSeeds","article_modified_time":"2023-08-02T08:17:22+00:00","og_image":[{"width":945,"height":1770,"url":"https:\/\/premiumseeds.eu\/wp-content\/uploads\/2022\/06\/104_WORLD-N1522192_RGB_VS-2.jpg","type":"image\/jpeg"}],"twitter_card":"summary_large_image","schema":{"@context":"https:\/\/schema.org","@graph":[{"@type":"WebPage","@id":"https:\/\/premiumseeds.eu\/fr\/produkt\/prairie-fleurie-melange-de-graines-de-plus-de-40-especes-de-fleurs-sauvages\/","url":"https:\/\/premiumseeds.eu\/fr\/produkt\/prairie-fleurie-melange-de-graines-de-plus-de-40-especes-de-fleurs-sauvages\/","name":"Prairie Fleurie - m\u00e9lange de graines de plus de 40 esp\u00e8ces de fleurs sauvages - producteur de semences - PremiumSeeds","isPartOf":{"@id":"https:\/\/premiumseeds.eu\/fr\/#website"},"datePublished":"2022-06-20T14:01:15+00:00","dateModified":"2023-08-02T08:17:22+00:00","description":"Prairie Fleurie - m\u00e9lange de graines de plus de 40 esp\u00e8ces de fleurs sauvages graines \u2013 en provenance directe du propri\u00e9taire de la marque PremiumSeeds. Vente en gros et distribution de graines Prairie Fleurie - m\u00e9lange de graines de plus de 40 esp\u00e8ces de fleurs sauvages. Germination prouv\u00e9e et garantie. Commandez directement aupr\u00e8s du fabricant.","breadcrumb":{"@id":"https:\/\/premiumseeds.eu\/fr\/produkt\/prairie-fleurie-melange-de-graines-de-plus-de-40-especes-de-fleurs-sauvages\/#breadcrumb"},"inLanguage":"fr-FR","potentialAction":[{"@type":"ReadAction","target":["https:\/\/premiumseeds.eu\/fr\/produkt\/prairie-fleurie-melange-de-graines-de-plus-de-40-especes-de-fleurs-sauvages\/"]}]},{"@type":"BreadcrumbList","@id":"https:\/\/premiumseeds.eu\/fr\/produkt\/prairie-fleurie-melange-de-graines-de-plus-de-40-especes-de-fleurs-sauvages\/#breadcrumb","itemListElement":[{"@type":"ListItem","position":1,"name":"Home","item":"https:\/\/premiumseeds.eu\/fr\/"},{"@type":"ListItem","position":2,"name":"Graines","item":"https:\/\/premiumseeds.eu\/fr\/graines\/"},{"@type":"ListItem","position":3,"name":"Prairie Fleurie &#8211; m\u00e9lange de graines de plus de 40 esp\u00e8ces de fleurs sauvages"}]},{"@type":"WebSite","@id":"https:\/\/premiumseeds.eu\/fr\/#website","url":"https:\/\/premiumseeds.eu\/fr\/","name":"PremiumSeeds","description":"Top seeds producer","potentialAction":[{"@type":"SearchAction","target":{"@type":"EntryPoint","urlTemplate":"https:\/\/premiumseeds.eu\/fr\/?s={search_term_string}"},"query-input":"required name=search_term_string"}],"inLanguage":"fr-FR"}]}},"_links":{"self":[{"href":"https:\/\/premiumseeds.eu\/fr\/wp-json\/wp\/v2\/product\/28346","targetHints":{"allow":["GET"]}}],"collection":[{"href":"https:\/\/premiumseeds.eu\/fr\/wp-json\/wp\/v2\/product"}],"about":[{"href":"https:\/\/premiumseeds.eu\/fr\/wp-json\/wp\/v2\/types\/product"}],"wp:featuredmedia":[{"embeddable":true,"href":"https:\/\/premiumseeds.eu\/fr\/wp-json\/wp\/v2\/media\/28405"}],"wp:attachment":[{"href":"https:\/\/premiumseeds.eu\/fr\/wp-json\/wp\/v2\/media?parent=28346"}],"wp:term":[{"taxonomy":"product_cat","embeddable":true,"href":"https:\/\/premiumseeds.eu\/fr\/wp-json\/wp\/v2\/product_cat?post=28346"},{"taxonomy":"product_tag","embeddable":true,"href":"https:\/\/premiumseeds.eu\/fr\/wp-json\/wp\/v2\/product_tag?post=28346"}],"curies":[{"name":"wp","href":"https:\/\/api.w.org\/{rel}","templated":true}]}}