{"id":28540,"date":"2022-06-21T09:05:32","date_gmt":"2022-06-21T07:05:32","guid":{"rendered":"https:\/\/premiumseeds.eu\/?post_type=product&#038;p=28540"},"modified":"2022-11-30T15:47:42","modified_gmt":"2022-11-30T14:47:42","slug":"persil-melange-de-varietes-graines-enduites","status":"publish","type":"product","link":"https:\/\/premiumseeds.eu\/fr\/produkt\/persil-melange-de-varietes-graines-enduites\/","title":{"rendered":"Persil \u2013 m\u00e9lange de vari\u00e9t\u00e9s \u2013 GRAINES ENDUITES"},"content":{"rendered":"","protected":false},"excerpt":{"rendered":"<p>Un m\u00e9lange de vari\u00e9t\u00e9s aux feuilles lisses et fris\u00e9es. Plantes \u00e0 fort feuillage, elles repoussent bien apr\u00e8s la r\u00e9colte. Feuilles aromatiques, riches en vitamines. Elles sont utilis\u00e9es pour assaisonner et d\u00e9corer les plats. Elles peuvent \u00eatre s\u00e9ch\u00e9es et congele\u00e9s. Graines enrob\u00e9es. Rev\u00eatement: farine de bois.<br \/>\n<\/b><br \/>\n<strong>Persil \u2013 m\u00e9lange de vari\u00e9t\u00e9s \u2013 GRAINES ENDUITES<\/strong><br \/>\n<\/b><br \/>\n<strong>Profondeur de semis:<\/strong> 1 &#8211; 2 cm<br \/>\n<strong>Temps de semis:<\/strong> mars &#8211; mai<br \/>\n<strong>Propagation:<\/strong> 20-30 x 5 cm<br \/>\n<strong>P\u00e9riode de r\u00e9colte:<\/strong> mai &#8211; novembre<br \/>\n<\/b><br \/>\nUn paquet contient 5 g de graines.<\/p>\n","protected":false},"featured_media":28547,"template":"","meta":{"_monsterinsights_skip_tracking":false,"_monsterinsights_sitenote_active":false,"_monsterinsights_sitenote_note":"","_monsterinsights_sitenote_category":0},"product_cat":[1469,1459,1549,1576,1587],"product_tag":[2741],"class_list":["post-28540","product","type-product","status-publish","has-post-thumbnail","hentry","product_cat-graines-dautres-herbes","product_cat-graines-dherbes-aromatiques","product_cat-graines-de-legumes","product_cat-graines-de-persil","product_cat-graines-enrobees","product_tag-persil-melange-de-varietes-graines-enduites"],"yoast_head":"<!-- This site is optimized with the Yoast SEO plugin v21.6 - https:\/\/yoast.com\/wordpress\/plugins\/seo\/ -->\n<title>Persil \u2013 m\u00e9lange de vari\u00e9t\u00e9s \u2013 GRAINES ENDUITES - producteur de semences - PremiumSeeds<\/title>\n<meta name=\"description\" content=\"Persil \u2013 m\u00e9lange de vari\u00e9t\u00e9s \u2013 GRAINES ENDUITES graines \u2013 en provenance directe du propri\u00e9taire de la marque PremiumSeeds. Vente en gros et distribution de graines Persil \u2013 m\u00e9lange de vari\u00e9t\u00e9s \u2013 GRAINES ENDUITES. Germination prouv\u00e9e et garantie. Commandez directement aupr\u00e8s du fabricant.\" \/>\n<meta name=\"robots\" content=\"index, follow, max-snippet:-1, max-image-preview:large, max-video-preview:-1\" \/>\n<link rel=\"canonical\" href=\"https:\/\/premiumseeds.eu\/fr\/produkt\/persil-melange-de-varietes-graines-enduites\/\" \/>\n<meta property=\"og:locale\" content=\"fr_FR\" \/>\n<meta property=\"og:type\" content=\"article\" \/>\n<meta property=\"og:title\" content=\"Persil \u2013 m\u00e9lange de vari\u00e9t\u00e9s \u2013 GRAINES ENDUITES - producteur de semences - PremiumSeeds\" \/>\n<meta property=\"og:description\" content=\"Persil \u2013 m\u00e9lange de vari\u00e9t\u00e9s \u2013 GRAINES ENDUITES graines \u2013 en provenance directe du propri\u00e9taire de la marque PremiumSeeds. Vente en gros et distribution de graines Persil \u2013 m\u00e9lange de vari\u00e9t\u00e9s \u2013 GRAINES ENDUITES. Germination prouv\u00e9e et garantie. Commandez directement aupr\u00e8s du fabricant.\" \/>\n<meta property=\"og:url\" content=\"https:\/\/premiumseeds.eu\/fr\/produkt\/persil-melange-de-varietes-graines-enduites\/\" \/>\n<meta property=\"og:site_name\" content=\"PremiumSeeds\" \/>\n<meta property=\"article:modified_time\" content=\"2022-11-30T14:47:42+00:00\" \/>\n<meta property=\"og:image\" content=\"https:\/\/premiumseeds.eu\/wp-content\/uploads\/2022\/06\/107_WORLD-14119075_RGB_VS-2.jpg\" \/>\n\t<meta property=\"og:image:width\" content=\"945\" \/>\n\t<meta property=\"og:image:height\" content=\"1770\" \/>\n\t<meta property=\"og:image:type\" content=\"image\/jpeg\" \/>\n<meta name=\"twitter:card\" content=\"summary_large_image\" \/>\n<script type=\"application\/ld+json\" class=\"yoast-schema-graph\">{\"@context\":\"https:\/\/schema.org\",\"@graph\":[{\"@type\":\"WebPage\",\"@id\":\"https:\/\/premiumseeds.eu\/fr\/produkt\/persil-melange-de-varietes-graines-enduites\/\",\"url\":\"https:\/\/premiumseeds.eu\/fr\/produkt\/persil-melange-de-varietes-graines-enduites\/\",\"name\":\"Persil \u2013 m\u00e9lange de vari\u00e9t\u00e9s \u2013 GRAINES ENDUITES - producteur de semences - PremiumSeeds\",\"isPartOf\":{\"@id\":\"https:\/\/premiumseeds.eu\/fr\/#website\"},\"datePublished\":\"2022-06-21T07:05:32+00:00\",\"dateModified\":\"2022-11-30T14:47:42+00:00\",\"description\":\"Persil \u2013 m\u00e9lange de vari\u00e9t\u00e9s \u2013 GRAINES ENDUITES graines \u2013 en provenance directe du propri\u00e9taire de la marque PremiumSeeds. Vente en gros et distribution de graines Persil \u2013 m\u00e9lange de vari\u00e9t\u00e9s \u2013 GRAINES ENDUITES. Germination prouv\u00e9e et garantie. Commandez directement aupr\u00e8s du fabricant.\",\"breadcrumb\":{\"@id\":\"https:\/\/premiumseeds.eu\/fr\/produkt\/persil-melange-de-varietes-graines-enduites\/#breadcrumb\"},\"inLanguage\":\"fr-FR\",\"potentialAction\":[{\"@type\":\"ReadAction\",\"target\":[\"https:\/\/premiumseeds.eu\/fr\/produkt\/persil-melange-de-varietes-graines-enduites\/\"]}]},{\"@type\":\"BreadcrumbList\",\"@id\":\"https:\/\/premiumseeds.eu\/fr\/produkt\/persil-melange-de-varietes-graines-enduites\/#breadcrumb\",\"itemListElement\":[{\"@type\":\"ListItem\",\"position\":1,\"name\":\"Home\",\"item\":\"https:\/\/premiumseeds.eu\/fr\/\"},{\"@type\":\"ListItem\",\"position\":2,\"name\":\"Graines\",\"item\":\"https:\/\/premiumseeds.eu\/fr\/graines\/\"},{\"@type\":\"ListItem\",\"position\":3,\"name\":\"Persil \u2013 m\u00e9lange de vari\u00e9t\u00e9s \u2013 GRAINES ENDUITES\"}]},{\"@type\":\"WebSite\",\"@id\":\"https:\/\/premiumseeds.eu\/fr\/#website\",\"url\":\"https:\/\/premiumseeds.eu\/fr\/\",\"name\":\"PremiumSeeds\",\"description\":\"Top seeds producer\",\"potentialAction\":[{\"@type\":\"SearchAction\",\"target\":{\"@type\":\"EntryPoint\",\"urlTemplate\":\"https:\/\/premiumseeds.eu\/fr\/?s={search_term_string}\"},\"query-input\":\"required name=search_term_string\"}],\"inLanguage\":\"fr-FR\"}]}<\/script>\n<!-- \/ Yoast SEO plugin. -->","yoast_head_json":{"title":"Persil \u2013 m\u00e9lange de vari\u00e9t\u00e9s \u2013 GRAINES ENDUITES - producteur de semences - PremiumSeeds","description":"Persil \u2013 m\u00e9lange de vari\u00e9t\u00e9s \u2013 GRAINES ENDUITES graines \u2013 en provenance directe du propri\u00e9taire de la marque PremiumSeeds. Vente en gros et distribution de graines Persil \u2013 m\u00e9lange de vari\u00e9t\u00e9s \u2013 GRAINES ENDUITES. Germination prouv\u00e9e et garantie. Commandez directement aupr\u00e8s du fabricant.","robots":{"index":"index","follow":"follow","max-snippet":"max-snippet:-1","max-image-preview":"max-image-preview:large","max-video-preview":"max-video-preview:-1"},"canonical":"https:\/\/premiumseeds.eu\/fr\/produkt\/persil-melange-de-varietes-graines-enduites\/","og_locale":"fr_FR","og_type":"article","og_title":"Persil \u2013 m\u00e9lange de vari\u00e9t\u00e9s \u2013 GRAINES ENDUITES - producteur de semences - PremiumSeeds","og_description":"Persil \u2013 m\u00e9lange de vari\u00e9t\u00e9s \u2013 GRAINES ENDUITES graines \u2013 en provenance directe du propri\u00e9taire de la marque PremiumSeeds. Vente en gros et distribution de graines Persil \u2013 m\u00e9lange de vari\u00e9t\u00e9s \u2013 GRAINES ENDUITES. Germination prouv\u00e9e et garantie. Commandez directement aupr\u00e8s du fabricant.","og_url":"https:\/\/premiumseeds.eu\/fr\/produkt\/persil-melange-de-varietes-graines-enduites\/","og_site_name":"PremiumSeeds","article_modified_time":"2022-11-30T14:47:42+00:00","og_image":[{"width":945,"height":1770,"url":"https:\/\/premiumseeds.eu\/wp-content\/uploads\/2022\/06\/107_WORLD-14119075_RGB_VS-2.jpg","type":"image\/jpeg"}],"twitter_card":"summary_large_image","schema":{"@context":"https:\/\/schema.org","@graph":[{"@type":"WebPage","@id":"https:\/\/premiumseeds.eu\/fr\/produkt\/persil-melange-de-varietes-graines-enduites\/","url":"https:\/\/premiumseeds.eu\/fr\/produkt\/persil-melange-de-varietes-graines-enduites\/","name":"Persil \u2013 m\u00e9lange de vari\u00e9t\u00e9s \u2013 GRAINES ENDUITES - producteur de semences - PremiumSeeds","isPartOf":{"@id":"https:\/\/premiumseeds.eu\/fr\/#website"},"datePublished":"2022-06-21T07:05:32+00:00","dateModified":"2022-11-30T14:47:42+00:00","description":"Persil \u2013 m\u00e9lange de vari\u00e9t\u00e9s \u2013 GRAINES ENDUITES graines \u2013 en provenance directe du propri\u00e9taire de la marque PremiumSeeds. Vente en gros et distribution de graines Persil \u2013 m\u00e9lange de vari\u00e9t\u00e9s \u2013 GRAINES ENDUITES. Germination prouv\u00e9e et garantie. Commandez directement aupr\u00e8s du fabricant.","breadcrumb":{"@id":"https:\/\/premiumseeds.eu\/fr\/produkt\/persil-melange-de-varietes-graines-enduites\/#breadcrumb"},"inLanguage":"fr-FR","potentialAction":[{"@type":"ReadAction","target":["https:\/\/premiumseeds.eu\/fr\/produkt\/persil-melange-de-varietes-graines-enduites\/"]}]},{"@type":"BreadcrumbList","@id":"https:\/\/premiumseeds.eu\/fr\/produkt\/persil-melange-de-varietes-graines-enduites\/#breadcrumb","itemListElement":[{"@type":"ListItem","position":1,"name":"Home","item":"https:\/\/premiumseeds.eu\/fr\/"},{"@type":"ListItem","position":2,"name":"Graines","item":"https:\/\/premiumseeds.eu\/fr\/graines\/"},{"@type":"ListItem","position":3,"name":"Persil \u2013 m\u00e9lange de vari\u00e9t\u00e9s \u2013 GRAINES ENDUITES"}]},{"@type":"WebSite","@id":"https:\/\/premiumseeds.eu\/fr\/#website","url":"https:\/\/premiumseeds.eu\/fr\/","name":"PremiumSeeds","description":"Top seeds producer","potentialAction":[{"@type":"SearchAction","target":{"@type":"EntryPoint","urlTemplate":"https:\/\/premiumseeds.eu\/fr\/?s={search_term_string}"},"query-input":"required name=search_term_string"}],"inLanguage":"fr-FR"}]}},"_links":{"self":[{"href":"https:\/\/premiumseeds.eu\/fr\/wp-json\/wp\/v2\/product\/28540","targetHints":{"allow":["GET"]}}],"collection":[{"href":"https:\/\/premiumseeds.eu\/fr\/wp-json\/wp\/v2\/product"}],"about":[{"href":"https:\/\/premiumseeds.eu\/fr\/wp-json\/wp\/v2\/types\/product"}],"wp:featuredmedia":[{"embeddable":true,"href":"https:\/\/premiumseeds.eu\/fr\/wp-json\/wp\/v2\/media\/28547"}],"wp:attachment":[{"href":"https:\/\/premiumseeds.eu\/fr\/wp-json\/wp\/v2\/media?parent=28540"}],"wp:term":[{"taxonomy":"product_cat","embeddable":true,"href":"https:\/\/premiumseeds.eu\/fr\/wp-json\/wp\/v2\/product_cat?post=28540"},{"taxonomy":"product_tag","embeddable":true,"href":"https:\/\/premiumseeds.eu\/fr\/wp-json\/wp\/v2\/product_tag?post=28540"}],"curies":[{"name":"wp","href":"https:\/\/api.w.org\/{rel}","templated":true}]}}