{"id":28657,"date":"2022-06-21T10:12:01","date_gmt":"2022-06-21T08:12:01","guid":{"rendered":"https:\/\/premiumseeds.eu\/?post_type=product&#038;p=28657"},"modified":"2022-11-30T15:46:44","modified_gmt":"2022-11-30T14:46:44","slug":"lobelie-retombante-cascade-melange","status":"publish","type":"product","link":"https:\/\/premiumseeds.eu\/fr\/produkt\/lobelie-retombante-cascade-melange\/","title":{"rendered":"Lob\u00e9lie retombante Cascade m\u00e9lange"},"content":{"rendered":"","protected":false},"excerpt":{"rendered":"<p>Une plante annuelle qui a des pousses suspendues tr\u00e8s ramifi\u00e9es. Elle fleurit abondamment et longtemps. Les petites fleurs sont de couleur blanche, bleue, violette ou carmin. Elle est r\u00e9command\u00e9e pour la plantation en pots, en bo\u00eetes de balcon et en paniers suspendus.<br \/>\n<\/b><br \/>\n<strong>Lob\u00e9lie retombante Cascade m\u00e9lange &#8211; semences<\/strong><br \/>\n<\/b><br \/>\n<strong>Profondeur de semis:<\/strong> 0,1 cm<br \/>\n<strong>Temps de semis en serre:<\/strong> f\u00e9vrier &#8211; mars<br \/>\n<strong>Temps de plantation des semis en ext\u00e9rieur:<\/strong> mai<br \/>\n<strong>Propagation:<\/strong> 25 x 30 cm<br \/>\n<strong>P\u00e9riode de floraison:<\/strong> juin &#8211; octobre<br \/>\n<\/b><br \/>\nUn paquet contient 0,1 g de graines.<\/p>\n","protected":false},"featured_media":28664,"template":"","meta":{"_monsterinsights_skip_tracking":false,"_monsterinsights_sitenote_active":false,"_monsterinsights_sitenote_note":"","_monsterinsights_sitenote_category":0},"product_cat":[1471,1470,1538,1505,1537],"product_tag":[2640],"class_list":["post-28657","product","type-product","status-publish","has-post-thumbnail","hentry","product_cat-graines-de-fleurs-de-balcon","product_cat-graines-de-fleurs-de-jardin","product_cat-graines-de-fleurs-en-pot","product_cat-graines-de-lobelia","product_cat-melanges-de-graines-de-fleurs","product_tag-lobelie-retombante-cascade-melange-semences"],"yoast_head":"<!-- This site is optimized with the Yoast SEO plugin v21.6 - https:\/\/yoast.com\/wordpress\/plugins\/seo\/ -->\n<title>Lob\u00e9lie retombante Cascade m\u00e9lange - producteur de semences - PremiumSeeds<\/title>\n<meta name=\"description\" content=\"Lob\u00e9lie retombante Cascade m\u00e9lange graines \u2013 en provenance directe du propri\u00e9taire de la marque PremiumSeeds. Vente en gros et distribution de graines Lob\u00e9lie retombante Cascade m\u00e9lange. Germination prouv\u00e9e et garantie. Commandez directement aupr\u00e8s du fabricant.\" \/>\n<meta name=\"robots\" content=\"index, follow, max-snippet:-1, max-image-preview:large, max-video-preview:-1\" \/>\n<link rel=\"canonical\" href=\"https:\/\/premiumseeds.eu\/fr\/produkt\/lobelie-retombante-cascade-melange\/\" \/>\n<meta property=\"og:locale\" content=\"fr_FR\" \/>\n<meta property=\"og:type\" content=\"article\" \/>\n<meta property=\"og:title\" content=\"Lob\u00e9lie retombante Cascade m\u00e9lange - producteur de semences - PremiumSeeds\" \/>\n<meta property=\"og:description\" content=\"Lob\u00e9lie retombante Cascade m\u00e9lange graines \u2013 en provenance directe du propri\u00e9taire de la marque PremiumSeeds. Vente en gros et distribution de graines Lob\u00e9lie retombante Cascade m\u00e9lange. Germination prouv\u00e9e et garantie. Commandez directement aupr\u00e8s du fabricant.\" \/>\n<meta property=\"og:url\" content=\"https:\/\/premiumseeds.eu\/fr\/produkt\/lobelie-retombante-cascade-melange\/\" \/>\n<meta property=\"og:site_name\" content=\"PremiumSeeds\" \/>\n<meta property=\"article:modified_time\" content=\"2022-11-30T14:46:44+00:00\" \/>\n<meta property=\"og:image\" content=\"https:\/\/premiumseeds.eu\/wp-content\/uploads\/2022\/06\/117_WORLD_N1512756_RGB_VS-2.jpg\" \/>\n\t<meta property=\"og:image:width\" content=\"945\" \/>\n\t<meta property=\"og:image:height\" content=\"1770\" \/>\n\t<meta property=\"og:image:type\" content=\"image\/jpeg\" \/>\n<meta name=\"twitter:card\" content=\"summary_large_image\" \/>\n<script type=\"application\/ld+json\" class=\"yoast-schema-graph\">{\"@context\":\"https:\/\/schema.org\",\"@graph\":[{\"@type\":\"WebPage\",\"@id\":\"https:\/\/premiumseeds.eu\/fr\/produkt\/lobelie-retombante-cascade-melange\/\",\"url\":\"https:\/\/premiumseeds.eu\/fr\/produkt\/lobelie-retombante-cascade-melange\/\",\"name\":\"Lob\u00e9lie retombante Cascade m\u00e9lange - producteur de semences - PremiumSeeds\",\"isPartOf\":{\"@id\":\"https:\/\/premiumseeds.eu\/fr\/#website\"},\"datePublished\":\"2022-06-21T08:12:01+00:00\",\"dateModified\":\"2022-11-30T14:46:44+00:00\",\"description\":\"Lob\u00e9lie retombante Cascade m\u00e9lange graines \u2013 en provenance directe du propri\u00e9taire de la marque PremiumSeeds. Vente en gros et distribution de graines Lob\u00e9lie retombante Cascade m\u00e9lange. Germination prouv\u00e9e et garantie. Commandez directement aupr\u00e8s du fabricant.\",\"breadcrumb\":{\"@id\":\"https:\/\/premiumseeds.eu\/fr\/produkt\/lobelie-retombante-cascade-melange\/#breadcrumb\"},\"inLanguage\":\"fr-FR\",\"potentialAction\":[{\"@type\":\"ReadAction\",\"target\":[\"https:\/\/premiumseeds.eu\/fr\/produkt\/lobelie-retombante-cascade-melange\/\"]}]},{\"@type\":\"BreadcrumbList\",\"@id\":\"https:\/\/premiumseeds.eu\/fr\/produkt\/lobelie-retombante-cascade-melange\/#breadcrumb\",\"itemListElement\":[{\"@type\":\"ListItem\",\"position\":1,\"name\":\"Home\",\"item\":\"https:\/\/premiumseeds.eu\/fr\/\"},{\"@type\":\"ListItem\",\"position\":2,\"name\":\"Graines\",\"item\":\"https:\/\/premiumseeds.eu\/fr\/graines\/\"},{\"@type\":\"ListItem\",\"position\":3,\"name\":\"Lob\u00e9lie retombante Cascade m\u00e9lange\"}]},{\"@type\":\"WebSite\",\"@id\":\"https:\/\/premiumseeds.eu\/fr\/#website\",\"url\":\"https:\/\/premiumseeds.eu\/fr\/\",\"name\":\"PremiumSeeds\",\"description\":\"Top seeds producer\",\"potentialAction\":[{\"@type\":\"SearchAction\",\"target\":{\"@type\":\"EntryPoint\",\"urlTemplate\":\"https:\/\/premiumseeds.eu\/fr\/?s={search_term_string}\"},\"query-input\":\"required name=search_term_string\"}],\"inLanguage\":\"fr-FR\"}]}<\/script>\n<!-- \/ Yoast SEO plugin. -->","yoast_head_json":{"title":"Lob\u00e9lie retombante Cascade m\u00e9lange - producteur de semences - PremiumSeeds","description":"Lob\u00e9lie retombante Cascade m\u00e9lange graines \u2013 en provenance directe du propri\u00e9taire de la marque PremiumSeeds. Vente en gros et distribution de graines Lob\u00e9lie retombante Cascade m\u00e9lange. Germination prouv\u00e9e et garantie. Commandez directement aupr\u00e8s du fabricant.","robots":{"index":"index","follow":"follow","max-snippet":"max-snippet:-1","max-image-preview":"max-image-preview:large","max-video-preview":"max-video-preview:-1"},"canonical":"https:\/\/premiumseeds.eu\/fr\/produkt\/lobelie-retombante-cascade-melange\/","og_locale":"fr_FR","og_type":"article","og_title":"Lob\u00e9lie retombante Cascade m\u00e9lange - producteur de semences - PremiumSeeds","og_description":"Lob\u00e9lie retombante Cascade m\u00e9lange graines \u2013 en provenance directe du propri\u00e9taire de la marque PremiumSeeds. Vente en gros et distribution de graines Lob\u00e9lie retombante Cascade m\u00e9lange. Germination prouv\u00e9e et garantie. Commandez directement aupr\u00e8s du fabricant.","og_url":"https:\/\/premiumseeds.eu\/fr\/produkt\/lobelie-retombante-cascade-melange\/","og_site_name":"PremiumSeeds","article_modified_time":"2022-11-30T14:46:44+00:00","og_image":[{"width":945,"height":1770,"url":"https:\/\/premiumseeds.eu\/wp-content\/uploads\/2022\/06\/117_WORLD_N1512756_RGB_VS-2.jpg","type":"image\/jpeg"}],"twitter_card":"summary_large_image","schema":{"@context":"https:\/\/schema.org","@graph":[{"@type":"WebPage","@id":"https:\/\/premiumseeds.eu\/fr\/produkt\/lobelie-retombante-cascade-melange\/","url":"https:\/\/premiumseeds.eu\/fr\/produkt\/lobelie-retombante-cascade-melange\/","name":"Lob\u00e9lie retombante Cascade m\u00e9lange - producteur de semences - PremiumSeeds","isPartOf":{"@id":"https:\/\/premiumseeds.eu\/fr\/#website"},"datePublished":"2022-06-21T08:12:01+00:00","dateModified":"2022-11-30T14:46:44+00:00","description":"Lob\u00e9lie retombante Cascade m\u00e9lange graines \u2013 en provenance directe du propri\u00e9taire de la marque PremiumSeeds. Vente en gros et distribution de graines Lob\u00e9lie retombante Cascade m\u00e9lange. Germination prouv\u00e9e et garantie. Commandez directement aupr\u00e8s du fabricant.","breadcrumb":{"@id":"https:\/\/premiumseeds.eu\/fr\/produkt\/lobelie-retombante-cascade-melange\/#breadcrumb"},"inLanguage":"fr-FR","potentialAction":[{"@type":"ReadAction","target":["https:\/\/premiumseeds.eu\/fr\/produkt\/lobelie-retombante-cascade-melange\/"]}]},{"@type":"BreadcrumbList","@id":"https:\/\/premiumseeds.eu\/fr\/produkt\/lobelie-retombante-cascade-melange\/#breadcrumb","itemListElement":[{"@type":"ListItem","position":1,"name":"Home","item":"https:\/\/premiumseeds.eu\/fr\/"},{"@type":"ListItem","position":2,"name":"Graines","item":"https:\/\/premiumseeds.eu\/fr\/graines\/"},{"@type":"ListItem","position":3,"name":"Lob\u00e9lie retombante Cascade m\u00e9lange"}]},{"@type":"WebSite","@id":"https:\/\/premiumseeds.eu\/fr\/#website","url":"https:\/\/premiumseeds.eu\/fr\/","name":"PremiumSeeds","description":"Top seeds producer","potentialAction":[{"@type":"SearchAction","target":{"@type":"EntryPoint","urlTemplate":"https:\/\/premiumseeds.eu\/fr\/?s={search_term_string}"},"query-input":"required name=search_term_string"}],"inLanguage":"fr-FR"}]}},"_links":{"self":[{"href":"https:\/\/premiumseeds.eu\/fr\/wp-json\/wp\/v2\/product\/28657","targetHints":{"allow":["GET"]}}],"collection":[{"href":"https:\/\/premiumseeds.eu\/fr\/wp-json\/wp\/v2\/product"}],"about":[{"href":"https:\/\/premiumseeds.eu\/fr\/wp-json\/wp\/v2\/types\/product"}],"wp:featuredmedia":[{"embeddable":true,"href":"https:\/\/premiumseeds.eu\/fr\/wp-json\/wp\/v2\/media\/28664"}],"wp:attachment":[{"href":"https:\/\/premiumseeds.eu\/fr\/wp-json\/wp\/v2\/media?parent=28657"}],"wp:term":[{"taxonomy":"product_cat","embeddable":true,"href":"https:\/\/premiumseeds.eu\/fr\/wp-json\/wp\/v2\/product_cat?post=28657"},{"taxonomy":"product_tag","embeddable":true,"href":"https:\/\/premiumseeds.eu\/fr\/wp-json\/wp\/v2\/product_tag?post=28657"}],"curies":[{"name":"wp","href":"https:\/\/api.w.org\/{rel}","templated":true}]}}