{"id":29365,"date":"2022-06-21T14:52:13","date_gmt":"2022-06-21T12:52:13","guid":{"rendered":"https:\/\/premiumseeds.eu\/?post_type=product&#038;p=29365"},"modified":"2023-06-19T12:26:57","modified_gmt":"2023-06-19T10:26:57","slug":"courgette-black-beauty","status":"publish","type":"product","link":"https:\/\/premiumseeds.eu\/fr\/produkt\/courgette-black-beauty\/","title":{"rendered":"Courgette Black Beauty"},"content":{"rendered":"","protected":false},"excerpt":{"rendered":"<p>Une vari\u00e9t\u00e9 pr\u00e9coce \u00e0 cultiver sous serre et en plein champ. Fruits en forme de massue, \u00e0 la peau vert fonc\u00e9 et brillante, \u00e0 la chair cr\u00e8me p\u00e2le, tendre et d\u00e9licieuse. \u00c0 consommer apr\u00e8s la r\u00e9colte et \u00e0 mettre en conserve.<br \/>\n<\/b><br \/>\n<strong>Courgette Black Beauty &#8211; semences<\/strong><br \/>\n<\/b><br \/>\n<strong>Profondeur de semis:<\/strong> 2 &#8211; 3 cm<br \/>\n<strong>Temps de semis en serre:<\/strong> avril &#8211; 15 mai<br \/>\n<strong>Temps de semis en ext\u00e9rieur:<\/strong> 15 mai &#8211; juin<br \/>\n<strong>Temps de plantation des semis en ext\u00e9rieur:<\/strong> 15 mai<br \/>\n<strong>Propagation:<\/strong> 100 x 80 cm<br \/>\n<strong>P\u00e9riode de r\u00e9colte:<\/strong> juillet &#8211; septembre<br \/>\n<\/b><br \/>\nUn paquet contient 4 g de graines.<\/p>\n","protected":false},"featured_media":38562,"template":"","meta":{"_monsterinsights_skip_tracking":false,"_monsterinsights_sitenote_active":false,"_monsterinsights_sitenote_note":"","_monsterinsights_sitenote_category":0},"product_cat":[1566,1549],"product_tag":[2610],"class_list":["post-29365","product","type-product","status-publish","has-post-thumbnail","hentry","product_cat-graines-de-courgettes","product_cat-graines-de-legumes","product_tag-courgette-black-beauty-semences"],"yoast_head":"<!-- This site is optimized with the Yoast SEO plugin v21.6 - https:\/\/yoast.com\/wordpress\/plugins\/seo\/ -->\n<title>Courgette Black Beauty - producteur de semences - PremiumSeeds<\/title>\n<meta name=\"description\" content=\"Courgette Black Beauty graines \u2013 en provenance directe du propri\u00e9taire de la marque PremiumSeeds. Vente en gros et distribution de graines Courgette Black Beauty. Germination prouv\u00e9e et garantie. Commandez directement aupr\u00e8s du fabricant.\" \/>\n<meta name=\"robots\" content=\"index, follow, max-snippet:-1, max-image-preview:large, max-video-preview:-1\" \/>\n<link rel=\"canonical\" href=\"https:\/\/premiumseeds.eu\/fr\/produkt\/courgette-black-beauty\/\" \/>\n<meta property=\"og:locale\" content=\"fr_FR\" \/>\n<meta property=\"og:type\" content=\"article\" \/>\n<meta property=\"og:title\" content=\"Courgette Black Beauty - producteur de semences - PremiumSeeds\" \/>\n<meta property=\"og:description\" content=\"Courgette Black Beauty graines \u2013 en provenance directe du propri\u00e9taire de la marque PremiumSeeds. Vente en gros et distribution de graines Courgette Black Beauty. Germination prouv\u00e9e et garantie. Commandez directement aupr\u00e8s du fabricant.\" \/>\n<meta property=\"og:url\" content=\"https:\/\/premiumseeds.eu\/fr\/produkt\/courgette-black-beauty\/\" \/>\n<meta property=\"og:site_name\" content=\"PremiumSeeds\" \/>\n<meta property=\"article:modified_time\" content=\"2023-06-19T10:26:57+00:00\" \/>\n<meta property=\"og:image\" content=\"https:\/\/premiumseeds.eu\/wp-content\/uploads\/2022\/06\/WORLD-14327586PA_VS-2.jpg?v=1666343498\" \/>\n\t<meta property=\"og:image:width\" content=\"945\" \/>\n\t<meta property=\"og:image:height\" content=\"1772\" \/>\n\t<meta property=\"og:image:type\" content=\"image\/jpeg\" \/>\n<meta name=\"twitter:card\" content=\"summary_large_image\" \/>\n<script type=\"application\/ld+json\" class=\"yoast-schema-graph\">{\"@context\":\"https:\/\/schema.org\",\"@graph\":[{\"@type\":\"WebPage\",\"@id\":\"https:\/\/premiumseeds.eu\/fr\/produkt\/courgette-black-beauty\/\",\"url\":\"https:\/\/premiumseeds.eu\/fr\/produkt\/courgette-black-beauty\/\",\"name\":\"Courgette Black Beauty - producteur de semences - PremiumSeeds\",\"isPartOf\":{\"@id\":\"https:\/\/premiumseeds.eu\/fr\/#website\"},\"datePublished\":\"2022-06-21T12:52:13+00:00\",\"dateModified\":\"2023-06-19T10:26:57+00:00\",\"description\":\"Courgette Black Beauty graines \u2013 en provenance directe du propri\u00e9taire de la marque PremiumSeeds. Vente en gros et distribution de graines Courgette Black Beauty. Germination prouv\u00e9e et garantie. Commandez directement aupr\u00e8s du fabricant.\",\"breadcrumb\":{\"@id\":\"https:\/\/premiumseeds.eu\/fr\/produkt\/courgette-black-beauty\/#breadcrumb\"},\"inLanguage\":\"fr-FR\",\"potentialAction\":[{\"@type\":\"ReadAction\",\"target\":[\"https:\/\/premiumseeds.eu\/fr\/produkt\/courgette-black-beauty\/\"]}]},{\"@type\":\"BreadcrumbList\",\"@id\":\"https:\/\/premiumseeds.eu\/fr\/produkt\/courgette-black-beauty\/#breadcrumb\",\"itemListElement\":[{\"@type\":\"ListItem\",\"position\":1,\"name\":\"Home\",\"item\":\"https:\/\/premiumseeds.eu\/fr\/\"},{\"@type\":\"ListItem\",\"position\":2,\"name\":\"Graines\",\"item\":\"https:\/\/premiumseeds.eu\/fr\/graines\/\"},{\"@type\":\"ListItem\",\"position\":3,\"name\":\"Courgette Black Beauty\"}]},{\"@type\":\"WebSite\",\"@id\":\"https:\/\/premiumseeds.eu\/fr\/#website\",\"url\":\"https:\/\/premiumseeds.eu\/fr\/\",\"name\":\"PremiumSeeds\",\"description\":\"Top seeds producer\",\"potentialAction\":[{\"@type\":\"SearchAction\",\"target\":{\"@type\":\"EntryPoint\",\"urlTemplate\":\"https:\/\/premiumseeds.eu\/fr\/?s={search_term_string}\"},\"query-input\":\"required name=search_term_string\"}],\"inLanguage\":\"fr-FR\"}]}<\/script>\n<!-- \/ Yoast SEO plugin. -->","yoast_head_json":{"title":"Courgette Black Beauty - producteur de semences - PremiumSeeds","description":"Courgette Black Beauty graines \u2013 en provenance directe du propri\u00e9taire de la marque PremiumSeeds. Vente en gros et distribution de graines Courgette Black Beauty. Germination prouv\u00e9e et garantie. Commandez directement aupr\u00e8s du fabricant.","robots":{"index":"index","follow":"follow","max-snippet":"max-snippet:-1","max-image-preview":"max-image-preview:large","max-video-preview":"max-video-preview:-1"},"canonical":"https:\/\/premiumseeds.eu\/fr\/produkt\/courgette-black-beauty\/","og_locale":"fr_FR","og_type":"article","og_title":"Courgette Black Beauty - producteur de semences - PremiumSeeds","og_description":"Courgette Black Beauty graines \u2013 en provenance directe du propri\u00e9taire de la marque PremiumSeeds. Vente en gros et distribution de graines Courgette Black Beauty. Germination prouv\u00e9e et garantie. Commandez directement aupr\u00e8s du fabricant.","og_url":"https:\/\/premiumseeds.eu\/fr\/produkt\/courgette-black-beauty\/","og_site_name":"PremiumSeeds","article_modified_time":"2023-06-19T10:26:57+00:00","og_image":[{"width":945,"height":1772,"url":"https:\/\/premiumseeds.eu\/wp-content\/uploads\/2022\/06\/WORLD-14327586PA_VS-2.jpg?v=1666343498","type":"image\/jpeg"}],"twitter_card":"summary_large_image","schema":{"@context":"https:\/\/schema.org","@graph":[{"@type":"WebPage","@id":"https:\/\/premiumseeds.eu\/fr\/produkt\/courgette-black-beauty\/","url":"https:\/\/premiumseeds.eu\/fr\/produkt\/courgette-black-beauty\/","name":"Courgette Black Beauty - producteur de semences - PremiumSeeds","isPartOf":{"@id":"https:\/\/premiumseeds.eu\/fr\/#website"},"datePublished":"2022-06-21T12:52:13+00:00","dateModified":"2023-06-19T10:26:57+00:00","description":"Courgette Black Beauty graines \u2013 en provenance directe du propri\u00e9taire de la marque PremiumSeeds. Vente en gros et distribution de graines Courgette Black Beauty. Germination prouv\u00e9e et garantie. Commandez directement aupr\u00e8s du fabricant.","breadcrumb":{"@id":"https:\/\/premiumseeds.eu\/fr\/produkt\/courgette-black-beauty\/#breadcrumb"},"inLanguage":"fr-FR","potentialAction":[{"@type":"ReadAction","target":["https:\/\/premiumseeds.eu\/fr\/produkt\/courgette-black-beauty\/"]}]},{"@type":"BreadcrumbList","@id":"https:\/\/premiumseeds.eu\/fr\/produkt\/courgette-black-beauty\/#breadcrumb","itemListElement":[{"@type":"ListItem","position":1,"name":"Home","item":"https:\/\/premiumseeds.eu\/fr\/"},{"@type":"ListItem","position":2,"name":"Graines","item":"https:\/\/premiumseeds.eu\/fr\/graines\/"},{"@type":"ListItem","position":3,"name":"Courgette Black Beauty"}]},{"@type":"WebSite","@id":"https:\/\/premiumseeds.eu\/fr\/#website","url":"https:\/\/premiumseeds.eu\/fr\/","name":"PremiumSeeds","description":"Top seeds producer","potentialAction":[{"@type":"SearchAction","target":{"@type":"EntryPoint","urlTemplate":"https:\/\/premiumseeds.eu\/fr\/?s={search_term_string}"},"query-input":"required name=search_term_string"}],"inLanguage":"fr-FR"}]}},"_links":{"self":[{"href":"https:\/\/premiumseeds.eu\/fr\/wp-json\/wp\/v2\/product\/29365","targetHints":{"allow":["GET"]}}],"collection":[{"href":"https:\/\/premiumseeds.eu\/fr\/wp-json\/wp\/v2\/product"}],"about":[{"href":"https:\/\/premiumseeds.eu\/fr\/wp-json\/wp\/v2\/types\/product"}],"wp:featuredmedia":[{"embeddable":true,"href":"https:\/\/premiumseeds.eu\/fr\/wp-json\/wp\/v2\/media\/38562"}],"wp:attachment":[{"href":"https:\/\/premiumseeds.eu\/fr\/wp-json\/wp\/v2\/media?parent=29365"}],"wp:term":[{"taxonomy":"product_cat","embeddable":true,"href":"https:\/\/premiumseeds.eu\/fr\/wp-json\/wp\/v2\/product_cat?post=29365"},{"taxonomy":"product_tag","embeddable":true,"href":"https:\/\/premiumseeds.eu\/fr\/wp-json\/wp\/v2\/product_tag?post=29365"}],"curies":[{"name":"wp","href":"https:\/\/api.w.org\/{rel}","templated":true}]}}