{"id":29446,"date":"2022-06-21T15:57:45","date_gmt":"2022-06-21T13:57:45","guid":{"rendered":"https:\/\/premiumseeds.eu\/?post_type=product&#038;p=29446"},"modified":"2022-12-13T13:18:12","modified_gmt":"2022-12-13T12:18:12","slug":"cosmos-vega-melange","status":"publish","type":"product","link":"https:\/\/premiumseeds.eu\/fr\/produkt\/cosmos-vega-melange\/","title":{"rendered":"Cosmos Vega M\u00e9lange"},"content":{"rendered":"","protected":false},"excerpt":{"rendered":"<p>Plante annuelle, d&rsquo;une hauteur de 60 \u00e0 80 centim\u00e8tres. Floraison longue et abondante. Produit des fleurs blanches, roses et rouges dans une vari\u00e9t\u00e9 de couleurs. Pour les bordures sur\u00e9lev\u00e9es, les prairies fleuries et les jardins naturels. Peuvent \u00eatre utilis\u00e9es comme fleurs coup\u00e9es.<br \/>\n<\/b><br \/>\n<strong>Cosmos Vega M\u00e9lange &#8211; semences<\/strong><br \/>\n<\/b><br \/>\n<strong>Profondeur de semis:<\/strong> 0,5 cm<br \/>\n<strong>Profondeur de semis:<\/strong> avril &#8211; mai<br \/>\n<strong>Propagation:<\/strong> 40 x 40 cm<br \/>\n<strong>P\u00e9riode de floraison:<\/strong> juillet &#8211; octobre<br \/>\n<\/b><br \/>\nUn paquet contient 1 g de graines.<\/p>\n","protected":false},"featured_media":29455,"template":"","meta":{"_monsterinsights_skip_tracking":false,"_monsterinsights_sitenote_active":false,"_monsterinsights_sitenote_note":"","_monsterinsights_sitenote_category":0},"product_cat":[1490,1470,1596,1537],"product_tag":[2604],"class_list":["post-29446","product","type-product","status-publish","has-post-thumbnail","hentry","product_cat-graines-de-cosmos","product_cat-graines-de-fleurs-de-jardin","product_cat-graines-de-prairie-fleurie","product_cat-melanges-de-graines-de-fleurs","product_tag-cosmos-vega-melange-semences"],"yoast_head":"<!-- This site is optimized with the Yoast SEO plugin v21.6 - https:\/\/yoast.com\/wordpress\/plugins\/seo\/ -->\n<title>Cosmos Vega M\u00e9lange - producteur de semences - PremiumSeeds<\/title>\n<meta name=\"description\" content=\"Cosmos Vega M\u00e9lange graines \u2013 en provenance directe du propri\u00e9taire de la marque PremiumSeeds. Vente en gros et distribution de graines Cosmos Vega M\u00e9lange. Germination prouv\u00e9e et garantie. Commandez directement aupr\u00e8s du fabricant.\" \/>\n<meta name=\"robots\" content=\"index, follow, max-snippet:-1, max-image-preview:large, max-video-preview:-1\" \/>\n<link rel=\"canonical\" href=\"https:\/\/premiumseeds.eu\/fr\/produkt\/cosmos-vega-melange\/\" \/>\n<meta property=\"og:locale\" content=\"fr_FR\" \/>\n<meta property=\"og:type\" content=\"article\" \/>\n<meta property=\"og:title\" content=\"Cosmos Vega M\u00e9lange - producteur de semences - PremiumSeeds\" \/>\n<meta property=\"og:description\" content=\"Cosmos Vega M\u00e9lange graines \u2013 en provenance directe du propri\u00e9taire de la marque PremiumSeeds. Vente en gros et distribution de graines Cosmos Vega M\u00e9lange. Germination prouv\u00e9e et garantie. Commandez directement aupr\u00e8s du fabricant.\" \/>\n<meta property=\"og:url\" content=\"https:\/\/premiumseeds.eu\/fr\/produkt\/cosmos-vega-melange\/\" \/>\n<meta property=\"og:site_name\" content=\"PremiumSeeds\" \/>\n<meta property=\"article:modified_time\" content=\"2022-12-13T12:18:12+00:00\" \/>\n<meta property=\"og:image\" content=\"https:\/\/premiumseeds.eu\/wp-content\/uploads\/2022\/06\/WORLD-N-52-06-12_RGB_VS-2.jpg\" \/>\n\t<meta property=\"og:image:width\" content=\"945\" \/>\n\t<meta property=\"og:image:height\" content=\"1770\" \/>\n\t<meta property=\"og:image:type\" content=\"image\/jpeg\" \/>\n<meta name=\"twitter:card\" content=\"summary_large_image\" \/>\n<script type=\"application\/ld+json\" class=\"yoast-schema-graph\">{\"@context\":\"https:\/\/schema.org\",\"@graph\":[{\"@type\":\"WebPage\",\"@id\":\"https:\/\/premiumseeds.eu\/fr\/produkt\/cosmos-vega-melange\/\",\"url\":\"https:\/\/premiumseeds.eu\/fr\/produkt\/cosmos-vega-melange\/\",\"name\":\"Cosmos Vega M\u00e9lange - producteur de semences - PremiumSeeds\",\"isPartOf\":{\"@id\":\"https:\/\/premiumseeds.eu\/fr\/#website\"},\"datePublished\":\"2022-06-21T13:57:45+00:00\",\"dateModified\":\"2022-12-13T12:18:12+00:00\",\"description\":\"Cosmos Vega M\u00e9lange graines \u2013 en provenance directe du propri\u00e9taire de la marque PremiumSeeds. Vente en gros et distribution de graines Cosmos Vega M\u00e9lange. Germination prouv\u00e9e et garantie. Commandez directement aupr\u00e8s du fabricant.\",\"breadcrumb\":{\"@id\":\"https:\/\/premiumseeds.eu\/fr\/produkt\/cosmos-vega-melange\/#breadcrumb\"},\"inLanguage\":\"fr-FR\",\"potentialAction\":[{\"@type\":\"ReadAction\",\"target\":[\"https:\/\/premiumseeds.eu\/fr\/produkt\/cosmos-vega-melange\/\"]}]},{\"@type\":\"BreadcrumbList\",\"@id\":\"https:\/\/premiumseeds.eu\/fr\/produkt\/cosmos-vega-melange\/#breadcrumb\",\"itemListElement\":[{\"@type\":\"ListItem\",\"position\":1,\"name\":\"Home\",\"item\":\"https:\/\/premiumseeds.eu\/fr\/\"},{\"@type\":\"ListItem\",\"position\":2,\"name\":\"Graines\",\"item\":\"https:\/\/premiumseeds.eu\/fr\/graines\/\"},{\"@type\":\"ListItem\",\"position\":3,\"name\":\"Cosmos Vega M\u00e9lange\"}]},{\"@type\":\"WebSite\",\"@id\":\"https:\/\/premiumseeds.eu\/fr\/#website\",\"url\":\"https:\/\/premiumseeds.eu\/fr\/\",\"name\":\"PremiumSeeds\",\"description\":\"Top seeds producer\",\"potentialAction\":[{\"@type\":\"SearchAction\",\"target\":{\"@type\":\"EntryPoint\",\"urlTemplate\":\"https:\/\/premiumseeds.eu\/fr\/?s={search_term_string}\"},\"query-input\":\"required name=search_term_string\"}],\"inLanguage\":\"fr-FR\"}]}<\/script>\n<!-- \/ Yoast SEO plugin. -->","yoast_head_json":{"title":"Cosmos Vega M\u00e9lange - producteur de semences - PremiumSeeds","description":"Cosmos Vega M\u00e9lange graines \u2013 en provenance directe du propri\u00e9taire de la marque PremiumSeeds. Vente en gros et distribution de graines Cosmos Vega M\u00e9lange. Germination prouv\u00e9e et garantie. Commandez directement aupr\u00e8s du fabricant.","robots":{"index":"index","follow":"follow","max-snippet":"max-snippet:-1","max-image-preview":"max-image-preview:large","max-video-preview":"max-video-preview:-1"},"canonical":"https:\/\/premiumseeds.eu\/fr\/produkt\/cosmos-vega-melange\/","og_locale":"fr_FR","og_type":"article","og_title":"Cosmos Vega M\u00e9lange - producteur de semences - PremiumSeeds","og_description":"Cosmos Vega M\u00e9lange graines \u2013 en provenance directe du propri\u00e9taire de la marque PremiumSeeds. Vente en gros et distribution de graines Cosmos Vega M\u00e9lange. Germination prouv\u00e9e et garantie. Commandez directement aupr\u00e8s du fabricant.","og_url":"https:\/\/premiumseeds.eu\/fr\/produkt\/cosmos-vega-melange\/","og_site_name":"PremiumSeeds","article_modified_time":"2022-12-13T12:18:12+00:00","og_image":[{"width":945,"height":1770,"url":"https:\/\/premiumseeds.eu\/wp-content\/uploads\/2022\/06\/WORLD-N-52-06-12_RGB_VS-2.jpg","type":"image\/jpeg"}],"twitter_card":"summary_large_image","schema":{"@context":"https:\/\/schema.org","@graph":[{"@type":"WebPage","@id":"https:\/\/premiumseeds.eu\/fr\/produkt\/cosmos-vega-melange\/","url":"https:\/\/premiumseeds.eu\/fr\/produkt\/cosmos-vega-melange\/","name":"Cosmos Vega M\u00e9lange - producteur de semences - PremiumSeeds","isPartOf":{"@id":"https:\/\/premiumseeds.eu\/fr\/#website"},"datePublished":"2022-06-21T13:57:45+00:00","dateModified":"2022-12-13T12:18:12+00:00","description":"Cosmos Vega M\u00e9lange graines \u2013 en provenance directe du propri\u00e9taire de la marque PremiumSeeds. Vente en gros et distribution de graines Cosmos Vega M\u00e9lange. Germination prouv\u00e9e et garantie. Commandez directement aupr\u00e8s du fabricant.","breadcrumb":{"@id":"https:\/\/premiumseeds.eu\/fr\/produkt\/cosmos-vega-melange\/#breadcrumb"},"inLanguage":"fr-FR","potentialAction":[{"@type":"ReadAction","target":["https:\/\/premiumseeds.eu\/fr\/produkt\/cosmos-vega-melange\/"]}]},{"@type":"BreadcrumbList","@id":"https:\/\/premiumseeds.eu\/fr\/produkt\/cosmos-vega-melange\/#breadcrumb","itemListElement":[{"@type":"ListItem","position":1,"name":"Home","item":"https:\/\/premiumseeds.eu\/fr\/"},{"@type":"ListItem","position":2,"name":"Graines","item":"https:\/\/premiumseeds.eu\/fr\/graines\/"},{"@type":"ListItem","position":3,"name":"Cosmos Vega M\u00e9lange"}]},{"@type":"WebSite","@id":"https:\/\/premiumseeds.eu\/fr\/#website","url":"https:\/\/premiumseeds.eu\/fr\/","name":"PremiumSeeds","description":"Top seeds producer","potentialAction":[{"@type":"SearchAction","target":{"@type":"EntryPoint","urlTemplate":"https:\/\/premiumseeds.eu\/fr\/?s={search_term_string}"},"query-input":"required name=search_term_string"}],"inLanguage":"fr-FR"}]}},"_links":{"self":[{"href":"https:\/\/premiumseeds.eu\/fr\/wp-json\/wp\/v2\/product\/29446","targetHints":{"allow":["GET"]}}],"collection":[{"href":"https:\/\/premiumseeds.eu\/fr\/wp-json\/wp\/v2\/product"}],"about":[{"href":"https:\/\/premiumseeds.eu\/fr\/wp-json\/wp\/v2\/types\/product"}],"wp:featuredmedia":[{"embeddable":true,"href":"https:\/\/premiumseeds.eu\/fr\/wp-json\/wp\/v2\/media\/29455"}],"wp:attachment":[{"href":"https:\/\/premiumseeds.eu\/fr\/wp-json\/wp\/v2\/media?parent=29446"}],"wp:term":[{"taxonomy":"product_cat","embeddable":true,"href":"https:\/\/premiumseeds.eu\/fr\/wp-json\/wp\/v2\/product_cat?post=29446"},{"taxonomy":"product_tag","embeddable":true,"href":"https:\/\/premiumseeds.eu\/fr\/wp-json\/wp\/v2\/product_tag?post=29446"}],"curies":[{"name":"wp","href":"https:\/\/api.w.org\/{rel}","templated":true}]}}