{"id":30031,"date":"2022-06-22T12:11:00","date_gmt":"2022-06-22T10:11:00","guid":{"rendered":"https:\/\/premiumseeds.eu\/?post_type=product&#038;p=30031"},"modified":"2023-06-19T11:50:20","modified_gmt":"2023-06-19T09:50:20","slug":"tomate-adam-f1","status":"publish","type":"product","link":"https:\/\/premiumseeds.eu\/fr\/produkt\/tomate-adam-f1\/","title":{"rendered":"Tomate Adam F1"},"content":{"rendered":"","protected":false},"excerpt":{"rendered":"<p>Vari\u00e9t\u00e9 haute, ind\u00e9termin\u00e9e, n\u00e9cessitant un tuteurage. Produit des fruits rouges charnus, plut\u00f4t fermes, qui conservent leur qualit\u00e9 apr\u00e8s la r\u00e9colte. \u00c0 consommer ou \u00e0 transformer apr\u00e8s la r\u00e9colte ; peut \u00eatre conserv\u00e9e pendant 20 jours.<br \/>\n<\/b><br \/>\n<strong>Tomate Adam F1 &#8211; semences<\/strong><br \/>\n<\/b><br \/>\n<strong>Profondeur de semis:<\/strong> 0,5 cm<br \/>\n<strong>Temps de semis en serre:<\/strong> mars &#8211; 15 avril<br \/>\n<strong>Temps de plantation des semis en ext\u00e9rieur:<\/strong> mai<br \/>\n<strong>Propagation:<\/strong> 60-70 x 50-60 cm<br \/>\n<strong>P\u00e9riode de r\u00e9colte:<\/strong> ao\u00fbt &#8211; septembre<br \/>\n<\/b><br \/>\nUn paquet contient 0,2 g de graines.<\/p>\n","protected":false},"featured_media":30038,"template":"","meta":{"_monsterinsights_skip_tracking":false,"_monsterinsights_sitenote_active":false,"_monsterinsights_sitenote_note":"","_monsterinsights_sitenote_category":0},"product_cat":[1549,1586],"product_tag":[2564],"class_list":["post-30031","product","type-product","status-publish","has-post-thumbnail","hentry","product_cat-graines-de-legumes","product_cat-graines-de-tomates","product_tag-tomate-adam-f1-semences"],"yoast_head":"<!-- This site is optimized with the Yoast SEO plugin v21.6 - https:\/\/yoast.com\/wordpress\/plugins\/seo\/ -->\n<title>Tomate Adam F1 - producteur de semences - PremiumSeeds<\/title>\n<meta name=\"description\" content=\"Tomate Adam F1 graines \u2013 en provenance directe du propri\u00e9taire de la marque PremiumSeeds. Vente en gros et distribution de graines Tomate Adam F1. Germination prouv\u00e9e et garantie. Commandez directement aupr\u00e8s du fabricant.\" \/>\n<meta name=\"robots\" content=\"index, follow, max-snippet:-1, max-image-preview:large, max-video-preview:-1\" \/>\n<link rel=\"canonical\" href=\"https:\/\/premiumseeds.eu\/fr\/produkt\/tomate-adam-f1\/\" \/>\n<meta property=\"og:locale\" content=\"fr_FR\" \/>\n<meta property=\"og:type\" content=\"article\" \/>\n<meta property=\"og:title\" content=\"Tomate Adam F1 - producteur de semences - PremiumSeeds\" \/>\n<meta property=\"og:description\" content=\"Tomate Adam F1 graines \u2013 en provenance directe du propri\u00e9taire de la marque PremiumSeeds. Vente en gros et distribution de graines Tomate Adam F1. Germination prouv\u00e9e et garantie. Commandez directement aupr\u00e8s du fabricant.\" \/>\n<meta property=\"og:url\" content=\"https:\/\/premiumseeds.eu\/fr\/produkt\/tomate-adam-f1\/\" \/>\n<meta property=\"og:site_name\" content=\"PremiumSeeds\" \/>\n<meta property=\"article:modified_time\" content=\"2023-06-19T09:50:20+00:00\" \/>\n<meta property=\"og:image\" content=\"https:\/\/premiumseeds.eu\/wp-content\/uploads\/2022\/06\/WORLD-N-171-2710_RGB_VS-2.jpg\" \/>\n\t<meta property=\"og:image:width\" content=\"945\" \/>\n\t<meta property=\"og:image:height\" content=\"1770\" \/>\n\t<meta property=\"og:image:type\" content=\"image\/jpeg\" \/>\n<meta name=\"twitter:card\" content=\"summary_large_image\" \/>\n<script type=\"application\/ld+json\" class=\"yoast-schema-graph\">{\"@context\":\"https:\/\/schema.org\",\"@graph\":[{\"@type\":\"WebPage\",\"@id\":\"https:\/\/premiumseeds.eu\/fr\/produkt\/tomate-adam-f1\/\",\"url\":\"https:\/\/premiumseeds.eu\/fr\/produkt\/tomate-adam-f1\/\",\"name\":\"Tomate Adam F1 - producteur de semences - PremiumSeeds\",\"isPartOf\":{\"@id\":\"https:\/\/premiumseeds.eu\/fr\/#website\"},\"datePublished\":\"2022-06-22T10:11:00+00:00\",\"dateModified\":\"2023-06-19T09:50:20+00:00\",\"description\":\"Tomate Adam F1 graines \u2013 en provenance directe du propri\u00e9taire de la marque PremiumSeeds. Vente en gros et distribution de graines Tomate Adam F1. Germination prouv\u00e9e et garantie. Commandez directement aupr\u00e8s du fabricant.\",\"breadcrumb\":{\"@id\":\"https:\/\/premiumseeds.eu\/fr\/produkt\/tomate-adam-f1\/#breadcrumb\"},\"inLanguage\":\"fr-FR\",\"potentialAction\":[{\"@type\":\"ReadAction\",\"target\":[\"https:\/\/premiumseeds.eu\/fr\/produkt\/tomate-adam-f1\/\"]}]},{\"@type\":\"BreadcrumbList\",\"@id\":\"https:\/\/premiumseeds.eu\/fr\/produkt\/tomate-adam-f1\/#breadcrumb\",\"itemListElement\":[{\"@type\":\"ListItem\",\"position\":1,\"name\":\"Home\",\"item\":\"https:\/\/premiumseeds.eu\/fr\/\"},{\"@type\":\"ListItem\",\"position\":2,\"name\":\"Graines\",\"item\":\"https:\/\/premiumseeds.eu\/fr\/graines\/\"},{\"@type\":\"ListItem\",\"position\":3,\"name\":\"Tomate Adam F1\"}]},{\"@type\":\"WebSite\",\"@id\":\"https:\/\/premiumseeds.eu\/fr\/#website\",\"url\":\"https:\/\/premiumseeds.eu\/fr\/\",\"name\":\"PremiumSeeds\",\"description\":\"Top seeds producer\",\"potentialAction\":[{\"@type\":\"SearchAction\",\"target\":{\"@type\":\"EntryPoint\",\"urlTemplate\":\"https:\/\/premiumseeds.eu\/fr\/?s={search_term_string}\"},\"query-input\":\"required name=search_term_string\"}],\"inLanguage\":\"fr-FR\"}]}<\/script>\n<!-- \/ Yoast SEO plugin. -->","yoast_head_json":{"title":"Tomate Adam F1 - producteur de semences - PremiumSeeds","description":"Tomate Adam F1 graines \u2013 en provenance directe du propri\u00e9taire de la marque PremiumSeeds. Vente en gros et distribution de graines Tomate Adam F1. Germination prouv\u00e9e et garantie. Commandez directement aupr\u00e8s du fabricant.","robots":{"index":"index","follow":"follow","max-snippet":"max-snippet:-1","max-image-preview":"max-image-preview:large","max-video-preview":"max-video-preview:-1"},"canonical":"https:\/\/premiumseeds.eu\/fr\/produkt\/tomate-adam-f1\/","og_locale":"fr_FR","og_type":"article","og_title":"Tomate Adam F1 - producteur de semences - PremiumSeeds","og_description":"Tomate Adam F1 graines \u2013 en provenance directe du propri\u00e9taire de la marque PremiumSeeds. Vente en gros et distribution de graines Tomate Adam F1. Germination prouv\u00e9e et garantie. Commandez directement aupr\u00e8s du fabricant.","og_url":"https:\/\/premiumseeds.eu\/fr\/produkt\/tomate-adam-f1\/","og_site_name":"PremiumSeeds","article_modified_time":"2023-06-19T09:50:20+00:00","og_image":[{"width":945,"height":1770,"url":"https:\/\/premiumseeds.eu\/wp-content\/uploads\/2022\/06\/WORLD-N-171-2710_RGB_VS-2.jpg","type":"image\/jpeg"}],"twitter_card":"summary_large_image","schema":{"@context":"https:\/\/schema.org","@graph":[{"@type":"WebPage","@id":"https:\/\/premiumseeds.eu\/fr\/produkt\/tomate-adam-f1\/","url":"https:\/\/premiumseeds.eu\/fr\/produkt\/tomate-adam-f1\/","name":"Tomate Adam F1 - producteur de semences - PremiumSeeds","isPartOf":{"@id":"https:\/\/premiumseeds.eu\/fr\/#website"},"datePublished":"2022-06-22T10:11:00+00:00","dateModified":"2023-06-19T09:50:20+00:00","description":"Tomate Adam F1 graines \u2013 en provenance directe du propri\u00e9taire de la marque PremiumSeeds. Vente en gros et distribution de graines Tomate Adam F1. Germination prouv\u00e9e et garantie. Commandez directement aupr\u00e8s du fabricant.","breadcrumb":{"@id":"https:\/\/premiumseeds.eu\/fr\/produkt\/tomate-adam-f1\/#breadcrumb"},"inLanguage":"fr-FR","potentialAction":[{"@type":"ReadAction","target":["https:\/\/premiumseeds.eu\/fr\/produkt\/tomate-adam-f1\/"]}]},{"@type":"BreadcrumbList","@id":"https:\/\/premiumseeds.eu\/fr\/produkt\/tomate-adam-f1\/#breadcrumb","itemListElement":[{"@type":"ListItem","position":1,"name":"Home","item":"https:\/\/premiumseeds.eu\/fr\/"},{"@type":"ListItem","position":2,"name":"Graines","item":"https:\/\/premiumseeds.eu\/fr\/graines\/"},{"@type":"ListItem","position":3,"name":"Tomate Adam F1"}]},{"@type":"WebSite","@id":"https:\/\/premiumseeds.eu\/fr\/#website","url":"https:\/\/premiumseeds.eu\/fr\/","name":"PremiumSeeds","description":"Top seeds producer","potentialAction":[{"@type":"SearchAction","target":{"@type":"EntryPoint","urlTemplate":"https:\/\/premiumseeds.eu\/fr\/?s={search_term_string}"},"query-input":"required name=search_term_string"}],"inLanguage":"fr-FR"}]}},"_links":{"self":[{"href":"https:\/\/premiumseeds.eu\/fr\/wp-json\/wp\/v2\/product\/30031","targetHints":{"allow":["GET"]}}],"collection":[{"href":"https:\/\/premiumseeds.eu\/fr\/wp-json\/wp\/v2\/product"}],"about":[{"href":"https:\/\/premiumseeds.eu\/fr\/wp-json\/wp\/v2\/types\/product"}],"wp:featuredmedia":[{"embeddable":true,"href":"https:\/\/premiumseeds.eu\/fr\/wp-json\/wp\/v2\/media\/30038"}],"wp:attachment":[{"href":"https:\/\/premiumseeds.eu\/fr\/wp-json\/wp\/v2\/media?parent=30031"}],"wp:term":[{"taxonomy":"product_cat","embeddable":true,"href":"https:\/\/premiumseeds.eu\/fr\/wp-json\/wp\/v2\/product_cat?post=30031"},{"taxonomy":"product_tag","embeddable":true,"href":"https:\/\/premiumseeds.eu\/fr\/wp-json\/wp\/v2\/product_tag?post=30031"}],"curies":[{"name":"wp","href":"https:\/\/api.w.org\/{rel}","templated":true}]}}