{"id":30252,"date":"2022-06-22T13:23:25","date_gmt":"2022-06-22T11:23:25","guid":{"rendered":"https:\/\/premiumseeds.eu\/?post_type=product&#038;p=30252"},"modified":"2023-06-30T12:38:44","modified_gmt":"2023-06-30T10:38:44","slug":"reine-marguerite-plume-dautruche-variee-melange","status":"publish","type":"product","link":"https:\/\/premiumseeds.eu\/fr\/produkt\/reine-marguerite-plume-dautruche-variee-melange\/","title":{"rendered":"Reine Marguerite &#8211; Plume d&rsquo;Autruche Vari\u00e9e &#8211; M\u00e9lange"},"content":{"rendered":"","protected":false},"excerpt":{"rendered":"<p>Plante annuelle, pousse de 45 \u00e0 75 centim\u00e8tres de haut. Floraison exub\u00e9rante. De grandes fleurs doubles de diff\u00e9rentes couleurs sont dispos\u00e9es au sommet de longues tiges rigides. Pour les bordures sur\u00e9lev\u00e9es, les parterres de fleurs et les fleurs coup\u00e9es.<br \/>\n<\/b><br \/>\n<strong>Reine Marguerite &#8211; Plume d&rsquo;Autruche Vari\u00e9e &#8211; M\u00e9lange &#8211; semences<\/strong><br \/>\n<\/b><br \/>\n<strong>Profondeur de semis:<\/strong> 0,5 cm<br \/>\n<strong>Temps de semis en serre:<\/strong> mars &#8211; avril<br \/>\n<strong>Temps de semis en ext\u00e9rieur:<\/strong> avril<br \/>\n<strong>Temps de plantation des semis en ext\u00e9rieur:<\/strong> mai<br \/>\n<strong>Propagation:<\/strong> 30 x 30 cm<br \/>\n<strong>P\u00e9riode de floraison:<\/strong> juillet &#8211; octobre<br \/>\n<\/b><br \/>\nUn paquet contient 1 g de graines.<\/p>\n","protected":false},"featured_media":58114,"template":"","meta":{"_monsterinsights_skip_tracking":false,"_monsterinsights_sitenote_active":false,"_monsterinsights_sitenote_note":"","_monsterinsights_sitenote_category":0},"product_cat":[1476,1470,1537],"product_tag":[2556],"class_list":["post-30252","product","type-product","status-publish","has-post-thumbnail","hentry","product_cat-graines-daster","product_cat-graines-de-fleurs-de-jardin","product_cat-melanges-de-graines-de-fleurs","product_tag-reine-marguerite-plume-dautruche-variee-melange-semences"],"yoast_head":"<!-- This site is optimized with the Yoast SEO plugin v21.6 - https:\/\/yoast.com\/wordpress\/plugins\/seo\/ -->\n<title>Reine Marguerite - Plume d&#039;Autruche Vari\u00e9e - M\u00e9lange - producteur de semences - PremiumSeeds<\/title>\n<meta name=\"description\" content=\"Reine Marguerite - Plume d&#039;Autruche Vari\u00e9e - M\u00e9lange graines \u2013 en provenance directe du propri\u00e9taire de la marque PremiumSeeds. Vente en gros et distribution de graines Reine Marguerite - Plume d&#039;Autruche Vari\u00e9e - M\u00e9lange. Germination prouv\u00e9e et garantie. Commandez directement aupr\u00e8s du fabricant.\" \/>\n<meta name=\"robots\" content=\"index, follow, max-snippet:-1, max-image-preview:large, max-video-preview:-1\" \/>\n<link rel=\"canonical\" href=\"https:\/\/premiumseeds.eu\/fr\/produkt\/reine-marguerite-plume-dautruche-variee-melange\/\" \/>\n<meta property=\"og:locale\" content=\"fr_FR\" \/>\n<meta property=\"og:type\" content=\"article\" \/>\n<meta property=\"og:title\" content=\"Reine Marguerite - Plume d&#039;Autruche Vari\u00e9e - M\u00e9lange - producteur de semences - PremiumSeeds\" \/>\n<meta property=\"og:description\" content=\"Reine Marguerite - Plume d&#039;Autruche Vari\u00e9e - M\u00e9lange graines \u2013 en provenance directe du propri\u00e9taire de la marque PremiumSeeds. Vente en gros et distribution de graines Reine Marguerite - Plume d&#039;Autruche Vari\u00e9e - M\u00e9lange. Germination prouv\u00e9e et garantie. Commandez directement aupr\u00e8s du fabricant.\" \/>\n<meta property=\"og:url\" content=\"https:\/\/premiumseeds.eu\/fr\/produkt\/reine-marguerite-plume-dautruche-variee-melange\/\" \/>\n<meta property=\"og:site_name\" content=\"PremiumSeeds\" \/>\n<meta property=\"article:modified_time\" content=\"2023-06-30T10:38:44+00:00\" \/>\n<meta property=\"og:image\" content=\"https:\/\/premiumseeds.eu\/wp-content\/uploads\/2022\/06\/WORLD-N-G-450-0808_VS-1.jpg?v=1688121499\" \/>\n\t<meta property=\"og:image:width\" content=\"945\" \/>\n\t<meta property=\"og:image:height\" content=\"1772\" \/>\n\t<meta property=\"og:image:type\" content=\"image\/jpeg\" \/>\n<meta name=\"twitter:card\" content=\"summary_large_image\" \/>\n<script type=\"application\/ld+json\" class=\"yoast-schema-graph\">{\"@context\":\"https:\/\/schema.org\",\"@graph\":[{\"@type\":\"WebPage\",\"@id\":\"https:\/\/premiumseeds.eu\/fr\/produkt\/reine-marguerite-plume-dautruche-variee-melange\/\",\"url\":\"https:\/\/premiumseeds.eu\/fr\/produkt\/reine-marguerite-plume-dautruche-variee-melange\/\",\"name\":\"Reine Marguerite - Plume d'Autruche Vari\u00e9e - M\u00e9lange - producteur de semences - PremiumSeeds\",\"isPartOf\":{\"@id\":\"https:\/\/premiumseeds.eu\/fr\/#website\"},\"datePublished\":\"2022-06-22T11:23:25+00:00\",\"dateModified\":\"2023-06-30T10:38:44+00:00\",\"description\":\"Reine Marguerite - Plume d'Autruche Vari\u00e9e - M\u00e9lange graines \u2013 en provenance directe du propri\u00e9taire de la marque PremiumSeeds. Vente en gros et distribution de graines Reine Marguerite - Plume d'Autruche Vari\u00e9e - M\u00e9lange. Germination prouv\u00e9e et garantie. Commandez directement aupr\u00e8s du fabricant.\",\"breadcrumb\":{\"@id\":\"https:\/\/premiumseeds.eu\/fr\/produkt\/reine-marguerite-plume-dautruche-variee-melange\/#breadcrumb\"},\"inLanguage\":\"fr-FR\",\"potentialAction\":[{\"@type\":\"ReadAction\",\"target\":[\"https:\/\/premiumseeds.eu\/fr\/produkt\/reine-marguerite-plume-dautruche-variee-melange\/\"]}]},{\"@type\":\"BreadcrumbList\",\"@id\":\"https:\/\/premiumseeds.eu\/fr\/produkt\/reine-marguerite-plume-dautruche-variee-melange\/#breadcrumb\",\"itemListElement\":[{\"@type\":\"ListItem\",\"position\":1,\"name\":\"Home\",\"item\":\"https:\/\/premiumseeds.eu\/fr\/\"},{\"@type\":\"ListItem\",\"position\":2,\"name\":\"Graines\",\"item\":\"https:\/\/premiumseeds.eu\/fr\/graines\/\"},{\"@type\":\"ListItem\",\"position\":3,\"name\":\"Reine Marguerite &#8211; Plume d&#8217;Autruche Vari\u00e9e &#8211; M\u00e9lange\"}]},{\"@type\":\"WebSite\",\"@id\":\"https:\/\/premiumseeds.eu\/fr\/#website\",\"url\":\"https:\/\/premiumseeds.eu\/fr\/\",\"name\":\"PremiumSeeds\",\"description\":\"Top seeds producer\",\"potentialAction\":[{\"@type\":\"SearchAction\",\"target\":{\"@type\":\"EntryPoint\",\"urlTemplate\":\"https:\/\/premiumseeds.eu\/fr\/?s={search_term_string}\"},\"query-input\":\"required name=search_term_string\"}],\"inLanguage\":\"fr-FR\"}]}<\/script>\n<!-- \/ Yoast SEO plugin. -->","yoast_head_json":{"title":"Reine Marguerite - Plume d'Autruche Vari\u00e9e - M\u00e9lange - producteur de semences - PremiumSeeds","description":"Reine Marguerite - Plume d'Autruche Vari\u00e9e - M\u00e9lange graines \u2013 en provenance directe du propri\u00e9taire de la marque PremiumSeeds. Vente en gros et distribution de graines Reine Marguerite - Plume d'Autruche Vari\u00e9e - M\u00e9lange. Germination prouv\u00e9e et garantie. Commandez directement aupr\u00e8s du fabricant.","robots":{"index":"index","follow":"follow","max-snippet":"max-snippet:-1","max-image-preview":"max-image-preview:large","max-video-preview":"max-video-preview:-1"},"canonical":"https:\/\/premiumseeds.eu\/fr\/produkt\/reine-marguerite-plume-dautruche-variee-melange\/","og_locale":"fr_FR","og_type":"article","og_title":"Reine Marguerite - Plume d'Autruche Vari\u00e9e - M\u00e9lange - producteur de semences - PremiumSeeds","og_description":"Reine Marguerite - Plume d'Autruche Vari\u00e9e - M\u00e9lange graines \u2013 en provenance directe du propri\u00e9taire de la marque PremiumSeeds. Vente en gros et distribution de graines Reine Marguerite - Plume d'Autruche Vari\u00e9e - M\u00e9lange. Germination prouv\u00e9e et garantie. Commandez directement aupr\u00e8s du fabricant.","og_url":"https:\/\/premiumseeds.eu\/fr\/produkt\/reine-marguerite-plume-dautruche-variee-melange\/","og_site_name":"PremiumSeeds","article_modified_time":"2023-06-30T10:38:44+00:00","og_image":[{"width":945,"height":1772,"url":"https:\/\/premiumseeds.eu\/wp-content\/uploads\/2022\/06\/WORLD-N-G-450-0808_VS-1.jpg?v=1688121499","type":"image\/jpeg"}],"twitter_card":"summary_large_image","schema":{"@context":"https:\/\/schema.org","@graph":[{"@type":"WebPage","@id":"https:\/\/premiumseeds.eu\/fr\/produkt\/reine-marguerite-plume-dautruche-variee-melange\/","url":"https:\/\/premiumseeds.eu\/fr\/produkt\/reine-marguerite-plume-dautruche-variee-melange\/","name":"Reine Marguerite - Plume d'Autruche Vari\u00e9e - M\u00e9lange - producteur de semences - PremiumSeeds","isPartOf":{"@id":"https:\/\/premiumseeds.eu\/fr\/#website"},"datePublished":"2022-06-22T11:23:25+00:00","dateModified":"2023-06-30T10:38:44+00:00","description":"Reine Marguerite - Plume d'Autruche Vari\u00e9e - M\u00e9lange graines \u2013 en provenance directe du propri\u00e9taire de la marque PremiumSeeds. Vente en gros et distribution de graines Reine Marguerite - Plume d'Autruche Vari\u00e9e - M\u00e9lange. Germination prouv\u00e9e et garantie. Commandez directement aupr\u00e8s du fabricant.","breadcrumb":{"@id":"https:\/\/premiumseeds.eu\/fr\/produkt\/reine-marguerite-plume-dautruche-variee-melange\/#breadcrumb"},"inLanguage":"fr-FR","potentialAction":[{"@type":"ReadAction","target":["https:\/\/premiumseeds.eu\/fr\/produkt\/reine-marguerite-plume-dautruche-variee-melange\/"]}]},{"@type":"BreadcrumbList","@id":"https:\/\/premiumseeds.eu\/fr\/produkt\/reine-marguerite-plume-dautruche-variee-melange\/#breadcrumb","itemListElement":[{"@type":"ListItem","position":1,"name":"Home","item":"https:\/\/premiumseeds.eu\/fr\/"},{"@type":"ListItem","position":2,"name":"Graines","item":"https:\/\/premiumseeds.eu\/fr\/graines\/"},{"@type":"ListItem","position":3,"name":"Reine Marguerite &#8211; Plume d&#8217;Autruche Vari\u00e9e &#8211; M\u00e9lange"}]},{"@type":"WebSite","@id":"https:\/\/premiumseeds.eu\/fr\/#website","url":"https:\/\/premiumseeds.eu\/fr\/","name":"PremiumSeeds","description":"Top seeds producer","potentialAction":[{"@type":"SearchAction","target":{"@type":"EntryPoint","urlTemplate":"https:\/\/premiumseeds.eu\/fr\/?s={search_term_string}"},"query-input":"required name=search_term_string"}],"inLanguage":"fr-FR"}]}},"_links":{"self":[{"href":"https:\/\/premiumseeds.eu\/fr\/wp-json\/wp\/v2\/product\/30252","targetHints":{"allow":["GET"]}}],"collection":[{"href":"https:\/\/premiumseeds.eu\/fr\/wp-json\/wp\/v2\/product"}],"about":[{"href":"https:\/\/premiumseeds.eu\/fr\/wp-json\/wp\/v2\/types\/product"}],"wp:featuredmedia":[{"embeddable":true,"href":"https:\/\/premiumseeds.eu\/fr\/wp-json\/wp\/v2\/media\/58114"}],"wp:attachment":[{"href":"https:\/\/premiumseeds.eu\/fr\/wp-json\/wp\/v2\/media?parent=30252"}],"wp:term":[{"taxonomy":"product_cat","embeddable":true,"href":"https:\/\/premiumseeds.eu\/fr\/wp-json\/wp\/v2\/product_cat?post=30252"},{"taxonomy":"product_tag","embeddable":true,"href":"https:\/\/premiumseeds.eu\/fr\/wp-json\/wp\/v2\/product_tag?post=30252"}],"curies":[{"name":"wp","href":"https:\/\/api.w.org\/{rel}","templated":true}]}}