{"id":35057,"date":"2022-07-15T13:24:28","date_gmt":"2022-07-15T11:24:28","guid":{"rendered":"https:\/\/premiumseeds.eu\/?post_type=product&#038;p=35057"},"modified":"2022-12-12T14:30:54","modified_gmt":"2022-12-12T13:30:54","slug":"alfalfa-graines-a-germer","status":"publish","type":"product","link":"https:\/\/premiumseeds.eu\/fr\/produkt\/alfalfa-graines-a-germer\/","title":{"rendered":"Alfalfa &#8211; Graines \u00e0 germer"},"content":{"rendered":"","protected":false},"excerpt":{"rendered":"<p>Les germes de luzerne qui ont un go\u00fbt doux constituent une merveilleuse source de vitamines et de min\u00e9raux. Ils sont d\u00e9licieux dans les salades et les sandwichs. Vous pouvez les cultiver chez vous toute l&rsquo;ann\u00e9e. Vous pouvez les r\u00e9colter et les manger d\u00e8s trois \u00e0 quatre jours apr\u00e8s le semis.<br \/>\n<\/b><br \/>\n<strong>Alfalfa &#8211; Graines \u00e0 germer<\/strong><br \/>\n<\/b><br \/>\n<strong>Temps de semis en serre:<\/strong> janvier &#8211; d\u00e9cembre<br \/>\n<strong>P\u00e9riode de r\u00e9colte:<\/strong> janvier &#8211; d\u00e9cembre<br \/>\n<\/b><br \/>\nUn paquet contient 20 g de graines.<\/p>\n","protected":false},"featured_media":35058,"template":"","meta":{"_monsterinsights_skip_tracking":false,"_monsterinsights_sitenote_active":false,"_monsterinsights_sitenote_note":"","_monsterinsights_sitenote_category":0},"product_cat":[1458],"product_tag":[2772],"class_list":["post-35057","product","type-product","status-publish","has-post-thumbnail","hentry","product_cat-graines-a-germer","product_tag-alfalfa-graines-a-germer"],"yoast_head":"<!-- This site is optimized with the Yoast SEO plugin v21.6 - https:\/\/yoast.com\/wordpress\/plugins\/seo\/ -->\n<title>Alfalfa - Graines \u00e0 germer - producteur de semences - PremiumSeeds<\/title>\n<meta name=\"description\" content=\"Alfalfa - Graines \u00e0 germer graines \u2013 en provenance directe du propri\u00e9taire de la marque PremiumSeeds. Vente en gros et distribution de graines Alfalfa - Graines \u00e0 germer. Germination prouv\u00e9e et garantie. Commandez directement aupr\u00e8s du fabricant.\" \/>\n<meta name=\"robots\" content=\"index, follow, max-snippet:-1, max-image-preview:large, max-video-preview:-1\" \/>\n<link rel=\"canonical\" href=\"https:\/\/premiumseeds.eu\/fr\/produkt\/alfalfa-graines-a-germer\/\" \/>\n<meta property=\"og:locale\" content=\"fr_FR\" \/>\n<meta property=\"og:type\" content=\"article\" \/>\n<meta property=\"og:title\" content=\"Alfalfa - Graines \u00e0 germer - producteur de semences - PremiumSeeds\" \/>\n<meta property=\"og:description\" content=\"Alfalfa - Graines \u00e0 germer graines \u2013 en provenance directe du propri\u00e9taire de la marque PremiumSeeds. Vente en gros et distribution de graines Alfalfa - Graines \u00e0 germer. Germination prouv\u00e9e et garantie. Commandez directement aupr\u00e8s du fabricant.\" \/>\n<meta property=\"og:url\" content=\"https:\/\/premiumseeds.eu\/fr\/produkt\/alfalfa-graines-a-germer\/\" \/>\n<meta property=\"og:site_name\" content=\"PremiumSeeds\" \/>\n<meta property=\"article:modified_time\" content=\"2022-12-12T13:30:54+00:00\" \/>\n<meta property=\"og:image\" content=\"https:\/\/premiumseeds.eu\/wp-content\/uploads\/2022\/07\/Alfalfa-SKW-1-22-139995_front-3.jpg\" \/>\n\t<meta property=\"og:image:width\" content=\"941\" \/>\n\t<meta property=\"og:image:height\" content=\"1768\" \/>\n\t<meta property=\"og:image:type\" content=\"image\/jpeg\" \/>\n<meta name=\"twitter:card\" content=\"summary_large_image\" \/>\n<script type=\"application\/ld+json\" class=\"yoast-schema-graph\">{\"@context\":\"https:\/\/schema.org\",\"@graph\":[{\"@type\":\"WebPage\",\"@id\":\"https:\/\/premiumseeds.eu\/fr\/produkt\/alfalfa-graines-a-germer\/\",\"url\":\"https:\/\/premiumseeds.eu\/fr\/produkt\/alfalfa-graines-a-germer\/\",\"name\":\"Alfalfa - Graines \u00e0 germer - producteur de semences - PremiumSeeds\",\"isPartOf\":{\"@id\":\"https:\/\/premiumseeds.eu\/fr\/#website\"},\"datePublished\":\"2022-07-15T11:24:28+00:00\",\"dateModified\":\"2022-12-12T13:30:54+00:00\",\"description\":\"Alfalfa - Graines \u00e0 germer graines \u2013 en provenance directe du propri\u00e9taire de la marque PremiumSeeds. Vente en gros et distribution de graines Alfalfa - Graines \u00e0 germer. Germination prouv\u00e9e et garantie. Commandez directement aupr\u00e8s du fabricant.\",\"breadcrumb\":{\"@id\":\"https:\/\/premiumseeds.eu\/fr\/produkt\/alfalfa-graines-a-germer\/#breadcrumb\"},\"inLanguage\":\"fr-FR\",\"potentialAction\":[{\"@type\":\"ReadAction\",\"target\":[\"https:\/\/premiumseeds.eu\/fr\/produkt\/alfalfa-graines-a-germer\/\"]}]},{\"@type\":\"BreadcrumbList\",\"@id\":\"https:\/\/premiumseeds.eu\/fr\/produkt\/alfalfa-graines-a-germer\/#breadcrumb\",\"itemListElement\":[{\"@type\":\"ListItem\",\"position\":1,\"name\":\"Home\",\"item\":\"https:\/\/premiumseeds.eu\/fr\/\"},{\"@type\":\"ListItem\",\"position\":2,\"name\":\"Graines\",\"item\":\"https:\/\/premiumseeds.eu\/fr\/graines\/\"},{\"@type\":\"ListItem\",\"position\":3,\"name\":\"Alfalfa &#8211; Graines \u00e0 germer\"}]},{\"@type\":\"WebSite\",\"@id\":\"https:\/\/premiumseeds.eu\/fr\/#website\",\"url\":\"https:\/\/premiumseeds.eu\/fr\/\",\"name\":\"PremiumSeeds\",\"description\":\"Top seeds producer\",\"potentialAction\":[{\"@type\":\"SearchAction\",\"target\":{\"@type\":\"EntryPoint\",\"urlTemplate\":\"https:\/\/premiumseeds.eu\/fr\/?s={search_term_string}\"},\"query-input\":\"required name=search_term_string\"}],\"inLanguage\":\"fr-FR\"}]}<\/script>\n<!-- \/ Yoast SEO plugin. -->","yoast_head_json":{"title":"Alfalfa - Graines \u00e0 germer - producteur de semences - PremiumSeeds","description":"Alfalfa - Graines \u00e0 germer graines \u2013 en provenance directe du propri\u00e9taire de la marque PremiumSeeds. Vente en gros et distribution de graines Alfalfa - Graines \u00e0 germer. Germination prouv\u00e9e et garantie. Commandez directement aupr\u00e8s du fabricant.","robots":{"index":"index","follow":"follow","max-snippet":"max-snippet:-1","max-image-preview":"max-image-preview:large","max-video-preview":"max-video-preview:-1"},"canonical":"https:\/\/premiumseeds.eu\/fr\/produkt\/alfalfa-graines-a-germer\/","og_locale":"fr_FR","og_type":"article","og_title":"Alfalfa - Graines \u00e0 germer - producteur de semences - PremiumSeeds","og_description":"Alfalfa - Graines \u00e0 germer graines \u2013 en provenance directe du propri\u00e9taire de la marque PremiumSeeds. Vente en gros et distribution de graines Alfalfa - Graines \u00e0 germer. Germination prouv\u00e9e et garantie. Commandez directement aupr\u00e8s du fabricant.","og_url":"https:\/\/premiumseeds.eu\/fr\/produkt\/alfalfa-graines-a-germer\/","og_site_name":"PremiumSeeds","article_modified_time":"2022-12-12T13:30:54+00:00","og_image":[{"width":941,"height":1768,"url":"https:\/\/premiumseeds.eu\/wp-content\/uploads\/2022\/07\/Alfalfa-SKW-1-22-139995_front-3.jpg","type":"image\/jpeg"}],"twitter_card":"summary_large_image","schema":{"@context":"https:\/\/schema.org","@graph":[{"@type":"WebPage","@id":"https:\/\/premiumseeds.eu\/fr\/produkt\/alfalfa-graines-a-germer\/","url":"https:\/\/premiumseeds.eu\/fr\/produkt\/alfalfa-graines-a-germer\/","name":"Alfalfa - Graines \u00e0 germer - producteur de semences - PremiumSeeds","isPartOf":{"@id":"https:\/\/premiumseeds.eu\/fr\/#website"},"datePublished":"2022-07-15T11:24:28+00:00","dateModified":"2022-12-12T13:30:54+00:00","description":"Alfalfa - Graines \u00e0 germer graines \u2013 en provenance directe du propri\u00e9taire de la marque PremiumSeeds. Vente en gros et distribution de graines Alfalfa - Graines \u00e0 germer. Germination prouv\u00e9e et garantie. Commandez directement aupr\u00e8s du fabricant.","breadcrumb":{"@id":"https:\/\/premiumseeds.eu\/fr\/produkt\/alfalfa-graines-a-germer\/#breadcrumb"},"inLanguage":"fr-FR","potentialAction":[{"@type":"ReadAction","target":["https:\/\/premiumseeds.eu\/fr\/produkt\/alfalfa-graines-a-germer\/"]}]},{"@type":"BreadcrumbList","@id":"https:\/\/premiumseeds.eu\/fr\/produkt\/alfalfa-graines-a-germer\/#breadcrumb","itemListElement":[{"@type":"ListItem","position":1,"name":"Home","item":"https:\/\/premiumseeds.eu\/fr\/"},{"@type":"ListItem","position":2,"name":"Graines","item":"https:\/\/premiumseeds.eu\/fr\/graines\/"},{"@type":"ListItem","position":3,"name":"Alfalfa &#8211; Graines \u00e0 germer"}]},{"@type":"WebSite","@id":"https:\/\/premiumseeds.eu\/fr\/#website","url":"https:\/\/premiumseeds.eu\/fr\/","name":"PremiumSeeds","description":"Top seeds producer","potentialAction":[{"@type":"SearchAction","target":{"@type":"EntryPoint","urlTemplate":"https:\/\/premiumseeds.eu\/fr\/?s={search_term_string}"},"query-input":"required name=search_term_string"}],"inLanguage":"fr-FR"}]}},"_links":{"self":[{"href":"https:\/\/premiumseeds.eu\/fr\/wp-json\/wp\/v2\/product\/35057","targetHints":{"allow":["GET"]}}],"collection":[{"href":"https:\/\/premiumseeds.eu\/fr\/wp-json\/wp\/v2\/product"}],"about":[{"href":"https:\/\/premiumseeds.eu\/fr\/wp-json\/wp\/v2\/types\/product"}],"wp:featuredmedia":[{"embeddable":true,"href":"https:\/\/premiumseeds.eu\/fr\/wp-json\/wp\/v2\/media\/35058"}],"wp:attachment":[{"href":"https:\/\/premiumseeds.eu\/fr\/wp-json\/wp\/v2\/media?parent=35057"}],"wp:term":[{"taxonomy":"product_cat","embeddable":true,"href":"https:\/\/premiumseeds.eu\/fr\/wp-json\/wp\/v2\/product_cat?post=35057"},{"taxonomy":"product_tag","embeddable":true,"href":"https:\/\/premiumseeds.eu\/fr\/wp-json\/wp\/v2\/product_tag?post=35057"}],"curies":[{"name":"wp","href":"https:\/\/api.w.org\/{rel}","templated":true}]}}