{"id":35096,"date":"2022-07-15T13:39:06","date_gmt":"2022-07-15T11:39:06","guid":{"rendered":"https:\/\/premiumseeds.eu\/?post_type=product&#038;p=35096"},"modified":"2023-06-19T08:28:17","modified_gmt":"2023-06-19T06:28:17","slug":"cresson-alenois-graines-a-germer","status":"publish","type":"product","link":"https:\/\/premiumseeds.eu\/fr\/produkt\/cresson-alenois-graines-a-germer\/","title":{"rendered":"Cresson al\u00e9nois &#8211; Graines \u00e0 germer"},"content":{"rendered":"","protected":false},"excerpt":{"rendered":"<p>Avec leur ar\u00f4me distinct et leur go\u00fbt savoureux, les germes de cresson ne peuvent \u00eatre confondus avec aucun autre germe. Vous pouvez les ajouter pour enrichir la saveur du fromage blanc, des sandwiches et des salades. Les germes de cresson sont g\u00e9n\u00e9ralement cultiv\u00e9s, tout comme le seigle, sur des assiettes creuses \u00e0 l&rsquo;approche de P\u00e2ques. Cependant, vous pouvez les cultiver toute l&rsquo;ann\u00e9e. R\u00e9coltez-les quatre \u00e0 cinq jours apr\u00e8s le semis.<br \/>\n<\/b><br \/>\n<strong>Cresson al\u00e9nois &#8211; Graines \u00e0 germer<\/strong><br \/>\n<\/b><br \/>\n<strong>Temps de semis en serre:<\/strong> janvier &#8211; d\u00e9cembre<br \/>\n<strong>P\u00e9riode de r\u00e9colte:<\/strong> janvier &#8211; d\u00e9cembre<br \/>\n<\/b><br \/>\nUn paquet contient 15 g de graines.<\/p>\n","protected":false},"featured_media":35097,"template":"","meta":{"_monsterinsights_skip_tracking":false,"_monsterinsights_sitenote_active":false,"_monsterinsights_sitenote_note":"","_monsterinsights_sitenote_category":0},"product_cat":[1458],"product_tag":[2776],"class_list":["post-35096","product","type-product","status-publish","has-post-thumbnail","hentry","product_cat-graines-a-germer","product_tag-cresson-alenois-graines-a-germer"],"yoast_head":"<!-- This site is optimized with the Yoast SEO plugin v21.6 - https:\/\/yoast.com\/wordpress\/plugins\/seo\/ -->\n<title>Cresson al\u00e9nois - Graines \u00e0 germer - producteur de semences - PremiumSeeds<\/title>\n<meta name=\"description\" content=\"Cresson al\u00e9nois - Graines \u00e0 germer graines \u2013 en provenance directe du propri\u00e9taire de la marque PremiumSeeds. Vente en gros et distribution de graines Cresson al\u00e9nois - Graines \u00e0 germer. Germination prouv\u00e9e et garantie. Commandez directement aupr\u00e8s du fabricant.\" \/>\n<meta name=\"robots\" content=\"index, follow, max-snippet:-1, max-image-preview:large, max-video-preview:-1\" \/>\n<link rel=\"canonical\" href=\"https:\/\/premiumseeds.eu\/fr\/produkt\/cresson-alenois-graines-a-germer\/\" \/>\n<meta property=\"og:locale\" content=\"fr_FR\" \/>\n<meta property=\"og:type\" content=\"article\" \/>\n<meta property=\"og:title\" content=\"Cresson al\u00e9nois - Graines \u00e0 germer - producteur de semences - PremiumSeeds\" \/>\n<meta property=\"og:description\" content=\"Cresson al\u00e9nois - Graines \u00e0 germer graines \u2013 en provenance directe du propri\u00e9taire de la marque PremiumSeeds. Vente en gros et distribution de graines Cresson al\u00e9nois - Graines \u00e0 germer. Germination prouv\u00e9e et garantie. Commandez directement aupr\u00e8s du fabricant.\" \/>\n<meta property=\"og:url\" content=\"https:\/\/premiumseeds.eu\/fr\/produkt\/cresson-alenois-graines-a-germer\/\" \/>\n<meta property=\"og:site_name\" content=\"PremiumSeeds\" \/>\n<meta property=\"article:modified_time\" content=\"2023-06-19T06:28:17+00:00\" \/>\n<meta property=\"og:image\" content=\"https:\/\/premiumseeds.eu\/wp-content\/uploads\/2022\/07\/Cress-SKW-4-22-139998_front-2.jpg\" \/>\n\t<meta property=\"og:image:width\" content=\"941\" \/>\n\t<meta property=\"og:image:height\" content=\"1768\" \/>\n\t<meta property=\"og:image:type\" content=\"image\/jpeg\" \/>\n<meta name=\"twitter:card\" content=\"summary_large_image\" \/>\n<script type=\"application\/ld+json\" class=\"yoast-schema-graph\">{\"@context\":\"https:\/\/schema.org\",\"@graph\":[{\"@type\":\"WebPage\",\"@id\":\"https:\/\/premiumseeds.eu\/fr\/produkt\/cresson-alenois-graines-a-germer\/\",\"url\":\"https:\/\/premiumseeds.eu\/fr\/produkt\/cresson-alenois-graines-a-germer\/\",\"name\":\"Cresson al\u00e9nois - Graines \u00e0 germer - producteur de semences - PremiumSeeds\",\"isPartOf\":{\"@id\":\"https:\/\/premiumseeds.eu\/fr\/#website\"},\"datePublished\":\"2022-07-15T11:39:06+00:00\",\"dateModified\":\"2023-06-19T06:28:17+00:00\",\"description\":\"Cresson al\u00e9nois - Graines \u00e0 germer graines \u2013 en provenance directe du propri\u00e9taire de la marque PremiumSeeds. Vente en gros et distribution de graines Cresson al\u00e9nois - Graines \u00e0 germer. Germination prouv\u00e9e et garantie. Commandez directement aupr\u00e8s du fabricant.\",\"breadcrumb\":{\"@id\":\"https:\/\/premiumseeds.eu\/fr\/produkt\/cresson-alenois-graines-a-germer\/#breadcrumb\"},\"inLanguage\":\"fr-FR\",\"potentialAction\":[{\"@type\":\"ReadAction\",\"target\":[\"https:\/\/premiumseeds.eu\/fr\/produkt\/cresson-alenois-graines-a-germer\/\"]}]},{\"@type\":\"BreadcrumbList\",\"@id\":\"https:\/\/premiumseeds.eu\/fr\/produkt\/cresson-alenois-graines-a-germer\/#breadcrumb\",\"itemListElement\":[{\"@type\":\"ListItem\",\"position\":1,\"name\":\"Home\",\"item\":\"https:\/\/premiumseeds.eu\/fr\/\"},{\"@type\":\"ListItem\",\"position\":2,\"name\":\"Graines\",\"item\":\"https:\/\/premiumseeds.eu\/fr\/graines\/\"},{\"@type\":\"ListItem\",\"position\":3,\"name\":\"Cresson al\u00e9nois &#8211; Graines \u00e0 germer\"}]},{\"@type\":\"WebSite\",\"@id\":\"https:\/\/premiumseeds.eu\/fr\/#website\",\"url\":\"https:\/\/premiumseeds.eu\/fr\/\",\"name\":\"PremiumSeeds\",\"description\":\"Top seeds producer\",\"potentialAction\":[{\"@type\":\"SearchAction\",\"target\":{\"@type\":\"EntryPoint\",\"urlTemplate\":\"https:\/\/premiumseeds.eu\/fr\/?s={search_term_string}\"},\"query-input\":\"required name=search_term_string\"}],\"inLanguage\":\"fr-FR\"}]}<\/script>\n<!-- \/ Yoast SEO plugin. -->","yoast_head_json":{"title":"Cresson al\u00e9nois - Graines \u00e0 germer - producteur de semences - PremiumSeeds","description":"Cresson al\u00e9nois - Graines \u00e0 germer graines \u2013 en provenance directe du propri\u00e9taire de la marque PremiumSeeds. Vente en gros et distribution de graines Cresson al\u00e9nois - Graines \u00e0 germer. Germination prouv\u00e9e et garantie. Commandez directement aupr\u00e8s du fabricant.","robots":{"index":"index","follow":"follow","max-snippet":"max-snippet:-1","max-image-preview":"max-image-preview:large","max-video-preview":"max-video-preview:-1"},"canonical":"https:\/\/premiumseeds.eu\/fr\/produkt\/cresson-alenois-graines-a-germer\/","og_locale":"fr_FR","og_type":"article","og_title":"Cresson al\u00e9nois - Graines \u00e0 germer - producteur de semences - PremiumSeeds","og_description":"Cresson al\u00e9nois - Graines \u00e0 germer graines \u2013 en provenance directe du propri\u00e9taire de la marque PremiumSeeds. Vente en gros et distribution de graines Cresson al\u00e9nois - Graines \u00e0 germer. Germination prouv\u00e9e et garantie. Commandez directement aupr\u00e8s du fabricant.","og_url":"https:\/\/premiumseeds.eu\/fr\/produkt\/cresson-alenois-graines-a-germer\/","og_site_name":"PremiumSeeds","article_modified_time":"2023-06-19T06:28:17+00:00","og_image":[{"width":941,"height":1768,"url":"https:\/\/premiumseeds.eu\/wp-content\/uploads\/2022\/07\/Cress-SKW-4-22-139998_front-2.jpg","type":"image\/jpeg"}],"twitter_card":"summary_large_image","schema":{"@context":"https:\/\/schema.org","@graph":[{"@type":"WebPage","@id":"https:\/\/premiumseeds.eu\/fr\/produkt\/cresson-alenois-graines-a-germer\/","url":"https:\/\/premiumseeds.eu\/fr\/produkt\/cresson-alenois-graines-a-germer\/","name":"Cresson al\u00e9nois - Graines \u00e0 germer - producteur de semences - PremiumSeeds","isPartOf":{"@id":"https:\/\/premiumseeds.eu\/fr\/#website"},"datePublished":"2022-07-15T11:39:06+00:00","dateModified":"2023-06-19T06:28:17+00:00","description":"Cresson al\u00e9nois - Graines \u00e0 germer graines \u2013 en provenance directe du propri\u00e9taire de la marque PremiumSeeds. Vente en gros et distribution de graines Cresson al\u00e9nois - Graines \u00e0 germer. Germination prouv\u00e9e et garantie. Commandez directement aupr\u00e8s du fabricant.","breadcrumb":{"@id":"https:\/\/premiumseeds.eu\/fr\/produkt\/cresson-alenois-graines-a-germer\/#breadcrumb"},"inLanguage":"fr-FR","potentialAction":[{"@type":"ReadAction","target":["https:\/\/premiumseeds.eu\/fr\/produkt\/cresson-alenois-graines-a-germer\/"]}]},{"@type":"BreadcrumbList","@id":"https:\/\/premiumseeds.eu\/fr\/produkt\/cresson-alenois-graines-a-germer\/#breadcrumb","itemListElement":[{"@type":"ListItem","position":1,"name":"Home","item":"https:\/\/premiumseeds.eu\/fr\/"},{"@type":"ListItem","position":2,"name":"Graines","item":"https:\/\/premiumseeds.eu\/fr\/graines\/"},{"@type":"ListItem","position":3,"name":"Cresson al\u00e9nois &#8211; Graines \u00e0 germer"}]},{"@type":"WebSite","@id":"https:\/\/premiumseeds.eu\/fr\/#website","url":"https:\/\/premiumseeds.eu\/fr\/","name":"PremiumSeeds","description":"Top seeds producer","potentialAction":[{"@type":"SearchAction","target":{"@type":"EntryPoint","urlTemplate":"https:\/\/premiumseeds.eu\/fr\/?s={search_term_string}"},"query-input":"required name=search_term_string"}],"inLanguage":"fr-FR"}]}},"_links":{"self":[{"href":"https:\/\/premiumseeds.eu\/fr\/wp-json\/wp\/v2\/product\/35096","targetHints":{"allow":["GET"]}}],"collection":[{"href":"https:\/\/premiumseeds.eu\/fr\/wp-json\/wp\/v2\/product"}],"about":[{"href":"https:\/\/premiumseeds.eu\/fr\/wp-json\/wp\/v2\/types\/product"}],"wp:featuredmedia":[{"embeddable":true,"href":"https:\/\/premiumseeds.eu\/fr\/wp-json\/wp\/v2\/media\/35097"}],"wp:attachment":[{"href":"https:\/\/premiumseeds.eu\/fr\/wp-json\/wp\/v2\/media?parent=35096"}],"wp:term":[{"taxonomy":"product_cat","embeddable":true,"href":"https:\/\/premiumseeds.eu\/fr\/wp-json\/wp\/v2\/product_cat?post=35096"},{"taxonomy":"product_tag","embeddable":true,"href":"https:\/\/premiumseeds.eu\/fr\/wp-json\/wp\/v2\/product_tag?post=35096"}],"curies":[{"name":"wp","href":"https:\/\/api.w.org\/{rel}","templated":true}]}}