{"id":39255,"date":"2022-10-21T15:36:36","date_gmt":"2022-10-21T13:36:36","guid":{"rendered":"https:\/\/premiumseeds.eu\/?post_type=product&#038;p=39255"},"modified":"2022-12-12T13:53:56","modified_gmt":"2022-12-12T12:53:56","slug":"haricot-a-rames-goldmarie","status":"publish","type":"product","link":"https:\/\/premiumseeds.eu\/fr\/produkt\/haricot-a-rames-goldmarie\/","title":{"rendered":"Haricot \u00e0 rames Goldmarie"},"content":{"rendered":"","protected":false},"excerpt":{"rendered":"<p>Vari\u00e9t\u00e9 d&rsquo;asperges de type Mamut. Elle produit t\u00f4t et abondamment. Les plantes \u00e0 croissance vigoureuse n\u00e9cessitent des supports. Pousses jaunes, plates, de 20 \u00e0 25 cm de long. Tr\u00e8s savoureuses, sans fibres, parfaites pour une consommation imm\u00e9diate.<br \/>\n<\/b><br \/>\n<strong>Haricot \u00c0 Rames Goldmarie &#8211; semences<\/strong><br \/>\n<\/b><br \/>\n<strong>Profondeur de semis :<\/strong> 2 \u2013 3 cm<br \/>\n<strong>Temps de semis:<\/strong> mars &#8211; juin<br \/>\n<strong>Propagation:<\/strong> 50 x 60 cm<br \/>\n<strong>P\u00e9riode de r\u00e9colte:<\/strong> juillet &#8211; septembre<br \/>\n<\/b><br \/>\nUn paquet contient 10 g de graines.<\/p>\n","protected":false},"featured_media":39308,"template":"","meta":{"_monsterinsights_skip_tracking":false,"_monsterinsights_sitenote_active":false,"_monsterinsights_sitenote_note":"","_monsterinsights_sitenote_category":0},"product_cat":[1569,1549],"product_tag":[2893],"class_list":["post-39255","product","type-product","status-publish","has-post-thumbnail","hentry","product_cat-graines-de-haricots","product_cat-graines-de-legumes","product_tag-haricot-a-rames-goldmarie-semences"],"yoast_head":"<!-- This site is optimized with the Yoast SEO plugin v21.6 - https:\/\/yoast.com\/wordpress\/plugins\/seo\/ -->\n<title>Haricot \u00e0 rames Goldmarie - producteur de semences - PremiumSeeds<\/title>\n<meta name=\"description\" content=\"Haricot \u00e0 rames Goldmarie graines \u2013 en provenance directe du propri\u00e9taire de la marque PremiumSeeds. Vente en gros et distribution de graines Haricot \u00e0 rames Goldmarie. Germination prouv\u00e9e et garantie. Commandez directement aupr\u00e8s du fabricant.\" \/>\n<meta name=\"robots\" content=\"index, follow, max-snippet:-1, max-image-preview:large, max-video-preview:-1\" \/>\n<link rel=\"canonical\" href=\"https:\/\/premiumseeds.eu\/fr\/produkt\/haricot-a-rames-goldmarie\/\" \/>\n<meta property=\"og:locale\" content=\"fr_FR\" \/>\n<meta property=\"og:type\" content=\"article\" \/>\n<meta property=\"og:title\" content=\"Haricot \u00e0 rames Goldmarie - producteur de semences - PremiumSeeds\" \/>\n<meta property=\"og:description\" content=\"Haricot \u00e0 rames Goldmarie graines \u2013 en provenance directe du propri\u00e9taire de la marque PremiumSeeds. Vente en gros et distribution de graines Haricot \u00e0 rames Goldmarie. Germination prouv\u00e9e et garantie. Commandez directement aupr\u00e8s du fabricant.\" \/>\n<meta property=\"og:url\" content=\"https:\/\/premiumseeds.eu\/fr\/produkt\/haricot-a-rames-goldmarie\/\" \/>\n<meta property=\"og:site_name\" content=\"PremiumSeeds\" \/>\n<meta property=\"article:modified_time\" content=\"2022-12-12T12:53:56+00:00\" \/>\n<meta property=\"og:image\" content=\"https:\/\/premiumseeds.eu\/wp-content\/uploads\/2022\/10\/WORLD-14010590PA_VS-6-714x1024.jpg\" \/>\n\t<meta property=\"og:image:width\" content=\"714\" \/>\n\t<meta property=\"og:image:height\" content=\"1024\" \/>\n\t<meta property=\"og:image:type\" content=\"image\/jpeg\" \/>\n<meta name=\"twitter:card\" content=\"summary_large_image\" \/>\n<script type=\"application\/ld+json\" class=\"yoast-schema-graph\">{\"@context\":\"https:\/\/schema.org\",\"@graph\":[{\"@type\":\"WebPage\",\"@id\":\"https:\/\/premiumseeds.eu\/fr\/produkt\/haricot-a-rames-goldmarie\/\",\"url\":\"https:\/\/premiumseeds.eu\/fr\/produkt\/haricot-a-rames-goldmarie\/\",\"name\":\"Haricot \u00e0 rames Goldmarie - producteur de semences - PremiumSeeds\",\"isPartOf\":{\"@id\":\"https:\/\/premiumseeds.eu\/fr\/#website\"},\"datePublished\":\"2022-10-21T13:36:36+00:00\",\"dateModified\":\"2022-12-12T12:53:56+00:00\",\"description\":\"Haricot \u00e0 rames Goldmarie graines \u2013 en provenance directe du propri\u00e9taire de la marque PremiumSeeds. Vente en gros et distribution de graines Haricot \u00e0 rames Goldmarie. Germination prouv\u00e9e et garantie. Commandez directement aupr\u00e8s du fabricant.\",\"breadcrumb\":{\"@id\":\"https:\/\/premiumseeds.eu\/fr\/produkt\/haricot-a-rames-goldmarie\/#breadcrumb\"},\"inLanguage\":\"fr-FR\",\"potentialAction\":[{\"@type\":\"ReadAction\",\"target\":[\"https:\/\/premiumseeds.eu\/fr\/produkt\/haricot-a-rames-goldmarie\/\"]}]},{\"@type\":\"BreadcrumbList\",\"@id\":\"https:\/\/premiumseeds.eu\/fr\/produkt\/haricot-a-rames-goldmarie\/#breadcrumb\",\"itemListElement\":[{\"@type\":\"ListItem\",\"position\":1,\"name\":\"Home\",\"item\":\"https:\/\/premiumseeds.eu\/fr\/\"},{\"@type\":\"ListItem\",\"position\":2,\"name\":\"Graines\",\"item\":\"https:\/\/premiumseeds.eu\/fr\/graines\/\"},{\"@type\":\"ListItem\",\"position\":3,\"name\":\"Haricot \u00e0 rames Goldmarie\"}]},{\"@type\":\"WebSite\",\"@id\":\"https:\/\/premiumseeds.eu\/fr\/#website\",\"url\":\"https:\/\/premiumseeds.eu\/fr\/\",\"name\":\"PremiumSeeds\",\"description\":\"Top seeds producer\",\"potentialAction\":[{\"@type\":\"SearchAction\",\"target\":{\"@type\":\"EntryPoint\",\"urlTemplate\":\"https:\/\/premiumseeds.eu\/fr\/?s={search_term_string}\"},\"query-input\":\"required name=search_term_string\"}],\"inLanguage\":\"fr-FR\"}]}<\/script>\n<!-- \/ Yoast SEO plugin. -->","yoast_head_json":{"title":"Haricot \u00e0 rames Goldmarie - producteur de semences - PremiumSeeds","description":"Haricot \u00e0 rames Goldmarie graines \u2013 en provenance directe du propri\u00e9taire de la marque PremiumSeeds. Vente en gros et distribution de graines Haricot \u00e0 rames Goldmarie. Germination prouv\u00e9e et garantie. Commandez directement aupr\u00e8s du fabricant.","robots":{"index":"index","follow":"follow","max-snippet":"max-snippet:-1","max-image-preview":"max-image-preview:large","max-video-preview":"max-video-preview:-1"},"canonical":"https:\/\/premiumseeds.eu\/fr\/produkt\/haricot-a-rames-goldmarie\/","og_locale":"fr_FR","og_type":"article","og_title":"Haricot \u00e0 rames Goldmarie - producteur de semences - PremiumSeeds","og_description":"Haricot \u00e0 rames Goldmarie graines \u2013 en provenance directe du propri\u00e9taire de la marque PremiumSeeds. Vente en gros et distribution de graines Haricot \u00e0 rames Goldmarie. Germination prouv\u00e9e et garantie. Commandez directement aupr\u00e8s du fabricant.","og_url":"https:\/\/premiumseeds.eu\/fr\/produkt\/haricot-a-rames-goldmarie\/","og_site_name":"PremiumSeeds","article_modified_time":"2022-12-12T12:53:56+00:00","og_image":[{"width":714,"height":1024,"url":"https:\/\/premiumseeds.eu\/wp-content\/uploads\/2022\/10\/WORLD-14010590PA_VS-6-714x1024.jpg","type":"image\/jpeg"}],"twitter_card":"summary_large_image","schema":{"@context":"https:\/\/schema.org","@graph":[{"@type":"WebPage","@id":"https:\/\/premiumseeds.eu\/fr\/produkt\/haricot-a-rames-goldmarie\/","url":"https:\/\/premiumseeds.eu\/fr\/produkt\/haricot-a-rames-goldmarie\/","name":"Haricot \u00e0 rames Goldmarie - producteur de semences - PremiumSeeds","isPartOf":{"@id":"https:\/\/premiumseeds.eu\/fr\/#website"},"datePublished":"2022-10-21T13:36:36+00:00","dateModified":"2022-12-12T12:53:56+00:00","description":"Haricot \u00e0 rames Goldmarie graines \u2013 en provenance directe du propri\u00e9taire de la marque PremiumSeeds. Vente en gros et distribution de graines Haricot \u00e0 rames Goldmarie. Germination prouv\u00e9e et garantie. Commandez directement aupr\u00e8s du fabricant.","breadcrumb":{"@id":"https:\/\/premiumseeds.eu\/fr\/produkt\/haricot-a-rames-goldmarie\/#breadcrumb"},"inLanguage":"fr-FR","potentialAction":[{"@type":"ReadAction","target":["https:\/\/premiumseeds.eu\/fr\/produkt\/haricot-a-rames-goldmarie\/"]}]},{"@type":"BreadcrumbList","@id":"https:\/\/premiumseeds.eu\/fr\/produkt\/haricot-a-rames-goldmarie\/#breadcrumb","itemListElement":[{"@type":"ListItem","position":1,"name":"Home","item":"https:\/\/premiumseeds.eu\/fr\/"},{"@type":"ListItem","position":2,"name":"Graines","item":"https:\/\/premiumseeds.eu\/fr\/graines\/"},{"@type":"ListItem","position":3,"name":"Haricot \u00e0 rames Goldmarie"}]},{"@type":"WebSite","@id":"https:\/\/premiumseeds.eu\/fr\/#website","url":"https:\/\/premiumseeds.eu\/fr\/","name":"PremiumSeeds","description":"Top seeds producer","potentialAction":[{"@type":"SearchAction","target":{"@type":"EntryPoint","urlTemplate":"https:\/\/premiumseeds.eu\/fr\/?s={search_term_string}"},"query-input":"required name=search_term_string"}],"inLanguage":"fr-FR"}]}},"_links":{"self":[{"href":"https:\/\/premiumseeds.eu\/fr\/wp-json\/wp\/v2\/product\/39255","targetHints":{"allow":["GET"]}}],"collection":[{"href":"https:\/\/premiumseeds.eu\/fr\/wp-json\/wp\/v2\/product"}],"about":[{"href":"https:\/\/premiumseeds.eu\/fr\/wp-json\/wp\/v2\/types\/product"}],"wp:featuredmedia":[{"embeddable":true,"href":"https:\/\/premiumseeds.eu\/fr\/wp-json\/wp\/v2\/media\/39308"}],"wp:attachment":[{"href":"https:\/\/premiumseeds.eu\/fr\/wp-json\/wp\/v2\/media?parent=39255"}],"wp:term":[{"taxonomy":"product_cat","embeddable":true,"href":"https:\/\/premiumseeds.eu\/fr\/wp-json\/wp\/v2\/product_cat?post=39255"},{"taxonomy":"product_tag","embeddable":true,"href":"https:\/\/premiumseeds.eu\/fr\/wp-json\/wp\/v2\/product_tag?post=39255"}],"curies":[{"name":"wp","href":"https:\/\/api.w.org\/{rel}","templated":true}]}}