{"id":41900,"date":"2022-11-22T11:08:04","date_gmt":"2022-11-22T10:08:04","guid":{"rendered":"https:\/\/premiumseeds.eu\/?post_type=product&#038;p=41900"},"modified":"2022-12-12T13:46:25","modified_gmt":"2022-12-12T12:46:25","slug":"laitues-a-couper-rekord","status":"publish","type":"product","link":"https:\/\/premiumseeds.eu\/fr\/produkt\/laitues-a-couper-rekord\/","title":{"rendered":"Laitues \u00e0 couper Rekord"},"content":{"rendered":"","protected":false},"excerpt":{"rendered":"<p>Une vari\u00e9t\u00e9 moyennement pr\u00e9coce qui ne monte pas peut \u00eatre cultiv\u00e9e toute la saison en plein champ et en serre. Les feuilles fris\u00e9es vert clair sont spectaculaires dans les salades, les sandwiches et autres plats.<br \/>\n<\/b><br \/>\n<strong>Laitues \u00e0 couper Rekord &#8211; semences<\/strong><br \/>\n<\/b><br \/>\n<strong>Profondeur de semis:<\/strong> 1 cm<br \/>\n<strong>Temps de semis en serre:<\/strong> mars &#8211; ao\u00fbt<br \/>\n<strong>Temps de semis en ext\u00e9rieur:<\/strong> mars &#8211; ao\u00fbt<br \/>\n<strong>Temps de plantation des semis en ext\u00e9rieur:<\/strong> avril &#8211; octobre<br \/>\n<strong>Propagation:<\/strong> 30 x 30 cm<br \/>\n<strong>P\u00e9riode de r\u00e9colte:<\/strong> mai &#8211; octobre<br \/>\n<\/b><br \/>\nUn paquet contient 1 g de graines.<\/p>\n","protected":false},"featured_media":41907,"template":"","meta":{"_monsterinsights_skip_tracking":false,"_monsterinsights_sitenote_active":false,"_monsterinsights_sitenote_note":"","_monsterinsights_sitenote_category":0},"product_cat":[1571,1549],"product_tag":[3065],"class_list":["post-41900","product","type-product","status-publish","has-post-thumbnail","hentry","product_cat-graines-de-laitue","product_cat-graines-de-legumes","product_tag-laitues-a-couper-rekord-semences"],"yoast_head":"<!-- This site is optimized with the Yoast SEO plugin v21.6 - https:\/\/yoast.com\/wordpress\/plugins\/seo\/ -->\n<title>Laitues \u00e0 couper Rekord - producteur de semences - PremiumSeeds<\/title>\n<meta name=\"description\" content=\"Laitues \u00e0 couper Rekord graines \u2013 en provenance directe du propri\u00e9taire de la marque PremiumSeeds. Vente en gros et distribution de graines Laitues \u00e0 couper Rekord. Germination prouv\u00e9e et garantie. Commandez directement aupr\u00e8s du fabricant.\" \/>\n<meta name=\"robots\" content=\"index, follow, max-snippet:-1, max-image-preview:large, max-video-preview:-1\" \/>\n<link rel=\"canonical\" href=\"https:\/\/premiumseeds.eu\/fr\/produkt\/laitues-a-couper-rekord\/\" \/>\n<meta property=\"og:locale\" content=\"fr_FR\" \/>\n<meta property=\"og:type\" content=\"article\" \/>\n<meta property=\"og:title\" content=\"Laitues \u00e0 couper Rekord - producteur de semences - PremiumSeeds\" \/>\n<meta property=\"og:description\" content=\"Laitues \u00e0 couper Rekord graines \u2013 en provenance directe du propri\u00e9taire de la marque PremiumSeeds. Vente en gros et distribution de graines Laitues \u00e0 couper Rekord. Germination prouv\u00e9e et garantie. Commandez directement aupr\u00e8s du fabricant.\" \/>\n<meta property=\"og:url\" content=\"https:\/\/premiumseeds.eu\/fr\/produkt\/laitues-a-couper-rekord\/\" \/>\n<meta property=\"og:site_name\" content=\"PremiumSeeds\" \/>\n<meta property=\"article:modified_time\" content=\"2022-12-12T12:46:25+00:00\" \/>\n<meta property=\"og:image\" content=\"https:\/\/premiumseeds.eu\/wp-content\/uploads\/2022\/11\/WORLD-14104320PA_VS-1.jpg?v=1669111657\" \/>\n\t<meta property=\"og:image:width\" content=\"945\" \/>\n\t<meta property=\"og:image:height\" content=\"1772\" \/>\n\t<meta property=\"og:image:type\" content=\"image\/jpeg\" \/>\n<meta name=\"twitter:card\" content=\"summary_large_image\" \/>\n<script type=\"application\/ld+json\" class=\"yoast-schema-graph\">{\"@context\":\"https:\/\/schema.org\",\"@graph\":[{\"@type\":\"WebPage\",\"@id\":\"https:\/\/premiumseeds.eu\/fr\/produkt\/laitues-a-couper-rekord\/\",\"url\":\"https:\/\/premiumseeds.eu\/fr\/produkt\/laitues-a-couper-rekord\/\",\"name\":\"Laitues \u00e0 couper Rekord - producteur de semences - PremiumSeeds\",\"isPartOf\":{\"@id\":\"https:\/\/premiumseeds.eu\/fr\/#website\"},\"datePublished\":\"2022-11-22T10:08:04+00:00\",\"dateModified\":\"2022-12-12T12:46:25+00:00\",\"description\":\"Laitues \u00e0 couper Rekord graines \u2013 en provenance directe du propri\u00e9taire de la marque PremiumSeeds. Vente en gros et distribution de graines Laitues \u00e0 couper Rekord. Germination prouv\u00e9e et garantie. Commandez directement aupr\u00e8s du fabricant.\",\"breadcrumb\":{\"@id\":\"https:\/\/premiumseeds.eu\/fr\/produkt\/laitues-a-couper-rekord\/#breadcrumb\"},\"inLanguage\":\"fr-FR\",\"potentialAction\":[{\"@type\":\"ReadAction\",\"target\":[\"https:\/\/premiumseeds.eu\/fr\/produkt\/laitues-a-couper-rekord\/\"]}]},{\"@type\":\"BreadcrumbList\",\"@id\":\"https:\/\/premiumseeds.eu\/fr\/produkt\/laitues-a-couper-rekord\/#breadcrumb\",\"itemListElement\":[{\"@type\":\"ListItem\",\"position\":1,\"name\":\"Home\",\"item\":\"https:\/\/premiumseeds.eu\/fr\/\"},{\"@type\":\"ListItem\",\"position\":2,\"name\":\"Graines\",\"item\":\"https:\/\/premiumseeds.eu\/fr\/graines\/\"},{\"@type\":\"ListItem\",\"position\":3,\"name\":\"Laitues \u00e0 couper Rekord\"}]},{\"@type\":\"WebSite\",\"@id\":\"https:\/\/premiumseeds.eu\/fr\/#website\",\"url\":\"https:\/\/premiumseeds.eu\/fr\/\",\"name\":\"PremiumSeeds\",\"description\":\"Top seeds producer\",\"potentialAction\":[{\"@type\":\"SearchAction\",\"target\":{\"@type\":\"EntryPoint\",\"urlTemplate\":\"https:\/\/premiumseeds.eu\/fr\/?s={search_term_string}\"},\"query-input\":\"required name=search_term_string\"}],\"inLanguage\":\"fr-FR\"}]}<\/script>\n<!-- \/ Yoast SEO plugin. -->","yoast_head_json":{"title":"Laitues \u00e0 couper Rekord - producteur de semences - PremiumSeeds","description":"Laitues \u00e0 couper Rekord graines \u2013 en provenance directe du propri\u00e9taire de la marque PremiumSeeds. Vente en gros et distribution de graines Laitues \u00e0 couper Rekord. Germination prouv\u00e9e et garantie. Commandez directement aupr\u00e8s du fabricant.","robots":{"index":"index","follow":"follow","max-snippet":"max-snippet:-1","max-image-preview":"max-image-preview:large","max-video-preview":"max-video-preview:-1"},"canonical":"https:\/\/premiumseeds.eu\/fr\/produkt\/laitues-a-couper-rekord\/","og_locale":"fr_FR","og_type":"article","og_title":"Laitues \u00e0 couper Rekord - producteur de semences - PremiumSeeds","og_description":"Laitues \u00e0 couper Rekord graines \u2013 en provenance directe du propri\u00e9taire de la marque PremiumSeeds. Vente en gros et distribution de graines Laitues \u00e0 couper Rekord. Germination prouv\u00e9e et garantie. Commandez directement aupr\u00e8s du fabricant.","og_url":"https:\/\/premiumseeds.eu\/fr\/produkt\/laitues-a-couper-rekord\/","og_site_name":"PremiumSeeds","article_modified_time":"2022-12-12T12:46:25+00:00","og_image":[{"width":945,"height":1772,"url":"https:\/\/premiumseeds.eu\/wp-content\/uploads\/2022\/11\/WORLD-14104320PA_VS-1.jpg?v=1669111657","type":"image\/jpeg"}],"twitter_card":"summary_large_image","schema":{"@context":"https:\/\/schema.org","@graph":[{"@type":"WebPage","@id":"https:\/\/premiumseeds.eu\/fr\/produkt\/laitues-a-couper-rekord\/","url":"https:\/\/premiumseeds.eu\/fr\/produkt\/laitues-a-couper-rekord\/","name":"Laitues \u00e0 couper Rekord - producteur de semences - PremiumSeeds","isPartOf":{"@id":"https:\/\/premiumseeds.eu\/fr\/#website"},"datePublished":"2022-11-22T10:08:04+00:00","dateModified":"2022-12-12T12:46:25+00:00","description":"Laitues \u00e0 couper Rekord graines \u2013 en provenance directe du propri\u00e9taire de la marque PremiumSeeds. Vente en gros et distribution de graines Laitues \u00e0 couper Rekord. Germination prouv\u00e9e et garantie. Commandez directement aupr\u00e8s du fabricant.","breadcrumb":{"@id":"https:\/\/premiumseeds.eu\/fr\/produkt\/laitues-a-couper-rekord\/#breadcrumb"},"inLanguage":"fr-FR","potentialAction":[{"@type":"ReadAction","target":["https:\/\/premiumseeds.eu\/fr\/produkt\/laitues-a-couper-rekord\/"]}]},{"@type":"BreadcrumbList","@id":"https:\/\/premiumseeds.eu\/fr\/produkt\/laitues-a-couper-rekord\/#breadcrumb","itemListElement":[{"@type":"ListItem","position":1,"name":"Home","item":"https:\/\/premiumseeds.eu\/fr\/"},{"@type":"ListItem","position":2,"name":"Graines","item":"https:\/\/premiumseeds.eu\/fr\/graines\/"},{"@type":"ListItem","position":3,"name":"Laitues \u00e0 couper Rekord"}]},{"@type":"WebSite","@id":"https:\/\/premiumseeds.eu\/fr\/#website","url":"https:\/\/premiumseeds.eu\/fr\/","name":"PremiumSeeds","description":"Top seeds producer","potentialAction":[{"@type":"SearchAction","target":{"@type":"EntryPoint","urlTemplate":"https:\/\/premiumseeds.eu\/fr\/?s={search_term_string}"},"query-input":"required name=search_term_string"}],"inLanguage":"fr-FR"}]}},"_links":{"self":[{"href":"https:\/\/premiumseeds.eu\/fr\/wp-json\/wp\/v2\/product\/41900","targetHints":{"allow":["GET"]}}],"collection":[{"href":"https:\/\/premiumseeds.eu\/fr\/wp-json\/wp\/v2\/product"}],"about":[{"href":"https:\/\/premiumseeds.eu\/fr\/wp-json\/wp\/v2\/types\/product"}],"wp:featuredmedia":[{"embeddable":true,"href":"https:\/\/premiumseeds.eu\/fr\/wp-json\/wp\/v2\/media\/41907"}],"wp:attachment":[{"href":"https:\/\/premiumseeds.eu\/fr\/wp-json\/wp\/v2\/media?parent=41900"}],"wp:term":[{"taxonomy":"product_cat","embeddable":true,"href":"https:\/\/premiumseeds.eu\/fr\/wp-json\/wp\/v2\/product_cat?post=41900"},{"taxonomy":"product_tag","embeddable":true,"href":"https:\/\/premiumseeds.eu\/fr\/wp-json\/wp\/v2\/product_tag?post=41900"}],"curies":[{"name":"wp","href":"https:\/\/api.w.org\/{rel}","templated":true}]}}