{"id":42017,"date":"2022-11-22T12:16:17","date_gmt":"2022-11-22T11:16:17","guid":{"rendered":"https:\/\/premiumseeds.eu\/?post_type=product&#038;p=42017"},"modified":"2023-05-10T12:41:19","modified_gmt":"2023-05-10T10:41:19","slug":"potiron-melange-de-varietes","status":"publish","type":"product","link":"https:\/\/premiumseeds.eu\/fr\/produkt\/potiron-melange-de-varietes\/","title":{"rendered":"Potiron &#8211; m\u00e9lange de vari\u00e9t\u00e9s"},"content":{"rendered":"","protected":false},"excerpt":{"rendered":"<p>Une s\u00e9lection de plusieurs vari\u00e9t\u00e9s de courges qui diff\u00e8rent par la forme, la couleur et la taille du fruit. Vous pouvez utiliser la d\u00e9licieuse chair de toutes ces courges pour pr\u00e9parer des soupes, des confitures, des marmelades et des jus. Vous pouvez \u00e9galement les utiliser pour faire des tartes.<br \/>\n<\/b><br \/>\n<strong>Potiron &#8211; m\u00e9lange de vari\u00e9t\u00e9s &#8211; semences<\/strong><br \/>\n<\/b><br \/>\n<strong>Profondeur de semis:<\/strong> 2 &#8211; 3 cm<br \/>\n<strong>Temps de semis en serre:<\/strong> avril &#8211; mai<br \/>\n<strong>Temps de semis en ext\u00e9rieur:<\/strong> mai &#8211; juin<br \/>\n<strong>Temps de plantation des semis en ext\u00e9rieur:<\/strong> mai &#8211; juin<br \/>\n<strong>Propagation:<\/strong> 100 x 100 cm<br \/>\n<strong>P\u00e9riode de r\u00e9colte:<\/strong> septembre &#8211; octobre<br \/>\n<\/b><br \/>\nUn paquet contient 3 g de graines.<\/p>\n","protected":false},"featured_media":45328,"template":"","meta":{"_monsterinsights_skip_tracking":false,"_monsterinsights_sitenote_active":false,"_monsterinsights_sitenote_note":"","_monsterinsights_sitenote_category":0},"product_cat":[1549,1582],"product_tag":[3074],"class_list":["post-42017","product","type-product","status-publish","has-post-thumbnail","hentry","product_cat-graines-de-legumes","product_cat-graines-de-potiron","product_tag-potiron-melange-de-varietes-semences"],"yoast_head":"<!-- This site is optimized with the Yoast SEO plugin v21.6 - https:\/\/yoast.com\/wordpress\/plugins\/seo\/ -->\n<title>Potiron - m\u00e9lange de vari\u00e9t\u00e9s - producteur de semences - PremiumSeeds<\/title>\n<meta name=\"description\" content=\"Potiron - m\u00e9lange de vari\u00e9t\u00e9s graines \u2013 en provenance directe du propri\u00e9taire de la marque PremiumSeeds. Vente en gros et distribution de graines Potiron - m\u00e9lange de vari\u00e9t\u00e9s. Germination prouv\u00e9e et garantie. Commandez directement aupr\u00e8s du fabricant.\" \/>\n<meta name=\"robots\" content=\"index, follow, max-snippet:-1, max-image-preview:large, max-video-preview:-1\" \/>\n<link rel=\"canonical\" href=\"https:\/\/premiumseeds.eu\/fr\/produkt\/potiron-melange-de-varietes\/\" \/>\n<meta property=\"og:locale\" content=\"fr_FR\" \/>\n<meta property=\"og:type\" content=\"article\" \/>\n<meta property=\"og:title\" content=\"Potiron - m\u00e9lange de vari\u00e9t\u00e9s - producteur de semences - PremiumSeeds\" \/>\n<meta property=\"og:description\" content=\"Potiron - m\u00e9lange de vari\u00e9t\u00e9s graines \u2013 en provenance directe du propri\u00e9taire de la marque PremiumSeeds. Vente en gros et distribution de graines Potiron - m\u00e9lange de vari\u00e9t\u00e9s. Germination prouv\u00e9e et garantie. Commandez directement aupr\u00e8s du fabricant.\" \/>\n<meta property=\"og:url\" content=\"https:\/\/premiumseeds.eu\/fr\/produkt\/potiron-melange-de-varietes\/\" \/>\n<meta property=\"og:site_name\" content=\"PremiumSeeds\" \/>\n<meta property=\"article:modified_time\" content=\"2023-05-10T10:41:19+00:00\" \/>\n<meta property=\"og:image\" content=\"https:\/\/premiumseeds.eu\/wp-content\/uploads\/2022\/11\/WORLD-14105319PA_VS-2.jpg?v=1683715252\" \/>\n\t<meta property=\"og:image:width\" content=\"945\" \/>\n\t<meta property=\"og:image:height\" content=\"1772\" \/>\n\t<meta property=\"og:image:type\" content=\"image\/jpeg\" \/>\n<meta name=\"twitter:card\" content=\"summary_large_image\" \/>\n<script type=\"application\/ld+json\" class=\"yoast-schema-graph\">{\"@context\":\"https:\/\/schema.org\",\"@graph\":[{\"@type\":\"WebPage\",\"@id\":\"https:\/\/premiumseeds.eu\/fr\/produkt\/potiron-melange-de-varietes\/\",\"url\":\"https:\/\/premiumseeds.eu\/fr\/produkt\/potiron-melange-de-varietes\/\",\"name\":\"Potiron - m\u00e9lange de vari\u00e9t\u00e9s - producteur de semences - PremiumSeeds\",\"isPartOf\":{\"@id\":\"https:\/\/premiumseeds.eu\/fr\/#website\"},\"datePublished\":\"2022-11-22T11:16:17+00:00\",\"dateModified\":\"2023-05-10T10:41:19+00:00\",\"description\":\"Potiron - m\u00e9lange de vari\u00e9t\u00e9s graines \u2013 en provenance directe du propri\u00e9taire de la marque PremiumSeeds. Vente en gros et distribution de graines Potiron - m\u00e9lange de vari\u00e9t\u00e9s. Germination prouv\u00e9e et garantie. Commandez directement aupr\u00e8s du fabricant.\",\"breadcrumb\":{\"@id\":\"https:\/\/premiumseeds.eu\/fr\/produkt\/potiron-melange-de-varietes\/#breadcrumb\"},\"inLanguage\":\"fr-FR\",\"potentialAction\":[{\"@type\":\"ReadAction\",\"target\":[\"https:\/\/premiumseeds.eu\/fr\/produkt\/potiron-melange-de-varietes\/\"]}]},{\"@type\":\"BreadcrumbList\",\"@id\":\"https:\/\/premiumseeds.eu\/fr\/produkt\/potiron-melange-de-varietes\/#breadcrumb\",\"itemListElement\":[{\"@type\":\"ListItem\",\"position\":1,\"name\":\"Home\",\"item\":\"https:\/\/premiumseeds.eu\/fr\/\"},{\"@type\":\"ListItem\",\"position\":2,\"name\":\"Graines\",\"item\":\"https:\/\/premiumseeds.eu\/fr\/graines\/\"},{\"@type\":\"ListItem\",\"position\":3,\"name\":\"Potiron &#8211; m\u00e9lange de vari\u00e9t\u00e9s\"}]},{\"@type\":\"WebSite\",\"@id\":\"https:\/\/premiumseeds.eu\/fr\/#website\",\"url\":\"https:\/\/premiumseeds.eu\/fr\/\",\"name\":\"PremiumSeeds\",\"description\":\"Top seeds producer\",\"potentialAction\":[{\"@type\":\"SearchAction\",\"target\":{\"@type\":\"EntryPoint\",\"urlTemplate\":\"https:\/\/premiumseeds.eu\/fr\/?s={search_term_string}\"},\"query-input\":\"required name=search_term_string\"}],\"inLanguage\":\"fr-FR\"}]}<\/script>\n<!-- \/ Yoast SEO plugin. -->","yoast_head_json":{"title":"Potiron - m\u00e9lange de vari\u00e9t\u00e9s - producteur de semences - PremiumSeeds","description":"Potiron - m\u00e9lange de vari\u00e9t\u00e9s graines \u2013 en provenance directe du propri\u00e9taire de la marque PremiumSeeds. Vente en gros et distribution de graines Potiron - m\u00e9lange de vari\u00e9t\u00e9s. Germination prouv\u00e9e et garantie. Commandez directement aupr\u00e8s du fabricant.","robots":{"index":"index","follow":"follow","max-snippet":"max-snippet:-1","max-image-preview":"max-image-preview:large","max-video-preview":"max-video-preview:-1"},"canonical":"https:\/\/premiumseeds.eu\/fr\/produkt\/potiron-melange-de-varietes\/","og_locale":"fr_FR","og_type":"article","og_title":"Potiron - m\u00e9lange de vari\u00e9t\u00e9s - producteur de semences - PremiumSeeds","og_description":"Potiron - m\u00e9lange de vari\u00e9t\u00e9s graines \u2013 en provenance directe du propri\u00e9taire de la marque PremiumSeeds. Vente en gros et distribution de graines Potiron - m\u00e9lange de vari\u00e9t\u00e9s. Germination prouv\u00e9e et garantie. Commandez directement aupr\u00e8s du fabricant.","og_url":"https:\/\/premiumseeds.eu\/fr\/produkt\/potiron-melange-de-varietes\/","og_site_name":"PremiumSeeds","article_modified_time":"2023-05-10T10:41:19+00:00","og_image":[{"width":945,"height":1772,"url":"https:\/\/premiumseeds.eu\/wp-content\/uploads\/2022\/11\/WORLD-14105319PA_VS-2.jpg?v=1683715252","type":"image\/jpeg"}],"twitter_card":"summary_large_image","schema":{"@context":"https:\/\/schema.org","@graph":[{"@type":"WebPage","@id":"https:\/\/premiumseeds.eu\/fr\/produkt\/potiron-melange-de-varietes\/","url":"https:\/\/premiumseeds.eu\/fr\/produkt\/potiron-melange-de-varietes\/","name":"Potiron - m\u00e9lange de vari\u00e9t\u00e9s - producteur de semences - PremiumSeeds","isPartOf":{"@id":"https:\/\/premiumseeds.eu\/fr\/#website"},"datePublished":"2022-11-22T11:16:17+00:00","dateModified":"2023-05-10T10:41:19+00:00","description":"Potiron - m\u00e9lange de vari\u00e9t\u00e9s graines \u2013 en provenance directe du propri\u00e9taire de la marque PremiumSeeds. Vente en gros et distribution de graines Potiron - m\u00e9lange de vari\u00e9t\u00e9s. Germination prouv\u00e9e et garantie. Commandez directement aupr\u00e8s du fabricant.","breadcrumb":{"@id":"https:\/\/premiumseeds.eu\/fr\/produkt\/potiron-melange-de-varietes\/#breadcrumb"},"inLanguage":"fr-FR","potentialAction":[{"@type":"ReadAction","target":["https:\/\/premiumseeds.eu\/fr\/produkt\/potiron-melange-de-varietes\/"]}]},{"@type":"BreadcrumbList","@id":"https:\/\/premiumseeds.eu\/fr\/produkt\/potiron-melange-de-varietes\/#breadcrumb","itemListElement":[{"@type":"ListItem","position":1,"name":"Home","item":"https:\/\/premiumseeds.eu\/fr\/"},{"@type":"ListItem","position":2,"name":"Graines","item":"https:\/\/premiumseeds.eu\/fr\/graines\/"},{"@type":"ListItem","position":3,"name":"Potiron &#8211; m\u00e9lange de vari\u00e9t\u00e9s"}]},{"@type":"WebSite","@id":"https:\/\/premiumseeds.eu\/fr\/#website","url":"https:\/\/premiumseeds.eu\/fr\/","name":"PremiumSeeds","description":"Top seeds producer","potentialAction":[{"@type":"SearchAction","target":{"@type":"EntryPoint","urlTemplate":"https:\/\/premiumseeds.eu\/fr\/?s={search_term_string}"},"query-input":"required name=search_term_string"}],"inLanguage":"fr-FR"}]}},"_links":{"self":[{"href":"https:\/\/premiumseeds.eu\/fr\/wp-json\/wp\/v2\/product\/42017","targetHints":{"allow":["GET"]}}],"collection":[{"href":"https:\/\/premiumseeds.eu\/fr\/wp-json\/wp\/v2\/product"}],"about":[{"href":"https:\/\/premiumseeds.eu\/fr\/wp-json\/wp\/v2\/types\/product"}],"wp:featuredmedia":[{"embeddable":true,"href":"https:\/\/premiumseeds.eu\/fr\/wp-json\/wp\/v2\/media\/45328"}],"wp:attachment":[{"href":"https:\/\/premiumseeds.eu\/fr\/wp-json\/wp\/v2\/media?parent=42017"}],"wp:term":[{"taxonomy":"product_cat","embeddable":true,"href":"https:\/\/premiumseeds.eu\/fr\/wp-json\/wp\/v2\/product_cat?post=42017"},{"taxonomy":"product_tag","embeddable":true,"href":"https:\/\/premiumseeds.eu\/fr\/wp-json\/wp\/v2\/product_tag?post=42017"}],"curies":[{"name":"wp","href":"https:\/\/api.w.org\/{rel}","templated":true}]}}