{"id":42333,"date":"2022-11-23T10:09:47","date_gmt":"2022-11-23T09:09:47","guid":{"rendered":"https:\/\/premiumseeds.eu\/?post_type=product&#038;p=42333"},"modified":"2023-06-30T14:59:13","modified_gmt":"2023-06-30T12:59:13","slug":"tomate-framboise-melange-de-varietes","status":"publish","type":"product","link":"https:\/\/premiumseeds.eu\/fr\/produkt\/tomate-framboise-melange-de-varietes\/","title":{"rendered":"Tomate framboise &#8211; m\u00e9lange de vari\u00e9t\u00e9s"},"content":{"rendered":"","protected":false},"excerpt":{"rendered":"<p>Une s\u00e9lection de plusieurs vari\u00e9t\u00e9s de tomates roses et c\u0153urs de b\u0153uf, appr\u00e9ci\u00e9es pour leurs fruits d\u00e9licieux et aromatiques, compos\u00e9s d&rsquo;une chair juteuse et charnue. Recommand\u00e9 pour \u00eatre consomm\u00e9 cru dans les salades et les sandwichs.<br \/>\n<\/b><br \/>\n<strong>Tomate framboise &#8211; m\u00e9lange de vari\u00e9t\u00e9s &#8211; semences<\/strong><br \/>\n<\/b><br \/>\n<strong>Profondeur de semis:<\/strong> 0,5 cm<br \/>\n<strong>Temps de semis en serre:<\/strong> mars &#8211; avril<br \/>\n<strong>Temps de plantation des semis en ext\u00e9rieur:<\/strong> 15 mai<br \/>\n<strong>Propagation:<\/strong>: 40-60 x 30-40 cm<br \/>\n<strong>P\u00e9riode de r\u00e9colte:<\/strong> juillet &#8211; septembre<br \/>\n<\/b><br \/>\nUn paquet contient 0,5 g de graines.<\/p>\n","protected":false},"featured_media":58576,"template":"","meta":{"_monsterinsights_skip_tracking":false,"_monsterinsights_sitenote_active":false,"_monsterinsights_sitenote_note":"","_monsterinsights_sitenote_category":0},"product_cat":[1549,1586],"product_tag":[3098],"class_list":["post-42333","product","type-product","status-publish","has-post-thumbnail","hentry","product_cat-graines-de-legumes","product_cat-graines-de-tomates","product_tag-tomate-framboise-melange-de-varietes-semences"],"yoast_head":"<!-- This site is optimized with the Yoast SEO plugin v21.6 - https:\/\/yoast.com\/wordpress\/plugins\/seo\/ -->\n<title>Tomate framboise - m\u00e9lange de vari\u00e9t\u00e9s - producteur de semences - PremiumSeeds<\/title>\n<meta name=\"description\" content=\"Tomate framboise - m\u00e9lange de vari\u00e9t\u00e9s graines \u2013 en provenance directe du propri\u00e9taire de la marque PremiumSeeds. Vente en gros et distribution de graines Tomate framboise - m\u00e9lange de vari\u00e9t\u00e9s. Germination prouv\u00e9e et garantie. Commandez directement aupr\u00e8s du fabricant.\" \/>\n<meta name=\"robots\" content=\"index, follow, max-snippet:-1, max-image-preview:large, max-video-preview:-1\" \/>\n<link rel=\"canonical\" href=\"https:\/\/premiumseeds.eu\/fr\/produkt\/tomate-framboise-melange-de-varietes\/\" \/>\n<meta property=\"og:locale\" content=\"fr_FR\" \/>\n<meta property=\"og:type\" content=\"article\" \/>\n<meta property=\"og:title\" content=\"Tomate framboise - m\u00e9lange de vari\u00e9t\u00e9s - producteur de semences - PremiumSeeds\" \/>\n<meta property=\"og:description\" content=\"Tomate framboise - m\u00e9lange de vari\u00e9t\u00e9s graines \u2013 en provenance directe du propri\u00e9taire de la marque PremiumSeeds. Vente en gros et distribution de graines Tomate framboise - m\u00e9lange de vari\u00e9t\u00e9s. Germination prouv\u00e9e et garantie. Commandez directement aupr\u00e8s du fabricant.\" \/>\n<meta property=\"og:url\" content=\"https:\/\/premiumseeds.eu\/fr\/produkt\/tomate-framboise-melange-de-varietes\/\" \/>\n<meta property=\"og:site_name\" content=\"PremiumSeeds\" \/>\n<meta property=\"article:modified_time\" content=\"2023-06-30T12:59:13+00:00\" \/>\n<meta property=\"og:image\" content=\"https:\/\/premiumseeds.eu\/wp-content\/uploads\/2022\/11\/WORLD-N-171-7227-spez_VS-1.jpg?v=1688129747\" \/>\n\t<meta property=\"og:image:width\" content=\"945\" \/>\n\t<meta property=\"og:image:height\" content=\"1772\" \/>\n\t<meta property=\"og:image:type\" content=\"image\/jpeg\" \/>\n<meta name=\"twitter:card\" content=\"summary_large_image\" \/>\n<script type=\"application\/ld+json\" class=\"yoast-schema-graph\">{\"@context\":\"https:\/\/schema.org\",\"@graph\":[{\"@type\":\"WebPage\",\"@id\":\"https:\/\/premiumseeds.eu\/fr\/produkt\/tomate-framboise-melange-de-varietes\/\",\"url\":\"https:\/\/premiumseeds.eu\/fr\/produkt\/tomate-framboise-melange-de-varietes\/\",\"name\":\"Tomate framboise - m\u00e9lange de vari\u00e9t\u00e9s - producteur de semences - PremiumSeeds\",\"isPartOf\":{\"@id\":\"https:\/\/premiumseeds.eu\/fr\/#website\"},\"datePublished\":\"2022-11-23T09:09:47+00:00\",\"dateModified\":\"2023-06-30T12:59:13+00:00\",\"description\":\"Tomate framboise - m\u00e9lange de vari\u00e9t\u00e9s graines \u2013 en provenance directe du propri\u00e9taire de la marque PremiumSeeds. Vente en gros et distribution de graines Tomate framboise - m\u00e9lange de vari\u00e9t\u00e9s. Germination prouv\u00e9e et garantie. Commandez directement aupr\u00e8s du fabricant.\",\"breadcrumb\":{\"@id\":\"https:\/\/premiumseeds.eu\/fr\/produkt\/tomate-framboise-melange-de-varietes\/#breadcrumb\"},\"inLanguage\":\"fr-FR\",\"potentialAction\":[{\"@type\":\"ReadAction\",\"target\":[\"https:\/\/premiumseeds.eu\/fr\/produkt\/tomate-framboise-melange-de-varietes\/\"]}]},{\"@type\":\"BreadcrumbList\",\"@id\":\"https:\/\/premiumseeds.eu\/fr\/produkt\/tomate-framboise-melange-de-varietes\/#breadcrumb\",\"itemListElement\":[{\"@type\":\"ListItem\",\"position\":1,\"name\":\"Home\",\"item\":\"https:\/\/premiumseeds.eu\/fr\/\"},{\"@type\":\"ListItem\",\"position\":2,\"name\":\"Graines\",\"item\":\"https:\/\/premiumseeds.eu\/fr\/graines\/\"},{\"@type\":\"ListItem\",\"position\":3,\"name\":\"Tomate framboise &#8211; m\u00e9lange de vari\u00e9t\u00e9s\"}]},{\"@type\":\"WebSite\",\"@id\":\"https:\/\/premiumseeds.eu\/fr\/#website\",\"url\":\"https:\/\/premiumseeds.eu\/fr\/\",\"name\":\"PremiumSeeds\",\"description\":\"Top seeds producer\",\"potentialAction\":[{\"@type\":\"SearchAction\",\"target\":{\"@type\":\"EntryPoint\",\"urlTemplate\":\"https:\/\/premiumseeds.eu\/fr\/?s={search_term_string}\"},\"query-input\":\"required name=search_term_string\"}],\"inLanguage\":\"fr-FR\"}]}<\/script>\n<!-- \/ Yoast SEO plugin. -->","yoast_head_json":{"title":"Tomate framboise - m\u00e9lange de vari\u00e9t\u00e9s - producteur de semences - PremiumSeeds","description":"Tomate framboise - m\u00e9lange de vari\u00e9t\u00e9s graines \u2013 en provenance directe du propri\u00e9taire de la marque PremiumSeeds. Vente en gros et distribution de graines Tomate framboise - m\u00e9lange de vari\u00e9t\u00e9s. Germination prouv\u00e9e et garantie. Commandez directement aupr\u00e8s du fabricant.","robots":{"index":"index","follow":"follow","max-snippet":"max-snippet:-1","max-image-preview":"max-image-preview:large","max-video-preview":"max-video-preview:-1"},"canonical":"https:\/\/premiumseeds.eu\/fr\/produkt\/tomate-framboise-melange-de-varietes\/","og_locale":"fr_FR","og_type":"article","og_title":"Tomate framboise - m\u00e9lange de vari\u00e9t\u00e9s - producteur de semences - PremiumSeeds","og_description":"Tomate framboise - m\u00e9lange de vari\u00e9t\u00e9s graines \u2013 en provenance directe du propri\u00e9taire de la marque PremiumSeeds. Vente en gros et distribution de graines Tomate framboise - m\u00e9lange de vari\u00e9t\u00e9s. Germination prouv\u00e9e et garantie. Commandez directement aupr\u00e8s du fabricant.","og_url":"https:\/\/premiumseeds.eu\/fr\/produkt\/tomate-framboise-melange-de-varietes\/","og_site_name":"PremiumSeeds","article_modified_time":"2023-06-30T12:59:13+00:00","og_image":[{"width":945,"height":1772,"url":"https:\/\/premiumseeds.eu\/wp-content\/uploads\/2022\/11\/WORLD-N-171-7227-spez_VS-1.jpg?v=1688129747","type":"image\/jpeg"}],"twitter_card":"summary_large_image","schema":{"@context":"https:\/\/schema.org","@graph":[{"@type":"WebPage","@id":"https:\/\/premiumseeds.eu\/fr\/produkt\/tomate-framboise-melange-de-varietes\/","url":"https:\/\/premiumseeds.eu\/fr\/produkt\/tomate-framboise-melange-de-varietes\/","name":"Tomate framboise - m\u00e9lange de vari\u00e9t\u00e9s - producteur de semences - PremiumSeeds","isPartOf":{"@id":"https:\/\/premiumseeds.eu\/fr\/#website"},"datePublished":"2022-11-23T09:09:47+00:00","dateModified":"2023-06-30T12:59:13+00:00","description":"Tomate framboise - m\u00e9lange de vari\u00e9t\u00e9s graines \u2013 en provenance directe du propri\u00e9taire de la marque PremiumSeeds. Vente en gros et distribution de graines Tomate framboise - m\u00e9lange de vari\u00e9t\u00e9s. Germination prouv\u00e9e et garantie. Commandez directement aupr\u00e8s du fabricant.","breadcrumb":{"@id":"https:\/\/premiumseeds.eu\/fr\/produkt\/tomate-framboise-melange-de-varietes\/#breadcrumb"},"inLanguage":"fr-FR","potentialAction":[{"@type":"ReadAction","target":["https:\/\/premiumseeds.eu\/fr\/produkt\/tomate-framboise-melange-de-varietes\/"]}]},{"@type":"BreadcrumbList","@id":"https:\/\/premiumseeds.eu\/fr\/produkt\/tomate-framboise-melange-de-varietes\/#breadcrumb","itemListElement":[{"@type":"ListItem","position":1,"name":"Home","item":"https:\/\/premiumseeds.eu\/fr\/"},{"@type":"ListItem","position":2,"name":"Graines","item":"https:\/\/premiumseeds.eu\/fr\/graines\/"},{"@type":"ListItem","position":3,"name":"Tomate framboise &#8211; m\u00e9lange de vari\u00e9t\u00e9s"}]},{"@type":"WebSite","@id":"https:\/\/premiumseeds.eu\/fr\/#website","url":"https:\/\/premiumseeds.eu\/fr\/","name":"PremiumSeeds","description":"Top seeds producer","potentialAction":[{"@type":"SearchAction","target":{"@type":"EntryPoint","urlTemplate":"https:\/\/premiumseeds.eu\/fr\/?s={search_term_string}"},"query-input":"required name=search_term_string"}],"inLanguage":"fr-FR"}]}},"_links":{"self":[{"href":"https:\/\/premiumseeds.eu\/fr\/wp-json\/wp\/v2\/product\/42333","targetHints":{"allow":["GET"]}}],"collection":[{"href":"https:\/\/premiumseeds.eu\/fr\/wp-json\/wp\/v2\/product"}],"about":[{"href":"https:\/\/premiumseeds.eu\/fr\/wp-json\/wp\/v2\/types\/product"}],"wp:featuredmedia":[{"embeddable":true,"href":"https:\/\/premiumseeds.eu\/fr\/wp-json\/wp\/v2\/media\/58576"}],"wp:attachment":[{"href":"https:\/\/premiumseeds.eu\/fr\/wp-json\/wp\/v2\/media?parent=42333"}],"wp:term":[{"taxonomy":"product_cat","embeddable":true,"href":"https:\/\/premiumseeds.eu\/fr\/wp-json\/wp\/v2\/product_cat?post=42333"},{"taxonomy":"product_tag","embeddable":true,"href":"https:\/\/premiumseeds.eu\/fr\/wp-json\/wp\/v2\/product_tag?post=42333"}],"curies":[{"name":"wp","href":"https:\/\/api.w.org\/{rel}","templated":true}]}}