{"id":42385,"date":"2022-11-23T11:23:10","date_gmt":"2022-11-23T10:23:10","guid":{"rendered":"https:\/\/premiumseeds.eu\/?post_type=product&#038;p=42385"},"modified":"2022-12-12T11:08:37","modified_gmt":"2022-12-12T10:08:37","slug":"chou-cabus-rouge-kalibos","status":"publish","type":"product","link":"https:\/\/premiumseeds.eu\/fr\/produkt\/chou-cabus-rouge-kalibos\/","title":{"rendered":"Chou cabus rouge Kalibos"},"content":{"rendered":"","protected":false},"excerpt":{"rendered":"<p>Vari\u00e9t\u00e9 mi-tardive. Produit des t\u00eates compactes, rouge pourpre, coniques. Appr\u00e9ci\u00e9 pour son go\u00fbt et ses feuilles croquantes. Recommand\u00e9 pour \u00eatre consomm\u00e9 apr\u00e8s la r\u00e9colte et le stockage \u00e0 court terme.<br \/>\n<\/b><br \/>\n<strong>Chou cabus rouge Kalibos &#8211; semences<\/strong><br \/>\n<\/b><br \/>\n<strong>Profondeur de semis:<\/strong> 0,5 &#8211; 1 cm<br \/>\n<strong>Temps de semis en serre:<\/strong> mars &#8211; avril<br \/>\n<strong>Temps de semis en ext\u00e9rieur:<\/strong> mars &#8211; avril<br \/>\n<strong>Temps de plantation des semis en ext\u00e9rieur:<\/strong> mai &#8211; juin<br \/>\n<strong>Propagation:<\/strong> 50-60 x 50 cm<br \/>\n<strong>P\u00e9riode de r\u00e9colte:<\/strong> ao\u00fbt &#8211; octobre<br \/>\n<\/b><br \/>\nUn paquet contient 1 g de graines.<\/p>\n","protected":false},"featured_media":42392,"template":"","meta":{"_monsterinsights_skip_tracking":false,"_monsterinsights_sitenote_active":false,"_monsterinsights_sitenote_note":"","_monsterinsights_sitenote_category":0},"product_cat":[1559,1549],"product_tag":[3102],"class_list":["post-42385","product","type-product","status-publish","has-post-thumbnail","hentry","product_cat-graines-de-chou","product_cat-graines-de-legumes","product_tag-chou-cabus-rouge-kalibos-semences"],"yoast_head":"<!-- This site is optimized with the Yoast SEO plugin v21.6 - https:\/\/yoast.com\/wordpress\/plugins\/seo\/ -->\n<title>Chou cabus rouge Kalibos - producteur de semences - PremiumSeeds<\/title>\n<meta name=\"description\" content=\"Chou cabus rouge Kalibos graines \u2013 en provenance directe du propri\u00e9taire de la marque PremiumSeeds. Vente en gros et distribution de graines Chou cabus rouge Kalibos. Germination prouv\u00e9e et garantie. Commandez directement aupr\u00e8s du fabricant.\" \/>\n<meta name=\"robots\" content=\"index, follow, max-snippet:-1, max-image-preview:large, max-video-preview:-1\" \/>\n<link rel=\"canonical\" href=\"https:\/\/premiumseeds.eu\/fr\/produkt\/chou-cabus-rouge-kalibos\/\" \/>\n<meta property=\"og:locale\" content=\"fr_FR\" \/>\n<meta property=\"og:type\" content=\"article\" \/>\n<meta property=\"og:title\" content=\"Chou cabus rouge Kalibos - producteur de semences - PremiumSeeds\" \/>\n<meta property=\"og:description\" content=\"Chou cabus rouge Kalibos graines \u2013 en provenance directe du propri\u00e9taire de la marque PremiumSeeds. Vente en gros et distribution de graines Chou cabus rouge Kalibos. Germination prouv\u00e9e et garantie. Commandez directement aupr\u00e8s du fabricant.\" \/>\n<meta property=\"og:url\" content=\"https:\/\/premiumseeds.eu\/fr\/produkt\/chou-cabus-rouge-kalibos\/\" \/>\n<meta property=\"og:site_name\" content=\"PremiumSeeds\" \/>\n<meta property=\"article:modified_time\" content=\"2022-12-12T10:08:37+00:00\" \/>\n<meta property=\"og:image\" content=\"https:\/\/premiumseeds.eu\/wp-content\/uploads\/2022\/11\/WORLD-N-171-2763_VS-2.jpg?v=1669198945\" \/>\n\t<meta property=\"og:image:width\" content=\"945\" \/>\n\t<meta property=\"og:image:height\" content=\"1772\" \/>\n\t<meta property=\"og:image:type\" content=\"image\/jpeg\" \/>\n<meta name=\"twitter:card\" content=\"summary_large_image\" \/>\n<script type=\"application\/ld+json\" class=\"yoast-schema-graph\">{\"@context\":\"https:\/\/schema.org\",\"@graph\":[{\"@type\":\"WebPage\",\"@id\":\"https:\/\/premiumseeds.eu\/fr\/produkt\/chou-cabus-rouge-kalibos\/\",\"url\":\"https:\/\/premiumseeds.eu\/fr\/produkt\/chou-cabus-rouge-kalibos\/\",\"name\":\"Chou cabus rouge Kalibos - producteur de semences - PremiumSeeds\",\"isPartOf\":{\"@id\":\"https:\/\/premiumseeds.eu\/fr\/#website\"},\"datePublished\":\"2022-11-23T10:23:10+00:00\",\"dateModified\":\"2022-12-12T10:08:37+00:00\",\"description\":\"Chou cabus rouge Kalibos graines \u2013 en provenance directe du propri\u00e9taire de la marque PremiumSeeds. Vente en gros et distribution de graines Chou cabus rouge Kalibos. Germination prouv\u00e9e et garantie. Commandez directement aupr\u00e8s du fabricant.\",\"breadcrumb\":{\"@id\":\"https:\/\/premiumseeds.eu\/fr\/produkt\/chou-cabus-rouge-kalibos\/#breadcrumb\"},\"inLanguage\":\"fr-FR\",\"potentialAction\":[{\"@type\":\"ReadAction\",\"target\":[\"https:\/\/premiumseeds.eu\/fr\/produkt\/chou-cabus-rouge-kalibos\/\"]}]},{\"@type\":\"BreadcrumbList\",\"@id\":\"https:\/\/premiumseeds.eu\/fr\/produkt\/chou-cabus-rouge-kalibos\/#breadcrumb\",\"itemListElement\":[{\"@type\":\"ListItem\",\"position\":1,\"name\":\"Home\",\"item\":\"https:\/\/premiumseeds.eu\/fr\/\"},{\"@type\":\"ListItem\",\"position\":2,\"name\":\"Graines\",\"item\":\"https:\/\/premiumseeds.eu\/fr\/graines\/\"},{\"@type\":\"ListItem\",\"position\":3,\"name\":\"Chou cabus rouge Kalibos\"}]},{\"@type\":\"WebSite\",\"@id\":\"https:\/\/premiumseeds.eu\/fr\/#website\",\"url\":\"https:\/\/premiumseeds.eu\/fr\/\",\"name\":\"PremiumSeeds\",\"description\":\"Top seeds producer\",\"potentialAction\":[{\"@type\":\"SearchAction\",\"target\":{\"@type\":\"EntryPoint\",\"urlTemplate\":\"https:\/\/premiumseeds.eu\/fr\/?s={search_term_string}\"},\"query-input\":\"required name=search_term_string\"}],\"inLanguage\":\"fr-FR\"}]}<\/script>\n<!-- \/ Yoast SEO plugin. -->","yoast_head_json":{"title":"Chou cabus rouge Kalibos - producteur de semences - PremiumSeeds","description":"Chou cabus rouge Kalibos graines \u2013 en provenance directe du propri\u00e9taire de la marque PremiumSeeds. Vente en gros et distribution de graines Chou cabus rouge Kalibos. Germination prouv\u00e9e et garantie. Commandez directement aupr\u00e8s du fabricant.","robots":{"index":"index","follow":"follow","max-snippet":"max-snippet:-1","max-image-preview":"max-image-preview:large","max-video-preview":"max-video-preview:-1"},"canonical":"https:\/\/premiumseeds.eu\/fr\/produkt\/chou-cabus-rouge-kalibos\/","og_locale":"fr_FR","og_type":"article","og_title":"Chou cabus rouge Kalibos - producteur de semences - PremiumSeeds","og_description":"Chou cabus rouge Kalibos graines \u2013 en provenance directe du propri\u00e9taire de la marque PremiumSeeds. Vente en gros et distribution de graines Chou cabus rouge Kalibos. Germination prouv\u00e9e et garantie. Commandez directement aupr\u00e8s du fabricant.","og_url":"https:\/\/premiumseeds.eu\/fr\/produkt\/chou-cabus-rouge-kalibos\/","og_site_name":"PremiumSeeds","article_modified_time":"2022-12-12T10:08:37+00:00","og_image":[{"width":945,"height":1772,"url":"https:\/\/premiumseeds.eu\/wp-content\/uploads\/2022\/11\/WORLD-N-171-2763_VS-2.jpg?v=1669198945","type":"image\/jpeg"}],"twitter_card":"summary_large_image","schema":{"@context":"https:\/\/schema.org","@graph":[{"@type":"WebPage","@id":"https:\/\/premiumseeds.eu\/fr\/produkt\/chou-cabus-rouge-kalibos\/","url":"https:\/\/premiumseeds.eu\/fr\/produkt\/chou-cabus-rouge-kalibos\/","name":"Chou cabus rouge Kalibos - producteur de semences - PremiumSeeds","isPartOf":{"@id":"https:\/\/premiumseeds.eu\/fr\/#website"},"datePublished":"2022-11-23T10:23:10+00:00","dateModified":"2022-12-12T10:08:37+00:00","description":"Chou cabus rouge Kalibos graines \u2013 en provenance directe du propri\u00e9taire de la marque PremiumSeeds. Vente en gros et distribution de graines Chou cabus rouge Kalibos. Germination prouv\u00e9e et garantie. Commandez directement aupr\u00e8s du fabricant.","breadcrumb":{"@id":"https:\/\/premiumseeds.eu\/fr\/produkt\/chou-cabus-rouge-kalibos\/#breadcrumb"},"inLanguage":"fr-FR","potentialAction":[{"@type":"ReadAction","target":["https:\/\/premiumseeds.eu\/fr\/produkt\/chou-cabus-rouge-kalibos\/"]}]},{"@type":"BreadcrumbList","@id":"https:\/\/premiumseeds.eu\/fr\/produkt\/chou-cabus-rouge-kalibos\/#breadcrumb","itemListElement":[{"@type":"ListItem","position":1,"name":"Home","item":"https:\/\/premiumseeds.eu\/fr\/"},{"@type":"ListItem","position":2,"name":"Graines","item":"https:\/\/premiumseeds.eu\/fr\/graines\/"},{"@type":"ListItem","position":3,"name":"Chou cabus rouge Kalibos"}]},{"@type":"WebSite","@id":"https:\/\/premiumseeds.eu\/fr\/#website","url":"https:\/\/premiumseeds.eu\/fr\/","name":"PremiumSeeds","description":"Top seeds producer","potentialAction":[{"@type":"SearchAction","target":{"@type":"EntryPoint","urlTemplate":"https:\/\/premiumseeds.eu\/fr\/?s={search_term_string}"},"query-input":"required name=search_term_string"}],"inLanguage":"fr-FR"}]}},"_links":{"self":[{"href":"https:\/\/premiumseeds.eu\/fr\/wp-json\/wp\/v2\/product\/42385","targetHints":{"allow":["GET"]}}],"collection":[{"href":"https:\/\/premiumseeds.eu\/fr\/wp-json\/wp\/v2\/product"}],"about":[{"href":"https:\/\/premiumseeds.eu\/fr\/wp-json\/wp\/v2\/types\/product"}],"wp:featuredmedia":[{"embeddable":true,"href":"https:\/\/premiumseeds.eu\/fr\/wp-json\/wp\/v2\/media\/42392"}],"wp:attachment":[{"href":"https:\/\/premiumseeds.eu\/fr\/wp-json\/wp\/v2\/media?parent=42385"}],"wp:term":[{"taxonomy":"product_cat","embeddable":true,"href":"https:\/\/premiumseeds.eu\/fr\/wp-json\/wp\/v2\/product_cat?post=42385"},{"taxonomy":"product_tag","embeddable":true,"href":"https:\/\/premiumseeds.eu\/fr\/wp-json\/wp\/v2\/product_tag?post=42385"}],"curies":[{"name":"wp","href":"https:\/\/api.w.org\/{rel}","templated":true}]}}