{"id":46816,"date":"2023-05-16T12:33:55","date_gmt":"2023-05-16T10:33:55","guid":{"rendered":"https:\/\/premiumseeds.eu\/?post_type=product&#038;p=46816"},"modified":"2023-05-16T12:33:57","modified_gmt":"2023-05-16T10:33:57","slug":"concombre-marketmore","status":"publish","type":"product","link":"https:\/\/premiumseeds.eu\/fr\/produkt\/concombre-marketmore\/","title":{"rendered":"Concombre &#8211; Marketmore"},"content":{"rendered":"","protected":false},"excerpt":{"rendered":"<p>Une vari\u00e9t\u00e9 pr\u00e9coce et productive pour les salades. Cultivez-la en plein champ et en serre. Les fruits vert fonc\u00e9, cylindriques, mesurent jusqu&rsquo;\u00e0 20 cm de long et ont peu d&rsquo;\u00e9pines. D\u00e9licieux crus, apr\u00e8s la r\u00e9colte.<br \/>\n<\/b><br \/>\n<strong>Concombre &#8211; Marketmore &#8211; semences<\/strong><br \/>\n<\/b><br \/>\n<strong>Profondeur de semis:<\/strong> 1 &#8211; 2 cm<br \/>\n<strong>Temps de semis en serre:<\/strong> mars &#8211; avril<br \/>\n<strong>Temps de semis en ext\u00e9rieur:<\/strong> mai &#8211; 15 juin<br \/>\n<strong>Propagation:<\/strong> 100 x 15 cm<br \/>\n<strong>P\u00e9riode de r\u00e9colte:<\/strong> juillet &#8211; septembre<br \/>\n<\/b><br \/>\nUn paquet contient 2 g de graines.<\/p>\n","protected":false},"featured_media":46823,"template":"","meta":{"_monsterinsights_skip_tracking":false,"_monsterinsights_sitenote_active":false,"_monsterinsights_sitenote_note":"","_monsterinsights_sitenote_category":0},"product_cat":[1565,1549],"product_tag":[3362],"class_list":["post-46816","product","type-product","status-publish","has-post-thumbnail","hentry","product_cat-graines-de-concombres","product_cat-graines-de-legumes","product_tag-concombre-marketmore-semences"],"yoast_head":"<!-- This site is optimized with the Yoast SEO plugin v21.6 - https:\/\/yoast.com\/wordpress\/plugins\/seo\/ -->\n<title>Concombre - Marketmore - producteur de semences - PremiumSeeds<\/title>\n<meta name=\"description\" content=\"Concombre - Marketmore graines \u2013 en provenance directe du propri\u00e9taire de la marque PremiumSeeds. Vente en gros et distribution de graines Concombre - Marketmore. Germination prouv\u00e9e et garantie. Commandez directement aupr\u00e8s du fabricant.\" \/>\n<meta name=\"robots\" content=\"index, follow, max-snippet:-1, max-image-preview:large, max-video-preview:-1\" \/>\n<link rel=\"canonical\" href=\"https:\/\/premiumseeds.eu\/fr\/produkt\/concombre-marketmore\/\" \/>\n<meta property=\"og:locale\" content=\"fr_FR\" \/>\n<meta property=\"og:type\" content=\"article\" \/>\n<meta property=\"og:title\" content=\"Concombre - Marketmore - producteur de semences - PremiumSeeds\" \/>\n<meta property=\"og:description\" content=\"Concombre - Marketmore graines \u2013 en provenance directe du propri\u00e9taire de la marque PremiumSeeds. Vente en gros et distribution de graines Concombre - Marketmore. Germination prouv\u00e9e et garantie. Commandez directement aupr\u00e8s du fabricant.\" \/>\n<meta property=\"og:url\" content=\"https:\/\/premiumseeds.eu\/fr\/produkt\/concombre-marketmore\/\" \/>\n<meta property=\"og:site_name\" content=\"PremiumSeeds\" \/>\n<meta property=\"article:modified_time\" content=\"2023-05-16T10:33:57+00:00\" \/>\n<meta property=\"og:image\" content=\"https:\/\/premiumseeds.eu\/wp-content\/uploads\/2023\/05\/WORLD-13012354FM_VS-2-546x1024.jpg\" \/>\n\t<meta property=\"og:image:width\" content=\"546\" \/>\n\t<meta property=\"og:image:height\" content=\"1024\" \/>\n\t<meta property=\"og:image:type\" content=\"image\/jpeg\" \/>\n<meta name=\"twitter:card\" content=\"summary_large_image\" \/>\n<script type=\"application\/ld+json\" class=\"yoast-schema-graph\">{\"@context\":\"https:\/\/schema.org\",\"@graph\":[{\"@type\":\"WebPage\",\"@id\":\"https:\/\/premiumseeds.eu\/fr\/produkt\/concombre-marketmore\/\",\"url\":\"https:\/\/premiumseeds.eu\/fr\/produkt\/concombre-marketmore\/\",\"name\":\"Concombre - Marketmore - producteur de semences - PremiumSeeds\",\"isPartOf\":{\"@id\":\"https:\/\/premiumseeds.eu\/fr\/#website\"},\"datePublished\":\"2023-05-16T10:33:55+00:00\",\"dateModified\":\"2023-05-16T10:33:57+00:00\",\"description\":\"Concombre - Marketmore graines \u2013 en provenance directe du propri\u00e9taire de la marque PremiumSeeds. Vente en gros et distribution de graines Concombre - Marketmore. Germination prouv\u00e9e et garantie. Commandez directement aupr\u00e8s du fabricant.\",\"breadcrumb\":{\"@id\":\"https:\/\/premiumseeds.eu\/fr\/produkt\/concombre-marketmore\/#breadcrumb\"},\"inLanguage\":\"fr-FR\",\"potentialAction\":[{\"@type\":\"ReadAction\",\"target\":[\"https:\/\/premiumseeds.eu\/fr\/produkt\/concombre-marketmore\/\"]}]},{\"@type\":\"BreadcrumbList\",\"@id\":\"https:\/\/premiumseeds.eu\/fr\/produkt\/concombre-marketmore\/#breadcrumb\",\"itemListElement\":[{\"@type\":\"ListItem\",\"position\":1,\"name\":\"Home\",\"item\":\"https:\/\/premiumseeds.eu\/fr\/\"},{\"@type\":\"ListItem\",\"position\":2,\"name\":\"Graines\",\"item\":\"https:\/\/premiumseeds.eu\/fr\/graines\/\"},{\"@type\":\"ListItem\",\"position\":3,\"name\":\"Concombre &#8211; Marketmore\"}]},{\"@type\":\"WebSite\",\"@id\":\"https:\/\/premiumseeds.eu\/fr\/#website\",\"url\":\"https:\/\/premiumseeds.eu\/fr\/\",\"name\":\"PremiumSeeds\",\"description\":\"Top seeds producer\",\"potentialAction\":[{\"@type\":\"SearchAction\",\"target\":{\"@type\":\"EntryPoint\",\"urlTemplate\":\"https:\/\/premiumseeds.eu\/fr\/?s={search_term_string}\"},\"query-input\":\"required name=search_term_string\"}],\"inLanguage\":\"fr-FR\"}]}<\/script>\n<!-- \/ Yoast SEO plugin. -->","yoast_head_json":{"title":"Concombre - Marketmore - producteur de semences - PremiumSeeds","description":"Concombre - Marketmore graines \u2013 en provenance directe du propri\u00e9taire de la marque PremiumSeeds. Vente en gros et distribution de graines Concombre - Marketmore. Germination prouv\u00e9e et garantie. Commandez directement aupr\u00e8s du fabricant.","robots":{"index":"index","follow":"follow","max-snippet":"max-snippet:-1","max-image-preview":"max-image-preview:large","max-video-preview":"max-video-preview:-1"},"canonical":"https:\/\/premiumseeds.eu\/fr\/produkt\/concombre-marketmore\/","og_locale":"fr_FR","og_type":"article","og_title":"Concombre - Marketmore - producteur de semences - PremiumSeeds","og_description":"Concombre - Marketmore graines \u2013 en provenance directe du propri\u00e9taire de la marque PremiumSeeds. Vente en gros et distribution de graines Concombre - Marketmore. Germination prouv\u00e9e et garantie. Commandez directement aupr\u00e8s du fabricant.","og_url":"https:\/\/premiumseeds.eu\/fr\/produkt\/concombre-marketmore\/","og_site_name":"PremiumSeeds","article_modified_time":"2023-05-16T10:33:57+00:00","og_image":[{"width":546,"height":1024,"url":"https:\/\/premiumseeds.eu\/wp-content\/uploads\/2023\/05\/WORLD-13012354FM_VS-2-546x1024.jpg","type":"image\/jpeg"}],"twitter_card":"summary_large_image","schema":{"@context":"https:\/\/schema.org","@graph":[{"@type":"WebPage","@id":"https:\/\/premiumseeds.eu\/fr\/produkt\/concombre-marketmore\/","url":"https:\/\/premiumseeds.eu\/fr\/produkt\/concombre-marketmore\/","name":"Concombre - Marketmore - producteur de semences - PremiumSeeds","isPartOf":{"@id":"https:\/\/premiumseeds.eu\/fr\/#website"},"datePublished":"2023-05-16T10:33:55+00:00","dateModified":"2023-05-16T10:33:57+00:00","description":"Concombre - Marketmore graines \u2013 en provenance directe du propri\u00e9taire de la marque PremiumSeeds. Vente en gros et distribution de graines Concombre - Marketmore. Germination prouv\u00e9e et garantie. Commandez directement aupr\u00e8s du fabricant.","breadcrumb":{"@id":"https:\/\/premiumseeds.eu\/fr\/produkt\/concombre-marketmore\/#breadcrumb"},"inLanguage":"fr-FR","potentialAction":[{"@type":"ReadAction","target":["https:\/\/premiumseeds.eu\/fr\/produkt\/concombre-marketmore\/"]}]},{"@type":"BreadcrumbList","@id":"https:\/\/premiumseeds.eu\/fr\/produkt\/concombre-marketmore\/#breadcrumb","itemListElement":[{"@type":"ListItem","position":1,"name":"Home","item":"https:\/\/premiumseeds.eu\/fr\/"},{"@type":"ListItem","position":2,"name":"Graines","item":"https:\/\/premiumseeds.eu\/fr\/graines\/"},{"@type":"ListItem","position":3,"name":"Concombre &#8211; Marketmore"}]},{"@type":"WebSite","@id":"https:\/\/premiumseeds.eu\/fr\/#website","url":"https:\/\/premiumseeds.eu\/fr\/","name":"PremiumSeeds","description":"Top seeds producer","potentialAction":[{"@type":"SearchAction","target":{"@type":"EntryPoint","urlTemplate":"https:\/\/premiumseeds.eu\/fr\/?s={search_term_string}"},"query-input":"required name=search_term_string"}],"inLanguage":"fr-FR"}]}},"_links":{"self":[{"href":"https:\/\/premiumseeds.eu\/fr\/wp-json\/wp\/v2\/product\/46816","targetHints":{"allow":["GET"]}}],"collection":[{"href":"https:\/\/premiumseeds.eu\/fr\/wp-json\/wp\/v2\/product"}],"about":[{"href":"https:\/\/premiumseeds.eu\/fr\/wp-json\/wp\/v2\/types\/product"}],"wp:featuredmedia":[{"embeddable":true,"href":"https:\/\/premiumseeds.eu\/fr\/wp-json\/wp\/v2\/media\/46823"}],"wp:attachment":[{"href":"https:\/\/premiumseeds.eu\/fr\/wp-json\/wp\/v2\/media?parent=46816"}],"wp:term":[{"taxonomy":"product_cat","embeddable":true,"href":"https:\/\/premiumseeds.eu\/fr\/wp-json\/wp\/v2\/product_cat?post=46816"},{"taxonomy":"product_tag","embeddable":true,"href":"https:\/\/premiumseeds.eu\/fr\/wp-json\/wp\/v2\/product_tag?post=46816"}],"curies":[{"name":"wp","href":"https:\/\/api.w.org\/{rel}","templated":true}]}}