{"id":47433,"date":"2023-05-17T10:59:44","date_gmt":"2023-05-17T08:59:44","guid":{"rendered":"https:\/\/premiumseeds.eu\/?post_type=product&#038;p=47433"},"modified":"2023-05-17T11:05:07","modified_gmt":"2023-05-17T09:05:07","slug":"selection-de-fleurs-et-dherbes-comestibles","status":"publish","type":"product","link":"https:\/\/premiumseeds.eu\/fr\/produkt\/selection-de-fleurs-et-dherbes-comestibles\/","title":{"rendered":"S\u00e9lection de fleurs et d&rsquo;herbes comestibles"},"content":{"rendered":"","protected":false},"excerpt":{"rendered":"<p>Une s\u00e9lection d&rsquo;herbes et de plantes annuelles \u00e0 fleurs comestibles. Parfait pour garnir la viande, les salades, les soupes et les desserts. Cultivez-les dans un jardin ou sur un balcon.<br \/>\n<\/b><br \/>\n<strong>S\u00e9lection de fleurs et d&rsquo;herbes comestibles &#8211; semences<\/strong><br \/>\n<\/b><br \/>\n<strong>Profondeur de semis:<\/strong> 1 &#8211; 2 cm<br \/>\n<strong>Temps de semis en ext\u00e9rieur:<\/strong> avril<br \/>\n<strong>Propagation:<\/strong> 20 x 20 cm<br \/>\n<strong>P\u00e9riode de r\u00e9colte:<\/strong> mai &#8211; octobre<br \/>\n<strong>P\u00e9riode de floraison:<\/strong> mai &#8211; octobre<br \/>\n<\/b><br \/>\nUn paquet contient 3 g de graines.<\/p>\n","protected":false},"featured_media":47440,"template":"","meta":{"_monsterinsights_skip_tracking":false,"_monsterinsights_sitenote_active":false,"_monsterinsights_sitenote_note":"","_monsterinsights_sitenote_category":0},"product_cat":[1469,1459,1471,1470,1538,1589],"product_tag":[3409],"class_list":["post-47433","product","type-product","status-publish","has-post-thumbnail","hentry","product_cat-graines-dautres-herbes","product_cat-graines-dherbes-aromatiques","product_cat-graines-de-fleurs-de-balcon","product_cat-graines-de-fleurs-de-jardin","product_cat-graines-de-fleurs-en-pot","product_cat-graines-de-plantes-atypiques","product_tag-selection-de-fleurs-et-dherbes-comestibles-semences"],"yoast_head":"<!-- This site is optimized with the Yoast SEO plugin v21.6 - https:\/\/yoast.com\/wordpress\/plugins\/seo\/ -->\n<title>S\u00e9lection de fleurs et d&#039;herbes comestibles - producteur de semences - PremiumSeeds<\/title>\n<meta name=\"description\" content=\"S\u00e9lection de fleurs et d&#039;herbes comestibles graines \u2013 en provenance directe du propri\u00e9taire de la marque PremiumSeeds. Vente en gros et distribution de graines S\u00e9lection de fleurs et d&#039;herbes comestibles. Germination prouv\u00e9e et garantie. Commandez directement aupr\u00e8s du fabricant.\" \/>\n<meta name=\"robots\" content=\"index, follow, max-snippet:-1, max-image-preview:large, max-video-preview:-1\" \/>\n<link rel=\"canonical\" href=\"https:\/\/premiumseeds.eu\/fr\/produkt\/selection-de-fleurs-et-dherbes-comestibles\/\" \/>\n<meta property=\"og:locale\" content=\"fr_FR\" \/>\n<meta property=\"og:type\" content=\"article\" \/>\n<meta property=\"og:title\" content=\"S\u00e9lection de fleurs et d&#039;herbes comestibles - producteur de semences - PremiumSeeds\" \/>\n<meta property=\"og:description\" content=\"S\u00e9lection de fleurs et d&#039;herbes comestibles graines \u2013 en provenance directe du propri\u00e9taire de la marque PremiumSeeds. Vente en gros et distribution de graines S\u00e9lection de fleurs et d&#039;herbes comestibles. Germination prouv\u00e9e et garantie. Commandez directement aupr\u00e8s du fabricant.\" \/>\n<meta property=\"og:url\" content=\"https:\/\/premiumseeds.eu\/fr\/produkt\/selection-de-fleurs-et-dherbes-comestibles\/\" \/>\n<meta property=\"og:site_name\" content=\"PremiumSeeds\" \/>\n<meta property=\"article:modified_time\" content=\"2023-05-17T09:05:07+00:00\" \/>\n<meta property=\"og:image\" content=\"https:\/\/premiumseeds.eu\/wp-content\/uploads\/2023\/05\/WORLD-N-210-1330_VS-2.jpg?v=1684312790\" \/>\n\t<meta property=\"og:image:width\" content=\"945\" \/>\n\t<meta property=\"og:image:height\" content=\"1772\" \/>\n\t<meta property=\"og:image:type\" content=\"image\/jpeg\" \/>\n<meta name=\"twitter:card\" content=\"summary_large_image\" \/>\n<script type=\"application\/ld+json\" class=\"yoast-schema-graph\">{\"@context\":\"https:\/\/schema.org\",\"@graph\":[{\"@type\":\"WebPage\",\"@id\":\"https:\/\/premiumseeds.eu\/fr\/produkt\/selection-de-fleurs-et-dherbes-comestibles\/\",\"url\":\"https:\/\/premiumseeds.eu\/fr\/produkt\/selection-de-fleurs-et-dherbes-comestibles\/\",\"name\":\"S\u00e9lection de fleurs et d'herbes comestibles - producteur de semences - PremiumSeeds\",\"isPartOf\":{\"@id\":\"https:\/\/premiumseeds.eu\/fr\/#website\"},\"datePublished\":\"2023-05-17T08:59:44+00:00\",\"dateModified\":\"2023-05-17T09:05:07+00:00\",\"description\":\"S\u00e9lection de fleurs et d'herbes comestibles graines \u2013 en provenance directe du propri\u00e9taire de la marque PremiumSeeds. Vente en gros et distribution de graines S\u00e9lection de fleurs et d'herbes comestibles. Germination prouv\u00e9e et garantie. Commandez directement aupr\u00e8s du fabricant.\",\"breadcrumb\":{\"@id\":\"https:\/\/premiumseeds.eu\/fr\/produkt\/selection-de-fleurs-et-dherbes-comestibles\/#breadcrumb\"},\"inLanguage\":\"fr-FR\",\"potentialAction\":[{\"@type\":\"ReadAction\",\"target\":[\"https:\/\/premiumseeds.eu\/fr\/produkt\/selection-de-fleurs-et-dherbes-comestibles\/\"]}]},{\"@type\":\"BreadcrumbList\",\"@id\":\"https:\/\/premiumseeds.eu\/fr\/produkt\/selection-de-fleurs-et-dherbes-comestibles\/#breadcrumb\",\"itemListElement\":[{\"@type\":\"ListItem\",\"position\":1,\"name\":\"Home\",\"item\":\"https:\/\/premiumseeds.eu\/fr\/\"},{\"@type\":\"ListItem\",\"position\":2,\"name\":\"Graines\",\"item\":\"https:\/\/premiumseeds.eu\/fr\/graines\/\"},{\"@type\":\"ListItem\",\"position\":3,\"name\":\"S\u00e9lection de fleurs et d&#8217;herbes comestibles\"}]},{\"@type\":\"WebSite\",\"@id\":\"https:\/\/premiumseeds.eu\/fr\/#website\",\"url\":\"https:\/\/premiumseeds.eu\/fr\/\",\"name\":\"PremiumSeeds\",\"description\":\"Top seeds producer\",\"potentialAction\":[{\"@type\":\"SearchAction\",\"target\":{\"@type\":\"EntryPoint\",\"urlTemplate\":\"https:\/\/premiumseeds.eu\/fr\/?s={search_term_string}\"},\"query-input\":\"required name=search_term_string\"}],\"inLanguage\":\"fr-FR\"}]}<\/script>\n<!-- \/ Yoast SEO plugin. -->","yoast_head_json":{"title":"S\u00e9lection de fleurs et d'herbes comestibles - producteur de semences - PremiumSeeds","description":"S\u00e9lection de fleurs et d'herbes comestibles graines \u2013 en provenance directe du propri\u00e9taire de la marque PremiumSeeds. Vente en gros et distribution de graines S\u00e9lection de fleurs et d'herbes comestibles. Germination prouv\u00e9e et garantie. Commandez directement aupr\u00e8s du fabricant.","robots":{"index":"index","follow":"follow","max-snippet":"max-snippet:-1","max-image-preview":"max-image-preview:large","max-video-preview":"max-video-preview:-1"},"canonical":"https:\/\/premiumseeds.eu\/fr\/produkt\/selection-de-fleurs-et-dherbes-comestibles\/","og_locale":"fr_FR","og_type":"article","og_title":"S\u00e9lection de fleurs et d'herbes comestibles - producteur de semences - PremiumSeeds","og_description":"S\u00e9lection de fleurs et d'herbes comestibles graines \u2013 en provenance directe du propri\u00e9taire de la marque PremiumSeeds. Vente en gros et distribution de graines S\u00e9lection de fleurs et d'herbes comestibles. Germination prouv\u00e9e et garantie. Commandez directement aupr\u00e8s du fabricant.","og_url":"https:\/\/premiumseeds.eu\/fr\/produkt\/selection-de-fleurs-et-dherbes-comestibles\/","og_site_name":"PremiumSeeds","article_modified_time":"2023-05-17T09:05:07+00:00","og_image":[{"width":945,"height":1772,"url":"https:\/\/premiumseeds.eu\/wp-content\/uploads\/2023\/05\/WORLD-N-210-1330_VS-2.jpg?v=1684312790","type":"image\/jpeg"}],"twitter_card":"summary_large_image","schema":{"@context":"https:\/\/schema.org","@graph":[{"@type":"WebPage","@id":"https:\/\/premiumseeds.eu\/fr\/produkt\/selection-de-fleurs-et-dherbes-comestibles\/","url":"https:\/\/premiumseeds.eu\/fr\/produkt\/selection-de-fleurs-et-dherbes-comestibles\/","name":"S\u00e9lection de fleurs et d'herbes comestibles - producteur de semences - PremiumSeeds","isPartOf":{"@id":"https:\/\/premiumseeds.eu\/fr\/#website"},"datePublished":"2023-05-17T08:59:44+00:00","dateModified":"2023-05-17T09:05:07+00:00","description":"S\u00e9lection de fleurs et d'herbes comestibles graines \u2013 en provenance directe du propri\u00e9taire de la marque PremiumSeeds. Vente en gros et distribution de graines S\u00e9lection de fleurs et d'herbes comestibles. Germination prouv\u00e9e et garantie. Commandez directement aupr\u00e8s du fabricant.","breadcrumb":{"@id":"https:\/\/premiumseeds.eu\/fr\/produkt\/selection-de-fleurs-et-dherbes-comestibles\/#breadcrumb"},"inLanguage":"fr-FR","potentialAction":[{"@type":"ReadAction","target":["https:\/\/premiumseeds.eu\/fr\/produkt\/selection-de-fleurs-et-dherbes-comestibles\/"]}]},{"@type":"BreadcrumbList","@id":"https:\/\/premiumseeds.eu\/fr\/produkt\/selection-de-fleurs-et-dherbes-comestibles\/#breadcrumb","itemListElement":[{"@type":"ListItem","position":1,"name":"Home","item":"https:\/\/premiumseeds.eu\/fr\/"},{"@type":"ListItem","position":2,"name":"Graines","item":"https:\/\/premiumseeds.eu\/fr\/graines\/"},{"@type":"ListItem","position":3,"name":"S\u00e9lection de fleurs et d&#8217;herbes comestibles"}]},{"@type":"WebSite","@id":"https:\/\/premiumseeds.eu\/fr\/#website","url":"https:\/\/premiumseeds.eu\/fr\/","name":"PremiumSeeds","description":"Top seeds producer","potentialAction":[{"@type":"SearchAction","target":{"@type":"EntryPoint","urlTemplate":"https:\/\/premiumseeds.eu\/fr\/?s={search_term_string}"},"query-input":"required name=search_term_string"}],"inLanguage":"fr-FR"}]}},"_links":{"self":[{"href":"https:\/\/premiumseeds.eu\/fr\/wp-json\/wp\/v2\/product\/47433","targetHints":{"allow":["GET"]}}],"collection":[{"href":"https:\/\/premiumseeds.eu\/fr\/wp-json\/wp\/v2\/product"}],"about":[{"href":"https:\/\/premiumseeds.eu\/fr\/wp-json\/wp\/v2\/types\/product"}],"wp:featuredmedia":[{"embeddable":true,"href":"https:\/\/premiumseeds.eu\/fr\/wp-json\/wp\/v2\/media\/47440"}],"wp:attachment":[{"href":"https:\/\/premiumseeds.eu\/fr\/wp-json\/wp\/v2\/media?parent=47433"}],"wp:term":[{"taxonomy":"product_cat","embeddable":true,"href":"https:\/\/premiumseeds.eu\/fr\/wp-json\/wp\/v2\/product_cat?post=47433"},{"taxonomy":"product_tag","embeddable":true,"href":"https:\/\/premiumseeds.eu\/fr\/wp-json\/wp\/v2\/product_tag?post=47433"}],"curies":[{"name":"wp","href":"https:\/\/api.w.org\/{rel}","templated":true}]}}