{"id":53005,"date":"2023-06-02T10:35:00","date_gmt":"2023-06-02T08:35:00","guid":{"rendered":"https:\/\/premiumseeds.eu\/?post_type=product&#038;p=53005"},"modified":"2023-06-02T10:35:02","modified_gmt":"2023-06-02T08:35:02","slug":"nemesia-bleu-et-blanc","status":"publish","type":"product","link":"https:\/\/premiumseeds.eu\/fr\/produkt\/nemesia-bleu-et-blanc\/","title":{"rendered":"N\u00e9m\u00e9sia Bleu et Blanc"},"content":{"rendered":"","protected":false},"excerpt":{"rendered":"<p>Une plante annuelle qui atteint 20 \u00e0 25 cm de haut. Elle produit des fleurs bleues et blanches en grappes l\u00e2ches au sommet de chaque tige. Elle est recommand\u00e9e pour les massifs, les bordures et les jardini\u00e8res sur un balcon.<br \/>\n<\/b><br \/>\n<strong>N\u00e9m\u00e9sia Bleu et Blanc &#8211; semences<\/strong><br \/>\n<\/b><br \/>\n<strong>Profondeur de semis:<\/strong> 0,5 cm<br \/>\n<strong>Temps de semis en ext\u00e9rieur:<\/strong> avril &#8211; mai<br \/>\n<strong>Propagation:<\/strong> 15 x 25 cm<br \/>\n<strong>P\u00e9riode de floraison:<\/strong> juin &#8211; septembre<br \/>\n<\/b><br \/>\nUn paquet contient 0,2 g de graines.<\/p>\n","protected":false},"featured_media":53012,"template":"","meta":{"_monsterinsights_skip_tracking":false,"_monsterinsights_sitenote_active":false,"_monsterinsights_sitenote_note":"","_monsterinsights_sitenote_category":0},"product_cat":[1471,1470,1510],"product_tag":[3826],"class_list":["post-53005","product","type-product","status-publish","has-post-thumbnail","hentry","product_cat-graines-de-fleurs-de-balcon","product_cat-graines-de-fleurs-de-jardin","product_cat-graines-de-nemesia","product_tag-nemesia-bleu-et-blanc-semences"],"yoast_head":"<!-- This site is optimized with the Yoast SEO plugin v21.6 - https:\/\/yoast.com\/wordpress\/plugins\/seo\/ -->\n<title>N\u00e9m\u00e9sia Bleu et Blanc - producteur de semences - PremiumSeeds<\/title>\n<meta name=\"description\" content=\"N\u00e9m\u00e9sia Bleu et Blanc graines \u2013 en provenance directe du propri\u00e9taire de la marque PremiumSeeds. Vente en gros et distribution de graines N\u00e9m\u00e9sia Bleu et Blanc. Germination prouv\u00e9e et garantie. Commandez directement aupr\u00e8s du fabricant.\" \/>\n<meta name=\"robots\" content=\"index, follow, max-snippet:-1, max-image-preview:large, max-video-preview:-1\" \/>\n<link rel=\"canonical\" href=\"https:\/\/premiumseeds.eu\/fr\/produkt\/nemesia-bleu-et-blanc\/\" \/>\n<meta property=\"og:locale\" content=\"fr_FR\" \/>\n<meta property=\"og:type\" content=\"article\" \/>\n<meta property=\"og:title\" content=\"N\u00e9m\u00e9sia Bleu et Blanc - producteur de semences - PremiumSeeds\" \/>\n<meta property=\"og:description\" content=\"N\u00e9m\u00e9sia Bleu et Blanc graines \u2013 en provenance directe du propri\u00e9taire de la marque PremiumSeeds. Vente en gros et distribution de graines N\u00e9m\u00e9sia Bleu et Blanc. Germination prouv\u00e9e et garantie. Commandez directement aupr\u00e8s du fabricant.\" \/>\n<meta property=\"og:url\" content=\"https:\/\/premiumseeds.eu\/fr\/produkt\/nemesia-bleu-et-blanc\/\" \/>\n<meta property=\"og:site_name\" content=\"PremiumSeeds\" \/>\n<meta property=\"article:modified_time\" content=\"2023-06-02T08:35:02+00:00\" \/>\n<meta property=\"og:image\" content=\"https:\/\/premiumseeds.eu\/wp-content\/uploads\/2023\/06\/WORLD-14011912PA_VS-546x1024.jpg\" \/>\n\t<meta property=\"og:image:width\" content=\"546\" \/>\n\t<meta property=\"og:image:height\" content=\"1024\" \/>\n\t<meta property=\"og:image:type\" content=\"image\/jpeg\" \/>\n<meta name=\"twitter:card\" content=\"summary_large_image\" \/>\n<script type=\"application\/ld+json\" class=\"yoast-schema-graph\">{\"@context\":\"https:\/\/schema.org\",\"@graph\":[{\"@type\":\"WebPage\",\"@id\":\"https:\/\/premiumseeds.eu\/fr\/produkt\/nemesia-bleu-et-blanc\/\",\"url\":\"https:\/\/premiumseeds.eu\/fr\/produkt\/nemesia-bleu-et-blanc\/\",\"name\":\"N\u00e9m\u00e9sia Bleu et Blanc - producteur de semences - PremiumSeeds\",\"isPartOf\":{\"@id\":\"https:\/\/premiumseeds.eu\/fr\/#website\"},\"datePublished\":\"2023-06-02T08:35:00+00:00\",\"dateModified\":\"2023-06-02T08:35:02+00:00\",\"description\":\"N\u00e9m\u00e9sia Bleu et Blanc graines \u2013 en provenance directe du propri\u00e9taire de la marque PremiumSeeds. Vente en gros et distribution de graines N\u00e9m\u00e9sia Bleu et Blanc. Germination prouv\u00e9e et garantie. Commandez directement aupr\u00e8s du fabricant.\",\"breadcrumb\":{\"@id\":\"https:\/\/premiumseeds.eu\/fr\/produkt\/nemesia-bleu-et-blanc\/#breadcrumb\"},\"inLanguage\":\"fr-FR\",\"potentialAction\":[{\"@type\":\"ReadAction\",\"target\":[\"https:\/\/premiumseeds.eu\/fr\/produkt\/nemesia-bleu-et-blanc\/\"]}]},{\"@type\":\"BreadcrumbList\",\"@id\":\"https:\/\/premiumseeds.eu\/fr\/produkt\/nemesia-bleu-et-blanc\/#breadcrumb\",\"itemListElement\":[{\"@type\":\"ListItem\",\"position\":1,\"name\":\"Home\",\"item\":\"https:\/\/premiumseeds.eu\/fr\/\"},{\"@type\":\"ListItem\",\"position\":2,\"name\":\"Graines\",\"item\":\"https:\/\/premiumseeds.eu\/fr\/graines\/\"},{\"@type\":\"ListItem\",\"position\":3,\"name\":\"N\u00e9m\u00e9sia Bleu et Blanc\"}]},{\"@type\":\"WebSite\",\"@id\":\"https:\/\/premiumseeds.eu\/fr\/#website\",\"url\":\"https:\/\/premiumseeds.eu\/fr\/\",\"name\":\"PremiumSeeds\",\"description\":\"Top seeds producer\",\"potentialAction\":[{\"@type\":\"SearchAction\",\"target\":{\"@type\":\"EntryPoint\",\"urlTemplate\":\"https:\/\/premiumseeds.eu\/fr\/?s={search_term_string}\"},\"query-input\":\"required name=search_term_string\"}],\"inLanguage\":\"fr-FR\"}]}<\/script>\n<!-- \/ Yoast SEO plugin. -->","yoast_head_json":{"title":"N\u00e9m\u00e9sia Bleu et Blanc - producteur de semences - PremiumSeeds","description":"N\u00e9m\u00e9sia Bleu et Blanc graines \u2013 en provenance directe du propri\u00e9taire de la marque PremiumSeeds. Vente en gros et distribution de graines N\u00e9m\u00e9sia Bleu et Blanc. Germination prouv\u00e9e et garantie. Commandez directement aupr\u00e8s du fabricant.","robots":{"index":"index","follow":"follow","max-snippet":"max-snippet:-1","max-image-preview":"max-image-preview:large","max-video-preview":"max-video-preview:-1"},"canonical":"https:\/\/premiumseeds.eu\/fr\/produkt\/nemesia-bleu-et-blanc\/","og_locale":"fr_FR","og_type":"article","og_title":"N\u00e9m\u00e9sia Bleu et Blanc - producteur de semences - PremiumSeeds","og_description":"N\u00e9m\u00e9sia Bleu et Blanc graines \u2013 en provenance directe du propri\u00e9taire de la marque PremiumSeeds. Vente en gros et distribution de graines N\u00e9m\u00e9sia Bleu et Blanc. Germination prouv\u00e9e et garantie. Commandez directement aupr\u00e8s du fabricant.","og_url":"https:\/\/premiumseeds.eu\/fr\/produkt\/nemesia-bleu-et-blanc\/","og_site_name":"PremiumSeeds","article_modified_time":"2023-06-02T08:35:02+00:00","og_image":[{"width":546,"height":1024,"url":"https:\/\/premiumseeds.eu\/wp-content\/uploads\/2023\/06\/WORLD-14011912PA_VS-546x1024.jpg","type":"image\/jpeg"}],"twitter_card":"summary_large_image","schema":{"@context":"https:\/\/schema.org","@graph":[{"@type":"WebPage","@id":"https:\/\/premiumseeds.eu\/fr\/produkt\/nemesia-bleu-et-blanc\/","url":"https:\/\/premiumseeds.eu\/fr\/produkt\/nemesia-bleu-et-blanc\/","name":"N\u00e9m\u00e9sia Bleu et Blanc - producteur de semences - PremiumSeeds","isPartOf":{"@id":"https:\/\/premiumseeds.eu\/fr\/#website"},"datePublished":"2023-06-02T08:35:00+00:00","dateModified":"2023-06-02T08:35:02+00:00","description":"N\u00e9m\u00e9sia Bleu et Blanc graines \u2013 en provenance directe du propri\u00e9taire de la marque PremiumSeeds. Vente en gros et distribution de graines N\u00e9m\u00e9sia Bleu et Blanc. Germination prouv\u00e9e et garantie. Commandez directement aupr\u00e8s du fabricant.","breadcrumb":{"@id":"https:\/\/premiumseeds.eu\/fr\/produkt\/nemesia-bleu-et-blanc\/#breadcrumb"},"inLanguage":"fr-FR","potentialAction":[{"@type":"ReadAction","target":["https:\/\/premiumseeds.eu\/fr\/produkt\/nemesia-bleu-et-blanc\/"]}]},{"@type":"BreadcrumbList","@id":"https:\/\/premiumseeds.eu\/fr\/produkt\/nemesia-bleu-et-blanc\/#breadcrumb","itemListElement":[{"@type":"ListItem","position":1,"name":"Home","item":"https:\/\/premiumseeds.eu\/fr\/"},{"@type":"ListItem","position":2,"name":"Graines","item":"https:\/\/premiumseeds.eu\/fr\/graines\/"},{"@type":"ListItem","position":3,"name":"N\u00e9m\u00e9sia Bleu et Blanc"}]},{"@type":"WebSite","@id":"https:\/\/premiumseeds.eu\/fr\/#website","url":"https:\/\/premiumseeds.eu\/fr\/","name":"PremiumSeeds","description":"Top seeds producer","potentialAction":[{"@type":"SearchAction","target":{"@type":"EntryPoint","urlTemplate":"https:\/\/premiumseeds.eu\/fr\/?s={search_term_string}"},"query-input":"required name=search_term_string"}],"inLanguage":"fr-FR"}]}},"_links":{"self":[{"href":"https:\/\/premiumseeds.eu\/fr\/wp-json\/wp\/v2\/product\/53005","targetHints":{"allow":["GET"]}}],"collection":[{"href":"https:\/\/premiumseeds.eu\/fr\/wp-json\/wp\/v2\/product"}],"about":[{"href":"https:\/\/premiumseeds.eu\/fr\/wp-json\/wp\/v2\/types\/product"}],"wp:featuredmedia":[{"embeddable":true,"href":"https:\/\/premiumseeds.eu\/fr\/wp-json\/wp\/v2\/media\/53012"}],"wp:attachment":[{"href":"https:\/\/premiumseeds.eu\/fr\/wp-json\/wp\/v2\/media?parent=53005"}],"wp:term":[{"taxonomy":"product_cat","embeddable":true,"href":"https:\/\/premiumseeds.eu\/fr\/wp-json\/wp\/v2\/product_cat?post=53005"},{"taxonomy":"product_tag","embeddable":true,"href":"https:\/\/premiumseeds.eu\/fr\/wp-json\/wp\/v2\/product_tag?post=53005"}],"curies":[{"name":"wp","href":"https:\/\/api.w.org\/{rel}","templated":true}]}}