{"id":53358,"date":"2023-06-05T11:16:50","date_gmt":"2023-06-05T09:16:50","guid":{"rendered":"https:\/\/premiumseeds.eu\/?post_type=product&#038;p=53358"},"modified":"2023-06-05T11:20:41","modified_gmt":"2023-06-05T09:20:41","slug":"platycodon-bleu","status":"publish","type":"product","link":"https:\/\/premiumseeds.eu\/fr\/produkt\/platycodon-bleu\/","title":{"rendered":"Platycodon Bleu"},"content":{"rendered":"","protected":false},"excerpt":{"rendered":"<p>Plante vivace de 50 \u00e0 70 cm de haut. Les pousses \u00e9rig\u00e9es, aux feuilles denses, portent des fleurs en forme de clochettes bleu-violet. \u00c0 utiliser dans les plantations en groupe, les massifs et les rocailles.<br \/>\n<\/b><br \/>\n<strong>Platycodon Bleu &#8211; semences<\/strong><br \/>\n<\/b><br \/>\n<strong>Profondeur de semis dans les serres:<\/strong> 0,5 cm<br \/>\n<strong>Temps de semis en serre:<\/strong> avril &#8211; mai<br \/>\n<strong>Temps de plantation des semis en ext\u00e9rieur:<\/strong> ao\u00fbt &#8211; septembre<br \/>\n<strong>Propagation:<\/strong> 20 x 25 cm<br \/>\n<strong>P\u00e9riode de floraison:<\/strong> juillet &#8211; ao\u00fbt<br \/>\n<\/b><br \/>\nUn paquet contient 0,2 g de graines.<\/p>\n","protected":false},"featured_media":53365,"template":"","meta":{"_monsterinsights_skip_tracking":false,"_monsterinsights_sitenote_active":false,"_monsterinsights_sitenote_note":"","_monsterinsights_sitenote_category":0},"product_cat":[1470,1594],"product_tag":[3852],"class_list":["post-53358","product","type-product","status-publish","has-post-thumbnail","hentry","product_cat-graines-de-fleurs-de-jardin","product_cat-graines-de-plantes-pour-jardin-de-rocaille","product_tag-platycodon-bleu-semences"],"yoast_head":"<!-- This site is optimized with the Yoast SEO plugin v21.6 - https:\/\/yoast.com\/wordpress\/plugins\/seo\/ -->\n<title>Platycodon Bleu - producteur de semences - PremiumSeeds<\/title>\n<meta name=\"description\" content=\"Platycodon Bleu graines \u2013 en provenance directe du propri\u00e9taire de la marque PremiumSeeds. Vente en gros et distribution de graines Platycodon Bleu. Germination prouv\u00e9e et garantie. Commandez directement aupr\u00e8s du fabricant.\" \/>\n<meta name=\"robots\" content=\"index, follow, max-snippet:-1, max-image-preview:large, max-video-preview:-1\" \/>\n<link rel=\"canonical\" href=\"https:\/\/premiumseeds.eu\/fr\/produkt\/platycodon-bleu\/\" \/>\n<meta property=\"og:locale\" content=\"fr_FR\" \/>\n<meta property=\"og:type\" content=\"article\" \/>\n<meta property=\"og:title\" content=\"Platycodon Bleu - producteur de semences - PremiumSeeds\" \/>\n<meta property=\"og:description\" content=\"Platycodon Bleu graines \u2013 en provenance directe du propri\u00e9taire de la marque PremiumSeeds. Vente en gros et distribution de graines Platycodon Bleu. Germination prouv\u00e9e et garantie. Commandez directement aupr\u00e8s du fabricant.\" \/>\n<meta property=\"og:url\" content=\"https:\/\/premiumseeds.eu\/fr\/produkt\/platycodon-bleu\/\" \/>\n<meta property=\"og:site_name\" content=\"PremiumSeeds\" \/>\n<meta property=\"article:modified_time\" content=\"2023-06-05T09:20:41+00:00\" \/>\n<meta property=\"og:image\" content=\"https:\/\/premiumseeds.eu\/wp-content\/uploads\/2023\/06\/WORLD-N-090-0164_VS.jpg?v=1685956560\" \/>\n\t<meta property=\"og:image:width\" content=\"945\" \/>\n\t<meta property=\"og:image:height\" content=\"1772\" \/>\n\t<meta property=\"og:image:type\" content=\"image\/jpeg\" \/>\n<meta name=\"twitter:card\" content=\"summary_large_image\" \/>\n<script type=\"application\/ld+json\" class=\"yoast-schema-graph\">{\"@context\":\"https:\/\/schema.org\",\"@graph\":[{\"@type\":\"WebPage\",\"@id\":\"https:\/\/premiumseeds.eu\/fr\/produkt\/platycodon-bleu\/\",\"url\":\"https:\/\/premiumseeds.eu\/fr\/produkt\/platycodon-bleu\/\",\"name\":\"Platycodon Bleu - producteur de semences - PremiumSeeds\",\"isPartOf\":{\"@id\":\"https:\/\/premiumseeds.eu\/fr\/#website\"},\"datePublished\":\"2023-06-05T09:16:50+00:00\",\"dateModified\":\"2023-06-05T09:20:41+00:00\",\"description\":\"Platycodon Bleu graines \u2013 en provenance directe du propri\u00e9taire de la marque PremiumSeeds. Vente en gros et distribution de graines Platycodon Bleu. Germination prouv\u00e9e et garantie. Commandez directement aupr\u00e8s du fabricant.\",\"breadcrumb\":{\"@id\":\"https:\/\/premiumseeds.eu\/fr\/produkt\/platycodon-bleu\/#breadcrumb\"},\"inLanguage\":\"fr-FR\",\"potentialAction\":[{\"@type\":\"ReadAction\",\"target\":[\"https:\/\/premiumseeds.eu\/fr\/produkt\/platycodon-bleu\/\"]}]},{\"@type\":\"BreadcrumbList\",\"@id\":\"https:\/\/premiumseeds.eu\/fr\/produkt\/platycodon-bleu\/#breadcrumb\",\"itemListElement\":[{\"@type\":\"ListItem\",\"position\":1,\"name\":\"Home\",\"item\":\"https:\/\/premiumseeds.eu\/fr\/\"},{\"@type\":\"ListItem\",\"position\":2,\"name\":\"Graines\",\"item\":\"https:\/\/premiumseeds.eu\/fr\/graines\/\"},{\"@type\":\"ListItem\",\"position\":3,\"name\":\"Platycodon Bleu\"}]},{\"@type\":\"WebSite\",\"@id\":\"https:\/\/premiumseeds.eu\/fr\/#website\",\"url\":\"https:\/\/premiumseeds.eu\/fr\/\",\"name\":\"PremiumSeeds\",\"description\":\"Top seeds producer\",\"potentialAction\":[{\"@type\":\"SearchAction\",\"target\":{\"@type\":\"EntryPoint\",\"urlTemplate\":\"https:\/\/premiumseeds.eu\/fr\/?s={search_term_string}\"},\"query-input\":\"required name=search_term_string\"}],\"inLanguage\":\"fr-FR\"}]}<\/script>\n<!-- \/ Yoast SEO plugin. -->","yoast_head_json":{"title":"Platycodon Bleu - producteur de semences - PremiumSeeds","description":"Platycodon Bleu graines \u2013 en provenance directe du propri\u00e9taire de la marque PremiumSeeds. Vente en gros et distribution de graines Platycodon Bleu. Germination prouv\u00e9e et garantie. Commandez directement aupr\u00e8s du fabricant.","robots":{"index":"index","follow":"follow","max-snippet":"max-snippet:-1","max-image-preview":"max-image-preview:large","max-video-preview":"max-video-preview:-1"},"canonical":"https:\/\/premiumseeds.eu\/fr\/produkt\/platycodon-bleu\/","og_locale":"fr_FR","og_type":"article","og_title":"Platycodon Bleu - producteur de semences - PremiumSeeds","og_description":"Platycodon Bleu graines \u2013 en provenance directe du propri\u00e9taire de la marque PremiumSeeds. Vente en gros et distribution de graines Platycodon Bleu. Germination prouv\u00e9e et garantie. Commandez directement aupr\u00e8s du fabricant.","og_url":"https:\/\/premiumseeds.eu\/fr\/produkt\/platycodon-bleu\/","og_site_name":"PremiumSeeds","article_modified_time":"2023-06-05T09:20:41+00:00","og_image":[{"width":945,"height":1772,"url":"https:\/\/premiumseeds.eu\/wp-content\/uploads\/2023\/06\/WORLD-N-090-0164_VS.jpg?v=1685956560","type":"image\/jpeg"}],"twitter_card":"summary_large_image","schema":{"@context":"https:\/\/schema.org","@graph":[{"@type":"WebPage","@id":"https:\/\/premiumseeds.eu\/fr\/produkt\/platycodon-bleu\/","url":"https:\/\/premiumseeds.eu\/fr\/produkt\/platycodon-bleu\/","name":"Platycodon Bleu - producteur de semences - PremiumSeeds","isPartOf":{"@id":"https:\/\/premiumseeds.eu\/fr\/#website"},"datePublished":"2023-06-05T09:16:50+00:00","dateModified":"2023-06-05T09:20:41+00:00","description":"Platycodon Bleu graines \u2013 en provenance directe du propri\u00e9taire de la marque PremiumSeeds. Vente en gros et distribution de graines Platycodon Bleu. Germination prouv\u00e9e et garantie. Commandez directement aupr\u00e8s du fabricant.","breadcrumb":{"@id":"https:\/\/premiumseeds.eu\/fr\/produkt\/platycodon-bleu\/#breadcrumb"},"inLanguage":"fr-FR","potentialAction":[{"@type":"ReadAction","target":["https:\/\/premiumseeds.eu\/fr\/produkt\/platycodon-bleu\/"]}]},{"@type":"BreadcrumbList","@id":"https:\/\/premiumseeds.eu\/fr\/produkt\/platycodon-bleu\/#breadcrumb","itemListElement":[{"@type":"ListItem","position":1,"name":"Home","item":"https:\/\/premiumseeds.eu\/fr\/"},{"@type":"ListItem","position":2,"name":"Graines","item":"https:\/\/premiumseeds.eu\/fr\/graines\/"},{"@type":"ListItem","position":3,"name":"Platycodon Bleu"}]},{"@type":"WebSite","@id":"https:\/\/premiumseeds.eu\/fr\/#website","url":"https:\/\/premiumseeds.eu\/fr\/","name":"PremiumSeeds","description":"Top seeds producer","potentialAction":[{"@type":"SearchAction","target":{"@type":"EntryPoint","urlTemplate":"https:\/\/premiumseeds.eu\/fr\/?s={search_term_string}"},"query-input":"required name=search_term_string"}],"inLanguage":"fr-FR"}]}},"_links":{"self":[{"href":"https:\/\/premiumseeds.eu\/fr\/wp-json\/wp\/v2\/product\/53358","targetHints":{"allow":["GET"]}}],"collection":[{"href":"https:\/\/premiumseeds.eu\/fr\/wp-json\/wp\/v2\/product"}],"about":[{"href":"https:\/\/premiumseeds.eu\/fr\/wp-json\/wp\/v2\/types\/product"}],"wp:featuredmedia":[{"embeddable":true,"href":"https:\/\/premiumseeds.eu\/fr\/wp-json\/wp\/v2\/media\/53365"}],"wp:attachment":[{"href":"https:\/\/premiumseeds.eu\/fr\/wp-json\/wp\/v2\/media?parent=53358"}],"wp:term":[{"taxonomy":"product_cat","embeddable":true,"href":"https:\/\/premiumseeds.eu\/fr\/wp-json\/wp\/v2\/product_cat?post=53358"},{"taxonomy":"product_tag","embeddable":true,"href":"https:\/\/premiumseeds.eu\/fr\/wp-json\/wp\/v2\/product_tag?post=53358"}],"curies":[{"name":"wp","href":"https:\/\/api.w.org\/{rel}","templated":true}]}}