{"id":53397,"date":"2023-06-05T12:00:34","date_gmt":"2023-06-05T10:00:34","guid":{"rendered":"https:\/\/premiumseeds.eu\/?post_type=product&#038;p=53397"},"modified":"2023-06-05T12:00:35","modified_gmt":"2023-06-05T10:00:35","slug":"lysimaque-ponctuee","status":"publish","type":"product","link":"https:\/\/premiumseeds.eu\/fr\/produkt\/lysimaque-ponctuee\/","title":{"rendered":"Lysimaque ponctu\u00e9e"},"content":{"rendered":"","protected":false},"excerpt":{"rendered":"<p>Plante vivace qui atteint 60 \u00e0 80 cm de haut. Elle pousse vigoureusement, produisant des pousses \u00e9rig\u00e9es et ramifi\u00e9es. Les fleurs jaunes se d\u00e9veloppent dans les angles des feuilles dans la partie sup\u00e9rieure de la tige. Elle se d\u00e9veloppe \u00e0 proximit\u00e9 des r\u00e9servoirs d&rsquo;eau et \u00e0 l&rsquo;ombre.<br \/>\n<\/b><br \/>\n<strong>Lysimaque ponctu\u00e9e &#8211; semences<\/strong><br \/>\n<\/b><br \/>\n<strong>Profondeur de semis dans les serres:<\/strong> 0,2 cm<br \/>\n<strong>Temps de semis en serre:<\/strong> mars &#8211; mai<br \/>\n<strong>Temps de plantation des semis en ext\u00e9rieur:<\/strong> ao\u00fbt &#8211; septembre<br \/>\n<strong>Propagation:<\/strong> 40 x 40 cm<br \/>\n<strong>P\u00e9riode de floraison:<\/strong> juin &#8211; ao\u00fbt<br \/>\n<\/b><br \/>\nUn paquet contient 0,3 g de graines.<\/p>\n","protected":false},"featured_media":53404,"template":"","meta":{"_monsterinsights_skip_tracking":false,"_monsterinsights_sitenote_active":false,"_monsterinsights_sitenote_note":"","_monsterinsights_sitenote_category":0},"product_cat":[1470],"product_tag":[3855],"class_list":["post-53397","product","type-product","status-publish","has-post-thumbnail","hentry","product_cat-graines-de-fleurs-de-jardin","product_tag-lysimaque-ponctuee-semences"],"yoast_head":"<!-- This site is optimized with the Yoast SEO plugin v21.6 - https:\/\/yoast.com\/wordpress\/plugins\/seo\/ -->\n<title>Lysimaque ponctu\u00e9e - producteur de semences - PremiumSeeds<\/title>\n<meta name=\"description\" content=\"Lysimaque ponctu\u00e9e graines \u2013 en provenance directe du propri\u00e9taire de la marque PremiumSeeds. Vente en gros et distribution de graines Lysimaque ponctu\u00e9e. Germination prouv\u00e9e et garantie. Commandez directement aupr\u00e8s du fabricant.\" \/>\n<meta name=\"robots\" content=\"index, follow, max-snippet:-1, max-image-preview:large, max-video-preview:-1\" \/>\n<link rel=\"canonical\" href=\"https:\/\/premiumseeds.eu\/fr\/produkt\/lysimaque-ponctuee\/\" \/>\n<meta property=\"og:locale\" content=\"fr_FR\" \/>\n<meta property=\"og:type\" content=\"article\" \/>\n<meta property=\"og:title\" content=\"Lysimaque ponctu\u00e9e - producteur de semences - PremiumSeeds\" \/>\n<meta property=\"og:description\" content=\"Lysimaque ponctu\u00e9e graines \u2013 en provenance directe du propri\u00e9taire de la marque PremiumSeeds. Vente en gros et distribution de graines Lysimaque ponctu\u00e9e. Germination prouv\u00e9e et garantie. Commandez directement aupr\u00e8s du fabricant.\" \/>\n<meta property=\"og:url\" content=\"https:\/\/premiumseeds.eu\/fr\/produkt\/lysimaque-ponctuee\/\" \/>\n<meta property=\"og:site_name\" content=\"PremiumSeeds\" \/>\n<meta property=\"article:modified_time\" content=\"2023-06-05T10:00:35+00:00\" \/>\n<meta property=\"og:image\" content=\"https:\/\/premiumseeds.eu\/wp-content\/uploads\/2023\/06\/WORLD-N-090-7556_VS.jpg?v=1685959150\" \/>\n\t<meta property=\"og:image:width\" content=\"945\" \/>\n\t<meta property=\"og:image:height\" content=\"1772\" \/>\n\t<meta property=\"og:image:type\" content=\"image\/jpeg\" \/>\n<meta name=\"twitter:card\" content=\"summary_large_image\" \/>\n<script type=\"application\/ld+json\" class=\"yoast-schema-graph\">{\"@context\":\"https:\/\/schema.org\",\"@graph\":[{\"@type\":\"WebPage\",\"@id\":\"https:\/\/premiumseeds.eu\/fr\/produkt\/lysimaque-ponctuee\/\",\"url\":\"https:\/\/premiumseeds.eu\/fr\/produkt\/lysimaque-ponctuee\/\",\"name\":\"Lysimaque ponctu\u00e9e - producteur de semences - PremiumSeeds\",\"isPartOf\":{\"@id\":\"https:\/\/premiumseeds.eu\/fr\/#website\"},\"datePublished\":\"2023-06-05T10:00:34+00:00\",\"dateModified\":\"2023-06-05T10:00:35+00:00\",\"description\":\"Lysimaque ponctu\u00e9e graines \u2013 en provenance directe du propri\u00e9taire de la marque PremiumSeeds. Vente en gros et distribution de graines Lysimaque ponctu\u00e9e. Germination prouv\u00e9e et garantie. Commandez directement aupr\u00e8s du fabricant.\",\"breadcrumb\":{\"@id\":\"https:\/\/premiumseeds.eu\/fr\/produkt\/lysimaque-ponctuee\/#breadcrumb\"},\"inLanguage\":\"fr-FR\",\"potentialAction\":[{\"@type\":\"ReadAction\",\"target\":[\"https:\/\/premiumseeds.eu\/fr\/produkt\/lysimaque-ponctuee\/\"]}]},{\"@type\":\"BreadcrumbList\",\"@id\":\"https:\/\/premiumseeds.eu\/fr\/produkt\/lysimaque-ponctuee\/#breadcrumb\",\"itemListElement\":[{\"@type\":\"ListItem\",\"position\":1,\"name\":\"Home\",\"item\":\"https:\/\/premiumseeds.eu\/fr\/\"},{\"@type\":\"ListItem\",\"position\":2,\"name\":\"Graines\",\"item\":\"https:\/\/premiumseeds.eu\/fr\/graines\/\"},{\"@type\":\"ListItem\",\"position\":3,\"name\":\"Lysimaque ponctu\u00e9e\"}]},{\"@type\":\"WebSite\",\"@id\":\"https:\/\/premiumseeds.eu\/fr\/#website\",\"url\":\"https:\/\/premiumseeds.eu\/fr\/\",\"name\":\"PremiumSeeds\",\"description\":\"Top seeds producer\",\"potentialAction\":[{\"@type\":\"SearchAction\",\"target\":{\"@type\":\"EntryPoint\",\"urlTemplate\":\"https:\/\/premiumseeds.eu\/fr\/?s={search_term_string}\"},\"query-input\":\"required name=search_term_string\"}],\"inLanguage\":\"fr-FR\"}]}<\/script>\n<!-- \/ Yoast SEO plugin. -->","yoast_head_json":{"title":"Lysimaque ponctu\u00e9e - producteur de semences - PremiumSeeds","description":"Lysimaque ponctu\u00e9e graines \u2013 en provenance directe du propri\u00e9taire de la marque PremiumSeeds. Vente en gros et distribution de graines Lysimaque ponctu\u00e9e. Germination prouv\u00e9e et garantie. Commandez directement aupr\u00e8s du fabricant.","robots":{"index":"index","follow":"follow","max-snippet":"max-snippet:-1","max-image-preview":"max-image-preview:large","max-video-preview":"max-video-preview:-1"},"canonical":"https:\/\/premiumseeds.eu\/fr\/produkt\/lysimaque-ponctuee\/","og_locale":"fr_FR","og_type":"article","og_title":"Lysimaque ponctu\u00e9e - producteur de semences - PremiumSeeds","og_description":"Lysimaque ponctu\u00e9e graines \u2013 en provenance directe du propri\u00e9taire de la marque PremiumSeeds. Vente en gros et distribution de graines Lysimaque ponctu\u00e9e. Germination prouv\u00e9e et garantie. Commandez directement aupr\u00e8s du fabricant.","og_url":"https:\/\/premiumseeds.eu\/fr\/produkt\/lysimaque-ponctuee\/","og_site_name":"PremiumSeeds","article_modified_time":"2023-06-05T10:00:35+00:00","og_image":[{"width":945,"height":1772,"url":"https:\/\/premiumseeds.eu\/wp-content\/uploads\/2023\/06\/WORLD-N-090-7556_VS.jpg?v=1685959150","type":"image\/jpeg"}],"twitter_card":"summary_large_image","schema":{"@context":"https:\/\/schema.org","@graph":[{"@type":"WebPage","@id":"https:\/\/premiumseeds.eu\/fr\/produkt\/lysimaque-ponctuee\/","url":"https:\/\/premiumseeds.eu\/fr\/produkt\/lysimaque-ponctuee\/","name":"Lysimaque ponctu\u00e9e - producteur de semences - PremiumSeeds","isPartOf":{"@id":"https:\/\/premiumseeds.eu\/fr\/#website"},"datePublished":"2023-06-05T10:00:34+00:00","dateModified":"2023-06-05T10:00:35+00:00","description":"Lysimaque ponctu\u00e9e graines \u2013 en provenance directe du propri\u00e9taire de la marque PremiumSeeds. Vente en gros et distribution de graines Lysimaque ponctu\u00e9e. Germination prouv\u00e9e et garantie. Commandez directement aupr\u00e8s du fabricant.","breadcrumb":{"@id":"https:\/\/premiumseeds.eu\/fr\/produkt\/lysimaque-ponctuee\/#breadcrumb"},"inLanguage":"fr-FR","potentialAction":[{"@type":"ReadAction","target":["https:\/\/premiumseeds.eu\/fr\/produkt\/lysimaque-ponctuee\/"]}]},{"@type":"BreadcrumbList","@id":"https:\/\/premiumseeds.eu\/fr\/produkt\/lysimaque-ponctuee\/#breadcrumb","itemListElement":[{"@type":"ListItem","position":1,"name":"Home","item":"https:\/\/premiumseeds.eu\/fr\/"},{"@type":"ListItem","position":2,"name":"Graines","item":"https:\/\/premiumseeds.eu\/fr\/graines\/"},{"@type":"ListItem","position":3,"name":"Lysimaque ponctu\u00e9e"}]},{"@type":"WebSite","@id":"https:\/\/premiumseeds.eu\/fr\/#website","url":"https:\/\/premiumseeds.eu\/fr\/","name":"PremiumSeeds","description":"Top seeds producer","potentialAction":[{"@type":"SearchAction","target":{"@type":"EntryPoint","urlTemplate":"https:\/\/premiumseeds.eu\/fr\/?s={search_term_string}"},"query-input":"required name=search_term_string"}],"inLanguage":"fr-FR"}]}},"_links":{"self":[{"href":"https:\/\/premiumseeds.eu\/fr\/wp-json\/wp\/v2\/product\/53397","targetHints":{"allow":["GET"]}}],"collection":[{"href":"https:\/\/premiumseeds.eu\/fr\/wp-json\/wp\/v2\/product"}],"about":[{"href":"https:\/\/premiumseeds.eu\/fr\/wp-json\/wp\/v2\/types\/product"}],"wp:featuredmedia":[{"embeddable":true,"href":"https:\/\/premiumseeds.eu\/fr\/wp-json\/wp\/v2\/media\/53404"}],"wp:attachment":[{"href":"https:\/\/premiumseeds.eu\/fr\/wp-json\/wp\/v2\/media?parent=53397"}],"wp:term":[{"taxonomy":"product_cat","embeddable":true,"href":"https:\/\/premiumseeds.eu\/fr\/wp-json\/wp\/v2\/product_cat?post=53397"},{"taxonomy":"product_tag","embeddable":true,"href":"https:\/\/premiumseeds.eu\/fr\/wp-json\/wp\/v2\/product_tag?post=53397"}],"curies":[{"name":"wp","href":"https:\/\/api.w.org\/{rel}","templated":true}]}}