{"id":53736,"date":"2023-06-07T10:10:29","date_gmt":"2023-06-07T08:10:29","guid":{"rendered":"https:\/\/premiumseeds.eu\/?post_type=product&#038;p=53736"},"modified":"2023-06-07T10:10:30","modified_gmt":"2023-06-07T08:10:30","slug":"oeillet-de-poete-double-melange","status":"publish","type":"product","link":"https:\/\/premiumseeds.eu\/fr\/produkt\/oeillet-de-poete-double-melange\/","title":{"rendered":"\u0152illet de Po\u00e8te Double M\u00e9lange"},"content":{"rendered":"","protected":false},"excerpt":{"rendered":"<p>Plante bisannuelle de 35 \u00e0 50 cm de haut. Les fleurs sont parfum\u00e9es, doubles ou semi-doubles, aux couleurs vari\u00e9es et r\u00e9unies en grandes ombelles au sommet des tiges. Cette plante est \u00e0 utiliser dans les massifs, les bordures et pour les fleurs coup\u00e9es.<br \/>\n<\/b><br \/>\n<strong>\u0152illet de Po\u00e8te Double M\u00e9lange &#8211; semences<\/strong><br \/>\n<\/b><br \/>\n<strong>Profondeur de semis:<\/strong> 0,5 cm<br \/>\n<strong>Temps de semis en serre:<\/strong> mai &#8211; juin<br \/>\n<strong>Temps de semis en ext\u00e9rieur:<\/strong> mai &#8211; juin<br \/>\n<strong>Temps de plantation des semis en ext\u00e9rieur:<\/strong> juillet &#8211; ao\u00fbt<br \/>\n<strong>Propagation:<\/strong> 20 x 35 cm<br \/>\n<strong>P\u00e9riode de floraison:<\/strong> juin &#8211; ao\u00fbt<br \/>\n<\/b><br \/>\nUn paquet contient 1 g de graines.<\/p>\n","protected":false},"featured_media":53743,"template":"","meta":{"_monsterinsights_skip_tracking":false,"_monsterinsights_sitenote_active":false,"_monsterinsights_sitenote_note":"","_monsterinsights_sitenote_category":0},"product_cat":[1480,1470,1537],"product_tag":[3882],"class_list":["post-53736","product","type-product","status-publish","has-post-thumbnail","hentry","product_cat-graines-doeillet","product_cat-graines-de-fleurs-de-jardin","product_cat-melanges-de-graines-de-fleurs","product_tag-oeillet-de-poete-double-melange-semences"],"yoast_head":"<!-- This site is optimized with the Yoast SEO plugin v21.6 - https:\/\/yoast.com\/wordpress\/plugins\/seo\/ -->\n<title>\u0152illet de Po\u00e8te Double M\u00e9lange - producteur de semences - PremiumSeeds<\/title>\n<meta name=\"description\" content=\"\u0152illet de Po\u00e8te Double M\u00e9lange graines \u2013 en provenance directe du propri\u00e9taire de la marque PremiumSeeds. Vente en gros et distribution de graines \u0152illet de Po\u00e8te Double M\u00e9lange. Germination prouv\u00e9e et garantie. Commandez directement aupr\u00e8s du fabricant.\" \/>\n<meta name=\"robots\" content=\"index, follow, max-snippet:-1, max-image-preview:large, max-video-preview:-1\" \/>\n<link rel=\"canonical\" href=\"https:\/\/premiumseeds.eu\/fr\/produkt\/oeillet-de-poete-double-melange\/\" \/>\n<meta property=\"og:locale\" content=\"fr_FR\" \/>\n<meta property=\"og:type\" content=\"article\" \/>\n<meta property=\"og:title\" content=\"\u0152illet de Po\u00e8te Double M\u00e9lange - producteur de semences - PremiumSeeds\" \/>\n<meta property=\"og:description\" content=\"\u0152illet de Po\u00e8te Double M\u00e9lange graines \u2013 en provenance directe du propri\u00e9taire de la marque PremiumSeeds. Vente en gros et distribution de graines \u0152illet de Po\u00e8te Double M\u00e9lange. Germination prouv\u00e9e et garantie. Commandez directement aupr\u00e8s du fabricant.\" \/>\n<meta property=\"og:url\" content=\"https:\/\/premiumseeds.eu\/fr\/produkt\/oeillet-de-poete-double-melange\/\" \/>\n<meta property=\"og:site_name\" content=\"PremiumSeeds\" \/>\n<meta property=\"article:modified_time\" content=\"2023-06-07T08:10:30+00:00\" \/>\n<meta property=\"og:image\" content=\"https:\/\/premiumseeds.eu\/wp-content\/uploads\/2023\/06\/WORLD-N-150-3788_VS-546x1024.jpg\" \/>\n\t<meta property=\"og:image:width\" content=\"546\" \/>\n\t<meta property=\"og:image:height\" content=\"1024\" \/>\n\t<meta property=\"og:image:type\" content=\"image\/jpeg\" \/>\n<meta name=\"twitter:card\" content=\"summary_large_image\" \/>\n<script type=\"application\/ld+json\" class=\"yoast-schema-graph\">{\"@context\":\"https:\/\/schema.org\",\"@graph\":[{\"@type\":\"WebPage\",\"@id\":\"https:\/\/premiumseeds.eu\/fr\/produkt\/oeillet-de-poete-double-melange\/\",\"url\":\"https:\/\/premiumseeds.eu\/fr\/produkt\/oeillet-de-poete-double-melange\/\",\"name\":\"\u0152illet de Po\u00e8te Double M\u00e9lange - producteur de semences - PremiumSeeds\",\"isPartOf\":{\"@id\":\"https:\/\/premiumseeds.eu\/fr\/#website\"},\"datePublished\":\"2023-06-07T08:10:29+00:00\",\"dateModified\":\"2023-06-07T08:10:30+00:00\",\"description\":\"\u0152illet de Po\u00e8te Double M\u00e9lange graines \u2013 en provenance directe du propri\u00e9taire de la marque PremiumSeeds. Vente en gros et distribution de graines \u0152illet de Po\u00e8te Double M\u00e9lange. Germination prouv\u00e9e et garantie. Commandez directement aupr\u00e8s du fabricant.\",\"breadcrumb\":{\"@id\":\"https:\/\/premiumseeds.eu\/fr\/produkt\/oeillet-de-poete-double-melange\/#breadcrumb\"},\"inLanguage\":\"fr-FR\",\"potentialAction\":[{\"@type\":\"ReadAction\",\"target\":[\"https:\/\/premiumseeds.eu\/fr\/produkt\/oeillet-de-poete-double-melange\/\"]}]},{\"@type\":\"BreadcrumbList\",\"@id\":\"https:\/\/premiumseeds.eu\/fr\/produkt\/oeillet-de-poete-double-melange\/#breadcrumb\",\"itemListElement\":[{\"@type\":\"ListItem\",\"position\":1,\"name\":\"Home\",\"item\":\"https:\/\/premiumseeds.eu\/fr\/\"},{\"@type\":\"ListItem\",\"position\":2,\"name\":\"Graines\",\"item\":\"https:\/\/premiumseeds.eu\/fr\/graines\/\"},{\"@type\":\"ListItem\",\"position\":3,\"name\":\"\u0152illet de Po\u00e8te Double M\u00e9lange\"}]},{\"@type\":\"WebSite\",\"@id\":\"https:\/\/premiumseeds.eu\/fr\/#website\",\"url\":\"https:\/\/premiumseeds.eu\/fr\/\",\"name\":\"PremiumSeeds\",\"description\":\"Top seeds producer\",\"potentialAction\":[{\"@type\":\"SearchAction\",\"target\":{\"@type\":\"EntryPoint\",\"urlTemplate\":\"https:\/\/premiumseeds.eu\/fr\/?s={search_term_string}\"},\"query-input\":\"required name=search_term_string\"}],\"inLanguage\":\"fr-FR\"}]}<\/script>\n<!-- \/ Yoast SEO plugin. -->","yoast_head_json":{"title":"\u0152illet de Po\u00e8te Double M\u00e9lange - producteur de semences - PremiumSeeds","description":"\u0152illet de Po\u00e8te Double M\u00e9lange graines \u2013 en provenance directe du propri\u00e9taire de la marque PremiumSeeds. Vente en gros et distribution de graines \u0152illet de Po\u00e8te Double M\u00e9lange. Germination prouv\u00e9e et garantie. Commandez directement aupr\u00e8s du fabricant.","robots":{"index":"index","follow":"follow","max-snippet":"max-snippet:-1","max-image-preview":"max-image-preview:large","max-video-preview":"max-video-preview:-1"},"canonical":"https:\/\/premiumseeds.eu\/fr\/produkt\/oeillet-de-poete-double-melange\/","og_locale":"fr_FR","og_type":"article","og_title":"\u0152illet de Po\u00e8te Double M\u00e9lange - producteur de semences - PremiumSeeds","og_description":"\u0152illet de Po\u00e8te Double M\u00e9lange graines \u2013 en provenance directe du propri\u00e9taire de la marque PremiumSeeds. Vente en gros et distribution de graines \u0152illet de Po\u00e8te Double M\u00e9lange. Germination prouv\u00e9e et garantie. Commandez directement aupr\u00e8s du fabricant.","og_url":"https:\/\/premiumseeds.eu\/fr\/produkt\/oeillet-de-poete-double-melange\/","og_site_name":"PremiumSeeds","article_modified_time":"2023-06-07T08:10:30+00:00","og_image":[{"width":546,"height":1024,"url":"https:\/\/premiumseeds.eu\/wp-content\/uploads\/2023\/06\/WORLD-N-150-3788_VS-546x1024.jpg","type":"image\/jpeg"}],"twitter_card":"summary_large_image","schema":{"@context":"https:\/\/schema.org","@graph":[{"@type":"WebPage","@id":"https:\/\/premiumseeds.eu\/fr\/produkt\/oeillet-de-poete-double-melange\/","url":"https:\/\/premiumseeds.eu\/fr\/produkt\/oeillet-de-poete-double-melange\/","name":"\u0152illet de Po\u00e8te Double M\u00e9lange - producteur de semences - PremiumSeeds","isPartOf":{"@id":"https:\/\/premiumseeds.eu\/fr\/#website"},"datePublished":"2023-06-07T08:10:29+00:00","dateModified":"2023-06-07T08:10:30+00:00","description":"\u0152illet de Po\u00e8te Double M\u00e9lange graines \u2013 en provenance directe du propri\u00e9taire de la marque PremiumSeeds. Vente en gros et distribution de graines \u0152illet de Po\u00e8te Double M\u00e9lange. Germination prouv\u00e9e et garantie. Commandez directement aupr\u00e8s du fabricant.","breadcrumb":{"@id":"https:\/\/premiumseeds.eu\/fr\/produkt\/oeillet-de-poete-double-melange\/#breadcrumb"},"inLanguage":"fr-FR","potentialAction":[{"@type":"ReadAction","target":["https:\/\/premiumseeds.eu\/fr\/produkt\/oeillet-de-poete-double-melange\/"]}]},{"@type":"BreadcrumbList","@id":"https:\/\/premiumseeds.eu\/fr\/produkt\/oeillet-de-poete-double-melange\/#breadcrumb","itemListElement":[{"@type":"ListItem","position":1,"name":"Home","item":"https:\/\/premiumseeds.eu\/fr\/"},{"@type":"ListItem","position":2,"name":"Graines","item":"https:\/\/premiumseeds.eu\/fr\/graines\/"},{"@type":"ListItem","position":3,"name":"\u0152illet de Po\u00e8te Double M\u00e9lange"}]},{"@type":"WebSite","@id":"https:\/\/premiumseeds.eu\/fr\/#website","url":"https:\/\/premiumseeds.eu\/fr\/","name":"PremiumSeeds","description":"Top seeds producer","potentialAction":[{"@type":"SearchAction","target":{"@type":"EntryPoint","urlTemplate":"https:\/\/premiumseeds.eu\/fr\/?s={search_term_string}"},"query-input":"required name=search_term_string"}],"inLanguage":"fr-FR"}]}},"_links":{"self":[{"href":"https:\/\/premiumseeds.eu\/fr\/wp-json\/wp\/v2\/product\/53736","targetHints":{"allow":["GET"]}}],"collection":[{"href":"https:\/\/premiumseeds.eu\/fr\/wp-json\/wp\/v2\/product"}],"about":[{"href":"https:\/\/premiumseeds.eu\/fr\/wp-json\/wp\/v2\/types\/product"}],"wp:featuredmedia":[{"embeddable":true,"href":"https:\/\/premiumseeds.eu\/fr\/wp-json\/wp\/v2\/media\/53743"}],"wp:attachment":[{"href":"https:\/\/premiumseeds.eu\/fr\/wp-json\/wp\/v2\/media?parent=53736"}],"wp:term":[{"taxonomy":"product_cat","embeddable":true,"href":"https:\/\/premiumseeds.eu\/fr\/wp-json\/wp\/v2\/product_cat?post=53736"},{"taxonomy":"product_tag","embeddable":true,"href":"https:\/\/premiumseeds.eu\/fr\/wp-json\/wp\/v2\/product_tag?post=53736"}],"curies":[{"name":"wp","href":"https:\/\/api.w.org\/{rel}","templated":true}]}}