{"id":53801,"date":"2023-06-07T11:21:18","date_gmt":"2023-06-07T09:21:18","guid":{"rendered":"https:\/\/premiumseeds.eu\/?post_type=product&#038;p=53801"},"modified":"2023-06-07T11:26:23","modified_gmt":"2023-06-07T09:26:23","slug":"rose-dinde-colando","status":"publish","type":"product","link":"https:\/\/premiumseeds.eu\/fr\/produkt\/rose-dinde-colando\/","title":{"rendered":"Rose d&rsquo;Inde Colando"},"content":{"rendered":"","protected":false},"excerpt":{"rendered":"<p>Plante annuelle de 30 \u00e0 40 cm de haut. La croissance est compacte. La floraison est longue et abondante. Les fleurs sont grandes et doubles, dans diff\u00e9rents tons de jaune et d&rsquo;orange. Elle est parfaite pour les parterres et les pots.<br \/>\n<\/b><br \/>\n<strong>Rose d&rsquo;Inde Colando &#8211; semences<\/strong><br \/>\n<\/b><br \/>\n<strong>Profondeur de semis:<\/strong> 0,5 cm<br \/>\n<strong>Temps de semis en serre:<\/strong> avril<br \/>\n<strong>Temps de semis en ext\u00e9rieur:<\/strong> mai<br \/>\n<strong>Temps de plantation des semis en ext\u00e9rieur:<\/strong> mai<br \/>\n<strong>Propagation:<\/strong> 30 x 30 cm<br \/>\n<strong>P\u00e9riode de floraison:<\/strong> juin &#8211; octobre<br \/>\n<\/b><br \/>\nUn paquet contient 1 g de graines.<\/p>\n","protected":false},"featured_media":53808,"template":"","meta":{"_monsterinsights_skip_tracking":false,"_monsterinsights_sitenote_active":false,"_monsterinsights_sitenote_note":"","_monsterinsights_sitenote_category":0},"product_cat":[1471,1470,1538,1531,1537],"product_tag":[3887],"class_list":["post-53801","product","type-product","status-publish","has-post-thumbnail","hentry","product_cat-graines-de-fleurs-de-balcon","product_cat-graines-de-fleurs-de-jardin","product_cat-graines-de-fleurs-en-pot","product_cat-graines-de-tagetes","product_cat-melanges-de-graines-de-fleurs","product_tag-rose-dinde-colando-semences"],"yoast_head":"<!-- This site is optimized with the Yoast SEO plugin v21.6 - https:\/\/yoast.com\/wordpress\/plugins\/seo\/ -->\n<title>Rose d&#039;Inde Colando - producteur de semences - PremiumSeeds<\/title>\n<meta name=\"description\" content=\"Rose d&#039;Inde Colando graines \u2013 en provenance directe du propri\u00e9taire de la marque PremiumSeeds. Vente en gros et distribution de graines Rose d&#039;Inde Colando. Germination prouv\u00e9e et garantie. Commandez directement aupr\u00e8s du fabricant.\" \/>\n<meta name=\"robots\" content=\"index, follow, max-snippet:-1, max-image-preview:large, max-video-preview:-1\" \/>\n<link rel=\"canonical\" href=\"https:\/\/premiumseeds.eu\/fr\/produkt\/rose-dinde-colando\/\" \/>\n<meta property=\"og:locale\" content=\"fr_FR\" \/>\n<meta property=\"og:type\" content=\"article\" \/>\n<meta property=\"og:title\" content=\"Rose d&#039;Inde Colando - producteur de semences - PremiumSeeds\" \/>\n<meta property=\"og:description\" content=\"Rose d&#039;Inde Colando graines \u2013 en provenance directe du propri\u00e9taire de la marque PremiumSeeds. Vente en gros et distribution de graines Rose d&#039;Inde Colando. Germination prouv\u00e9e et garantie. Commandez directement aupr\u00e8s du fabricant.\" \/>\n<meta property=\"og:url\" content=\"https:\/\/premiumseeds.eu\/fr\/produkt\/rose-dinde-colando\/\" \/>\n<meta property=\"og:site_name\" content=\"PremiumSeeds\" \/>\n<meta property=\"article:modified_time\" content=\"2023-06-07T09:26:23+00:00\" \/>\n<meta property=\"og:image\" content=\"https:\/\/premiumseeds.eu\/wp-content\/uploads\/2023\/06\/WORLD-N-150-8866_VS.jpg?v=1686129605\" \/>\n\t<meta property=\"og:image:width\" content=\"945\" \/>\n\t<meta property=\"og:image:height\" content=\"1772\" \/>\n\t<meta property=\"og:image:type\" content=\"image\/jpeg\" \/>\n<meta name=\"twitter:card\" content=\"summary_large_image\" \/>\n<script type=\"application\/ld+json\" class=\"yoast-schema-graph\">{\"@context\":\"https:\/\/schema.org\",\"@graph\":[{\"@type\":\"WebPage\",\"@id\":\"https:\/\/premiumseeds.eu\/fr\/produkt\/rose-dinde-colando\/\",\"url\":\"https:\/\/premiumseeds.eu\/fr\/produkt\/rose-dinde-colando\/\",\"name\":\"Rose d'Inde Colando - producteur de semences - PremiumSeeds\",\"isPartOf\":{\"@id\":\"https:\/\/premiumseeds.eu\/fr\/#website\"},\"datePublished\":\"2023-06-07T09:21:18+00:00\",\"dateModified\":\"2023-06-07T09:26:23+00:00\",\"description\":\"Rose d'Inde Colando graines \u2013 en provenance directe du propri\u00e9taire de la marque PremiumSeeds. Vente en gros et distribution de graines Rose d'Inde Colando. Germination prouv\u00e9e et garantie. Commandez directement aupr\u00e8s du fabricant.\",\"breadcrumb\":{\"@id\":\"https:\/\/premiumseeds.eu\/fr\/produkt\/rose-dinde-colando\/#breadcrumb\"},\"inLanguage\":\"fr-FR\",\"potentialAction\":[{\"@type\":\"ReadAction\",\"target\":[\"https:\/\/premiumseeds.eu\/fr\/produkt\/rose-dinde-colando\/\"]}]},{\"@type\":\"BreadcrumbList\",\"@id\":\"https:\/\/premiumseeds.eu\/fr\/produkt\/rose-dinde-colando\/#breadcrumb\",\"itemListElement\":[{\"@type\":\"ListItem\",\"position\":1,\"name\":\"Home\",\"item\":\"https:\/\/premiumseeds.eu\/fr\/\"},{\"@type\":\"ListItem\",\"position\":2,\"name\":\"Graines\",\"item\":\"https:\/\/premiumseeds.eu\/fr\/graines\/\"},{\"@type\":\"ListItem\",\"position\":3,\"name\":\"Rose d&#8217;Inde Colando\"}]},{\"@type\":\"WebSite\",\"@id\":\"https:\/\/premiumseeds.eu\/fr\/#website\",\"url\":\"https:\/\/premiumseeds.eu\/fr\/\",\"name\":\"PremiumSeeds\",\"description\":\"Top seeds producer\",\"potentialAction\":[{\"@type\":\"SearchAction\",\"target\":{\"@type\":\"EntryPoint\",\"urlTemplate\":\"https:\/\/premiumseeds.eu\/fr\/?s={search_term_string}\"},\"query-input\":\"required name=search_term_string\"}],\"inLanguage\":\"fr-FR\"}]}<\/script>\n<!-- \/ Yoast SEO plugin. -->","yoast_head_json":{"title":"Rose d'Inde Colando - producteur de semences - PremiumSeeds","description":"Rose d'Inde Colando graines \u2013 en provenance directe du propri\u00e9taire de la marque PremiumSeeds. Vente en gros et distribution de graines Rose d'Inde Colando. Germination prouv\u00e9e et garantie. Commandez directement aupr\u00e8s du fabricant.","robots":{"index":"index","follow":"follow","max-snippet":"max-snippet:-1","max-image-preview":"max-image-preview:large","max-video-preview":"max-video-preview:-1"},"canonical":"https:\/\/premiumseeds.eu\/fr\/produkt\/rose-dinde-colando\/","og_locale":"fr_FR","og_type":"article","og_title":"Rose d'Inde Colando - producteur de semences - PremiumSeeds","og_description":"Rose d'Inde Colando graines \u2013 en provenance directe du propri\u00e9taire de la marque PremiumSeeds. Vente en gros et distribution de graines Rose d'Inde Colando. Germination prouv\u00e9e et garantie. Commandez directement aupr\u00e8s du fabricant.","og_url":"https:\/\/premiumseeds.eu\/fr\/produkt\/rose-dinde-colando\/","og_site_name":"PremiumSeeds","article_modified_time":"2023-06-07T09:26:23+00:00","og_image":[{"width":945,"height":1772,"url":"https:\/\/premiumseeds.eu\/wp-content\/uploads\/2023\/06\/WORLD-N-150-8866_VS.jpg?v=1686129605","type":"image\/jpeg"}],"twitter_card":"summary_large_image","schema":{"@context":"https:\/\/schema.org","@graph":[{"@type":"WebPage","@id":"https:\/\/premiumseeds.eu\/fr\/produkt\/rose-dinde-colando\/","url":"https:\/\/premiumseeds.eu\/fr\/produkt\/rose-dinde-colando\/","name":"Rose d'Inde Colando - producteur de semences - PremiumSeeds","isPartOf":{"@id":"https:\/\/premiumseeds.eu\/fr\/#website"},"datePublished":"2023-06-07T09:21:18+00:00","dateModified":"2023-06-07T09:26:23+00:00","description":"Rose d'Inde Colando graines \u2013 en provenance directe du propri\u00e9taire de la marque PremiumSeeds. Vente en gros et distribution de graines Rose d'Inde Colando. Germination prouv\u00e9e et garantie. Commandez directement aupr\u00e8s du fabricant.","breadcrumb":{"@id":"https:\/\/premiumseeds.eu\/fr\/produkt\/rose-dinde-colando\/#breadcrumb"},"inLanguage":"fr-FR","potentialAction":[{"@type":"ReadAction","target":["https:\/\/premiumseeds.eu\/fr\/produkt\/rose-dinde-colando\/"]}]},{"@type":"BreadcrumbList","@id":"https:\/\/premiumseeds.eu\/fr\/produkt\/rose-dinde-colando\/#breadcrumb","itemListElement":[{"@type":"ListItem","position":1,"name":"Home","item":"https:\/\/premiumseeds.eu\/fr\/"},{"@type":"ListItem","position":2,"name":"Graines","item":"https:\/\/premiumseeds.eu\/fr\/graines\/"},{"@type":"ListItem","position":3,"name":"Rose d&#8217;Inde Colando"}]},{"@type":"WebSite","@id":"https:\/\/premiumseeds.eu\/fr\/#website","url":"https:\/\/premiumseeds.eu\/fr\/","name":"PremiumSeeds","description":"Top seeds producer","potentialAction":[{"@type":"SearchAction","target":{"@type":"EntryPoint","urlTemplate":"https:\/\/premiumseeds.eu\/fr\/?s={search_term_string}"},"query-input":"required name=search_term_string"}],"inLanguage":"fr-FR"}]}},"_links":{"self":[{"href":"https:\/\/premiumseeds.eu\/fr\/wp-json\/wp\/v2\/product\/53801","targetHints":{"allow":["GET"]}}],"collection":[{"href":"https:\/\/premiumseeds.eu\/fr\/wp-json\/wp\/v2\/product"}],"about":[{"href":"https:\/\/premiumseeds.eu\/fr\/wp-json\/wp\/v2\/types\/product"}],"wp:featuredmedia":[{"embeddable":true,"href":"https:\/\/premiumseeds.eu\/fr\/wp-json\/wp\/v2\/media\/53808"}],"wp:attachment":[{"href":"https:\/\/premiumseeds.eu\/fr\/wp-json\/wp\/v2\/media?parent=53801"}],"wp:term":[{"taxonomy":"product_cat","embeddable":true,"href":"https:\/\/premiumseeds.eu\/fr\/wp-json\/wp\/v2\/product_cat?post=53801"},{"taxonomy":"product_tag","embeddable":true,"href":"https:\/\/premiumseeds.eu\/fr\/wp-json\/wp\/v2\/product_tag?post=53801"}],"curies":[{"name":"wp","href":"https:\/\/api.w.org\/{rel}","templated":true}]}}