{"id":54087,"date":"2023-06-07T14:57:09","date_gmt":"2023-06-07T12:57:09","guid":{"rendered":"https:\/\/premiumseeds.eu\/?post_type=product&#038;p=54087"},"modified":"2023-06-07T14:57:10","modified_gmt":"2023-06-07T12:57:10","slug":"centauree-imperiale","status":"publish","type":"product","link":"https:\/\/premiumseeds.eu\/fr\/produkt\/centauree-imperiale\/","title":{"rendered":"Centaur\u00e9e Imp\u00e9riale"},"content":{"rendered":"","protected":false},"excerpt":{"rendered":"<p>Plante annuelle de 50 \u00e0 60 cm de haut. Elle se d\u00e9veloppe en tiges ramifi\u00e9es avec des feuilles grossi\u00e8res et plumeuses. Elle forme de grandes fleurs joliment parfum\u00e9es dans diff\u00e9rents tons de rose. \u00c0 utiliser pour vos parterres et en fleurs coup\u00e9es.<br \/>\n<\/b><br \/>\n<strong>Centaur\u00e9e Imp\u00e9riale &#8211; semences<\/strong><br \/>\n<\/b><br \/>\n<strong>Profondeur de semis:<\/strong> 0,5 &#8211; 1 cm<br \/>\n<strong>Temps de semis en ext\u00e9rieur:<\/strong> mars &#8211; avril<br \/>\n<strong>Propagation:<\/strong> 15 x 30 cm<br \/>\n<strong>P\u00e9riode de floraison:<\/strong> juillet &#8211; septembre<br \/>\n<\/b><br \/>\nUn paquet contient 1 g de graines.<\/p>\n","protected":false},"featured_media":54094,"template":"","meta":{"_monsterinsights_skip_tracking":false,"_monsterinsights_sitenote_active":false,"_monsterinsights_sitenote_note":"","_monsterinsights_sitenote_category":0},"product_cat":[1486,1470,1596,1537],"product_tag":[3908],"class_list":["post-54087","product","type-product","status-publish","has-post-thumbnail","hentry","product_cat-graines-de-centauree","product_cat-graines-de-fleurs-de-jardin","product_cat-graines-de-prairie-fleurie","product_cat-melanges-de-graines-de-fleurs","product_tag-centauree-imperiale-semences"],"yoast_head":"<!-- This site is optimized with the Yoast SEO plugin v21.6 - https:\/\/yoast.com\/wordpress\/plugins\/seo\/ -->\n<title>Centaur\u00e9e Imp\u00e9riale - producteur de semences - PremiumSeeds<\/title>\n<meta name=\"description\" content=\"Centaur\u00e9e Imp\u00e9riale graines \u2013 en provenance directe du propri\u00e9taire de la marque PremiumSeeds. Vente en gros et distribution de graines Centaur\u00e9e Imp\u00e9riale. Germination prouv\u00e9e et garantie. Commandez directement aupr\u00e8s du fabricant.\" \/>\n<meta name=\"robots\" content=\"index, follow, max-snippet:-1, max-image-preview:large, max-video-preview:-1\" \/>\n<link rel=\"canonical\" href=\"https:\/\/premiumseeds.eu\/fr\/produkt\/centauree-imperiale\/\" \/>\n<meta property=\"og:locale\" content=\"fr_FR\" \/>\n<meta property=\"og:type\" content=\"article\" \/>\n<meta property=\"og:title\" content=\"Centaur\u00e9e Imp\u00e9riale - producteur de semences - PremiumSeeds\" \/>\n<meta property=\"og:description\" content=\"Centaur\u00e9e Imp\u00e9riale graines \u2013 en provenance directe du propri\u00e9taire de la marque PremiumSeeds. Vente en gros et distribution de graines Centaur\u00e9e Imp\u00e9riale. Germination prouv\u00e9e et garantie. Commandez directement aupr\u00e8s du fabricant.\" \/>\n<meta property=\"og:url\" content=\"https:\/\/premiumseeds.eu\/fr\/produkt\/centauree-imperiale\/\" \/>\n<meta property=\"og:site_name\" content=\"PremiumSeeds\" \/>\n<meta property=\"article:modified_time\" content=\"2023-06-07T12:57:10+00:00\" \/>\n<meta property=\"og:image\" content=\"https:\/\/premiumseeds.eu\/wp-content\/uploads\/2023\/06\/WORLD-N-G-450-0306_VS.jpg?v=1686142570\" \/>\n\t<meta property=\"og:image:width\" content=\"945\" \/>\n\t<meta property=\"og:image:height\" content=\"1772\" \/>\n\t<meta property=\"og:image:type\" content=\"image\/jpeg\" \/>\n<meta name=\"twitter:card\" content=\"summary_large_image\" \/>\n<script type=\"application\/ld+json\" class=\"yoast-schema-graph\">{\"@context\":\"https:\/\/schema.org\",\"@graph\":[{\"@type\":\"WebPage\",\"@id\":\"https:\/\/premiumseeds.eu\/fr\/produkt\/centauree-imperiale\/\",\"url\":\"https:\/\/premiumseeds.eu\/fr\/produkt\/centauree-imperiale\/\",\"name\":\"Centaur\u00e9e Imp\u00e9riale - producteur de semences - PremiumSeeds\",\"isPartOf\":{\"@id\":\"https:\/\/premiumseeds.eu\/fr\/#website\"},\"datePublished\":\"2023-06-07T12:57:09+00:00\",\"dateModified\":\"2023-06-07T12:57:10+00:00\",\"description\":\"Centaur\u00e9e Imp\u00e9riale graines \u2013 en provenance directe du propri\u00e9taire de la marque PremiumSeeds. Vente en gros et distribution de graines Centaur\u00e9e Imp\u00e9riale. Germination prouv\u00e9e et garantie. Commandez directement aupr\u00e8s du fabricant.\",\"breadcrumb\":{\"@id\":\"https:\/\/premiumseeds.eu\/fr\/produkt\/centauree-imperiale\/#breadcrumb\"},\"inLanguage\":\"fr-FR\",\"potentialAction\":[{\"@type\":\"ReadAction\",\"target\":[\"https:\/\/premiumseeds.eu\/fr\/produkt\/centauree-imperiale\/\"]}]},{\"@type\":\"BreadcrumbList\",\"@id\":\"https:\/\/premiumseeds.eu\/fr\/produkt\/centauree-imperiale\/#breadcrumb\",\"itemListElement\":[{\"@type\":\"ListItem\",\"position\":1,\"name\":\"Home\",\"item\":\"https:\/\/premiumseeds.eu\/fr\/\"},{\"@type\":\"ListItem\",\"position\":2,\"name\":\"Graines\",\"item\":\"https:\/\/premiumseeds.eu\/fr\/graines\/\"},{\"@type\":\"ListItem\",\"position\":3,\"name\":\"Centaur\u00e9e Imp\u00e9riale\"}]},{\"@type\":\"WebSite\",\"@id\":\"https:\/\/premiumseeds.eu\/fr\/#website\",\"url\":\"https:\/\/premiumseeds.eu\/fr\/\",\"name\":\"PremiumSeeds\",\"description\":\"Top seeds producer\",\"potentialAction\":[{\"@type\":\"SearchAction\",\"target\":{\"@type\":\"EntryPoint\",\"urlTemplate\":\"https:\/\/premiumseeds.eu\/fr\/?s={search_term_string}\"},\"query-input\":\"required name=search_term_string\"}],\"inLanguage\":\"fr-FR\"}]}<\/script>\n<!-- \/ Yoast SEO plugin. -->","yoast_head_json":{"title":"Centaur\u00e9e Imp\u00e9riale - producteur de semences - PremiumSeeds","description":"Centaur\u00e9e Imp\u00e9riale graines \u2013 en provenance directe du propri\u00e9taire de la marque PremiumSeeds. Vente en gros et distribution de graines Centaur\u00e9e Imp\u00e9riale. Germination prouv\u00e9e et garantie. Commandez directement aupr\u00e8s du fabricant.","robots":{"index":"index","follow":"follow","max-snippet":"max-snippet:-1","max-image-preview":"max-image-preview:large","max-video-preview":"max-video-preview:-1"},"canonical":"https:\/\/premiumseeds.eu\/fr\/produkt\/centauree-imperiale\/","og_locale":"fr_FR","og_type":"article","og_title":"Centaur\u00e9e Imp\u00e9riale - producteur de semences - PremiumSeeds","og_description":"Centaur\u00e9e Imp\u00e9riale graines \u2013 en provenance directe du propri\u00e9taire de la marque PremiumSeeds. Vente en gros et distribution de graines Centaur\u00e9e Imp\u00e9riale. Germination prouv\u00e9e et garantie. Commandez directement aupr\u00e8s du fabricant.","og_url":"https:\/\/premiumseeds.eu\/fr\/produkt\/centauree-imperiale\/","og_site_name":"PremiumSeeds","article_modified_time":"2023-06-07T12:57:10+00:00","og_image":[{"width":945,"height":1772,"url":"https:\/\/premiumseeds.eu\/wp-content\/uploads\/2023\/06\/WORLD-N-G-450-0306_VS.jpg?v=1686142570","type":"image\/jpeg"}],"twitter_card":"summary_large_image","schema":{"@context":"https:\/\/schema.org","@graph":[{"@type":"WebPage","@id":"https:\/\/premiumseeds.eu\/fr\/produkt\/centauree-imperiale\/","url":"https:\/\/premiumseeds.eu\/fr\/produkt\/centauree-imperiale\/","name":"Centaur\u00e9e Imp\u00e9riale - producteur de semences - PremiumSeeds","isPartOf":{"@id":"https:\/\/premiumseeds.eu\/fr\/#website"},"datePublished":"2023-06-07T12:57:09+00:00","dateModified":"2023-06-07T12:57:10+00:00","description":"Centaur\u00e9e Imp\u00e9riale graines \u2013 en provenance directe du propri\u00e9taire de la marque PremiumSeeds. Vente en gros et distribution de graines Centaur\u00e9e Imp\u00e9riale. Germination prouv\u00e9e et garantie. Commandez directement aupr\u00e8s du fabricant.","breadcrumb":{"@id":"https:\/\/premiumseeds.eu\/fr\/produkt\/centauree-imperiale\/#breadcrumb"},"inLanguage":"fr-FR","potentialAction":[{"@type":"ReadAction","target":["https:\/\/premiumseeds.eu\/fr\/produkt\/centauree-imperiale\/"]}]},{"@type":"BreadcrumbList","@id":"https:\/\/premiumseeds.eu\/fr\/produkt\/centauree-imperiale\/#breadcrumb","itemListElement":[{"@type":"ListItem","position":1,"name":"Home","item":"https:\/\/premiumseeds.eu\/fr\/"},{"@type":"ListItem","position":2,"name":"Graines","item":"https:\/\/premiumseeds.eu\/fr\/graines\/"},{"@type":"ListItem","position":3,"name":"Centaur\u00e9e Imp\u00e9riale"}]},{"@type":"WebSite","@id":"https:\/\/premiumseeds.eu\/fr\/#website","url":"https:\/\/premiumseeds.eu\/fr\/","name":"PremiumSeeds","description":"Top seeds producer","potentialAction":[{"@type":"SearchAction","target":{"@type":"EntryPoint","urlTemplate":"https:\/\/premiumseeds.eu\/fr\/?s={search_term_string}"},"query-input":"required name=search_term_string"}],"inLanguage":"fr-FR"}]}},"_links":{"self":[{"href":"https:\/\/premiumseeds.eu\/fr\/wp-json\/wp\/v2\/product\/54087","targetHints":{"allow":["GET"]}}],"collection":[{"href":"https:\/\/premiumseeds.eu\/fr\/wp-json\/wp\/v2\/product"}],"about":[{"href":"https:\/\/premiumseeds.eu\/fr\/wp-json\/wp\/v2\/types\/product"}],"wp:featuredmedia":[{"embeddable":true,"href":"https:\/\/premiumseeds.eu\/fr\/wp-json\/wp\/v2\/media\/54094"}],"wp:attachment":[{"href":"https:\/\/premiumseeds.eu\/fr\/wp-json\/wp\/v2\/media?parent=54087"}],"wp:term":[{"taxonomy":"product_cat","embeddable":true,"href":"https:\/\/premiumseeds.eu\/fr\/wp-json\/wp\/v2\/product_cat?post=54087"},{"taxonomy":"product_tag","embeddable":true,"href":"https:\/\/premiumseeds.eu\/fr\/wp-json\/wp\/v2\/product_tag?post=54087"}],"curies":[{"name":"wp","href":"https:\/\/api.w.org\/{rel}","templated":true}]}}