{"id":60877,"date":"2023-07-14T10:13:30","date_gmt":"2023-07-14T08:13:30","guid":{"rendered":"https:\/\/premiumseeds.eu\/?post_type=product&#038;p=60877"},"modified":"2023-07-14T10:13:32","modified_gmt":"2023-07-14T08:13:32","slug":"immortelle-a-bractees-rose","status":"publish","type":"product","link":"https:\/\/premiumseeds.eu\/fr\/produkt\/immortelle-a-bractees-rose\/","title":{"rendered":"Immortelle \u00e0 Bract\u00e9es &#8211; Rose"},"content":{"rendered":"","protected":false},"excerpt":{"rendered":"<p>Plante annuelle de 60 \u00e0 100 cm de haut. Elle d\u00e9veloppe des touffes l\u00e2ches de pousses raides et dress\u00e9es. Les fleurs \u00e9cailleuses roses sont r\u00e9unies en grandes t\u00eates. Elles sont id\u00e9ales pour les parterres de fleurs, les fleurs coup\u00e9es et les bouquets secs.<br \/>\n<\/b><br \/>\n<strong>Immortelle \u00e0 Bract\u00e9es &#8211; Rose &#8211; semences<\/strong><br \/>\n<\/b><br \/>\n<strong>Profondeur de semis:<\/strong> 1 cm<br \/>\n<strong>Temps de semis en serre:<\/strong> mars &#8211; avril<br \/>\n<strong>Temps de semis en ext\u00e9rieur:<\/strong> mai<br \/>\n<strong>Temps de plantation des semis en ext\u00e9rieur:<\/strong> mai<br \/>\n<strong>Propagation:<\/strong> 30 x 40 cm<br \/>\n<strong>P\u00e9riode de floraison:<\/strong> juillet &#8211; octobre<br \/>\n<\/b><br \/>\nUn paquet contient 1 g de graines.<\/p>\n","protected":false},"featured_media":60884,"template":"","meta":{"_monsterinsights_skip_tracking":false,"_monsterinsights_sitenote_active":false,"_monsterinsights_sitenote_note":"","_monsterinsights_sitenote_category":0},"product_cat":[1477,1470],"product_tag":[4351],"class_list":["post-60877","product","type-product","status-publish","has-post-thumbnail","hentry","product_cat-graines-dimmortelles","product_cat-graines-de-fleurs-de-jardin","product_tag-immortelle-a-bractees-rose-semences"],"yoast_head":"<!-- This site is optimized with the Yoast SEO plugin v21.6 - https:\/\/yoast.com\/wordpress\/plugins\/seo\/ -->\n<title>Immortelle \u00e0 Bract\u00e9es - Rose - producteur de semences - PremiumSeeds<\/title>\n<meta name=\"description\" content=\"Immortelle \u00e0 Bract\u00e9es - Rose graines \u2013 en provenance directe du propri\u00e9taire de la marque PremiumSeeds. Vente en gros et distribution de graines Immortelle \u00e0 Bract\u00e9es - Rose. Germination prouv\u00e9e et garantie. Commandez directement aupr\u00e8s du fabricant.\" \/>\n<meta name=\"robots\" content=\"index, follow, max-snippet:-1, max-image-preview:large, max-video-preview:-1\" \/>\n<link rel=\"canonical\" href=\"https:\/\/premiumseeds.eu\/fr\/produkt\/immortelle-a-bractees-rose\/\" \/>\n<meta property=\"og:locale\" content=\"fr_FR\" \/>\n<meta property=\"og:type\" content=\"article\" \/>\n<meta property=\"og:title\" content=\"Immortelle \u00e0 Bract\u00e9es - Rose - producteur de semences - PremiumSeeds\" \/>\n<meta property=\"og:description\" content=\"Immortelle \u00e0 Bract\u00e9es - Rose graines \u2013 en provenance directe du propri\u00e9taire de la marque PremiumSeeds. Vente en gros et distribution de graines Immortelle \u00e0 Bract\u00e9es - Rose. Germination prouv\u00e9e et garantie. Commandez directement aupr\u00e8s du fabricant.\" \/>\n<meta property=\"og:url\" content=\"https:\/\/premiumseeds.eu\/fr\/produkt\/immortelle-a-bractees-rose\/\" \/>\n<meta property=\"og:site_name\" content=\"PremiumSeeds\" \/>\n<meta property=\"article:modified_time\" content=\"2023-07-14T08:13:32+00:00\" \/>\n<meta property=\"og:image\" content=\"https:\/\/premiumseeds.eu\/wp-content\/uploads\/2023\/07\/WORLD-13012899PA_VS-1.jpg?v=1689322377\" \/>\n\t<meta property=\"og:image:width\" content=\"945\" \/>\n\t<meta property=\"og:image:height\" content=\"1772\" \/>\n\t<meta property=\"og:image:type\" content=\"image\/jpeg\" \/>\n<meta name=\"twitter:card\" content=\"summary_large_image\" \/>\n<script type=\"application\/ld+json\" class=\"yoast-schema-graph\">{\"@context\":\"https:\/\/schema.org\",\"@graph\":[{\"@type\":\"WebPage\",\"@id\":\"https:\/\/premiumseeds.eu\/fr\/produkt\/immortelle-a-bractees-rose\/\",\"url\":\"https:\/\/premiumseeds.eu\/fr\/produkt\/immortelle-a-bractees-rose\/\",\"name\":\"Immortelle \u00e0 Bract\u00e9es - Rose - producteur de semences - PremiumSeeds\",\"isPartOf\":{\"@id\":\"https:\/\/premiumseeds.eu\/fr\/#website\"},\"datePublished\":\"2023-07-14T08:13:30+00:00\",\"dateModified\":\"2023-07-14T08:13:32+00:00\",\"description\":\"Immortelle \u00e0 Bract\u00e9es - Rose graines \u2013 en provenance directe du propri\u00e9taire de la marque PremiumSeeds. Vente en gros et distribution de graines Immortelle \u00e0 Bract\u00e9es - Rose. Germination prouv\u00e9e et garantie. Commandez directement aupr\u00e8s du fabricant.\",\"breadcrumb\":{\"@id\":\"https:\/\/premiumseeds.eu\/fr\/produkt\/immortelle-a-bractees-rose\/#breadcrumb\"},\"inLanguage\":\"fr-FR\",\"potentialAction\":[{\"@type\":\"ReadAction\",\"target\":[\"https:\/\/premiumseeds.eu\/fr\/produkt\/immortelle-a-bractees-rose\/\"]}]},{\"@type\":\"BreadcrumbList\",\"@id\":\"https:\/\/premiumseeds.eu\/fr\/produkt\/immortelle-a-bractees-rose\/#breadcrumb\",\"itemListElement\":[{\"@type\":\"ListItem\",\"position\":1,\"name\":\"Home\",\"item\":\"https:\/\/premiumseeds.eu\/fr\/\"},{\"@type\":\"ListItem\",\"position\":2,\"name\":\"Graines\",\"item\":\"https:\/\/premiumseeds.eu\/fr\/graines\/\"},{\"@type\":\"ListItem\",\"position\":3,\"name\":\"Immortelle \u00e0 Bract\u00e9es &#8211; Rose\"}]},{\"@type\":\"WebSite\",\"@id\":\"https:\/\/premiumseeds.eu\/fr\/#website\",\"url\":\"https:\/\/premiumseeds.eu\/fr\/\",\"name\":\"PremiumSeeds\",\"description\":\"Top seeds producer\",\"potentialAction\":[{\"@type\":\"SearchAction\",\"target\":{\"@type\":\"EntryPoint\",\"urlTemplate\":\"https:\/\/premiumseeds.eu\/fr\/?s={search_term_string}\"},\"query-input\":\"required name=search_term_string\"}],\"inLanguage\":\"fr-FR\"}]}<\/script>\n<!-- \/ Yoast SEO plugin. -->","yoast_head_json":{"title":"Immortelle \u00e0 Bract\u00e9es - Rose - producteur de semences - PremiumSeeds","description":"Immortelle \u00e0 Bract\u00e9es - Rose graines \u2013 en provenance directe du propri\u00e9taire de la marque PremiumSeeds. Vente en gros et distribution de graines Immortelle \u00e0 Bract\u00e9es - Rose. Germination prouv\u00e9e et garantie. Commandez directement aupr\u00e8s du fabricant.","robots":{"index":"index","follow":"follow","max-snippet":"max-snippet:-1","max-image-preview":"max-image-preview:large","max-video-preview":"max-video-preview:-1"},"canonical":"https:\/\/premiumseeds.eu\/fr\/produkt\/immortelle-a-bractees-rose\/","og_locale":"fr_FR","og_type":"article","og_title":"Immortelle \u00e0 Bract\u00e9es - Rose - producteur de semences - PremiumSeeds","og_description":"Immortelle \u00e0 Bract\u00e9es - Rose graines \u2013 en provenance directe du propri\u00e9taire de la marque PremiumSeeds. Vente en gros et distribution de graines Immortelle \u00e0 Bract\u00e9es - Rose. Germination prouv\u00e9e et garantie. Commandez directement aupr\u00e8s du fabricant.","og_url":"https:\/\/premiumseeds.eu\/fr\/produkt\/immortelle-a-bractees-rose\/","og_site_name":"PremiumSeeds","article_modified_time":"2023-07-14T08:13:32+00:00","og_image":[{"width":945,"height":1772,"url":"https:\/\/premiumseeds.eu\/wp-content\/uploads\/2023\/07\/WORLD-13012899PA_VS-1.jpg?v=1689322377","type":"image\/jpeg"}],"twitter_card":"summary_large_image","schema":{"@context":"https:\/\/schema.org","@graph":[{"@type":"WebPage","@id":"https:\/\/premiumseeds.eu\/fr\/produkt\/immortelle-a-bractees-rose\/","url":"https:\/\/premiumseeds.eu\/fr\/produkt\/immortelle-a-bractees-rose\/","name":"Immortelle \u00e0 Bract\u00e9es - Rose - producteur de semences - PremiumSeeds","isPartOf":{"@id":"https:\/\/premiumseeds.eu\/fr\/#website"},"datePublished":"2023-07-14T08:13:30+00:00","dateModified":"2023-07-14T08:13:32+00:00","description":"Immortelle \u00e0 Bract\u00e9es - Rose graines \u2013 en provenance directe du propri\u00e9taire de la marque PremiumSeeds. Vente en gros et distribution de graines Immortelle \u00e0 Bract\u00e9es - Rose. Germination prouv\u00e9e et garantie. Commandez directement aupr\u00e8s du fabricant.","breadcrumb":{"@id":"https:\/\/premiumseeds.eu\/fr\/produkt\/immortelle-a-bractees-rose\/#breadcrumb"},"inLanguage":"fr-FR","potentialAction":[{"@type":"ReadAction","target":["https:\/\/premiumseeds.eu\/fr\/produkt\/immortelle-a-bractees-rose\/"]}]},{"@type":"BreadcrumbList","@id":"https:\/\/premiumseeds.eu\/fr\/produkt\/immortelle-a-bractees-rose\/#breadcrumb","itemListElement":[{"@type":"ListItem","position":1,"name":"Home","item":"https:\/\/premiumseeds.eu\/fr\/"},{"@type":"ListItem","position":2,"name":"Graines","item":"https:\/\/premiumseeds.eu\/fr\/graines\/"},{"@type":"ListItem","position":3,"name":"Immortelle \u00e0 Bract\u00e9es &#8211; Rose"}]},{"@type":"WebSite","@id":"https:\/\/premiumseeds.eu\/fr\/#website","url":"https:\/\/premiumseeds.eu\/fr\/","name":"PremiumSeeds","description":"Top seeds producer","potentialAction":[{"@type":"SearchAction","target":{"@type":"EntryPoint","urlTemplate":"https:\/\/premiumseeds.eu\/fr\/?s={search_term_string}"},"query-input":"required name=search_term_string"}],"inLanguage":"fr-FR"}]}},"_links":{"self":[{"href":"https:\/\/premiumseeds.eu\/fr\/wp-json\/wp\/v2\/product\/60877","targetHints":{"allow":["GET"]}}],"collection":[{"href":"https:\/\/premiumseeds.eu\/fr\/wp-json\/wp\/v2\/product"}],"about":[{"href":"https:\/\/premiumseeds.eu\/fr\/wp-json\/wp\/v2\/types\/product"}],"wp:featuredmedia":[{"embeddable":true,"href":"https:\/\/premiumseeds.eu\/fr\/wp-json\/wp\/v2\/media\/60884"}],"wp:attachment":[{"href":"https:\/\/premiumseeds.eu\/fr\/wp-json\/wp\/v2\/media?parent=60877"}],"wp:term":[{"taxonomy":"product_cat","embeddable":true,"href":"https:\/\/premiumseeds.eu\/fr\/wp-json\/wp\/v2\/product_cat?post=60877"},{"taxonomy":"product_tag","embeddable":true,"href":"https:\/\/premiumseeds.eu\/fr\/wp-json\/wp\/v2\/product_tag?post=60877"}],"curies":[{"name":"wp","href":"https:\/\/api.w.org\/{rel}","templated":true}]}}