{"id":61179,"date":"2023-07-17T10:20:56","date_gmt":"2023-07-17T08:20:56","guid":{"rendered":"https:\/\/premiumseeds.eu\/?post_type=product&#038;p=61179"},"modified":"2023-07-17T10:20:59","modified_gmt":"2023-07-17T08:20:59","slug":"adonis-dete","status":"publish","type":"product","link":"https:\/\/premiumseeds.eu\/fr\/produkt\/adonis-dete\/","title":{"rendered":"Adonis d&rsquo;\u00e9t\u00e9"},"content":{"rendered":"","protected":false},"excerpt":{"rendered":"<p>Une annuelle de 30 cm de haut. Elle d\u00e9veloppe des pousses \u00e9tal\u00e9es, minces et rampantes. Chaque plante produit de nombreuses fleurs \u00e9carlates. Elle convient aux massifs de plantes vivaces, aux bordures, aux parapets et aux rocailles.<br \/>\n<\/b><br \/>\n<strong>Adonis d&rsquo;\u00e9t\u00e9 &#8211; semences<\/strong><br \/>\n<\/b><br \/>\n<strong>Profondeur de semis:<\/strong> 0,5 cm<br \/>\n<strong>Temps de semis en ext\u00e9rieur:<\/strong> mars &#8211; avril<br \/>\n<strong>Propagation:<\/strong> 20 x 30 cm<br \/>\n<strong>P\u00e9riode de floraison:<\/strong> juin &#8211; ao\u00fbt<br \/>\n<\/b><br \/>\nUn paquet contient 1 g de graines.<\/p>\n","protected":false},"featured_media":61186,"template":"","meta":{"_monsterinsights_skip_tracking":false,"_monsterinsights_sitenote_active":false,"_monsterinsights_sitenote_note":"","_monsterinsights_sitenote_category":0},"product_cat":[1470,1594,1596],"product_tag":[4374],"class_list":["post-61179","product","type-product","status-publish","has-post-thumbnail","hentry","product_cat-graines-de-fleurs-de-jardin","product_cat-graines-de-plantes-pour-jardin-de-rocaille","product_cat-graines-de-prairie-fleurie","product_tag-adonis-dete-semences"],"yoast_head":"<!-- This site is optimized with the Yoast SEO plugin v21.6 - https:\/\/yoast.com\/wordpress\/plugins\/seo\/ -->\n<title>Adonis d&#039;\u00e9t\u00e9 - producteur de semences - PremiumSeeds<\/title>\n<meta name=\"description\" content=\"Adonis d&#039;\u00e9t\u00e9 graines \u2013 en provenance directe du propri\u00e9taire de la marque PremiumSeeds. Vente en gros et distribution de graines Adonis d&#039;\u00e9t\u00e9. Germination prouv\u00e9e et garantie. Commandez directement aupr\u00e8s du fabricant.\" \/>\n<meta name=\"robots\" content=\"index, follow, max-snippet:-1, max-image-preview:large, max-video-preview:-1\" \/>\n<link rel=\"canonical\" href=\"https:\/\/premiumseeds.eu\/fr\/produkt\/adonis-dete\/\" \/>\n<meta property=\"og:locale\" content=\"fr_FR\" \/>\n<meta property=\"og:type\" content=\"article\" \/>\n<meta property=\"og:title\" content=\"Adonis d&#039;\u00e9t\u00e9 - producteur de semences - PremiumSeeds\" \/>\n<meta property=\"og:description\" content=\"Adonis d&#039;\u00e9t\u00e9 graines \u2013 en provenance directe du propri\u00e9taire de la marque PremiumSeeds. Vente en gros et distribution de graines Adonis d&#039;\u00e9t\u00e9. Germination prouv\u00e9e et garantie. Commandez directement aupr\u00e8s du fabricant.\" \/>\n<meta property=\"og:url\" content=\"https:\/\/premiumseeds.eu\/fr\/produkt\/adonis-dete\/\" \/>\n<meta property=\"og:site_name\" content=\"PremiumSeeds\" \/>\n<meta property=\"article:modified_time\" content=\"2023-07-17T08:20:59+00:00\" \/>\n<meta property=\"og:image\" content=\"https:\/\/premiumseeds.eu\/wp-content\/uploads\/2023\/07\/WORLD-N-90-00-50_VS-2.jpg?v=1689582001\" \/>\n\t<meta property=\"og:image:width\" content=\"945\" \/>\n\t<meta property=\"og:image:height\" content=\"1772\" \/>\n\t<meta property=\"og:image:type\" content=\"image\/jpeg\" \/>\n<meta name=\"twitter:card\" content=\"summary_large_image\" \/>\n<script type=\"application\/ld+json\" class=\"yoast-schema-graph\">{\"@context\":\"https:\/\/schema.org\",\"@graph\":[{\"@type\":\"WebPage\",\"@id\":\"https:\/\/premiumseeds.eu\/fr\/produkt\/adonis-dete\/\",\"url\":\"https:\/\/premiumseeds.eu\/fr\/produkt\/adonis-dete\/\",\"name\":\"Adonis d'\u00e9t\u00e9 - producteur de semences - PremiumSeeds\",\"isPartOf\":{\"@id\":\"https:\/\/premiumseeds.eu\/fr\/#website\"},\"datePublished\":\"2023-07-17T08:20:56+00:00\",\"dateModified\":\"2023-07-17T08:20:59+00:00\",\"description\":\"Adonis d'\u00e9t\u00e9 graines \u2013 en provenance directe du propri\u00e9taire de la marque PremiumSeeds. Vente en gros et distribution de graines Adonis d'\u00e9t\u00e9. Germination prouv\u00e9e et garantie. Commandez directement aupr\u00e8s du fabricant.\",\"breadcrumb\":{\"@id\":\"https:\/\/premiumseeds.eu\/fr\/produkt\/adonis-dete\/#breadcrumb\"},\"inLanguage\":\"fr-FR\",\"potentialAction\":[{\"@type\":\"ReadAction\",\"target\":[\"https:\/\/premiumseeds.eu\/fr\/produkt\/adonis-dete\/\"]}]},{\"@type\":\"BreadcrumbList\",\"@id\":\"https:\/\/premiumseeds.eu\/fr\/produkt\/adonis-dete\/#breadcrumb\",\"itemListElement\":[{\"@type\":\"ListItem\",\"position\":1,\"name\":\"Home\",\"item\":\"https:\/\/premiumseeds.eu\/fr\/\"},{\"@type\":\"ListItem\",\"position\":2,\"name\":\"Graines\",\"item\":\"https:\/\/premiumseeds.eu\/fr\/graines\/\"},{\"@type\":\"ListItem\",\"position\":3,\"name\":\"Adonis d&#8217;\u00e9t\u00e9\"}]},{\"@type\":\"WebSite\",\"@id\":\"https:\/\/premiumseeds.eu\/fr\/#website\",\"url\":\"https:\/\/premiumseeds.eu\/fr\/\",\"name\":\"PremiumSeeds\",\"description\":\"Top seeds producer\",\"potentialAction\":[{\"@type\":\"SearchAction\",\"target\":{\"@type\":\"EntryPoint\",\"urlTemplate\":\"https:\/\/premiumseeds.eu\/fr\/?s={search_term_string}\"},\"query-input\":\"required name=search_term_string\"}],\"inLanguage\":\"fr-FR\"}]}<\/script>\n<!-- \/ Yoast SEO plugin. -->","yoast_head_json":{"title":"Adonis d'\u00e9t\u00e9 - producteur de semences - PremiumSeeds","description":"Adonis d'\u00e9t\u00e9 graines \u2013 en provenance directe du propri\u00e9taire de la marque PremiumSeeds. Vente en gros et distribution de graines Adonis d'\u00e9t\u00e9. Germination prouv\u00e9e et garantie. Commandez directement aupr\u00e8s du fabricant.","robots":{"index":"index","follow":"follow","max-snippet":"max-snippet:-1","max-image-preview":"max-image-preview:large","max-video-preview":"max-video-preview:-1"},"canonical":"https:\/\/premiumseeds.eu\/fr\/produkt\/adonis-dete\/","og_locale":"fr_FR","og_type":"article","og_title":"Adonis d'\u00e9t\u00e9 - producteur de semences - PremiumSeeds","og_description":"Adonis d'\u00e9t\u00e9 graines \u2013 en provenance directe du propri\u00e9taire de la marque PremiumSeeds. Vente en gros et distribution de graines Adonis d'\u00e9t\u00e9. Germination prouv\u00e9e et garantie. Commandez directement aupr\u00e8s du fabricant.","og_url":"https:\/\/premiumseeds.eu\/fr\/produkt\/adonis-dete\/","og_site_name":"PremiumSeeds","article_modified_time":"2023-07-17T08:20:59+00:00","og_image":[{"width":945,"height":1772,"url":"https:\/\/premiumseeds.eu\/wp-content\/uploads\/2023\/07\/WORLD-N-90-00-50_VS-2.jpg?v=1689582001","type":"image\/jpeg"}],"twitter_card":"summary_large_image","schema":{"@context":"https:\/\/schema.org","@graph":[{"@type":"WebPage","@id":"https:\/\/premiumseeds.eu\/fr\/produkt\/adonis-dete\/","url":"https:\/\/premiumseeds.eu\/fr\/produkt\/adonis-dete\/","name":"Adonis d'\u00e9t\u00e9 - producteur de semences - PremiumSeeds","isPartOf":{"@id":"https:\/\/premiumseeds.eu\/fr\/#website"},"datePublished":"2023-07-17T08:20:56+00:00","dateModified":"2023-07-17T08:20:59+00:00","description":"Adonis d'\u00e9t\u00e9 graines \u2013 en provenance directe du propri\u00e9taire de la marque PremiumSeeds. Vente en gros et distribution de graines Adonis d'\u00e9t\u00e9. Germination prouv\u00e9e et garantie. Commandez directement aupr\u00e8s du fabricant.","breadcrumb":{"@id":"https:\/\/premiumseeds.eu\/fr\/produkt\/adonis-dete\/#breadcrumb"},"inLanguage":"fr-FR","potentialAction":[{"@type":"ReadAction","target":["https:\/\/premiumseeds.eu\/fr\/produkt\/adonis-dete\/"]}]},{"@type":"BreadcrumbList","@id":"https:\/\/premiumseeds.eu\/fr\/produkt\/adonis-dete\/#breadcrumb","itemListElement":[{"@type":"ListItem","position":1,"name":"Home","item":"https:\/\/premiumseeds.eu\/fr\/"},{"@type":"ListItem","position":2,"name":"Graines","item":"https:\/\/premiumseeds.eu\/fr\/graines\/"},{"@type":"ListItem","position":3,"name":"Adonis d&#8217;\u00e9t\u00e9"}]},{"@type":"WebSite","@id":"https:\/\/premiumseeds.eu\/fr\/#website","url":"https:\/\/premiumseeds.eu\/fr\/","name":"PremiumSeeds","description":"Top seeds producer","potentialAction":[{"@type":"SearchAction","target":{"@type":"EntryPoint","urlTemplate":"https:\/\/premiumseeds.eu\/fr\/?s={search_term_string}"},"query-input":"required name=search_term_string"}],"inLanguage":"fr-FR"}]}},"_links":{"self":[{"href":"https:\/\/premiumseeds.eu\/fr\/wp-json\/wp\/v2\/product\/61179","targetHints":{"allow":["GET"]}}],"collection":[{"href":"https:\/\/premiumseeds.eu\/fr\/wp-json\/wp\/v2\/product"}],"about":[{"href":"https:\/\/premiumseeds.eu\/fr\/wp-json\/wp\/v2\/types\/product"}],"wp:featuredmedia":[{"embeddable":true,"href":"https:\/\/premiumseeds.eu\/fr\/wp-json\/wp\/v2\/media\/61186"}],"wp:attachment":[{"href":"https:\/\/premiumseeds.eu\/fr\/wp-json\/wp\/v2\/media?parent=61179"}],"wp:term":[{"taxonomy":"product_cat","embeddable":true,"href":"https:\/\/premiumseeds.eu\/fr\/wp-json\/wp\/v2\/product_cat?post=61179"},{"taxonomy":"product_tag","embeddable":true,"href":"https:\/\/premiumseeds.eu\/fr\/wp-json\/wp\/v2\/product_tag?post=61179"}],"curies":[{"name":"wp","href":"https:\/\/api.w.org\/{rel}","templated":true}]}}