{"id":61244,"date":"2023-07-17T12:00:47","date_gmt":"2023-07-17T10:00:47","guid":{"rendered":"https:\/\/premiumseeds.eu\/?post_type=product&#038;p=61244"},"modified":"2023-07-17T12:00:49","modified_gmt":"2023-07-17T10:00:49","slug":"vergerette-a-grandes-fleurs","status":"publish","type":"product","link":"https:\/\/premiumseeds.eu\/fr\/produkt\/vergerette-a-grandes-fleurs\/","title":{"rendered":"Vergerette \u00e0 Grandes Fleurs"},"content":{"rendered":"","protected":false},"excerpt":{"rendered":"<p>Plante vivace de 70 \u00e0 80 cm de haut. Elle d\u00e9veloppe des touffes denses de pousses raides et \u00e9rig\u00e9es. Elle produit un grand nombre de fleurs roses. Elle convient aux massifs de plantes vivaces et \u00e0 la fleur coup\u00e9e.<br \/>\n<\/b><br \/>\n<strong>Vergerette \u00e0 Grandes Fleurs &#8211; semences<\/strong><br \/>\n<\/b><br \/>\n<strong>Profondeur de semis:<\/strong> 0,5 cm<br \/>\n<strong>Temps de semis en serre:<\/strong> avril &#8211; juin<br \/>\n<strong>Temps de semis en ext\u00e9rieur:<\/strong> mai &#8211; juin<br \/>\n<strong>Temps de plantation des semis en ext\u00e9rieur:<\/strong> septembre<br \/>\n<strong>Propagation:<\/strong> 30 x 40 cm<br \/>\n<strong>P\u00e9riode de floraison:<\/strong> juin &#8211; ao\u00fbt<br \/>\n<\/b><br \/>\nUn paquet contient 0,1 g de graines.<\/p>\n","protected":false},"featured_media":61251,"template":"","meta":{"_monsterinsights_skip_tracking":false,"_monsterinsights_sitenote_active":false,"_monsterinsights_sitenote_note":"","_monsterinsights_sitenote_category":0},"product_cat":[1470,1594],"product_tag":[4379],"class_list":["post-61244","product","type-product","status-publish","has-post-thumbnail","hentry","product_cat-graines-de-fleurs-de-jardin","product_cat-graines-de-plantes-pour-jardin-de-rocaille","product_tag-vergerette-a-grandes-fleurs-semences"],"yoast_head":"<!-- This site is optimized with the Yoast SEO plugin v21.6 - https:\/\/yoast.com\/wordpress\/plugins\/seo\/ -->\n<title>Vergerette \u00e0 Grandes Fleurs - producteur de semences - PremiumSeeds<\/title>\n<meta name=\"description\" content=\"Vergerette \u00e0 Grandes Fleurs graines \u2013 en provenance directe du propri\u00e9taire de la marque PremiumSeeds. Vente en gros et distribution de graines Vergerette \u00e0 Grandes Fleurs. Germination prouv\u00e9e et garantie. Commandez directement aupr\u00e8s du fabricant.\" \/>\n<meta name=\"robots\" content=\"index, follow, max-snippet:-1, max-image-preview:large, max-video-preview:-1\" \/>\n<link rel=\"canonical\" href=\"https:\/\/premiumseeds.eu\/fr\/produkt\/vergerette-a-grandes-fleurs\/\" \/>\n<meta property=\"og:locale\" content=\"fr_FR\" \/>\n<meta property=\"og:type\" content=\"article\" \/>\n<meta property=\"og:title\" content=\"Vergerette \u00e0 Grandes Fleurs - producteur de semences - PremiumSeeds\" \/>\n<meta property=\"og:description\" content=\"Vergerette \u00e0 Grandes Fleurs graines \u2013 en provenance directe du propri\u00e9taire de la marque PremiumSeeds. Vente en gros et distribution de graines Vergerette \u00e0 Grandes Fleurs. Germination prouv\u00e9e et garantie. Commandez directement aupr\u00e8s du fabricant.\" \/>\n<meta property=\"og:url\" content=\"https:\/\/premiumseeds.eu\/fr\/produkt\/vergerette-a-grandes-fleurs\/\" \/>\n<meta property=\"og:site_name\" content=\"PremiumSeeds\" \/>\n<meta property=\"article:modified_time\" content=\"2023-07-17T10:00:49+00:00\" \/>\n<meta property=\"og:image\" content=\"https:\/\/premiumseeds.eu\/wp-content\/uploads\/2023\/07\/WORLD-N-092-2140_VS-2.jpg?v=1689588000\" \/>\n\t<meta property=\"og:image:width\" content=\"945\" \/>\n\t<meta property=\"og:image:height\" content=\"1772\" \/>\n\t<meta property=\"og:image:type\" content=\"image\/jpeg\" \/>\n<meta name=\"twitter:card\" content=\"summary_large_image\" \/>\n<script type=\"application\/ld+json\" class=\"yoast-schema-graph\">{\"@context\":\"https:\/\/schema.org\",\"@graph\":[{\"@type\":\"WebPage\",\"@id\":\"https:\/\/premiumseeds.eu\/fr\/produkt\/vergerette-a-grandes-fleurs\/\",\"url\":\"https:\/\/premiumseeds.eu\/fr\/produkt\/vergerette-a-grandes-fleurs\/\",\"name\":\"Vergerette \u00e0 Grandes Fleurs - producteur de semences - PremiumSeeds\",\"isPartOf\":{\"@id\":\"https:\/\/premiumseeds.eu\/fr\/#website\"},\"datePublished\":\"2023-07-17T10:00:47+00:00\",\"dateModified\":\"2023-07-17T10:00:49+00:00\",\"description\":\"Vergerette \u00e0 Grandes Fleurs graines \u2013 en provenance directe du propri\u00e9taire de la marque PremiumSeeds. Vente en gros et distribution de graines Vergerette \u00e0 Grandes Fleurs. Germination prouv\u00e9e et garantie. Commandez directement aupr\u00e8s du fabricant.\",\"breadcrumb\":{\"@id\":\"https:\/\/premiumseeds.eu\/fr\/produkt\/vergerette-a-grandes-fleurs\/#breadcrumb\"},\"inLanguage\":\"fr-FR\",\"potentialAction\":[{\"@type\":\"ReadAction\",\"target\":[\"https:\/\/premiumseeds.eu\/fr\/produkt\/vergerette-a-grandes-fleurs\/\"]}]},{\"@type\":\"BreadcrumbList\",\"@id\":\"https:\/\/premiumseeds.eu\/fr\/produkt\/vergerette-a-grandes-fleurs\/#breadcrumb\",\"itemListElement\":[{\"@type\":\"ListItem\",\"position\":1,\"name\":\"Home\",\"item\":\"https:\/\/premiumseeds.eu\/fr\/\"},{\"@type\":\"ListItem\",\"position\":2,\"name\":\"Graines\",\"item\":\"https:\/\/premiumseeds.eu\/fr\/graines\/\"},{\"@type\":\"ListItem\",\"position\":3,\"name\":\"Vergerette \u00e0 Grandes Fleurs\"}]},{\"@type\":\"WebSite\",\"@id\":\"https:\/\/premiumseeds.eu\/fr\/#website\",\"url\":\"https:\/\/premiumseeds.eu\/fr\/\",\"name\":\"PremiumSeeds\",\"description\":\"Top seeds producer\",\"potentialAction\":[{\"@type\":\"SearchAction\",\"target\":{\"@type\":\"EntryPoint\",\"urlTemplate\":\"https:\/\/premiumseeds.eu\/fr\/?s={search_term_string}\"},\"query-input\":\"required name=search_term_string\"}],\"inLanguage\":\"fr-FR\"}]}<\/script>\n<!-- \/ Yoast SEO plugin. -->","yoast_head_json":{"title":"Vergerette \u00e0 Grandes Fleurs - producteur de semences - PremiumSeeds","description":"Vergerette \u00e0 Grandes Fleurs graines \u2013 en provenance directe du propri\u00e9taire de la marque PremiumSeeds. Vente en gros et distribution de graines Vergerette \u00e0 Grandes Fleurs. Germination prouv\u00e9e et garantie. Commandez directement aupr\u00e8s du fabricant.","robots":{"index":"index","follow":"follow","max-snippet":"max-snippet:-1","max-image-preview":"max-image-preview:large","max-video-preview":"max-video-preview:-1"},"canonical":"https:\/\/premiumseeds.eu\/fr\/produkt\/vergerette-a-grandes-fleurs\/","og_locale":"fr_FR","og_type":"article","og_title":"Vergerette \u00e0 Grandes Fleurs - producteur de semences - PremiumSeeds","og_description":"Vergerette \u00e0 Grandes Fleurs graines \u2013 en provenance directe du propri\u00e9taire de la marque PremiumSeeds. Vente en gros et distribution de graines Vergerette \u00e0 Grandes Fleurs. Germination prouv\u00e9e et garantie. Commandez directement aupr\u00e8s du fabricant.","og_url":"https:\/\/premiumseeds.eu\/fr\/produkt\/vergerette-a-grandes-fleurs\/","og_site_name":"PremiumSeeds","article_modified_time":"2023-07-17T10:00:49+00:00","og_image":[{"width":945,"height":1772,"url":"https:\/\/premiumseeds.eu\/wp-content\/uploads\/2023\/07\/WORLD-N-092-2140_VS-2.jpg?v=1689588000","type":"image\/jpeg"}],"twitter_card":"summary_large_image","schema":{"@context":"https:\/\/schema.org","@graph":[{"@type":"WebPage","@id":"https:\/\/premiumseeds.eu\/fr\/produkt\/vergerette-a-grandes-fleurs\/","url":"https:\/\/premiumseeds.eu\/fr\/produkt\/vergerette-a-grandes-fleurs\/","name":"Vergerette \u00e0 Grandes Fleurs - producteur de semences - PremiumSeeds","isPartOf":{"@id":"https:\/\/premiumseeds.eu\/fr\/#website"},"datePublished":"2023-07-17T10:00:47+00:00","dateModified":"2023-07-17T10:00:49+00:00","description":"Vergerette \u00e0 Grandes Fleurs graines \u2013 en provenance directe du propri\u00e9taire de la marque PremiumSeeds. Vente en gros et distribution de graines Vergerette \u00e0 Grandes Fleurs. Germination prouv\u00e9e et garantie. Commandez directement aupr\u00e8s du fabricant.","breadcrumb":{"@id":"https:\/\/premiumseeds.eu\/fr\/produkt\/vergerette-a-grandes-fleurs\/#breadcrumb"},"inLanguage":"fr-FR","potentialAction":[{"@type":"ReadAction","target":["https:\/\/premiumseeds.eu\/fr\/produkt\/vergerette-a-grandes-fleurs\/"]}]},{"@type":"BreadcrumbList","@id":"https:\/\/premiumseeds.eu\/fr\/produkt\/vergerette-a-grandes-fleurs\/#breadcrumb","itemListElement":[{"@type":"ListItem","position":1,"name":"Home","item":"https:\/\/premiumseeds.eu\/fr\/"},{"@type":"ListItem","position":2,"name":"Graines","item":"https:\/\/premiumseeds.eu\/fr\/graines\/"},{"@type":"ListItem","position":3,"name":"Vergerette \u00e0 Grandes Fleurs"}]},{"@type":"WebSite","@id":"https:\/\/premiumseeds.eu\/fr\/#website","url":"https:\/\/premiumseeds.eu\/fr\/","name":"PremiumSeeds","description":"Top seeds producer","potentialAction":[{"@type":"SearchAction","target":{"@type":"EntryPoint","urlTemplate":"https:\/\/premiumseeds.eu\/fr\/?s={search_term_string}"},"query-input":"required name=search_term_string"}],"inLanguage":"fr-FR"}]}},"_links":{"self":[{"href":"https:\/\/premiumseeds.eu\/fr\/wp-json\/wp\/v2\/product\/61244","targetHints":{"allow":["GET"]}}],"collection":[{"href":"https:\/\/premiumseeds.eu\/fr\/wp-json\/wp\/v2\/product"}],"about":[{"href":"https:\/\/premiumseeds.eu\/fr\/wp-json\/wp\/v2\/types\/product"}],"wp:featuredmedia":[{"embeddable":true,"href":"https:\/\/premiumseeds.eu\/fr\/wp-json\/wp\/v2\/media\/61251"}],"wp:attachment":[{"href":"https:\/\/premiumseeds.eu\/fr\/wp-json\/wp\/v2\/media?parent=61244"}],"wp:term":[{"taxonomy":"product_cat","embeddable":true,"href":"https:\/\/premiumseeds.eu\/fr\/wp-json\/wp\/v2\/product_cat?post=61244"},{"taxonomy":"product_tag","embeddable":true,"href":"https:\/\/premiumseeds.eu\/fr\/wp-json\/wp\/v2\/product_tag?post=61244"}],"curies":[{"name":"wp","href":"https:\/\/api.w.org\/{rel}","templated":true}]}}