{"id":61440,"date":"2023-07-17T14:53:26","date_gmt":"2023-07-17T12:53:26","guid":{"rendered":"https:\/\/premiumseeds.eu\/?post_type=product&#038;p=61440"},"modified":"2023-07-17T14:53:27","modified_gmt":"2023-07-17T12:53:27","slug":"immortelle-a-bractees-blanc","status":"publish","type":"product","link":"https:\/\/premiumseeds.eu\/fr\/produkt\/immortelle-a-bractees-blanc\/","title":{"rendered":"Immortelle \u00e0 Bract\u00e9es &#8211; Blanc"},"content":{"rendered":"","protected":false},"excerpt":{"rendered":"<p>Plante annuelle de 60 \u00e0 100 cm de haut avec de longues tiges \u00e9rig\u00e9es qui se terminent par de grandes t\u00eates florales blanches et \u00e9cailleuses. Elle est cultiv\u00e9e principalement pour les fleurs coup\u00e9es et les bouquets secs, mais peut aussi \u00eatre plant\u00e9e sur les plates-bandes.<br \/>\n<\/b><br \/>\n<strong>Immortelle \u00e0 Bract\u00e9es &#8211; Blanc &#8211; semences<\/strong><br \/>\n<\/b><br \/>\n<strong>Profondeur de semis:<\/strong> 1 cm<br \/>\n<strong>Temps de semis en serre:<\/strong> mars &#8211; avril<br \/>\n<strong>Temps de semis en ext\u00e9rieur:<\/strong> mai<br \/>\n<strong>Temps de plantation des semis en ext\u00e9rieur:<\/strong> mai<br \/>\n<strong>Propagation:<\/strong> 30 x 40 cm<br \/>\n<strong>P\u00e9riode de floraison:<\/strong> juillet &#8211; octobre<br \/>\n<\/b><br \/>\nUn paquet contient 0,5 g de graines.<\/p>\n","protected":false},"featured_media":61447,"template":"","meta":{"_monsterinsights_skip_tracking":false,"_monsterinsights_sitenote_active":false,"_monsterinsights_sitenote_note":"","_monsterinsights_sitenote_category":0},"product_cat":[1477,1470],"product_tag":[4394],"class_list":["post-61440","product","type-product","status-publish","has-post-thumbnail","hentry","product_cat-graines-dimmortelles","product_cat-graines-de-fleurs-de-jardin","product_tag-immortelle-a-bractees-blanc-semences"],"yoast_head":"<!-- This site is optimized with the Yoast SEO plugin v21.6 - https:\/\/yoast.com\/wordpress\/plugins\/seo\/ -->\n<title>Immortelle \u00e0 Bract\u00e9es - Blanc - producteur de semences - PremiumSeeds<\/title>\n<meta name=\"description\" content=\"Immortelle \u00e0 Bract\u00e9es - Blanc graines \u2013 en provenance directe du propri\u00e9taire de la marque PremiumSeeds. Vente en gros et distribution de graines Immortelle \u00e0 Bract\u00e9es - Blanc. Germination prouv\u00e9e et garantie. Commandez directement aupr\u00e8s du fabricant.\" \/>\n<meta name=\"robots\" content=\"index, follow, max-snippet:-1, max-image-preview:large, max-video-preview:-1\" \/>\n<link rel=\"canonical\" href=\"https:\/\/premiumseeds.eu\/fr\/produkt\/immortelle-a-bractees-blanc\/\" \/>\n<meta property=\"og:locale\" content=\"fr_FR\" \/>\n<meta property=\"og:type\" content=\"article\" \/>\n<meta property=\"og:title\" content=\"Immortelle \u00e0 Bract\u00e9es - Blanc - producteur de semences - PremiumSeeds\" \/>\n<meta property=\"og:description\" content=\"Immortelle \u00e0 Bract\u00e9es - Blanc graines \u2013 en provenance directe du propri\u00e9taire de la marque PremiumSeeds. Vente en gros et distribution de graines Immortelle \u00e0 Bract\u00e9es - Blanc. Germination prouv\u00e9e et garantie. Commandez directement aupr\u00e8s du fabricant.\" \/>\n<meta property=\"og:url\" content=\"https:\/\/premiumseeds.eu\/fr\/produkt\/immortelle-a-bractees-blanc\/\" \/>\n<meta property=\"og:site_name\" content=\"PremiumSeeds\" \/>\n<meta property=\"article:modified_time\" content=\"2023-07-17T12:53:27+00:00\" \/>\n<meta property=\"og:image\" content=\"https:\/\/premiumseeds.eu\/wp-content\/uploads\/2023\/07\/WORLD-N-152-2035_VS-1.jpg?v=1689598394\" \/>\n\t<meta property=\"og:image:width\" content=\"945\" \/>\n\t<meta property=\"og:image:height\" content=\"1772\" \/>\n\t<meta property=\"og:image:type\" content=\"image\/jpeg\" \/>\n<meta name=\"twitter:card\" content=\"summary_large_image\" \/>\n<script type=\"application\/ld+json\" class=\"yoast-schema-graph\">{\"@context\":\"https:\/\/schema.org\",\"@graph\":[{\"@type\":\"WebPage\",\"@id\":\"https:\/\/premiumseeds.eu\/fr\/produkt\/immortelle-a-bractees-blanc\/\",\"url\":\"https:\/\/premiumseeds.eu\/fr\/produkt\/immortelle-a-bractees-blanc\/\",\"name\":\"Immortelle \u00e0 Bract\u00e9es - Blanc - producteur de semences - PremiumSeeds\",\"isPartOf\":{\"@id\":\"https:\/\/premiumseeds.eu\/fr\/#website\"},\"datePublished\":\"2023-07-17T12:53:26+00:00\",\"dateModified\":\"2023-07-17T12:53:27+00:00\",\"description\":\"Immortelle \u00e0 Bract\u00e9es - Blanc graines \u2013 en provenance directe du propri\u00e9taire de la marque PremiumSeeds. Vente en gros et distribution de graines Immortelle \u00e0 Bract\u00e9es - Blanc. Germination prouv\u00e9e et garantie. Commandez directement aupr\u00e8s du fabricant.\",\"breadcrumb\":{\"@id\":\"https:\/\/premiumseeds.eu\/fr\/produkt\/immortelle-a-bractees-blanc\/#breadcrumb\"},\"inLanguage\":\"fr-FR\",\"potentialAction\":[{\"@type\":\"ReadAction\",\"target\":[\"https:\/\/premiumseeds.eu\/fr\/produkt\/immortelle-a-bractees-blanc\/\"]}]},{\"@type\":\"BreadcrumbList\",\"@id\":\"https:\/\/premiumseeds.eu\/fr\/produkt\/immortelle-a-bractees-blanc\/#breadcrumb\",\"itemListElement\":[{\"@type\":\"ListItem\",\"position\":1,\"name\":\"Home\",\"item\":\"https:\/\/premiumseeds.eu\/fr\/\"},{\"@type\":\"ListItem\",\"position\":2,\"name\":\"Graines\",\"item\":\"https:\/\/premiumseeds.eu\/fr\/graines\/\"},{\"@type\":\"ListItem\",\"position\":3,\"name\":\"Immortelle \u00e0 Bract\u00e9es &#8211; Blanc\"}]},{\"@type\":\"WebSite\",\"@id\":\"https:\/\/premiumseeds.eu\/fr\/#website\",\"url\":\"https:\/\/premiumseeds.eu\/fr\/\",\"name\":\"PremiumSeeds\",\"description\":\"Top seeds producer\",\"potentialAction\":[{\"@type\":\"SearchAction\",\"target\":{\"@type\":\"EntryPoint\",\"urlTemplate\":\"https:\/\/premiumseeds.eu\/fr\/?s={search_term_string}\"},\"query-input\":\"required name=search_term_string\"}],\"inLanguage\":\"fr-FR\"}]}<\/script>\n<!-- \/ Yoast SEO plugin. -->","yoast_head_json":{"title":"Immortelle \u00e0 Bract\u00e9es - Blanc - producteur de semences - PremiumSeeds","description":"Immortelle \u00e0 Bract\u00e9es - Blanc graines \u2013 en provenance directe du propri\u00e9taire de la marque PremiumSeeds. Vente en gros et distribution de graines Immortelle \u00e0 Bract\u00e9es - Blanc. Germination prouv\u00e9e et garantie. Commandez directement aupr\u00e8s du fabricant.","robots":{"index":"index","follow":"follow","max-snippet":"max-snippet:-1","max-image-preview":"max-image-preview:large","max-video-preview":"max-video-preview:-1"},"canonical":"https:\/\/premiumseeds.eu\/fr\/produkt\/immortelle-a-bractees-blanc\/","og_locale":"fr_FR","og_type":"article","og_title":"Immortelle \u00e0 Bract\u00e9es - Blanc - producteur de semences - PremiumSeeds","og_description":"Immortelle \u00e0 Bract\u00e9es - Blanc graines \u2013 en provenance directe du propri\u00e9taire de la marque PremiumSeeds. Vente en gros et distribution de graines Immortelle \u00e0 Bract\u00e9es - Blanc. Germination prouv\u00e9e et garantie. Commandez directement aupr\u00e8s du fabricant.","og_url":"https:\/\/premiumseeds.eu\/fr\/produkt\/immortelle-a-bractees-blanc\/","og_site_name":"PremiumSeeds","article_modified_time":"2023-07-17T12:53:27+00:00","og_image":[{"width":945,"height":1772,"url":"https:\/\/premiumseeds.eu\/wp-content\/uploads\/2023\/07\/WORLD-N-152-2035_VS-1.jpg?v=1689598394","type":"image\/jpeg"}],"twitter_card":"summary_large_image","schema":{"@context":"https:\/\/schema.org","@graph":[{"@type":"WebPage","@id":"https:\/\/premiumseeds.eu\/fr\/produkt\/immortelle-a-bractees-blanc\/","url":"https:\/\/premiumseeds.eu\/fr\/produkt\/immortelle-a-bractees-blanc\/","name":"Immortelle \u00e0 Bract\u00e9es - Blanc - producteur de semences - PremiumSeeds","isPartOf":{"@id":"https:\/\/premiumseeds.eu\/fr\/#website"},"datePublished":"2023-07-17T12:53:26+00:00","dateModified":"2023-07-17T12:53:27+00:00","description":"Immortelle \u00e0 Bract\u00e9es - Blanc graines \u2013 en provenance directe du propri\u00e9taire de la marque PremiumSeeds. Vente en gros et distribution de graines Immortelle \u00e0 Bract\u00e9es - Blanc. Germination prouv\u00e9e et garantie. Commandez directement aupr\u00e8s du fabricant.","breadcrumb":{"@id":"https:\/\/premiumseeds.eu\/fr\/produkt\/immortelle-a-bractees-blanc\/#breadcrumb"},"inLanguage":"fr-FR","potentialAction":[{"@type":"ReadAction","target":["https:\/\/premiumseeds.eu\/fr\/produkt\/immortelle-a-bractees-blanc\/"]}]},{"@type":"BreadcrumbList","@id":"https:\/\/premiumseeds.eu\/fr\/produkt\/immortelle-a-bractees-blanc\/#breadcrumb","itemListElement":[{"@type":"ListItem","position":1,"name":"Home","item":"https:\/\/premiumseeds.eu\/fr\/"},{"@type":"ListItem","position":2,"name":"Graines","item":"https:\/\/premiumseeds.eu\/fr\/graines\/"},{"@type":"ListItem","position":3,"name":"Immortelle \u00e0 Bract\u00e9es &#8211; Blanc"}]},{"@type":"WebSite","@id":"https:\/\/premiumseeds.eu\/fr\/#website","url":"https:\/\/premiumseeds.eu\/fr\/","name":"PremiumSeeds","description":"Top seeds producer","potentialAction":[{"@type":"SearchAction","target":{"@type":"EntryPoint","urlTemplate":"https:\/\/premiumseeds.eu\/fr\/?s={search_term_string}"},"query-input":"required name=search_term_string"}],"inLanguage":"fr-FR"}]}},"_links":{"self":[{"href":"https:\/\/premiumseeds.eu\/fr\/wp-json\/wp\/v2\/product\/61440","targetHints":{"allow":["GET"]}}],"collection":[{"href":"https:\/\/premiumseeds.eu\/fr\/wp-json\/wp\/v2\/product"}],"about":[{"href":"https:\/\/premiumseeds.eu\/fr\/wp-json\/wp\/v2\/types\/product"}],"wp:featuredmedia":[{"embeddable":true,"href":"https:\/\/premiumseeds.eu\/fr\/wp-json\/wp\/v2\/media\/61447"}],"wp:attachment":[{"href":"https:\/\/premiumseeds.eu\/fr\/wp-json\/wp\/v2\/media?parent=61440"}],"wp:term":[{"taxonomy":"product_cat","embeddable":true,"href":"https:\/\/premiumseeds.eu\/fr\/wp-json\/wp\/v2\/product_cat?post=61440"},{"taxonomy":"product_tag","embeddable":true,"href":"https:\/\/premiumseeds.eu\/fr\/wp-json\/wp\/v2\/product_tag?post=61440"}],"curies":[{"name":"wp","href":"https:\/\/api.w.org\/{rel}","templated":true}]}}