{"id":61532,"date":"2023-07-17T15:26:48","date_gmt":"2023-07-17T13:26:48","guid":{"rendered":"https:\/\/premiumseeds.eu\/?post_type=product&#038;p=61532"},"modified":"2023-07-17T15:27:19","modified_gmt":"2023-07-17T13:27:19","slug":"cosmos-sensation-nain-rose-avec-tache","status":"publish","type":"product","link":"https:\/\/premiumseeds.eu\/fr\/produkt\/cosmos-sensation-nain-rose-avec-tache\/","title":{"rendered":"Cosmos Sensation Nain &#8211; Rose avec Tache"},"content":{"rendered":"","protected":false},"excerpt":{"rendered":"<p>Plante annuelle de 30 \u00e0 60 cm de haut. Elle d\u00e9veloppe une grande touffe l\u00e2che de feuilles plumeuses vert clair. Les fleurs sont grandes, roses avec une tache rouge carmin. Elle est recommand\u00e9e pour les bordures sur\u00e9lev\u00e9es, les prairies fleuries et les fleurs coup\u00e9es.<br \/>\n<\/b><br \/>\n<strong>Cosmos Sensation Nain &#8211; Rose avec Tache &#8211; semences<\/strong><br \/>\n<\/b><br \/>\n<strong>Profondeur de semis:<\/strong> 0,5 cm<br \/>\n<strong>Temps de semis en ext\u00e9rieur:<\/strong> avril &#8211; mai<br \/>\n<strong>Propagation:<\/strong> 40 x 40 cm<br \/>\n<strong>P\u00e9riode de floraison:<\/strong> juillet &#8211; octobre<br \/>\n<\/b><br \/>\nUn paquet contient 2 g de graines.<\/p>\n","protected":false},"featured_media":61527,"template":"","meta":{"_monsterinsights_skip_tracking":false,"_monsterinsights_sitenote_active":false,"_monsterinsights_sitenote_note":"","_monsterinsights_sitenote_category":0},"product_cat":[1490,1470,1593],"product_tag":[4400],"class_list":["post-61532","product","type-product","status-publish","has-post-thumbnail","hentry","product_cat-graines-de-cosmos","product_cat-graines-de-fleurs-de-jardin","product_cat-graines-de-plantes-melliferes","product_tag-cosmos-sensation-nain-rose-avec-tache-semences"],"yoast_head":"<!-- This site is optimized with the Yoast SEO plugin v21.6 - https:\/\/yoast.com\/wordpress\/plugins\/seo\/ -->\n<title>Cosmos Sensation Nain - Rose avec Tache - producteur de semences - PremiumSeeds<\/title>\n<meta name=\"description\" content=\"Cosmos Sensation Nain - Rose avec Tache graines \u2013 en provenance directe du propri\u00e9taire de la marque PremiumSeeds. Vente en gros et distribution de graines Cosmos Sensation Nain - Rose avec Tache. Germination prouv\u00e9e et garantie. Commandez directement aupr\u00e8s du fabricant.\" \/>\n<meta name=\"robots\" content=\"index, follow, max-snippet:-1, max-image-preview:large, max-video-preview:-1\" \/>\n<link rel=\"canonical\" href=\"https:\/\/premiumseeds.eu\/fr\/produkt\/cosmos-sensation-nain-rose-avec-tache\/\" \/>\n<meta property=\"og:locale\" content=\"fr_FR\" \/>\n<meta property=\"og:type\" content=\"article\" \/>\n<meta property=\"og:title\" content=\"Cosmos Sensation Nain - Rose avec Tache - producteur de semences - PremiumSeeds\" \/>\n<meta property=\"og:description\" content=\"Cosmos Sensation Nain - Rose avec Tache graines \u2013 en provenance directe du propri\u00e9taire de la marque PremiumSeeds. Vente en gros et distribution de graines Cosmos Sensation Nain - Rose avec Tache. Germination prouv\u00e9e et garantie. Commandez directement aupr\u00e8s du fabricant.\" \/>\n<meta property=\"og:url\" content=\"https:\/\/premiumseeds.eu\/fr\/produkt\/cosmos-sensation-nain-rose-avec-tache\/\" \/>\n<meta property=\"og:site_name\" content=\"PremiumSeeds\" \/>\n<meta property=\"article:modified_time\" content=\"2023-07-17T13:27:19+00:00\" \/>\n<meta property=\"og:image\" content=\"https:\/\/premiumseeds.eu\/wp-content\/uploads\/2023\/07\/WORLD-N-G-450-0324_VS-1.jpg\" \/>\n\t<meta property=\"og:image:width\" content=\"945\" \/>\n\t<meta property=\"og:image:height\" content=\"1772\" \/>\n\t<meta property=\"og:image:type\" content=\"image\/jpeg\" \/>\n<meta name=\"twitter:card\" content=\"summary_large_image\" \/>\n<script type=\"application\/ld+json\" class=\"yoast-schema-graph\">{\"@context\":\"https:\/\/schema.org\",\"@graph\":[{\"@type\":\"WebPage\",\"@id\":\"https:\/\/premiumseeds.eu\/fr\/produkt\/cosmos-sensation-nain-rose-avec-tache\/\",\"url\":\"https:\/\/premiumseeds.eu\/fr\/produkt\/cosmos-sensation-nain-rose-avec-tache\/\",\"name\":\"Cosmos Sensation Nain - Rose avec Tache - producteur de semences - PremiumSeeds\",\"isPartOf\":{\"@id\":\"https:\/\/premiumseeds.eu\/fr\/#website\"},\"datePublished\":\"2023-07-17T13:26:48+00:00\",\"dateModified\":\"2023-07-17T13:27:19+00:00\",\"description\":\"Cosmos Sensation Nain - Rose avec Tache graines \u2013 en provenance directe du propri\u00e9taire de la marque PremiumSeeds. Vente en gros et distribution de graines Cosmos Sensation Nain - Rose avec Tache. Germination prouv\u00e9e et garantie. Commandez directement aupr\u00e8s du fabricant.\",\"breadcrumb\":{\"@id\":\"https:\/\/premiumseeds.eu\/fr\/produkt\/cosmos-sensation-nain-rose-avec-tache\/#breadcrumb\"},\"inLanguage\":\"fr-FR\",\"potentialAction\":[{\"@type\":\"ReadAction\",\"target\":[\"https:\/\/premiumseeds.eu\/fr\/produkt\/cosmos-sensation-nain-rose-avec-tache\/\"]}]},{\"@type\":\"BreadcrumbList\",\"@id\":\"https:\/\/premiumseeds.eu\/fr\/produkt\/cosmos-sensation-nain-rose-avec-tache\/#breadcrumb\",\"itemListElement\":[{\"@type\":\"ListItem\",\"position\":1,\"name\":\"Home\",\"item\":\"https:\/\/premiumseeds.eu\/fr\/\"},{\"@type\":\"ListItem\",\"position\":2,\"name\":\"Graines\",\"item\":\"https:\/\/premiumseeds.eu\/fr\/graines\/\"},{\"@type\":\"ListItem\",\"position\":3,\"name\":\"Cosmos Sensation Nain &#8211; Rose avec Tache\"}]},{\"@type\":\"WebSite\",\"@id\":\"https:\/\/premiumseeds.eu\/fr\/#website\",\"url\":\"https:\/\/premiumseeds.eu\/fr\/\",\"name\":\"PremiumSeeds\",\"description\":\"Top seeds producer\",\"potentialAction\":[{\"@type\":\"SearchAction\",\"target\":{\"@type\":\"EntryPoint\",\"urlTemplate\":\"https:\/\/premiumseeds.eu\/fr\/?s={search_term_string}\"},\"query-input\":\"required name=search_term_string\"}],\"inLanguage\":\"fr-FR\"}]}<\/script>\n<!-- \/ Yoast SEO plugin. -->","yoast_head_json":{"title":"Cosmos Sensation Nain - Rose avec Tache - producteur de semences - PremiumSeeds","description":"Cosmos Sensation Nain - Rose avec Tache graines \u2013 en provenance directe du propri\u00e9taire de la marque PremiumSeeds. Vente en gros et distribution de graines Cosmos Sensation Nain - Rose avec Tache. Germination prouv\u00e9e et garantie. Commandez directement aupr\u00e8s du fabricant.","robots":{"index":"index","follow":"follow","max-snippet":"max-snippet:-1","max-image-preview":"max-image-preview:large","max-video-preview":"max-video-preview:-1"},"canonical":"https:\/\/premiumseeds.eu\/fr\/produkt\/cosmos-sensation-nain-rose-avec-tache\/","og_locale":"fr_FR","og_type":"article","og_title":"Cosmos Sensation Nain - Rose avec Tache - producteur de semences - PremiumSeeds","og_description":"Cosmos Sensation Nain - Rose avec Tache graines \u2013 en provenance directe du propri\u00e9taire de la marque PremiumSeeds. Vente en gros et distribution de graines Cosmos Sensation Nain - Rose avec Tache. Germination prouv\u00e9e et garantie. Commandez directement aupr\u00e8s du fabricant.","og_url":"https:\/\/premiumseeds.eu\/fr\/produkt\/cosmos-sensation-nain-rose-avec-tache\/","og_site_name":"PremiumSeeds","article_modified_time":"2023-07-17T13:27:19+00:00","og_image":[{"width":945,"height":1772,"url":"https:\/\/premiumseeds.eu\/wp-content\/uploads\/2023\/07\/WORLD-N-G-450-0324_VS-1.jpg","type":"image\/jpeg"}],"twitter_card":"summary_large_image","schema":{"@context":"https:\/\/schema.org","@graph":[{"@type":"WebPage","@id":"https:\/\/premiumseeds.eu\/fr\/produkt\/cosmos-sensation-nain-rose-avec-tache\/","url":"https:\/\/premiumseeds.eu\/fr\/produkt\/cosmos-sensation-nain-rose-avec-tache\/","name":"Cosmos Sensation Nain - Rose avec Tache - producteur de semences - PremiumSeeds","isPartOf":{"@id":"https:\/\/premiumseeds.eu\/fr\/#website"},"datePublished":"2023-07-17T13:26:48+00:00","dateModified":"2023-07-17T13:27:19+00:00","description":"Cosmos Sensation Nain - Rose avec Tache graines \u2013 en provenance directe du propri\u00e9taire de la marque PremiumSeeds. Vente en gros et distribution de graines Cosmos Sensation Nain - Rose avec Tache. Germination prouv\u00e9e et garantie. Commandez directement aupr\u00e8s du fabricant.","breadcrumb":{"@id":"https:\/\/premiumseeds.eu\/fr\/produkt\/cosmos-sensation-nain-rose-avec-tache\/#breadcrumb"},"inLanguage":"fr-FR","potentialAction":[{"@type":"ReadAction","target":["https:\/\/premiumseeds.eu\/fr\/produkt\/cosmos-sensation-nain-rose-avec-tache\/"]}]},{"@type":"BreadcrumbList","@id":"https:\/\/premiumseeds.eu\/fr\/produkt\/cosmos-sensation-nain-rose-avec-tache\/#breadcrumb","itemListElement":[{"@type":"ListItem","position":1,"name":"Home","item":"https:\/\/premiumseeds.eu\/fr\/"},{"@type":"ListItem","position":2,"name":"Graines","item":"https:\/\/premiumseeds.eu\/fr\/graines\/"},{"@type":"ListItem","position":3,"name":"Cosmos Sensation Nain &#8211; Rose avec Tache"}]},{"@type":"WebSite","@id":"https:\/\/premiumseeds.eu\/fr\/#website","url":"https:\/\/premiumseeds.eu\/fr\/","name":"PremiumSeeds","description":"Top seeds producer","potentialAction":[{"@type":"SearchAction","target":{"@type":"EntryPoint","urlTemplate":"https:\/\/premiumseeds.eu\/fr\/?s={search_term_string}"},"query-input":"required name=search_term_string"}],"inLanguage":"fr-FR"}]}},"_links":{"self":[{"href":"https:\/\/premiumseeds.eu\/fr\/wp-json\/wp\/v2\/product\/61532","targetHints":{"allow":["GET"]}}],"collection":[{"href":"https:\/\/premiumseeds.eu\/fr\/wp-json\/wp\/v2\/product"}],"about":[{"href":"https:\/\/premiumseeds.eu\/fr\/wp-json\/wp\/v2\/types\/product"}],"wp:featuredmedia":[{"embeddable":true,"href":"https:\/\/premiumseeds.eu\/fr\/wp-json\/wp\/v2\/media\/61527"}],"wp:attachment":[{"href":"https:\/\/premiumseeds.eu\/fr\/wp-json\/wp\/v2\/media?parent=61532"}],"wp:term":[{"taxonomy":"product_cat","embeddable":true,"href":"https:\/\/premiumseeds.eu\/fr\/wp-json\/wp\/v2\/product_cat?post=61532"},{"taxonomy":"product_tag","embeddable":true,"href":"https:\/\/premiumseeds.eu\/fr\/wp-json\/wp\/v2\/product_tag?post=61532"}],"curies":[{"name":"wp","href":"https:\/\/api.w.org\/{rel}","templated":true}]}}