{"id":61586,"date":"2023-07-17T15:55:42","date_gmt":"2023-07-17T13:55:42","guid":{"rendered":"https:\/\/premiumseeds.eu\/?post_type=product&#038;p=61586"},"modified":"2023-07-17T15:55:44","modified_gmt":"2023-07-17T13:55:44","slug":"carotte-berlikummer-2","status":"publish","type":"product","link":"https:\/\/premiumseeds.eu\/fr\/produkt\/carotte-berlikummer-2\/","title":{"rendered":"Carotte Berlikummer 2"},"content":{"rendered":"","protected":false},"excerpt":{"rendered":"<p>Vari\u00e9t\u00e9 tardive et productive. Elle d\u00e9veloppe des racines cylindriques de taille moyenne, de 16 \u00e0 19 cm de long, de couleur orange fonc\u00e9. Elles sont d\u00e9licieuses et juteuses, parfaites pour les salades et le pressage de jus. Cette carotte se conserve bien.<br \/>\n<\/b><br \/>\n<strong>Carotte Berlikummer 2 &#8211; semences<\/strong><br \/>\n<\/b><br \/>\n<strong>Profondeur de semis:<\/strong> 1 &#8211; 2 cm<br \/>\n<strong>Temps de semis en ext\u00e9rieur:<\/strong> mars &#8211; mai<br \/>\n<strong>Propagation:<\/strong> 30-40 x 5 cm<br \/>\n<strong>P\u00e9riode de r\u00e9colte:<\/strong> ao\u00fbt &#8211; octobre<br \/>\n<\/b><br \/>\nUn paquet contient 5 g de graines.<\/p>\n","protected":false},"featured_media":61593,"template":"","meta":{"_monsterinsights_skip_tracking":false,"_monsterinsights_sitenote_active":false,"_monsterinsights_sitenote_note":"","_monsterinsights_sitenote_category":0},"product_cat":[1556,1470],"product_tag":[4405],"class_list":["post-61586","product","type-product","status-publish","has-post-thumbnail","hentry","product_cat-graines-de-carottes","product_cat-graines-de-fleurs-de-jardin","product_tag-carotte-berlikummer-2-semences"],"yoast_head":"<!-- This site is optimized with the Yoast SEO plugin v21.6 - https:\/\/yoast.com\/wordpress\/plugins\/seo\/ -->\n<title>Carotte Berlikummer 2 - producteur de semences - PremiumSeeds<\/title>\n<meta name=\"description\" content=\"Carotte Berlikummer 2 graines \u2013 en provenance directe du propri\u00e9taire de la marque PremiumSeeds. Vente en gros et distribution de graines Carotte Berlikummer 2. Germination prouv\u00e9e et garantie. Commandez directement aupr\u00e8s du fabricant.\" \/>\n<meta name=\"robots\" content=\"index, follow, max-snippet:-1, max-image-preview:large, max-video-preview:-1\" \/>\n<link rel=\"canonical\" href=\"https:\/\/premiumseeds.eu\/fr\/produkt\/carotte-berlikummer-2\/\" \/>\n<meta property=\"og:locale\" content=\"fr_FR\" \/>\n<meta property=\"og:type\" content=\"article\" \/>\n<meta property=\"og:title\" content=\"Carotte Berlikummer 2 - producteur de semences - PremiumSeeds\" \/>\n<meta property=\"og:description\" content=\"Carotte Berlikummer 2 graines \u2013 en provenance directe du propri\u00e9taire de la marque PremiumSeeds. Vente en gros et distribution de graines Carotte Berlikummer 2. Germination prouv\u00e9e et garantie. Commandez directement aupr\u00e8s du fabricant.\" \/>\n<meta property=\"og:url\" content=\"https:\/\/premiumseeds.eu\/fr\/produkt\/carotte-berlikummer-2\/\" \/>\n<meta property=\"og:site_name\" content=\"PremiumSeeds\" \/>\n<meta property=\"article:modified_time\" content=\"2023-07-17T13:55:44+00:00\" \/>\n<meta property=\"og:image\" content=\"https:\/\/premiumseeds.eu\/wp-content\/uploads\/2023\/07\/WORLD-N-G-470-0685_VS-1.jpg?v=1689602120\" \/>\n\t<meta property=\"og:image:width\" content=\"945\" \/>\n\t<meta property=\"og:image:height\" content=\"1772\" \/>\n\t<meta property=\"og:image:type\" content=\"image\/jpeg\" \/>\n<meta name=\"twitter:card\" content=\"summary_large_image\" \/>\n<script type=\"application\/ld+json\" class=\"yoast-schema-graph\">{\"@context\":\"https:\/\/schema.org\",\"@graph\":[{\"@type\":\"WebPage\",\"@id\":\"https:\/\/premiumseeds.eu\/fr\/produkt\/carotte-berlikummer-2\/\",\"url\":\"https:\/\/premiumseeds.eu\/fr\/produkt\/carotte-berlikummer-2\/\",\"name\":\"Carotte Berlikummer 2 - producteur de semences - PremiumSeeds\",\"isPartOf\":{\"@id\":\"https:\/\/premiumseeds.eu\/fr\/#website\"},\"datePublished\":\"2023-07-17T13:55:42+00:00\",\"dateModified\":\"2023-07-17T13:55:44+00:00\",\"description\":\"Carotte Berlikummer 2 graines \u2013 en provenance directe du propri\u00e9taire de la marque PremiumSeeds. Vente en gros et distribution de graines Carotte Berlikummer 2. Germination prouv\u00e9e et garantie. Commandez directement aupr\u00e8s du fabricant.\",\"breadcrumb\":{\"@id\":\"https:\/\/premiumseeds.eu\/fr\/produkt\/carotte-berlikummer-2\/#breadcrumb\"},\"inLanguage\":\"fr-FR\",\"potentialAction\":[{\"@type\":\"ReadAction\",\"target\":[\"https:\/\/premiumseeds.eu\/fr\/produkt\/carotte-berlikummer-2\/\"]}]},{\"@type\":\"BreadcrumbList\",\"@id\":\"https:\/\/premiumseeds.eu\/fr\/produkt\/carotte-berlikummer-2\/#breadcrumb\",\"itemListElement\":[{\"@type\":\"ListItem\",\"position\":1,\"name\":\"Home\",\"item\":\"https:\/\/premiumseeds.eu\/fr\/\"},{\"@type\":\"ListItem\",\"position\":2,\"name\":\"Graines\",\"item\":\"https:\/\/premiumseeds.eu\/fr\/graines\/\"},{\"@type\":\"ListItem\",\"position\":3,\"name\":\"Carotte Berlikummer 2\"}]},{\"@type\":\"WebSite\",\"@id\":\"https:\/\/premiumseeds.eu\/fr\/#website\",\"url\":\"https:\/\/premiumseeds.eu\/fr\/\",\"name\":\"PremiumSeeds\",\"description\":\"Top seeds producer\",\"potentialAction\":[{\"@type\":\"SearchAction\",\"target\":{\"@type\":\"EntryPoint\",\"urlTemplate\":\"https:\/\/premiumseeds.eu\/fr\/?s={search_term_string}\"},\"query-input\":\"required name=search_term_string\"}],\"inLanguage\":\"fr-FR\"}]}<\/script>\n<!-- \/ Yoast SEO plugin. -->","yoast_head_json":{"title":"Carotte Berlikummer 2 - producteur de semences - PremiumSeeds","description":"Carotte Berlikummer 2 graines \u2013 en provenance directe du propri\u00e9taire de la marque PremiumSeeds. Vente en gros et distribution de graines Carotte Berlikummer 2. Germination prouv\u00e9e et garantie. Commandez directement aupr\u00e8s du fabricant.","robots":{"index":"index","follow":"follow","max-snippet":"max-snippet:-1","max-image-preview":"max-image-preview:large","max-video-preview":"max-video-preview:-1"},"canonical":"https:\/\/premiumseeds.eu\/fr\/produkt\/carotte-berlikummer-2\/","og_locale":"fr_FR","og_type":"article","og_title":"Carotte Berlikummer 2 - producteur de semences - PremiumSeeds","og_description":"Carotte Berlikummer 2 graines \u2013 en provenance directe du propri\u00e9taire de la marque PremiumSeeds. Vente en gros et distribution de graines Carotte Berlikummer 2. Germination prouv\u00e9e et garantie. Commandez directement aupr\u00e8s du fabricant.","og_url":"https:\/\/premiumseeds.eu\/fr\/produkt\/carotte-berlikummer-2\/","og_site_name":"PremiumSeeds","article_modified_time":"2023-07-17T13:55:44+00:00","og_image":[{"width":945,"height":1772,"url":"https:\/\/premiumseeds.eu\/wp-content\/uploads\/2023\/07\/WORLD-N-G-470-0685_VS-1.jpg?v=1689602120","type":"image\/jpeg"}],"twitter_card":"summary_large_image","schema":{"@context":"https:\/\/schema.org","@graph":[{"@type":"WebPage","@id":"https:\/\/premiumseeds.eu\/fr\/produkt\/carotte-berlikummer-2\/","url":"https:\/\/premiumseeds.eu\/fr\/produkt\/carotte-berlikummer-2\/","name":"Carotte Berlikummer 2 - producteur de semences - PremiumSeeds","isPartOf":{"@id":"https:\/\/premiumseeds.eu\/fr\/#website"},"datePublished":"2023-07-17T13:55:42+00:00","dateModified":"2023-07-17T13:55:44+00:00","description":"Carotte Berlikummer 2 graines \u2013 en provenance directe du propri\u00e9taire de la marque PremiumSeeds. Vente en gros et distribution de graines Carotte Berlikummer 2. Germination prouv\u00e9e et garantie. Commandez directement aupr\u00e8s du fabricant.","breadcrumb":{"@id":"https:\/\/premiumseeds.eu\/fr\/produkt\/carotte-berlikummer-2\/#breadcrumb"},"inLanguage":"fr-FR","potentialAction":[{"@type":"ReadAction","target":["https:\/\/premiumseeds.eu\/fr\/produkt\/carotte-berlikummer-2\/"]}]},{"@type":"BreadcrumbList","@id":"https:\/\/premiumseeds.eu\/fr\/produkt\/carotte-berlikummer-2\/#breadcrumb","itemListElement":[{"@type":"ListItem","position":1,"name":"Home","item":"https:\/\/premiumseeds.eu\/fr\/"},{"@type":"ListItem","position":2,"name":"Graines","item":"https:\/\/premiumseeds.eu\/fr\/graines\/"},{"@type":"ListItem","position":3,"name":"Carotte Berlikummer 2"}]},{"@type":"WebSite","@id":"https:\/\/premiumseeds.eu\/fr\/#website","url":"https:\/\/premiumseeds.eu\/fr\/","name":"PremiumSeeds","description":"Top seeds producer","potentialAction":[{"@type":"SearchAction","target":{"@type":"EntryPoint","urlTemplate":"https:\/\/premiumseeds.eu\/fr\/?s={search_term_string}"},"query-input":"required name=search_term_string"}],"inLanguage":"fr-FR"}]}},"_links":{"self":[{"href":"https:\/\/premiumseeds.eu\/fr\/wp-json\/wp\/v2\/product\/61586","targetHints":{"allow":["GET"]}}],"collection":[{"href":"https:\/\/premiumseeds.eu\/fr\/wp-json\/wp\/v2\/product"}],"about":[{"href":"https:\/\/premiumseeds.eu\/fr\/wp-json\/wp\/v2\/types\/product"}],"wp:featuredmedia":[{"embeddable":true,"href":"https:\/\/premiumseeds.eu\/fr\/wp-json\/wp\/v2\/media\/61593"}],"wp:attachment":[{"href":"https:\/\/premiumseeds.eu\/fr\/wp-json\/wp\/v2\/media?parent=61586"}],"wp:term":[{"taxonomy":"product_cat","embeddable":true,"href":"https:\/\/premiumseeds.eu\/fr\/wp-json\/wp\/v2\/product_cat?post=61586"},{"taxonomy":"product_tag","embeddable":true,"href":"https:\/\/premiumseeds.eu\/fr\/wp-json\/wp\/v2\/product_tag?post=61586"}],"curies":[{"name":"wp","href":"https:\/\/api.w.org\/{rel}","templated":true}]}}