{"id":66551,"date":"2023-08-01T12:47:08","date_gmt":"2023-08-01T10:47:08","guid":{"rendered":"https:\/\/premiumseeds.eu\/?post_type=product&#038;p=66551"},"modified":"2023-08-01T12:47:10","modified_gmt":"2023-08-01T10:47:10","slug":"centauree-bleuet-rouge","status":"publish","type":"product","link":"https:\/\/premiumseeds.eu\/fr\/produkt\/centauree-bleuet-rouge\/","title":{"rendered":"Centaur\u00e9e bleuet Rouge"},"content":{"rendered":"","protected":false},"excerpt":{"rendered":"<p>C&rsquo;est une plante annuelle qui mesure de 50 \u00e0 80 cm de haut. Elle produit de grandes fleurs doubles de couleur rose-rouge. Cette plante mellif\u00e8re convient aux parterres de fleurs, aux prairies et aux bouquets de fleurs coup\u00e9es.<br \/>\n<\/b><br \/>\n<strong>Centaur\u00e9e bleuet Rouge &#8211; semences<\/strong><br \/>\n<\/b><br \/>\n<strong>Profondeur de semis dansen ext\u00e9rieur:<\/strong> 0,5 &#8211; 1,5 cm<br \/>\n<strong>Temps de semis en ext\u00e9rieur:<\/strong>  mars &#8211; mai<br \/>\n<strong>Propagation:<\/strong> 15 x 30 cm<br \/>\n<strong>P\u00e9riode de floraison:<\/strong> juin &#8211; septembre<br \/>\n<\/b><br \/>\nUn paquet contient 0,6 g de graines.<\/p>\n","protected":false},"featured_media":66558,"template":"","meta":{"_monsterinsights_skip_tracking":false,"_monsterinsights_sitenote_active":false,"_monsterinsights_sitenote_note":"","_monsterinsights_sitenote_category":0},"product_cat":[1486,1470,1593,1596],"product_tag":[4777],"class_list":["post-66551","product","type-product","status-publish","has-post-thumbnail","hentry","product_cat-graines-de-centauree","product_cat-graines-de-fleurs-de-jardin","product_cat-graines-de-plantes-melliferes","product_cat-graines-de-prairie-fleurie","product_tag-centauree-bleuet-rouge-semences"],"yoast_head":"<!-- This site is optimized with the Yoast SEO plugin v21.6 - https:\/\/yoast.com\/wordpress\/plugins\/seo\/ -->\n<title>Centaur\u00e9e bleuet Rouge - producteur de semences - PremiumSeeds<\/title>\n<meta name=\"description\" content=\"Centaur\u00e9e bleuet Rouge graines \u2013 en provenance directe du propri\u00e9taire de la marque PremiumSeeds. Vente en gros et distribution de graines Centaur\u00e9e bleuet Rouge. Germination prouv\u00e9e et garantie. Commandez directement aupr\u00e8s du fabricant.\" \/>\n<meta name=\"robots\" content=\"index, follow, max-snippet:-1, max-image-preview:large, max-video-preview:-1\" \/>\n<link rel=\"canonical\" href=\"https:\/\/premiumseeds.eu\/fr\/produkt\/centauree-bleuet-rouge\/\" \/>\n<meta property=\"og:locale\" content=\"fr_FR\" \/>\n<meta property=\"og:type\" content=\"article\" \/>\n<meta property=\"og:title\" content=\"Centaur\u00e9e bleuet Rouge - producteur de semences - PremiumSeeds\" \/>\n<meta property=\"og:description\" content=\"Centaur\u00e9e bleuet Rouge graines \u2013 en provenance directe du propri\u00e9taire de la marque PremiumSeeds. Vente en gros et distribution de graines Centaur\u00e9e bleuet Rouge. Germination prouv\u00e9e et garantie. Commandez directement aupr\u00e8s du fabricant.\" \/>\n<meta property=\"og:url\" content=\"https:\/\/premiumseeds.eu\/fr\/produkt\/centauree-bleuet-rouge\/\" \/>\n<meta property=\"og:site_name\" content=\"PremiumSeeds\" \/>\n<meta property=\"article:modified_time\" content=\"2023-08-01T10:47:10+00:00\" \/>\n<meta property=\"og:image\" content=\"https:\/\/premiumseeds.eu\/wp-content\/uploads\/2023\/08\/WORLD-N-150-2956-spez_VS.jpg?v=1690886772\" \/>\n\t<meta property=\"og:image:width\" content=\"945\" \/>\n\t<meta property=\"og:image:height\" content=\"1772\" \/>\n\t<meta property=\"og:image:type\" content=\"image\/jpeg\" \/>\n<meta name=\"twitter:card\" content=\"summary_large_image\" \/>\n<script type=\"application\/ld+json\" class=\"yoast-schema-graph\">{\"@context\":\"https:\/\/schema.org\",\"@graph\":[{\"@type\":\"WebPage\",\"@id\":\"https:\/\/premiumseeds.eu\/fr\/produkt\/centauree-bleuet-rouge\/\",\"url\":\"https:\/\/premiumseeds.eu\/fr\/produkt\/centauree-bleuet-rouge\/\",\"name\":\"Centaur\u00e9e bleuet Rouge - producteur de semences - PremiumSeeds\",\"isPartOf\":{\"@id\":\"https:\/\/premiumseeds.eu\/fr\/#website\"},\"datePublished\":\"2023-08-01T10:47:08+00:00\",\"dateModified\":\"2023-08-01T10:47:10+00:00\",\"description\":\"Centaur\u00e9e bleuet Rouge graines \u2013 en provenance directe du propri\u00e9taire de la marque PremiumSeeds. Vente en gros et distribution de graines Centaur\u00e9e bleuet Rouge. Germination prouv\u00e9e et garantie. Commandez directement aupr\u00e8s du fabricant.\",\"breadcrumb\":{\"@id\":\"https:\/\/premiumseeds.eu\/fr\/produkt\/centauree-bleuet-rouge\/#breadcrumb\"},\"inLanguage\":\"fr-FR\",\"potentialAction\":[{\"@type\":\"ReadAction\",\"target\":[\"https:\/\/premiumseeds.eu\/fr\/produkt\/centauree-bleuet-rouge\/\"]}]},{\"@type\":\"BreadcrumbList\",\"@id\":\"https:\/\/premiumseeds.eu\/fr\/produkt\/centauree-bleuet-rouge\/#breadcrumb\",\"itemListElement\":[{\"@type\":\"ListItem\",\"position\":1,\"name\":\"Home\",\"item\":\"https:\/\/premiumseeds.eu\/fr\/\"},{\"@type\":\"ListItem\",\"position\":2,\"name\":\"Graines\",\"item\":\"https:\/\/premiumseeds.eu\/fr\/graines\/\"},{\"@type\":\"ListItem\",\"position\":3,\"name\":\"Centaur\u00e9e bleuet Rouge\"}]},{\"@type\":\"WebSite\",\"@id\":\"https:\/\/premiumseeds.eu\/fr\/#website\",\"url\":\"https:\/\/premiumseeds.eu\/fr\/\",\"name\":\"PremiumSeeds\",\"description\":\"Top seeds producer\",\"potentialAction\":[{\"@type\":\"SearchAction\",\"target\":{\"@type\":\"EntryPoint\",\"urlTemplate\":\"https:\/\/premiumseeds.eu\/fr\/?s={search_term_string}\"},\"query-input\":\"required name=search_term_string\"}],\"inLanguage\":\"fr-FR\"}]}<\/script>\n<!-- \/ Yoast SEO plugin. -->","yoast_head_json":{"title":"Centaur\u00e9e bleuet Rouge - producteur de semences - PremiumSeeds","description":"Centaur\u00e9e bleuet Rouge graines \u2013 en provenance directe du propri\u00e9taire de la marque PremiumSeeds. Vente en gros et distribution de graines Centaur\u00e9e bleuet Rouge. Germination prouv\u00e9e et garantie. Commandez directement aupr\u00e8s du fabricant.","robots":{"index":"index","follow":"follow","max-snippet":"max-snippet:-1","max-image-preview":"max-image-preview:large","max-video-preview":"max-video-preview:-1"},"canonical":"https:\/\/premiumseeds.eu\/fr\/produkt\/centauree-bleuet-rouge\/","og_locale":"fr_FR","og_type":"article","og_title":"Centaur\u00e9e bleuet Rouge - producteur de semences - PremiumSeeds","og_description":"Centaur\u00e9e bleuet Rouge graines \u2013 en provenance directe du propri\u00e9taire de la marque PremiumSeeds. Vente en gros et distribution de graines Centaur\u00e9e bleuet Rouge. Germination prouv\u00e9e et garantie. Commandez directement aupr\u00e8s du fabricant.","og_url":"https:\/\/premiumseeds.eu\/fr\/produkt\/centauree-bleuet-rouge\/","og_site_name":"PremiumSeeds","article_modified_time":"2023-08-01T10:47:10+00:00","og_image":[{"width":945,"height":1772,"url":"https:\/\/premiumseeds.eu\/wp-content\/uploads\/2023\/08\/WORLD-N-150-2956-spez_VS.jpg?v=1690886772","type":"image\/jpeg"}],"twitter_card":"summary_large_image","schema":{"@context":"https:\/\/schema.org","@graph":[{"@type":"WebPage","@id":"https:\/\/premiumseeds.eu\/fr\/produkt\/centauree-bleuet-rouge\/","url":"https:\/\/premiumseeds.eu\/fr\/produkt\/centauree-bleuet-rouge\/","name":"Centaur\u00e9e bleuet Rouge - producteur de semences - PremiumSeeds","isPartOf":{"@id":"https:\/\/premiumseeds.eu\/fr\/#website"},"datePublished":"2023-08-01T10:47:08+00:00","dateModified":"2023-08-01T10:47:10+00:00","description":"Centaur\u00e9e bleuet Rouge graines \u2013 en provenance directe du propri\u00e9taire de la marque PremiumSeeds. Vente en gros et distribution de graines Centaur\u00e9e bleuet Rouge. Germination prouv\u00e9e et garantie. Commandez directement aupr\u00e8s du fabricant.","breadcrumb":{"@id":"https:\/\/premiumseeds.eu\/fr\/produkt\/centauree-bleuet-rouge\/#breadcrumb"},"inLanguage":"fr-FR","potentialAction":[{"@type":"ReadAction","target":["https:\/\/premiumseeds.eu\/fr\/produkt\/centauree-bleuet-rouge\/"]}]},{"@type":"BreadcrumbList","@id":"https:\/\/premiumseeds.eu\/fr\/produkt\/centauree-bleuet-rouge\/#breadcrumb","itemListElement":[{"@type":"ListItem","position":1,"name":"Home","item":"https:\/\/premiumseeds.eu\/fr\/"},{"@type":"ListItem","position":2,"name":"Graines","item":"https:\/\/premiumseeds.eu\/fr\/graines\/"},{"@type":"ListItem","position":3,"name":"Centaur\u00e9e bleuet Rouge"}]},{"@type":"WebSite","@id":"https:\/\/premiumseeds.eu\/fr\/#website","url":"https:\/\/premiumseeds.eu\/fr\/","name":"PremiumSeeds","description":"Top seeds producer","potentialAction":[{"@type":"SearchAction","target":{"@type":"EntryPoint","urlTemplate":"https:\/\/premiumseeds.eu\/fr\/?s={search_term_string}"},"query-input":"required name=search_term_string"}],"inLanguage":"fr-FR"}]}},"_links":{"self":[{"href":"https:\/\/premiumseeds.eu\/fr\/wp-json\/wp\/v2\/product\/66551","targetHints":{"allow":["GET"]}}],"collection":[{"href":"https:\/\/premiumseeds.eu\/fr\/wp-json\/wp\/v2\/product"}],"about":[{"href":"https:\/\/premiumseeds.eu\/fr\/wp-json\/wp\/v2\/types\/product"}],"wp:featuredmedia":[{"embeddable":true,"href":"https:\/\/premiumseeds.eu\/fr\/wp-json\/wp\/v2\/media\/66558"}],"wp:attachment":[{"href":"https:\/\/premiumseeds.eu\/fr\/wp-json\/wp\/v2\/media?parent=66551"}],"wp:term":[{"taxonomy":"product_cat","embeddable":true,"href":"https:\/\/premiumseeds.eu\/fr\/wp-json\/wp\/v2\/product_cat?post=66551"},{"taxonomy":"product_tag","embeddable":true,"href":"https:\/\/premiumseeds.eu\/fr\/wp-json\/wp\/v2\/product_tag?post=66551"}],"curies":[{"name":"wp","href":"https:\/\/api.w.org\/{rel}","templated":true}]}}