{"id":30430,"date":"2022-06-22T15:04:09","date_gmt":"2022-06-22T13:04:09","guid":{"rendered":"https:\/\/premiumseeds.eu\/?post_type=product&#038;p=30430"},"modified":"2023-07-07T14:46:56","modified_gmt":"2023-07-07T12:46:56","slug":"basilico-miscuglio-di-varieta","status":"publish","type":"product","link":"https:\/\/premiumseeds.eu\/it\/produkt\/basilico-miscuglio-di-varieta\/","title":{"rendered":"Basilico &#8211; Miscuglio di variet\u00e0"},"content":{"rendered":"","protected":false},"excerpt":{"rendered":"<p>Un insieme di variet\u00e0 con diversa forma, diverso sapore e colore delle foglie. Foglie aromatiche da utilizzare in cucina. Piante annuali, alte 20-50 cm, adatte alla coltivazione sia in giardino che in vaso.<br \/>\n<\/b><br \/>\n<strong>Basilico &#8211; Miscuglio di variet\u00e0 &#8211; semi<\/strong><br \/>\n<\/b><br \/>\n<strong> Profondit\u00e0 di semina:<\/strong> 0,5 &#8211; 1 cm<br \/>\n<strong>Tempo di semina in serra:<\/strong> aprile<br \/>\n<strong>Tempo di semina all\u2019aperto:<\/strong> maggio<br \/>\n<strong>Tempo di semina delle plantule all\u2019aperto:<\/strong> 15 maggio<br \/>\n<strong>Semina:<\/strong> 30 x 20-25 cm<br \/>\n<strong>Periodo di raccolt\u00e0:<\/strong> luglio &#8211; settembre<br \/>\n<\/b><br \/>\nUna confezione contiene 0,5 grammi di semi.<\/p>\n","protected":false},"featured_media":59824,"template":"","meta":{"_monsterinsights_skip_tracking":false,"_monsterinsights_sitenote_active":false,"_monsterinsights_sitenote_note":"","_monsterinsights_sitenote_category":0},"product_cat":[1930,1929],"product_tag":[2539],"class_list":["post-30430","product","type-product","status-publish","has-post-thumbnail","hentry","product_cat-semi-di-basilico","product_cat-semi-di-erbe","product_tag-basilico-miscuglio-di-varieta-semi"],"yoast_head":"<!-- This site is optimized with the Yoast SEO plugin v21.6 - https:\/\/yoast.com\/wordpress\/plugins\/seo\/ -->\n<title>Basilico - Miscuglio di variet\u00e0 - PremiumSeeds \u2013 produzione di sementi<\/title>\n<meta name=\"description\" content=\"Basilico - Miscuglio di variet\u00e0 sementi \u2013 direttamente dalla propriet\u00e0 del marchio PremiumSeeds. Commercio all&#039;ingrosso e distribuzione di semi Basilico - Miscuglio di variet\u00e0 Germinabilit\u00e0 comprovata e garantita. Ordina direttamente dal produttore.\" \/>\n<meta name=\"robots\" content=\"index, follow, max-snippet:-1, max-image-preview:large, max-video-preview:-1\" \/>\n<link rel=\"canonical\" href=\"https:\/\/premiumseeds.eu\/it\/produkt\/basilico-miscuglio-di-varieta\/\" \/>\n<meta property=\"og:locale\" content=\"it_IT\" \/>\n<meta property=\"og:type\" content=\"article\" \/>\n<meta property=\"og:title\" content=\"Basilico - Miscuglio di variet\u00e0 - PremiumSeeds \u2013 produzione di sementi\" \/>\n<meta property=\"og:description\" content=\"Basilico - Miscuglio di variet\u00e0 sementi \u2013 direttamente dalla propriet\u00e0 del marchio PremiumSeeds. Commercio all&#039;ingrosso e distribuzione di semi Basilico - Miscuglio di variet\u00e0 Germinabilit\u00e0 comprovata e garantita. Ordina direttamente dal produttore.\" \/>\n<meta property=\"og:url\" content=\"https:\/\/premiumseeds.eu\/it\/produkt\/basilico-miscuglio-di-varieta\/\" \/>\n<meta property=\"og:site_name\" content=\"PremiumSeeds\" \/>\n<meta property=\"article:modified_time\" content=\"2023-07-07T12:46:56+00:00\" \/>\n<meta property=\"og:image\" content=\"https:\/\/premiumseeds.eu\/wp-content\/uploads\/2022\/06\/WORLD-N-170-4292_VS-1.jpg?v=1688734001\" \/>\n\t<meta property=\"og:image:width\" content=\"945\" \/>\n\t<meta property=\"og:image:height\" content=\"1772\" \/>\n\t<meta property=\"og:image:type\" content=\"image\/jpeg\" \/>\n<meta name=\"twitter:card\" content=\"summary_large_image\" \/>\n<script type=\"application\/ld+json\" class=\"yoast-schema-graph\">{\"@context\":\"https:\/\/schema.org\",\"@graph\":[{\"@type\":\"WebPage\",\"@id\":\"https:\/\/premiumseeds.eu\/it\/produkt\/basilico-miscuglio-di-varieta\/\",\"url\":\"https:\/\/premiumseeds.eu\/it\/produkt\/basilico-miscuglio-di-varieta\/\",\"name\":\"Basilico - Miscuglio di variet\u00e0 - PremiumSeeds \u2013 produzione di sementi\",\"isPartOf\":{\"@id\":\"https:\/\/premiumseeds.eu\/it\/#website\"},\"datePublished\":\"2022-06-22T13:04:09+00:00\",\"dateModified\":\"2023-07-07T12:46:56+00:00\",\"description\":\"Basilico - Miscuglio di variet\u00e0 sementi \u2013 direttamente dalla propriet\u00e0 del marchio PremiumSeeds. Commercio all'ingrosso e distribuzione di semi Basilico - Miscuglio di variet\u00e0 Germinabilit\u00e0 comprovata e garantita. Ordina direttamente dal produttore.\",\"breadcrumb\":{\"@id\":\"https:\/\/premiumseeds.eu\/it\/produkt\/basilico-miscuglio-di-varieta\/#breadcrumb\"},\"inLanguage\":\"it-IT\",\"potentialAction\":[{\"@type\":\"ReadAction\",\"target\":[\"https:\/\/premiumseeds.eu\/it\/produkt\/basilico-miscuglio-di-varieta\/\"]}]},{\"@type\":\"BreadcrumbList\",\"@id\":\"https:\/\/premiumseeds.eu\/it\/produkt\/basilico-miscuglio-di-varieta\/#breadcrumb\",\"itemListElement\":[{\"@type\":\"ListItem\",\"position\":1,\"name\":\"Home\",\"item\":\"https:\/\/premiumseeds.eu\/it\/\"},{\"@type\":\"ListItem\",\"position\":2,\"name\":\"Semi\",\"item\":\"https:\/\/premiumseeds.eu\/it\/semi\/\"},{\"@type\":\"ListItem\",\"position\":3,\"name\":\"Basilico &#8211; Miscuglio di variet\u00e0\"}]},{\"@type\":\"WebSite\",\"@id\":\"https:\/\/premiumseeds.eu\/it\/#website\",\"url\":\"https:\/\/premiumseeds.eu\/it\/\",\"name\":\"PremiumSeeds\",\"description\":\"Top seeds producer\",\"potentialAction\":[{\"@type\":\"SearchAction\",\"target\":{\"@type\":\"EntryPoint\",\"urlTemplate\":\"https:\/\/premiumseeds.eu\/it\/?s={search_term_string}\"},\"query-input\":\"required name=search_term_string\"}],\"inLanguage\":\"it-IT\"}]}<\/script>\n<!-- \/ Yoast SEO plugin. -->","yoast_head_json":{"title":"Basilico - Miscuglio di variet\u00e0 - PremiumSeeds \u2013 produzione di sementi","description":"Basilico - Miscuglio di variet\u00e0 sementi \u2013 direttamente dalla propriet\u00e0 del marchio PremiumSeeds. Commercio all'ingrosso e distribuzione di semi Basilico - Miscuglio di variet\u00e0 Germinabilit\u00e0 comprovata e garantita. Ordina direttamente dal produttore.","robots":{"index":"index","follow":"follow","max-snippet":"max-snippet:-1","max-image-preview":"max-image-preview:large","max-video-preview":"max-video-preview:-1"},"canonical":"https:\/\/premiumseeds.eu\/it\/produkt\/basilico-miscuglio-di-varieta\/","og_locale":"it_IT","og_type":"article","og_title":"Basilico - Miscuglio di variet\u00e0 - PremiumSeeds \u2013 produzione di sementi","og_description":"Basilico - Miscuglio di variet\u00e0 sementi \u2013 direttamente dalla propriet\u00e0 del marchio PremiumSeeds. Commercio all'ingrosso e distribuzione di semi Basilico - Miscuglio di variet\u00e0 Germinabilit\u00e0 comprovata e garantita. Ordina direttamente dal produttore.","og_url":"https:\/\/premiumseeds.eu\/it\/produkt\/basilico-miscuglio-di-varieta\/","og_site_name":"PremiumSeeds","article_modified_time":"2023-07-07T12:46:56+00:00","og_image":[{"width":945,"height":1772,"url":"https:\/\/premiumseeds.eu\/wp-content\/uploads\/2022\/06\/WORLD-N-170-4292_VS-1.jpg?v=1688734001","type":"image\/jpeg"}],"twitter_card":"summary_large_image","schema":{"@context":"https:\/\/schema.org","@graph":[{"@type":"WebPage","@id":"https:\/\/premiumseeds.eu\/it\/produkt\/basilico-miscuglio-di-varieta\/","url":"https:\/\/premiumseeds.eu\/it\/produkt\/basilico-miscuglio-di-varieta\/","name":"Basilico - Miscuglio di variet\u00e0 - PremiumSeeds \u2013 produzione di sementi","isPartOf":{"@id":"https:\/\/premiumseeds.eu\/it\/#website"},"datePublished":"2022-06-22T13:04:09+00:00","dateModified":"2023-07-07T12:46:56+00:00","description":"Basilico - Miscuglio di variet\u00e0 sementi \u2013 direttamente dalla propriet\u00e0 del marchio PremiumSeeds. Commercio all'ingrosso e distribuzione di semi Basilico - Miscuglio di variet\u00e0 Germinabilit\u00e0 comprovata e garantita. Ordina direttamente dal produttore.","breadcrumb":{"@id":"https:\/\/premiumseeds.eu\/it\/produkt\/basilico-miscuglio-di-varieta\/#breadcrumb"},"inLanguage":"it-IT","potentialAction":[{"@type":"ReadAction","target":["https:\/\/premiumseeds.eu\/it\/produkt\/basilico-miscuglio-di-varieta\/"]}]},{"@type":"BreadcrumbList","@id":"https:\/\/premiumseeds.eu\/it\/produkt\/basilico-miscuglio-di-varieta\/#breadcrumb","itemListElement":[{"@type":"ListItem","position":1,"name":"Home","item":"https:\/\/premiumseeds.eu\/it\/"},{"@type":"ListItem","position":2,"name":"Semi","item":"https:\/\/premiumseeds.eu\/it\/semi\/"},{"@type":"ListItem","position":3,"name":"Basilico &#8211; Miscuglio di variet\u00e0"}]},{"@type":"WebSite","@id":"https:\/\/premiumseeds.eu\/it\/#website","url":"https:\/\/premiumseeds.eu\/it\/","name":"PremiumSeeds","description":"Top seeds producer","potentialAction":[{"@type":"SearchAction","target":{"@type":"EntryPoint","urlTemplate":"https:\/\/premiumseeds.eu\/it\/?s={search_term_string}"},"query-input":"required name=search_term_string"}],"inLanguage":"it-IT"}]}},"_links":{"self":[{"href":"https:\/\/premiumseeds.eu\/it\/wp-json\/wp\/v2\/product\/30430","targetHints":{"allow":["GET"]}}],"collection":[{"href":"https:\/\/premiumseeds.eu\/it\/wp-json\/wp\/v2\/product"}],"about":[{"href":"https:\/\/premiumseeds.eu\/it\/wp-json\/wp\/v2\/types\/product"}],"wp:featuredmedia":[{"embeddable":true,"href":"https:\/\/premiumseeds.eu\/it\/wp-json\/wp\/v2\/media\/59824"}],"wp:attachment":[{"href":"https:\/\/premiumseeds.eu\/it\/wp-json\/wp\/v2\/media?parent=30430"}],"wp:term":[{"taxonomy":"product_cat","embeddable":true,"href":"https:\/\/premiumseeds.eu\/it\/wp-json\/wp\/v2\/product_cat?post=30430"},{"taxonomy":"product_tag","embeddable":true,"href":"https:\/\/premiumseeds.eu\/it\/wp-json\/wp\/v2\/product_tag?post=30430"}],"curies":[{"name":"wp","href":"https:\/\/api.w.org\/{rel}","templated":true}]}}