{"id":31203,"date":"2022-06-23T15:29:56","date_gmt":"2022-06-23T13:29:56","guid":{"rendered":"https:\/\/premiumseeds.eu\/?post_type=product&#038;p=31203"},"modified":"2022-10-20T12:06:21","modified_gmt":"2022-10-20T10:06:21","slug":"cavolo-riccio-halbhoher-gruner-krauser","status":"publish","type":"product","link":"https:\/\/premiumseeds.eu\/it\/produkt\/cavolo-riccio-halbhoher-gruner-krauser\/","title":{"rendered":"Cavolo riccio Halbhoher gr\u00fcner krauser"},"content":{"rendered":"","protected":false},"excerpt":{"rendered":"<p>Pianta medio-alta di circa 60-80 cm. Resistente fino alle temperature di -15\u00b0C. Foglie di colore verde scuro, fortemente arricciate, ricche di vitamine e sali minerali. Da consumare fresche o cotte. Adatte al surgelamento.<br \/>\n<\/B><br \/>\n<strong>Cavolo riccio Halbhoher gr\u00fcner krauser &#8211; semi<\/strong><br \/>\n<\/b><br \/>\n<strong>Periodo di raccolt\u00e0:<\/strong> 0,5 cm<br \/>\n<strong>Tempo di semina:<\/strong> aprile &#8211; 15 giugno<br \/>\n<strong>Tempo di semina delle plantule all\u2019aperto:<\/strong> maggio &#8211; luglio<br \/>\n<strong>Semina:<\/strong> 50 x 40 &#8211; 50 cm<br \/>\n<strong>Periodo di raccolt\u00e0:<\/strong> agosto &#8211; dicembre<br \/>\n<\/b><br \/>\nLa confezione contiene 1 grammo di semi.<\/p>\n","protected":false},"featured_media":37536,"template":"","meta":{"_monsterinsights_skip_tracking":false,"_monsterinsights_sitenote_active":false,"_monsterinsights_sitenote_note":"","_monsterinsights_sitenote_category":0},"product_cat":[2084,2076],"product_tag":[2532],"class_list":["post-31203","product","type-product","status-publish","has-post-thumbnail","hentry","product_cat-semi-di-cavolo-nero","product_cat-semi-di-ortaggi","product_tag-cavolo-riccio-halbhoher-gruner-krauser-semi"],"yoast_head":"<!-- This site is optimized with the Yoast SEO plugin v21.6 - https:\/\/yoast.com\/wordpress\/plugins\/seo\/ -->\n<title>Cavolo riccio Halbhoher gr\u00fcner krauser - PremiumSeeds \u2013 produzione di sementi<\/title>\n<meta name=\"description\" content=\"Cavolo riccio Halbhoher gr\u00fcner krauser sementi \u2013 direttamente dalla propriet\u00e0 del marchio PremiumSeeds. Commercio all&#039;ingrosso e distribuzione di semi Cavolo riccio Halbhoher gr\u00fcner krauser Germinabilit\u00e0 comprovata e garantita. Ordina direttamente dal produttore.\" \/>\n<meta name=\"robots\" content=\"index, follow, max-snippet:-1, max-image-preview:large, max-video-preview:-1\" \/>\n<link rel=\"canonical\" href=\"https:\/\/premiumseeds.eu\/it\/produkt\/cavolo-riccio-halbhoher-gruner-krauser\/\" \/>\n<meta property=\"og:locale\" content=\"it_IT\" \/>\n<meta property=\"og:type\" content=\"article\" \/>\n<meta property=\"og:title\" content=\"Cavolo riccio Halbhoher gr\u00fcner krauser - PremiumSeeds \u2013 produzione di sementi\" \/>\n<meta property=\"og:description\" content=\"Cavolo riccio Halbhoher gr\u00fcner krauser sementi \u2013 direttamente dalla propriet\u00e0 del marchio PremiumSeeds. Commercio all&#039;ingrosso e distribuzione di semi Cavolo riccio Halbhoher gr\u00fcner krauser Germinabilit\u00e0 comprovata e garantita. Ordina direttamente dal produttore.\" \/>\n<meta property=\"og:url\" content=\"https:\/\/premiumseeds.eu\/it\/produkt\/cavolo-riccio-halbhoher-gruner-krauser\/\" \/>\n<meta property=\"og:site_name\" content=\"PremiumSeeds\" \/>\n<meta property=\"article:modified_time\" content=\"2022-10-20T10:06:21+00:00\" \/>\n<meta property=\"og:image\" content=\"https:\/\/premiumseeds.eu\/wp-content\/uploads\/2022\/06\/WORLD-N-94-38-50_VS-1-546x1024.jpg\" \/>\n\t<meta property=\"og:image:width\" content=\"546\" \/>\n\t<meta property=\"og:image:height\" content=\"1024\" \/>\n\t<meta property=\"og:image:type\" content=\"image\/jpeg\" \/>\n<meta name=\"twitter:card\" content=\"summary_large_image\" \/>\n<script type=\"application\/ld+json\" class=\"yoast-schema-graph\">{\"@context\":\"https:\/\/schema.org\",\"@graph\":[{\"@type\":\"WebPage\",\"@id\":\"https:\/\/premiumseeds.eu\/it\/produkt\/cavolo-riccio-halbhoher-gruner-krauser\/\",\"url\":\"https:\/\/premiumseeds.eu\/it\/produkt\/cavolo-riccio-halbhoher-gruner-krauser\/\",\"name\":\"Cavolo riccio Halbhoher gr\u00fcner krauser - PremiumSeeds \u2013 produzione di sementi\",\"isPartOf\":{\"@id\":\"https:\/\/premiumseeds.eu\/it\/#website\"},\"datePublished\":\"2022-06-23T13:29:56+00:00\",\"dateModified\":\"2022-10-20T10:06:21+00:00\",\"description\":\"Cavolo riccio Halbhoher gr\u00fcner krauser sementi \u2013 direttamente dalla propriet\u00e0 del marchio PremiumSeeds. Commercio all'ingrosso e distribuzione di semi Cavolo riccio Halbhoher gr\u00fcner krauser Germinabilit\u00e0 comprovata e garantita. Ordina direttamente dal produttore.\",\"breadcrumb\":{\"@id\":\"https:\/\/premiumseeds.eu\/it\/produkt\/cavolo-riccio-halbhoher-gruner-krauser\/#breadcrumb\"},\"inLanguage\":\"it-IT\",\"potentialAction\":[{\"@type\":\"ReadAction\",\"target\":[\"https:\/\/premiumseeds.eu\/it\/produkt\/cavolo-riccio-halbhoher-gruner-krauser\/\"]}]},{\"@type\":\"BreadcrumbList\",\"@id\":\"https:\/\/premiumseeds.eu\/it\/produkt\/cavolo-riccio-halbhoher-gruner-krauser\/#breadcrumb\",\"itemListElement\":[{\"@type\":\"ListItem\",\"position\":1,\"name\":\"Home\",\"item\":\"https:\/\/premiumseeds.eu\/it\/\"},{\"@type\":\"ListItem\",\"position\":2,\"name\":\"Semi\",\"item\":\"https:\/\/premiumseeds.eu\/it\/semi\/\"},{\"@type\":\"ListItem\",\"position\":3,\"name\":\"Cavolo riccio Halbhoher gr\u00fcner krauser\"}]},{\"@type\":\"WebSite\",\"@id\":\"https:\/\/premiumseeds.eu\/it\/#website\",\"url\":\"https:\/\/premiumseeds.eu\/it\/\",\"name\":\"PremiumSeeds\",\"description\":\"Top seeds producer\",\"potentialAction\":[{\"@type\":\"SearchAction\",\"target\":{\"@type\":\"EntryPoint\",\"urlTemplate\":\"https:\/\/premiumseeds.eu\/it\/?s={search_term_string}\"},\"query-input\":\"required name=search_term_string\"}],\"inLanguage\":\"it-IT\"}]}<\/script>\n<!-- \/ Yoast SEO plugin. -->","yoast_head_json":{"title":"Cavolo riccio Halbhoher gr\u00fcner krauser - PremiumSeeds \u2013 produzione di sementi","description":"Cavolo riccio Halbhoher gr\u00fcner krauser sementi \u2013 direttamente dalla propriet\u00e0 del marchio PremiumSeeds. Commercio all'ingrosso e distribuzione di semi Cavolo riccio Halbhoher gr\u00fcner krauser Germinabilit\u00e0 comprovata e garantita. Ordina direttamente dal produttore.","robots":{"index":"index","follow":"follow","max-snippet":"max-snippet:-1","max-image-preview":"max-image-preview:large","max-video-preview":"max-video-preview:-1"},"canonical":"https:\/\/premiumseeds.eu\/it\/produkt\/cavolo-riccio-halbhoher-gruner-krauser\/","og_locale":"it_IT","og_type":"article","og_title":"Cavolo riccio Halbhoher gr\u00fcner krauser - PremiumSeeds \u2013 produzione di sementi","og_description":"Cavolo riccio Halbhoher gr\u00fcner krauser sementi \u2013 direttamente dalla propriet\u00e0 del marchio PremiumSeeds. Commercio all'ingrosso e distribuzione di semi Cavolo riccio Halbhoher gr\u00fcner krauser Germinabilit\u00e0 comprovata e garantita. Ordina direttamente dal produttore.","og_url":"https:\/\/premiumseeds.eu\/it\/produkt\/cavolo-riccio-halbhoher-gruner-krauser\/","og_site_name":"PremiumSeeds","article_modified_time":"2022-10-20T10:06:21+00:00","og_image":[{"width":546,"height":1024,"url":"https:\/\/premiumseeds.eu\/wp-content\/uploads\/2022\/06\/WORLD-N-94-38-50_VS-1-546x1024.jpg","type":"image\/jpeg"}],"twitter_card":"summary_large_image","schema":{"@context":"https:\/\/schema.org","@graph":[{"@type":"WebPage","@id":"https:\/\/premiumseeds.eu\/it\/produkt\/cavolo-riccio-halbhoher-gruner-krauser\/","url":"https:\/\/premiumseeds.eu\/it\/produkt\/cavolo-riccio-halbhoher-gruner-krauser\/","name":"Cavolo riccio Halbhoher gr\u00fcner krauser - PremiumSeeds \u2013 produzione di sementi","isPartOf":{"@id":"https:\/\/premiumseeds.eu\/it\/#website"},"datePublished":"2022-06-23T13:29:56+00:00","dateModified":"2022-10-20T10:06:21+00:00","description":"Cavolo riccio Halbhoher gr\u00fcner krauser sementi \u2013 direttamente dalla propriet\u00e0 del marchio PremiumSeeds. Commercio all'ingrosso e distribuzione di semi Cavolo riccio Halbhoher gr\u00fcner krauser Germinabilit\u00e0 comprovata e garantita. Ordina direttamente dal produttore.","breadcrumb":{"@id":"https:\/\/premiumseeds.eu\/it\/produkt\/cavolo-riccio-halbhoher-gruner-krauser\/#breadcrumb"},"inLanguage":"it-IT","potentialAction":[{"@type":"ReadAction","target":["https:\/\/premiumseeds.eu\/it\/produkt\/cavolo-riccio-halbhoher-gruner-krauser\/"]}]},{"@type":"BreadcrumbList","@id":"https:\/\/premiumseeds.eu\/it\/produkt\/cavolo-riccio-halbhoher-gruner-krauser\/#breadcrumb","itemListElement":[{"@type":"ListItem","position":1,"name":"Home","item":"https:\/\/premiumseeds.eu\/it\/"},{"@type":"ListItem","position":2,"name":"Semi","item":"https:\/\/premiumseeds.eu\/it\/semi\/"},{"@type":"ListItem","position":3,"name":"Cavolo riccio Halbhoher gr\u00fcner krauser"}]},{"@type":"WebSite","@id":"https:\/\/premiumseeds.eu\/it\/#website","url":"https:\/\/premiumseeds.eu\/it\/","name":"PremiumSeeds","description":"Top seeds producer","potentialAction":[{"@type":"SearchAction","target":{"@type":"EntryPoint","urlTemplate":"https:\/\/premiumseeds.eu\/it\/?s={search_term_string}"},"query-input":"required name=search_term_string"}],"inLanguage":"it-IT"}]}},"_links":{"self":[{"href":"https:\/\/premiumseeds.eu\/it\/wp-json\/wp\/v2\/product\/31203","targetHints":{"allow":["GET"]}}],"collection":[{"href":"https:\/\/premiumseeds.eu\/it\/wp-json\/wp\/v2\/product"}],"about":[{"href":"https:\/\/premiumseeds.eu\/it\/wp-json\/wp\/v2\/types\/product"}],"wp:featuredmedia":[{"embeddable":true,"href":"https:\/\/premiumseeds.eu\/it\/wp-json\/wp\/v2\/media\/37536"}],"wp:attachment":[{"href":"https:\/\/premiumseeds.eu\/it\/wp-json\/wp\/v2\/media?parent=31203"}],"wp:term":[{"taxonomy":"product_cat","embeddable":true,"href":"https:\/\/premiumseeds.eu\/it\/wp-json\/wp\/v2\/product_cat?post=31203"},{"taxonomy":"product_tag","embeddable":true,"href":"https:\/\/premiumseeds.eu\/it\/wp-json\/wp\/v2\/product_tag?post=31203"}],"curies":[{"name":"wp","href":"https:\/\/api.w.org\/{rel}","templated":true}]}}